{"id":11641,"date":"2025-11-27T15:21:38","date_gmt":"2025-11-27T13:21:38","guid":{"rendered":"https:\/\/almerea.com\/privacy-policy\/"},"modified":"2026-04-05T13:49:50","modified_gmt":"2026-04-05T10:49:50","slug":"privacy-policy","status":"publish","type":"page","link":"https:\/\/almerea.com\/sv\/privacy-policy\/","title":{"rendered":"Integritetspolicy"},"content":{"rendered":"\t\t<div data-elementor-type=\"wp-page\" data-elementor-id=\"11641\" class=\"elementor elementor-11641 elementor-2051\" data-elementor-post-type=\"page\">\n\t\t\t\t<div class=\"elementor-element elementor-element-ed09802 e-flex e-con-boxed e-con e-parent\" data-id=\"ed09802\" data-element_type=\"container\" data-e-type=\"container\" data-settings=\"{&quot;background_background&quot;:&quot;classic&quot;}\">\n\t\t\t\t\t<div class=\"e-con-inner\">\n\t\t<div class=\"elementor-element elementor-element-1eb8ddc e-con-full e-flex e-con e-child\" data-id=\"1eb8ddc\" data-element_type=\"container\" data-e-type=\"container\">\n\t\t\t\t<div class=\"elementor-element elementor-element-7c55aac elementor-widget elementor-widget-shortcode\" data-id=\"7c55aac\" data-element_type=\"widget\" data-e-type=\"widget\" data-widget_type=\"shortcode.default\">\n\t\t\t\t\t\t\t<div class=\"elementor-shortcode\"><\/div>\n\t\t\t\t\t\t<\/div>\n\t\t\t\t<div class=\"elementor-element elementor-element-59634f2 elementor-widget elementor-widget-heading\" data-id=\"59634f2\" data-element_type=\"widget\" data-e-type=\"widget\" data-widget_type=\"heading.default\">\n\t\t\t\t\t<h1 class=\"elementor-heading-title elementor-size-default\">Integritetspolicy\n<\/h1>\t\t\t\t<\/div>\n\t\t\t\t<\/div>\n\t\t\t\t\t<\/div>\n\t\t\t\t<\/div>\n\t\t<div class=\"elementor-element elementor-element-e483dbe e-flex e-con-boxed e-con e-parent\" data-id=\"e483dbe\" data-element_type=\"container\" data-e-type=\"container\">\n\t\t\t\t\t<div class=\"e-con-inner\">\n\t\t\t\t<div class=\"elementor-element elementor-element-8ea7388 elementor-widget elementor-widget-text-editor\" data-id=\"8ea7388\" data-element_type=\"widget\" data-e-type=\"widget\" data-widget_type=\"text-editor.default\">\n\t\t\t\t\t\t\t\t\t<p><strong>Almerea<\/strong> str\u00e4var efter att skydda integriteten f\u00f6r bes\u00f6kare p\u00e5 <strong>www.almerea.com<\/strong>.<br>\nL\u00e4s v\u00e5r integritetspolicy f\u00f6r att f\u00f6rst\u00e5 hur vi anv\u00e4nder dina personuppgifter.<\/p>\n<p>Almerea f\u00f6rbeh\u00e5ller sig r\u00e4tten att n\u00e4r som helst \u00e4ndra denna integritetspolicy utan f\u00f6reg\u00e5ende meddelande.<br>\nVi rekommenderar att du kontrollerar denna sida regelbundet.<\/p>\n<h2>Vilka personuppgifter vi samlar in<\/h2>\n<p>N\u00e4r du fyller i kontaktformul\u00e4ret p\u00e5 webbplatsen kan du bli ombedd att ange:<\/p>\n<ul>\n<li>f\u00f6r- och efternamn;<\/li>\n<li>telefonnummer;<\/li>\n<li>e-postadress;<\/li>\n<li>annan information som du v\u00e4ljer att l\u00e4mna.<\/li>\n<\/ul>\n<p>Om du inte accepterar cookies kan vissa funktioner p\u00e5 webbplatsen fungera begr\u00e4nsat.<\/p>\n<h2>Hur vi anv\u00e4nder personuppgifter<\/h2>\n<p>Almerea anv\u00e4nder webbplatsbes\u00f6kares personuppgifter f\u00f6r att:<\/p>\n<ul>\n<li>besvara f\u00f6rfr\u00e5gningar som skickas via kontaktformul\u00e4ret;<\/li>\n<li>kommunikation och \u00e5terkoppling;<\/li>\n<li>tillhandah\u00e5lla tj\u00e4nster och hantera f\u00f6rfr\u00e5gningar.<\/li>\n<\/ul>\n<p>Almerea anv\u00e4nder \u00e4ven cookies f\u00f6r att \u00f6vervaka webbplatsens prestanda och f\u00f6rb\u00e4ttra anv\u00e4ndarupplevelsen.<\/p>\n<h2>Vem vi kan l\u00e4mna ut personuppgifter till<\/h2>\n<p>Vi kan dela dina uppgifter med tredje part endast i f\u00f6ljande fall:<\/p>\n<ul>\n<li>om utl\u00e4mning \u00e4r n\u00f6dv\u00e4ndig f\u00f6r att fullg\u00f6ra en best\u00e4llning (t.ex. ett budf\u00f6retag);<\/li>\n<li>om utl\u00e4mning kr\u00e4vs enligt lag (t.ex. p\u00e5 beg\u00e4ran av en domstol eller som en del av ett r\u00e4ttsligt f\u00f6rfarande).<\/li>\n<\/ul>\n<p>I alla andra fall g\u00e4ller att personuppgifter:<\/p>\n<ul>\n<li><strong>inte delas<\/strong> med tredje part;<\/li>\n<li><strong>inte hyrs ut<\/strong> eller s\u00e4ljs;<\/li>\n<li><strong>inte anv\u00e4nds<\/strong> f\u00f6r andra \u00e4ndam\u00e5l \u00e4n de som beskrivs ovan.<\/li>\n<\/ul>\n<h2>S\u00e4kerhet<\/h2>\n<p>Data\u00f6verf\u00f6ring via internet kan inte vara 100% s\u00e4ker, men vi vidtar n\u00f6dv\u00e4ndiga \u00e5tg\u00e4rder f\u00f6r att skydda dina personuppgifter och f\u00f6rhindra obeh\u00f6rig \u00e5tkomst.<\/p>\t\t\t\t\t\t\t\t<\/div>\n\t\t\t\t\t<\/div>\n\t\t\t\t<\/div>\n\t\t\t\t<\/div>\n\t\t","protected":false},"excerpt":{"rendered":"<p>Integritetspolicy Almerea str\u00e4var efter att skydda integriteten f\u00f6r bes\u00f6kare p\u00e5 www.almerea.com. L\u00e4s v\u00e5r integritetspolicy f\u00f6r att f\u00f6rst\u00e5 hur vi anv\u00e4nder dina personuppgifter. Almerea f\u00f6rbeh\u00e5ller sig r\u00e4tten att n\u00e4r som helst \u00e4ndra denna integritetspolicy utan f\u00f6reg\u00e5ende meddelande. Vi rekommenderar att du kontrollerar denna sida regelbundet. Vilka personuppgifter vi samlar in N\u00e4r du fyller i kontaktformul\u00e4ret p\u00e5 [&hellip;]<\/p>\n","protected":false},"author":1,"featured_media":0,"parent":0,"menu_order":0,"comment_status":"closed","ping_status":"closed","template":"","meta":{"_acf_changed":false,"footnotes":""},"class_list":["post-11641","page","type-page","status-publish","hentry"],"blocksy_meta":{"has_hero_section":"disabled","vertical_spacing_source":"custom","content_area_spacing":"none","styles_descriptor":{"styles":{"desktop":"","tablet":"","mobile":""},"google_fonts":[],"version":6}},"acf":[],"yoast_head":"<!-- This site is optimized with the Yoast SEO Premium plugin v24.7 (Yoast SEO v27.3) - https:\/\/yoast.com\/product\/yoast-seo-premium-wordpress\/ -->\n<title>Integritetspolicy | Almerea<\/title>\n<meta name=\"description\" content=\"Integritetspolicy. Frakt i hela Europa, ekocertifikat och s\u00e4ker utcheckning. Premium naturliga material och h\u00e5llbar kvalitet\" \/>\n<meta name=\"robots\" content=\"index, follow, max-snippet:-1, max-image-preview:large, max-video-preview:-1\" \/>\n<link rel=\"canonical\" href=\"https:\/\/almerea.com\/sv\/privacy-policy\/\" \/>\n<meta property=\"og:locale\" content=\"sv_SE\" \/>\n<meta property=\"og:type\" content=\"article\" \/>\n<meta property=\"og:title\" content=\"Integritetspolicy | Almerea\" \/>\n<meta property=\"og:description\" content=\"Integritetspolicy. Shipping across Europe, eco certificates, and secure checkout. Premium natural materials and lasting quality\" \/>\n<meta property=\"og:url\" content=\"https:\/\/almerea.com\/sv\/privacy-policy\/\" \/>\n<meta property=\"og:site_name\" content=\"Almerea\" \/>\n<meta property=\"article:modified_time\" content=\"2026-04-05T10:49:50+00:00\" \/>\n<meta property=\"og:image\" content=\"https:\/\/almerea.com\/wp-content\/uploads\/almerea-5.webp\" \/>\n\t<meta property=\"og:image:width\" content=\"1200\" \/>\n\t<meta property=\"og:image:height\" content=\"800\" \/>\n\t<meta property=\"og:image:type\" content=\"image\/webp\" \/>\n<meta name=\"twitter:card\" content=\"summary_large_image\" \/>\n<meta name=\"twitter:label1\" content=\"Ber\u00e4knad l\u00e4stid\" \/>\n\t<meta name=\"twitter:data1\" content=\"2 minut\" \/>\n<script type=\"application\/ld+json\" class=\"yoast-schema-graph\">{\"@context\":\"https:\\\/\\\/schema.org\",\"@graph\":[{\"@type\":\"WebPage\",\"@id\":\"https:\\\/\\\/almerea.com\\\/sv\\\/privacy-policy\\\/\",\"url\":\"https:\\\/\\\/almerea.com\\\/sv\\\/privacy-policy\\\/\",\"name\":\"Integritetspolicy | Almerea\",\"isPartOf\":{\"@id\":\"https:\\\/\\\/almerea.com\\\/sv\\\/#website\"},\"datePublished\":\"2025-11-27T13:21:38+00:00\",\"dateModified\":\"2026-04-05T10:49:50+00:00\",\"description\":\"Integritetspolicy. Frakt i hela Europa, ekocertifikat och s\u00e4ker utcheckning. Premium naturliga material och h\u00e5llbar kvalitet\",\"breadcrumb\":{\"@id\":\"https:\\\/\\\/almerea.com\\\/sv\\\/privacy-policy\\\/#breadcrumb\"},\"inLanguage\":\"sv-SE\",\"potentialAction\":[{\"@type\":\"ReadAction\",\"target\":[\"https:\\\/\\\/almerea.com\\\/sv\\\/privacy-policy\\\/\"]}]},{\"@type\":\"BreadcrumbList\",\"@id\":\"https:\\\/\\\/almerea.com\\\/sv\\\/privacy-policy\\\/#breadcrumb\",\"itemListElement\":[{\"@type\":\"ListItem\",\"position\":1,\"name\":\"Home\",\"item\":\"https:\\\/\\\/almerea.com\\\/sv\\\/\"},{\"@type\":\"ListItem\",\"position\":2,\"name\":\"Integritetspolicy\"}]},{\"@type\":\"WebSite\",\"@id\":\"https:\\\/\\\/almerea.com\\\/sv\\\/#website\",\"url\":\"https:\\\/\\\/almerea.com\\\/sv\\\/\",\"name\":\"Almerea\",\"description\":\"\",\"publisher\":{\"@id\":\"https:\\\/\\\/almerea.com\\\/sv\\\/#organization\"},\"potentialAction\":[{\"@type\":\"SearchAction\",\"target\":{\"@type\":\"EntryPoint\",\"urlTemplate\":\"https:\\\/\\\/almerea.com\\\/sv\\\/?s={search_term_string}\"},\"query-input\":{\"@type\":\"PropertyValueSpecification\",\"valueRequired\":true,\"valueName\":\"search_term_string\"}}],\"inLanguage\":\"sv-SE\"},{\"@type\":\"Organization\",\"@id\":\"https:\\\/\\\/almerea.com\\\/sv\\\/#organization\",\"name\":\"Almerea\",\"url\":\"https:\\\/\\\/almerea.com\\\/sv\\\/\",\"logo\":{\"@type\":\"ImageObject\",\"inLanguage\":\"sv-SE\",\"@id\":\"https:\\\/\\\/almerea.com\\\/sv\\\/#\\\/schema\\\/logo\\\/image\\\/\",\"url\":\"https:\\\/\\\/almerea.com\\\/wp-content\\\/uploads\\\/ALMEREA-LOGO.png\",\"contentUrl\":\"https:\\\/\\\/almerea.com\\\/wp-content\\\/uploads\\\/ALMEREA-LOGO.png\",\"width\":286,\"height\":154,\"caption\":\"Almerea\"},\"image\":{\"@id\":\"https:\\\/\\\/almerea.com\\\/sv\\\/#\\\/schema\\\/logo\\\/image\\\/\"}}]}<\/script>\n<!-- \/ Yoast SEO Premium plugin. -->","yoast_head_json":{"title":"Integritetspolicy | Almerea","description":"Integritetspolicy. Frakt i hela Europa, ekocertifikat och s\u00e4ker utcheckning. Premium naturliga material och h\u00e5llbar kvalitet","robots":{"index":"index","follow":"follow","max-snippet":"max-snippet:-1","max-image-preview":"max-image-preview:large","max-video-preview":"max-video-preview:-1"},"canonical":"https:\/\/almerea.com\/sv\/privacy-policy\/","og_locale":"sv_SE","og_type":"article","og_title":"Integritetspolicy | Almerea","og_description":"Integritetspolicy. Shipping across Europe, eco certificates, and secure checkout. Premium natural materials and lasting quality","og_url":"https:\/\/almerea.com\/sv\/privacy-policy\/","og_site_name":"Almerea","article_modified_time":"2026-04-05T10:49:50+00:00","og_image":[{"width":1200,"height":800,"url":"https:\/\/almerea.com\/wp-content\/uploads\/almerea-5.webp","type":"image\/webp"}],"twitter_card":"summary_large_image","twitter_misc":{"Ber\u00e4knad l\u00e4stid":"2 minut"},"schema":{"@context":"https:\/\/schema.org","@graph":[{"@type":"WebPage","@id":"https:\/\/almerea.com\/sv\/privacy-policy\/","url":"https:\/\/almerea.com\/sv\/privacy-policy\/","name":"Integritetspolicy | Almerea","isPartOf":{"@id":"https:\/\/almerea.com\/sv\/#website"},"datePublished":"2025-11-27T13:21:38+00:00","dateModified":"2026-04-05T10:49:50+00:00","description":"Integritetspolicy. Frakt i hela Europa, ekocertifikat och s\u00e4ker utcheckning. Premium naturliga material och h\u00e5llbar kvalitet","breadcrumb":{"@id":"https:\/\/almerea.com\/sv\/privacy-policy\/#breadcrumb"},"inLanguage":"sv-SE","potentialAction":[{"@type":"ReadAction","target":["https:\/\/almerea.com\/sv\/privacy-policy\/"]}]},{"@type":"BreadcrumbList","@id":"https:\/\/almerea.com\/sv\/privacy-policy\/#breadcrumb","itemListElement":[{"@type":"ListItem","position":1,"name":"Home","item":"https:\/\/almerea.com\/sv\/"},{"@type":"ListItem","position":2,"name":"Integritetspolicy"}]},{"@type":"WebSite","@id":"https:\/\/almerea.com\/sv\/#website","url":"https:\/\/almerea.com\/sv\/","name":"Almerea","description":"","publisher":{"@id":"https:\/\/almerea.com\/sv\/#organization"},"potentialAction":[{"@type":"SearchAction","target":{"@type":"EntryPoint","urlTemplate":"https:\/\/almerea.com\/sv\/?s={search_term_string}"},"query-input":{"@type":"PropertyValueSpecification","valueRequired":true,"valueName":"search_term_string"}}],"inLanguage":"sv-SE"},{"@type":"Organization","@id":"https:\/\/almerea.com\/sv\/#organization","name":"Almerea","url":"https:\/\/almerea.com\/sv\/","logo":{"@type":"ImageObject","inLanguage":"sv-SE","@id":"https:\/\/almerea.com\/sv\/#\/schema\/logo\/image\/","url":"https:\/\/almerea.com\/wp-content\/uploads\/ALMEREA-LOGO.png","contentUrl":"https:\/\/almerea.com\/wp-content\/uploads\/ALMEREA-LOGO.png","width":286,"height":154,"caption":"Almerea"},"image":{"@id":"https:\/\/almerea.com\/sv\/#\/schema\/logo\/image\/"}}]}},"_links":{"self":[{"href":"https:\/\/almerea.com\/sv\/wp-json\/wp\/v2\/pages\/11641","targetHints":{"allow":["GET"]}}],"collection":[{"href":"https:\/\/almerea.com\/sv\/wp-json\/wp\/v2\/pages"}],"about":[{"href":"https:\/\/almerea.com\/sv\/wp-json\/wp\/v2\/types\/page"}],"author":[{"embeddable":true,"href":"https:\/\/almerea.com\/sv\/wp-json\/wp\/v2\/users\/1"}],"replies":[{"embeddable":true,"href":"https:\/\/almerea.com\/sv\/wp-json\/wp\/v2\/comments?post=11641"}],"version-history":[{"count":6,"href":"https:\/\/almerea.com\/sv\/wp-json\/wp\/v2\/pages\/11641\/revisions"}],"predecessor-version":[{"id":47484,"href":"https:\/\/almerea.com\/sv\/wp-json\/wp\/v2\/pages\/11641\/revisions\/47484"}],"wp:attachment":[{"href":"https:\/\/almerea.com\/sv\/wp-json\/wp\/v2\/media?parent=11641"}],"curies":[{"name":"wp","href":"https:\/\/api.w.org\/{rel}","templated":true}]}}