{"id":11639,"date":"2025-11-27T15:21:38","date_gmt":"2025-11-27T13:21:38","guid":{"rendered":"https:\/\/almerea.com\/privacy-policy\/"},"modified":"2026-04-05T13:43:54","modified_gmt":"2026-04-05T10:43:54","slug":"privacy-policy","status":"publish","type":"page","link":"https:\/\/almerea.com\/sl\/privacy-policy\/","title":{"rendered":"Politika zasebnosti"},"content":{"rendered":"\t\t<div data-elementor-type=\"wp-page\" data-elementor-id=\"11639\" class=\"elementor elementor-11639 elementor-2051\" data-elementor-post-type=\"page\">\n\t\t\t\t<div class=\"elementor-element elementor-element-ed09802 e-flex e-con-boxed e-con e-parent\" data-id=\"ed09802\" data-element_type=\"container\" data-e-type=\"container\" data-settings=\"{&quot;background_background&quot;:&quot;classic&quot;}\">\n\t\t\t\t\t<div class=\"e-con-inner\">\n\t\t<div class=\"elementor-element elementor-element-1eb8ddc e-con-full e-flex e-con e-child\" data-id=\"1eb8ddc\" data-element_type=\"container\" data-e-type=\"container\">\n\t\t\t\t<div class=\"elementor-element elementor-element-7c55aac elementor-widget elementor-widget-shortcode\" data-id=\"7c55aac\" data-element_type=\"widget\" data-e-type=\"widget\" data-widget_type=\"shortcode.default\">\n\t\t\t\t\t\t\t<div class=\"elementor-shortcode\"><\/div>\n\t\t\t\t\t\t<\/div>\n\t\t\t\t<div class=\"elementor-element elementor-element-59634f2 elementor-widget elementor-widget-heading\" data-id=\"59634f2\" data-element_type=\"widget\" data-e-type=\"widget\" data-widget_type=\"heading.default\">\n\t\t\t\t\t<h1 class=\"elementor-heading-title elementor-size-default\">Politika zasebnosti<\/h1>\t\t\t\t<\/div>\n\t\t\t\t<\/div>\n\t\t\t\t\t<\/div>\n\t\t\t\t<\/div>\n\t\t<div class=\"elementor-element elementor-element-e483dbe e-flex e-con-boxed e-con e-parent\" data-id=\"e483dbe\" data-element_type=\"container\" data-e-type=\"container\">\n\t\t\t\t\t<div class=\"e-con-inner\">\n\t\t\t\t<div class=\"elementor-element elementor-element-8ea7388 elementor-widget elementor-widget-text-editor\" data-id=\"8ea7388\" data-element_type=\"widget\" data-e-type=\"widget\" data-widget_type=\"text-editor.default\">\n\t\t\t\t\t\t\t\t\t<p><strong>Almerea<\/strong> si prizadeva za\u0161\u010dititi zasebnost obiskovalcev spletnega mesta <strong>www.almerea.com<\/strong>.<br>Prosimo, preglejte na\u0161o Politiko zasebnosti, da boste razumeli, kako uporabljamo va\u0161e osebne podatke.<\/p>\n<p>Almerea si pridr\u017euje pravico, da to Politiko zasebnosti kadarkoli spremeni brez predhodnega obvestila.<br>Priporo\u010damo, da ta razdelek ob\u010dasno preverite.<\/p>\n<h2>Katere osebne podatke zbiramo<\/h2>\n<p>Pri izpolnjevanju kontaktnega obrazca na spletni strani boste morda morali navesti:<\/p>\n<ul>\n<li>ime in priimek;<\/li>\n<li>telefonsko \u0161tevilko;<\/li>\n<li>e-po\u0161tni naslov;<\/li>\n<li>vse dodatne informacije, ki jih \u017eelite posredovati.<\/li>\n<\/ul>\n<p>\u010ce pi\u0161kotkov ne sprejmete, nekatere funkcije spletnega mesta morda ne bodo delovale v celoti.<\/p>\n<h2>Kako uporabljamo osebne podatke<\/h2>\n<p>Almerea uporablja osebne podatke obiskovalcev spletnega mesta za:<\/p>\n<ul>\n<li>odgovarjanje na zahteve, poslane prek kontaktnega obrazca;<\/li>\n<li>korespondenco in povratne informacije;<\/li>\n<li>zagotavljanje storitev in obdelavo poizvedb.<\/li>\n<\/ul>\n<p>Almerea uporablja tudi pi\u0161kotke za spremljanje delovanja spletnega mesta in izbolj\u0161anje uporabni\u0161ke izku\u0161nje.<\/p>\n<h2>Komu lahko razkrijemo osebne podatke<\/h2>\n<p>Va\u0161e podatke lahko delimo s tretjimi osebami le v naslednjih primerih:<\/p>\n<ul>\n<li>\u010de je razkritje potrebno za izpolnitev naro\u010dila (npr. kurirska slu\u017eba);<\/li>\n<li>\u010de razkritje zahteva zakon (npr. na zahtevo sodi\u0161\u010da ali v okviru sodnih postopkov).<\/li>\n<\/ul>\n<p>V vseh drugih primerih osebni podatki:<\/p>\n<ul>\n<li><strong>se ne delijo<\/strong> s tretjimi osebami;<\/li>\n<li><strong>se ne oddajajo<\/strong> v najem ali prodajajo;<\/li>\n<li><strong>se ne uporabljajo<\/strong> za namene, ki niso opisani zgoraj.<\/li>\n<\/ul>\n<h2>Varnost<\/h2>\n<p>Prenos podatkov prek interneta ne more biti 100% varen, vendar sprejemamo potrebne ukrepe za za\u0161\u010dito va\u0161ih osebnih podatkov in prepre\u010devanje nepoobla\u0161\u010denega dostopa.<\/p>\t\t\t\t\t\t\t\t<\/div>\n\t\t\t\t\t<\/div>\n\t\t\t\t<\/div>\n\t\t\t\t<\/div>\n\t\t","protected":false},"excerpt":{"rendered":"<p>Politika zasebnosti Almerea si prizadeva za\u0161\u010dititi zasebnost obiskovalcev spletnega mesta www.almerea.com.Prosimo, preglejte na\u0161o Politiko zasebnosti, da boste razumeli, kako uporabljamo va\u0161e osebne podatke. Almerea si pridr\u017euje pravico, da to Politiko zasebnosti kadarkoli spremeni brez predhodnega obvestila.Priporo\u010damo, da ta razdelek ob\u010dasno preverite. Katere osebne podatke zbiramo Pri izpolnjevanju kontaktnega obrazca na spletni strani boste morda morali [&hellip;]<\/p>\n","protected":false},"author":1,"featured_media":0,"parent":0,"menu_order":0,"comment_status":"closed","ping_status":"closed","template":"","meta":{"_acf_changed":false,"footnotes":""},"class_list":["post-11639","page","type-page","status-publish","hentry"],"blocksy_meta":{"has_hero_section":"disabled","vertical_spacing_source":"custom","content_area_spacing":"none","styles_descriptor":{"styles":{"desktop":"","tablet":"","mobile":""},"google_fonts":[],"version":6}},"acf":[],"yoast_head":"<!-- This site is optimized with the Yoast SEO Premium plugin v24.7 (Yoast SEO v27.3) - https:\/\/yoast.com\/product\/yoast-seo-premium-wordpress\/ -->\n<title>Politika zasebnosti | Almerea<\/title>\n<meta name=\"description\" content=\"Politika zasebnosti. Dostava po vsej Evropi, eko certifikati in varno pla\u010dilo. Premium naravni materiali in dolgotrajna kakovost\" \/>\n<meta name=\"robots\" content=\"index, follow, max-snippet:-1, max-image-preview:large, max-video-preview:-1\" \/>\n<link rel=\"canonical\" href=\"https:\/\/almerea.com\/sl\/privacy-policy\/\" \/>\n<meta property=\"og:locale\" content=\"sl_SI\" \/>\n<meta property=\"og:type\" content=\"article\" \/>\n<meta property=\"og:title\" content=\"Politika zasebnosti | Almerea\" \/>\n<meta property=\"og:description\" content=\"Politika zasebnosti. Shipping across Europe, eco certificates, and secure checkout. Premium natural materials and lasting quality\" \/>\n<meta property=\"og:url\" content=\"https:\/\/almerea.com\/sl\/privacy-policy\/\" \/>\n<meta property=\"og:site_name\" content=\"Almerea\" \/>\n<meta property=\"article:modified_time\" content=\"2026-04-05T10:43:54+00:00\" \/>\n<meta property=\"og:image\" content=\"https:\/\/almerea.com\/wp-content\/uploads\/almerea-5.webp\" \/>\n\t<meta property=\"og:image:width\" content=\"1200\" \/>\n\t<meta property=\"og:image:height\" content=\"800\" \/>\n\t<meta property=\"og:image:type\" content=\"image\/webp\" \/>\n<meta name=\"twitter:card\" content=\"summary_large_image\" \/>\n<meta name=\"twitter:label1\" content=\"Est. reading time\" \/>\n\t<meta name=\"twitter:data1\" content=\"2 minuta\" \/>\n<script type=\"application\/ld+json\" class=\"yoast-schema-graph\">{\"@context\":\"https:\\\/\\\/schema.org\",\"@graph\":[{\"@type\":\"WebPage\",\"@id\":\"https:\\\/\\\/almerea.com\\\/sl\\\/privacy-policy\\\/\",\"url\":\"https:\\\/\\\/almerea.com\\\/sl\\\/privacy-policy\\\/\",\"name\":\"Politika zasebnosti | Almerea\",\"isPartOf\":{\"@id\":\"https:\\\/\\\/almerea.com\\\/sl\\\/#website\"},\"datePublished\":\"2025-11-27T13:21:38+00:00\",\"dateModified\":\"2026-04-05T10:43:54+00:00\",\"description\":\"Politika zasebnosti. Dostava po vsej Evropi, eko certifikati in varno pla\u010dilo. Premium naravni materiali in dolgotrajna kakovost\",\"breadcrumb\":{\"@id\":\"https:\\\/\\\/almerea.com\\\/sl\\\/privacy-policy\\\/#breadcrumb\"},\"inLanguage\":\"sl-SI\",\"potentialAction\":[{\"@type\":\"ReadAction\",\"target\":[\"https:\\\/\\\/almerea.com\\\/sl\\\/privacy-policy\\\/\"]}]},{\"@type\":\"BreadcrumbList\",\"@id\":\"https:\\\/\\\/almerea.com\\\/sl\\\/privacy-policy\\\/#breadcrumb\",\"itemListElement\":[{\"@type\":\"ListItem\",\"position\":1,\"name\":\"Home\",\"item\":\"https:\\\/\\\/almerea.com\\\/sl\\\/\"},{\"@type\":\"ListItem\",\"position\":2,\"name\":\"Politika zasebnosti\"}]},{\"@type\":\"WebSite\",\"@id\":\"https:\\\/\\\/almerea.com\\\/sl\\\/#website\",\"url\":\"https:\\\/\\\/almerea.com\\\/sl\\\/\",\"name\":\"Almerea\",\"description\":\"\",\"publisher\":{\"@id\":\"https:\\\/\\\/almerea.com\\\/sl\\\/#organization\"},\"potentialAction\":[{\"@type\":\"SearchAction\",\"target\":{\"@type\":\"EntryPoint\",\"urlTemplate\":\"https:\\\/\\\/almerea.com\\\/sl\\\/?s={search_term_string}\"},\"query-input\":{\"@type\":\"PropertyValueSpecification\",\"valueRequired\":true,\"valueName\":\"search_term_string\"}}],\"inLanguage\":\"sl-SI\"},{\"@type\":\"Organization\",\"@id\":\"https:\\\/\\\/almerea.com\\\/sl\\\/#organization\",\"name\":\"Almerea\",\"url\":\"https:\\\/\\\/almerea.com\\\/sl\\\/\",\"logo\":{\"@type\":\"ImageObject\",\"inLanguage\":\"sl-SI\",\"@id\":\"https:\\\/\\\/almerea.com\\\/sl\\\/#\\\/schema\\\/logo\\\/image\\\/\",\"url\":\"https:\\\/\\\/almerea.com\\\/wp-content\\\/uploads\\\/ALMEREA-LOGO.png\",\"contentUrl\":\"https:\\\/\\\/almerea.com\\\/wp-content\\\/uploads\\\/ALMEREA-LOGO.png\",\"width\":286,\"height\":154,\"caption\":\"Almerea\"},\"image\":{\"@id\":\"https:\\\/\\\/almerea.com\\\/sl\\\/#\\\/schema\\\/logo\\\/image\\\/\"}}]}<\/script>\n<!-- \/ Yoast SEO Premium plugin. -->","yoast_head_json":{"title":"Politika zasebnosti | Almerea","description":"Politika zasebnosti. Dostava po vsej Evropi, eko certifikati in varno pla\u010dilo. Premium naravni materiali in dolgotrajna kakovost","robots":{"index":"index","follow":"follow","max-snippet":"max-snippet:-1","max-image-preview":"max-image-preview:large","max-video-preview":"max-video-preview:-1"},"canonical":"https:\/\/almerea.com\/sl\/privacy-policy\/","og_locale":"sl_SI","og_type":"article","og_title":"Politika zasebnosti | Almerea","og_description":"Politika zasebnosti. Shipping across Europe, eco certificates, and secure checkout. Premium natural materials and lasting quality","og_url":"https:\/\/almerea.com\/sl\/privacy-policy\/","og_site_name":"Almerea","article_modified_time":"2026-04-05T10:43:54+00:00","og_image":[{"width":1200,"height":800,"url":"https:\/\/almerea.com\/wp-content\/uploads\/almerea-5.webp","type":"image\/webp"}],"twitter_card":"summary_large_image","twitter_misc":{"Est. reading time":"2 minuta"},"schema":{"@context":"https:\/\/schema.org","@graph":[{"@type":"WebPage","@id":"https:\/\/almerea.com\/sl\/privacy-policy\/","url":"https:\/\/almerea.com\/sl\/privacy-policy\/","name":"Politika zasebnosti | Almerea","isPartOf":{"@id":"https:\/\/almerea.com\/sl\/#website"},"datePublished":"2025-11-27T13:21:38+00:00","dateModified":"2026-04-05T10:43:54+00:00","description":"Politika zasebnosti. Dostava po vsej Evropi, eko certifikati in varno pla\u010dilo. Premium naravni materiali in dolgotrajna kakovost","breadcrumb":{"@id":"https:\/\/almerea.com\/sl\/privacy-policy\/#breadcrumb"},"inLanguage":"sl-SI","potentialAction":[{"@type":"ReadAction","target":["https:\/\/almerea.com\/sl\/privacy-policy\/"]}]},{"@type":"BreadcrumbList","@id":"https:\/\/almerea.com\/sl\/privacy-policy\/#breadcrumb","itemListElement":[{"@type":"ListItem","position":1,"name":"Home","item":"https:\/\/almerea.com\/sl\/"},{"@type":"ListItem","position":2,"name":"Politika zasebnosti"}]},{"@type":"WebSite","@id":"https:\/\/almerea.com\/sl\/#website","url":"https:\/\/almerea.com\/sl\/","name":"Almerea","description":"","publisher":{"@id":"https:\/\/almerea.com\/sl\/#organization"},"potentialAction":[{"@type":"SearchAction","target":{"@type":"EntryPoint","urlTemplate":"https:\/\/almerea.com\/sl\/?s={search_term_string}"},"query-input":{"@type":"PropertyValueSpecification","valueRequired":true,"valueName":"search_term_string"}}],"inLanguage":"sl-SI"},{"@type":"Organization","@id":"https:\/\/almerea.com\/sl\/#organization","name":"Almerea","url":"https:\/\/almerea.com\/sl\/","logo":{"@type":"ImageObject","inLanguage":"sl-SI","@id":"https:\/\/almerea.com\/sl\/#\/schema\/logo\/image\/","url":"https:\/\/almerea.com\/wp-content\/uploads\/ALMEREA-LOGO.png","contentUrl":"https:\/\/almerea.com\/wp-content\/uploads\/ALMEREA-LOGO.png","width":286,"height":154,"caption":"Almerea"},"image":{"@id":"https:\/\/almerea.com\/sl\/#\/schema\/logo\/image\/"}}]}},"_links":{"self":[{"href":"https:\/\/almerea.com\/sl\/wp-json\/wp\/v2\/pages\/11639","targetHints":{"allow":["GET"]}}],"collection":[{"href":"https:\/\/almerea.com\/sl\/wp-json\/wp\/v2\/pages"}],"about":[{"href":"https:\/\/almerea.com\/sl\/wp-json\/wp\/v2\/types\/page"}],"author":[{"embeddable":true,"href":"https:\/\/almerea.com\/sl\/wp-json\/wp\/v2\/users\/1"}],"replies":[{"embeddable":true,"href":"https:\/\/almerea.com\/sl\/wp-json\/wp\/v2\/comments?post=11639"}],"version-history":[{"count":7,"href":"https:\/\/almerea.com\/sl\/wp-json\/wp\/v2\/pages\/11639\/revisions"}],"predecessor-version":[{"id":47478,"href":"https:\/\/almerea.com\/sl\/wp-json\/wp\/v2\/pages\/11639\/revisions\/47478"}],"wp:attachment":[{"href":"https:\/\/almerea.com\/sl\/wp-json\/wp\/v2\/media?parent=11639"}],"curies":[{"name":"wp","href":"https:\/\/api.w.org\/{rel}","templated":true}]}}