{"id":11637,"date":"2025-11-27T15:21:38","date_gmt":"2025-11-27T13:21:38","guid":{"rendered":"https:\/\/almerea.com\/privacy-policy\/"},"modified":"2026-04-05T13:31:31","modified_gmt":"2026-04-05T10:31:31","slug":"privacy-policy","status":"publish","type":"page","link":"https:\/\/almerea.com\/ro\/privacy-policy\/","title":{"rendered":"Politica de confiden\u021bialitate"},"content":{"rendered":"\t\t<div data-elementor-type=\"wp-page\" data-elementor-id=\"11637\" class=\"elementor elementor-11637 elementor-2051\" data-elementor-post-type=\"page\">\n\t\t\t\t<div class=\"elementor-element elementor-element-ed09802 e-flex e-con-boxed e-con e-parent\" data-id=\"ed09802\" data-element_type=\"container\" data-e-type=\"container\" data-settings=\"{&quot;background_background&quot;:&quot;classic&quot;}\">\n\t\t\t\t\t<div class=\"e-con-inner\">\n\t\t<div class=\"elementor-element elementor-element-1eb8ddc e-con-full e-flex e-con e-child\" data-id=\"1eb8ddc\" data-element_type=\"container\" data-e-type=\"container\">\n\t\t\t\t<div class=\"elementor-element elementor-element-7c55aac elementor-widget elementor-widget-shortcode\" data-id=\"7c55aac\" data-element_type=\"widget\" data-e-type=\"widget\" data-widget_type=\"shortcode.default\">\n\t\t\t\t\t\t\t<div class=\"elementor-shortcode\"><\/div>\n\t\t\t\t\t\t<\/div>\n\t\t\t\t<div class=\"elementor-element elementor-element-59634f2 elementor-widget elementor-widget-heading\" data-id=\"59634f2\" data-element_type=\"widget\" data-e-type=\"widget\" data-widget_type=\"heading.default\">\n\t\t\t\t\t<h1 class=\"elementor-heading-title elementor-size-default\">Politica de confiden\u021bialitate\n<\/h1>\t\t\t\t<\/div>\n\t\t\t\t<\/div>\n\t\t\t\t\t<\/div>\n\t\t\t\t<\/div>\n\t\t<div class=\"elementor-element elementor-element-e483dbe e-flex e-con-boxed e-con e-parent\" data-id=\"e483dbe\" data-element_type=\"container\" data-e-type=\"container\">\n\t\t\t\t\t<div class=\"e-con-inner\">\n\t\t\t\t<div class=\"elementor-element elementor-element-8ea7388 elementor-widget elementor-widget-text-editor\" data-id=\"8ea7388\" data-element_type=\"widget\" data-e-type=\"widget\" data-widget_type=\"text-editor.default\">\n\t\t\t\t\t\t\t\t\t<p><strong>Almerea<\/strong> se str\u0103duie\u0219te s\u0103 protejeze confiden\u021bialitatea vizitatorilor <strong>www.almerea.com<\/strong>.<br>\nV\u0103 rug\u0103m s\u0103 consulta\u021bi Politica noastr\u0103 de confiden\u021bialitate pentru a \u00een\u021belege cum folosim datele dumneavoastr\u0103 cu caracter personal.<\/p>\n<p>Almerea \u00ee\u0219i rezerv\u0103 dreptul de a modifica aceast\u0103 Politic\u0103 de confiden\u021bialitate \u00een orice moment, f\u0103r\u0103 notificare prealabil\u0103.<br>\nV\u0103 recomand\u0103m s\u0103 verifica\u021bi periodic aceast\u0103 sec\u021biune.<\/p>\n<h2>Ce date cu caracter personal colect\u0103m<\/h2>\n<p>Atunci c\u00e2nd completa\u021bi formularul de contact de pe site, vi se poate solicita s\u0103 furniza\u021bi:<\/p>\n<ul>\n<li>nume \u0219i prenume;<\/li>\n<li>num\u0103r de telefon;<\/li>\n<li>adres\u0103 de e-mail;<\/li>\n<li>orice informa\u021bii suplimentare pe care alege\u021bi s\u0103 le furniza\u021bi.<\/li>\n<\/ul>\n<p>Dac\u0103 nu accepta\u021bi cookie-urile, unele func\u021bionalit\u0103\u021bi ale site-ului pot s\u0103 nu func\u021bioneze complet.<\/p>\n<h2>Cum folosim datele cu caracter personal<\/h2>\n<p>Almerea utilizeaz\u0103 datele cu caracter personal ale vizitatorilor site-ului pentru:<\/p>\n<ul>\n<li>a r\u0103spunde solicit\u0103rilor trimise prin formularul de contact;<\/li>\n<li>coresponden\u021b\u0103 \u0219i feedback;<\/li>\n<li>furnizarea serviciilor \u0219i procesarea solicit\u0103rilor.<\/li>\n<\/ul>\n<p>Almerea folose\u0219te, de asemenea, cookie-uri pentru a monitoriza performan\u021ba site-ului \u0219i pentru a \u00eembun\u0103t\u0103\u021bi experien\u021ba utilizatorului.<\/p>\n<h2>Cui putem divulga datele cu caracter personal<\/h2>\n<p>Putem partaja datele dumneavoastr\u0103 cu ter\u021bi doar \u00een urm\u0103toarele cazuri:<\/p>\n<ul>\n<li>dac\u0103 divulgarea este necesar\u0103 pentru a onora o comand\u0103 (de exemplu, un serviciu de curierat);<\/li>\n<li>dac\u0103 divulgarea este impus\u0103 de lege (de exemplu, la solicitarea unei instan\u021be sau \u00een cadrul unor proceduri legale).<\/li>\n<\/ul>\n<p>\u00cen toate celelalte cazuri, datele cu caracter personal:<\/p>\n<ul>\n<li><strong>nu sunt partajate<\/strong> cu ter\u021bi;<\/li>\n<li><strong>nu sunt \u00eenchiriate<\/strong> \u0219i nu sunt v\u00e2ndute;<\/li>\n<li><strong>nu sunt utilizate<\/strong> \u00een alte scopuri dec\u00e2t cele descrise mai sus.<\/li>\n<\/ul>\n<h2>Securitate<\/h2>\n<p>Transmiterea datelor prin internet nu poate fi 100% sigur\u0103, \u00eens\u0103 lu\u0103m m\u0103surile necesare pentru a v\u0103 proteja informa\u021biile personale \u0219i pentru a preveni accesul neautorizat.<\/p>\t\t\t\t\t\t\t\t<\/div>\n\t\t\t\t\t<\/div>\n\t\t\t\t<\/div>\n\t\t\t\t<\/div>\n\t\t","protected":false},"excerpt":{"rendered":"<p>Politica de confiden\u021bialitate Almerea se str\u0103duie\u0219te s\u0103 protejeze confiden\u021bialitatea vizitatorilor www.almerea.com. V\u0103 rug\u0103m s\u0103 consulta\u021bi Politica noastr\u0103 de confiden\u021bialitate pentru a \u00een\u021belege cum folosim datele dumneavoastr\u0103 cu caracter personal. Almerea \u00ee\u0219i rezerv\u0103 dreptul de a modifica aceast\u0103 Politic\u0103 de confiden\u021bialitate \u00een orice moment, f\u0103r\u0103 notificare prealabil\u0103. V\u0103 recomand\u0103m s\u0103 verifica\u021bi periodic aceast\u0103 sec\u021biune. Ce date [&hellip;]<\/p>\n","protected":false},"author":1,"featured_media":0,"parent":0,"menu_order":0,"comment_status":"closed","ping_status":"closed","template":"","meta":{"_acf_changed":false,"footnotes":""},"class_list":["post-11637","page","type-page","status-publish","hentry"],"blocksy_meta":{"has_hero_section":"disabled","vertical_spacing_source":"custom","content_area_spacing":"none","styles_descriptor":{"styles":{"desktop":"","tablet":"","mobile":""},"google_fonts":[],"version":6}},"acf":[],"yoast_head":"<!-- This site is optimized with the Yoast SEO Premium plugin v24.7 (Yoast SEO v27.3) - https:\/\/yoast.com\/product\/yoast-seo-premium-wordpress\/ -->\n<title>Politica de confiden\u021bialitate | Almerea<\/title>\n<meta name=\"description\" content=\"Politica de confiden\u021bialitate. Livrare \u00een toat\u0103 Europa, certificate eco \u0219i checkout securizat. Materiale naturale premium \u0219i calitate de durat\u0103\" \/>\n<meta name=\"robots\" content=\"index, follow, max-snippet:-1, max-image-preview:large, max-video-preview:-1\" \/>\n<link rel=\"canonical\" href=\"https:\/\/almerea.com\/ro\/privacy-policy\/\" \/>\n<meta property=\"og:locale\" content=\"ro_RO\" \/>\n<meta property=\"og:type\" content=\"article\" \/>\n<meta property=\"og:title\" content=\"Politica de confiden\u021bialitate | Almerea\" \/>\n<meta property=\"og:description\" content=\"Politica de confiden\u021bialitate. Shipping across Europe, eco certificates, and secure checkout. Premium natural materials and lasting quality\" \/>\n<meta property=\"og:url\" content=\"https:\/\/almerea.com\/ro\/privacy-policy\/\" \/>\n<meta property=\"og:site_name\" content=\"Almerea\" \/>\n<meta property=\"article:modified_time\" content=\"2026-04-05T10:31:31+00:00\" \/>\n<meta property=\"og:image\" content=\"https:\/\/almerea.com\/wp-content\/uploads\/almerea-5.webp\" \/>\n\t<meta property=\"og:image:width\" content=\"1200\" \/>\n\t<meta property=\"og:image:height\" content=\"800\" \/>\n\t<meta property=\"og:image:type\" content=\"image\/webp\" \/>\n<meta name=\"twitter:card\" content=\"summary_large_image\" \/>\n<meta name=\"twitter:label1\" content=\"Timp estimat pentru citire\" \/>\n\t<meta name=\"twitter:data1\" content=\"2 minut\" \/>\n<script type=\"application\/ld+json\" class=\"yoast-schema-graph\">{\"@context\":\"https:\\\/\\\/schema.org\",\"@graph\":[{\"@type\":\"WebPage\",\"@id\":\"https:\\\/\\\/almerea.com\\\/ro\\\/privacy-policy\\\/\",\"url\":\"https:\\\/\\\/almerea.com\\\/ro\\\/privacy-policy\\\/\",\"name\":\"Politica de confiden\u021bialitate | Almerea\",\"isPartOf\":{\"@id\":\"https:\\\/\\\/almerea.com\\\/ro\\\/#website\"},\"datePublished\":\"2025-11-27T13:21:38+00:00\",\"dateModified\":\"2026-04-05T10:31:31+00:00\",\"description\":\"Politica de confiden\u021bialitate. Livrare \u00een toat\u0103 Europa, certificate eco \u0219i checkout securizat. Materiale naturale premium \u0219i calitate de durat\u0103\",\"breadcrumb\":{\"@id\":\"https:\\\/\\\/almerea.com\\\/ro\\\/privacy-policy\\\/#breadcrumb\"},\"inLanguage\":\"ro-RO\",\"potentialAction\":[{\"@type\":\"ReadAction\",\"target\":[\"https:\\\/\\\/almerea.com\\\/ro\\\/privacy-policy\\\/\"]}]},{\"@type\":\"BreadcrumbList\",\"@id\":\"https:\\\/\\\/almerea.com\\\/ro\\\/privacy-policy\\\/#breadcrumb\",\"itemListElement\":[{\"@type\":\"ListItem\",\"position\":1,\"name\":\"Home\",\"item\":\"https:\\\/\\\/almerea.com\\\/ro\\\/\"},{\"@type\":\"ListItem\",\"position\":2,\"name\":\"Politica de confiden\u021bialitate\"}]},{\"@type\":\"WebSite\",\"@id\":\"https:\\\/\\\/almerea.com\\\/ro\\\/#website\",\"url\":\"https:\\\/\\\/almerea.com\\\/ro\\\/\",\"name\":\"Almerea\",\"description\":\"\",\"publisher\":{\"@id\":\"https:\\\/\\\/almerea.com\\\/ro\\\/#organization\"},\"potentialAction\":[{\"@type\":\"SearchAction\",\"target\":{\"@type\":\"EntryPoint\",\"urlTemplate\":\"https:\\\/\\\/almerea.com\\\/ro\\\/?s={search_term_string}\"},\"query-input\":{\"@type\":\"PropertyValueSpecification\",\"valueRequired\":true,\"valueName\":\"search_term_string\"}}],\"inLanguage\":\"ro-RO\"},{\"@type\":\"Organization\",\"@id\":\"https:\\\/\\\/almerea.com\\\/ro\\\/#organization\",\"name\":\"Almerea\",\"url\":\"https:\\\/\\\/almerea.com\\\/ro\\\/\",\"logo\":{\"@type\":\"ImageObject\",\"inLanguage\":\"ro-RO\",\"@id\":\"https:\\\/\\\/almerea.com\\\/ro\\\/#\\\/schema\\\/logo\\\/image\\\/\",\"url\":\"https:\\\/\\\/almerea.com\\\/wp-content\\\/uploads\\\/ALMEREA-LOGO.png\",\"contentUrl\":\"https:\\\/\\\/almerea.com\\\/wp-content\\\/uploads\\\/ALMEREA-LOGO.png\",\"width\":286,\"height\":154,\"caption\":\"Almerea\"},\"image\":{\"@id\":\"https:\\\/\\\/almerea.com\\\/ro\\\/#\\\/schema\\\/logo\\\/image\\\/\"}}]}<\/script>\n<!-- \/ Yoast SEO Premium plugin. -->","yoast_head_json":{"title":"Politica de confiden\u021bialitate | Almerea","description":"Politica de confiden\u021bialitate. Livrare \u00een toat\u0103 Europa, certificate eco \u0219i checkout securizat. Materiale naturale premium \u0219i calitate de durat\u0103","robots":{"index":"index","follow":"follow","max-snippet":"max-snippet:-1","max-image-preview":"max-image-preview:large","max-video-preview":"max-video-preview:-1"},"canonical":"https:\/\/almerea.com\/ro\/privacy-policy\/","og_locale":"ro_RO","og_type":"article","og_title":"Politica de confiden\u021bialitate | Almerea","og_description":"Politica de confiden\u021bialitate. Shipping across Europe, eco certificates, and secure checkout. Premium natural materials and lasting quality","og_url":"https:\/\/almerea.com\/ro\/privacy-policy\/","og_site_name":"Almerea","article_modified_time":"2026-04-05T10:31:31+00:00","og_image":[{"width":1200,"height":800,"url":"https:\/\/almerea.com\/wp-content\/uploads\/almerea-5.webp","type":"image\/webp"}],"twitter_card":"summary_large_image","twitter_misc":{"Timp estimat pentru citire":"2 minut"},"schema":{"@context":"https:\/\/schema.org","@graph":[{"@type":"WebPage","@id":"https:\/\/almerea.com\/ro\/privacy-policy\/","url":"https:\/\/almerea.com\/ro\/privacy-policy\/","name":"Politica de confiden\u021bialitate | Almerea","isPartOf":{"@id":"https:\/\/almerea.com\/ro\/#website"},"datePublished":"2025-11-27T13:21:38+00:00","dateModified":"2026-04-05T10:31:31+00:00","description":"Politica de confiden\u021bialitate. Livrare \u00een toat\u0103 Europa, certificate eco \u0219i checkout securizat. Materiale naturale premium \u0219i calitate de durat\u0103","breadcrumb":{"@id":"https:\/\/almerea.com\/ro\/privacy-policy\/#breadcrumb"},"inLanguage":"ro-RO","potentialAction":[{"@type":"ReadAction","target":["https:\/\/almerea.com\/ro\/privacy-policy\/"]}]},{"@type":"BreadcrumbList","@id":"https:\/\/almerea.com\/ro\/privacy-policy\/#breadcrumb","itemListElement":[{"@type":"ListItem","position":1,"name":"Home","item":"https:\/\/almerea.com\/ro\/"},{"@type":"ListItem","position":2,"name":"Politica de confiden\u021bialitate"}]},{"@type":"WebSite","@id":"https:\/\/almerea.com\/ro\/#website","url":"https:\/\/almerea.com\/ro\/","name":"Almerea","description":"","publisher":{"@id":"https:\/\/almerea.com\/ro\/#organization"},"potentialAction":[{"@type":"SearchAction","target":{"@type":"EntryPoint","urlTemplate":"https:\/\/almerea.com\/ro\/?s={search_term_string}"},"query-input":{"@type":"PropertyValueSpecification","valueRequired":true,"valueName":"search_term_string"}}],"inLanguage":"ro-RO"},{"@type":"Organization","@id":"https:\/\/almerea.com\/ro\/#organization","name":"Almerea","url":"https:\/\/almerea.com\/ro\/","logo":{"@type":"ImageObject","inLanguage":"ro-RO","@id":"https:\/\/almerea.com\/ro\/#\/schema\/logo\/image\/","url":"https:\/\/almerea.com\/wp-content\/uploads\/ALMEREA-LOGO.png","contentUrl":"https:\/\/almerea.com\/wp-content\/uploads\/ALMEREA-LOGO.png","width":286,"height":154,"caption":"Almerea"},"image":{"@id":"https:\/\/almerea.com\/ro\/#\/schema\/logo\/image\/"}}]}},"_links":{"self":[{"href":"https:\/\/almerea.com\/ro\/wp-json\/wp\/v2\/pages\/11637","targetHints":{"allow":["GET"]}}],"collection":[{"href":"https:\/\/almerea.com\/ro\/wp-json\/wp\/v2\/pages"}],"about":[{"href":"https:\/\/almerea.com\/ro\/wp-json\/wp\/v2\/types\/page"}],"author":[{"embeddable":true,"href":"https:\/\/almerea.com\/ro\/wp-json\/wp\/v2\/users\/1"}],"replies":[{"embeddable":true,"href":"https:\/\/almerea.com\/ro\/wp-json\/wp\/v2\/comments?post=11637"}],"version-history":[{"count":6,"href":"https:\/\/almerea.com\/ro\/wp-json\/wp\/v2\/pages\/11637\/revisions"}],"predecessor-version":[{"id":47474,"href":"https:\/\/almerea.com\/ro\/wp-json\/wp\/v2\/pages\/11637\/revisions\/47474"}],"wp:attachment":[{"href":"https:\/\/almerea.com\/ro\/wp-json\/wp\/v2\/media?parent=11637"}],"curies":[{"name":"wp","href":"https:\/\/api.w.org\/{rel}","templated":true}]}}