{"id":11636,"date":"2025-11-27T15:21:38","date_gmt":"2025-11-27T13:21:38","guid":{"rendered":"https:\/\/almerea.com\/privacy-policy\/"},"modified":"2026-04-05T13:27:00","modified_gmt":"2026-04-05T10:27:00","slug":"privacy-policy","status":"publish","type":"page","link":"https:\/\/almerea.com\/pt-pt\/privacy-policy\/","title":{"rendered":"Pol\u00edtica de Privacidade"},"content":{"rendered":"\t\t<div data-elementor-type=\"wp-page\" data-elementor-id=\"11636\" class=\"elementor elementor-11636 elementor-2051\" data-elementor-post-type=\"page\">\n\t\t\t\t<div class=\"elementor-element elementor-element-ed09802 e-flex e-con-boxed e-con e-parent\" data-id=\"ed09802\" data-element_type=\"container\" data-e-type=\"container\" data-settings=\"{&quot;background_background&quot;:&quot;classic&quot;}\">\n\t\t\t\t\t<div class=\"e-con-inner\">\n\t\t<div class=\"elementor-element elementor-element-1eb8ddc e-con-full e-flex e-con e-child\" data-id=\"1eb8ddc\" data-element_type=\"container\" data-e-type=\"container\">\n\t\t\t\t<div class=\"elementor-element elementor-element-7c55aac elementor-widget elementor-widget-shortcode\" data-id=\"7c55aac\" data-element_type=\"widget\" data-e-type=\"widget\" data-widget_type=\"shortcode.default\">\n\t\t\t\t\t\t\t<div class=\"elementor-shortcode\"><\/div>\n\t\t\t\t\t\t<\/div>\n\t\t\t\t<div class=\"elementor-element elementor-element-59634f2 elementor-widget elementor-widget-heading\" data-id=\"59634f2\" data-element_type=\"widget\" data-e-type=\"widget\" data-widget_type=\"heading.default\">\n\t\t\t\t\t<h1 class=\"elementor-heading-title elementor-size-default\">Pol\u00edtica de Privacidade<\/h1>\t\t\t\t<\/div>\n\t\t\t\t<\/div>\n\t\t\t\t\t<\/div>\n\t\t\t\t<\/div>\n\t\t<div class=\"elementor-element elementor-element-e483dbe e-flex e-con-boxed e-con e-parent\" data-id=\"e483dbe\" data-element_type=\"container\" data-e-type=\"container\">\n\t\t\t\t\t<div class=\"e-con-inner\">\n\t\t\t\t<div class=\"elementor-element elementor-element-8ea7388 elementor-widget elementor-widget-text-editor\" data-id=\"8ea7388\" data-element_type=\"widget\" data-e-type=\"widget\" data-widget_type=\"text-editor.default\">\n\t\t\t\t\t\t\t\t\t<p><strong>Almerea<\/strong> esfor\u00e7a-se por proteger a privacidade dos visitantes de <strong>www.almerea.com<\/strong>.<br>\nPor favor, consulte a nossa Pol\u00edtica de Privacidade para compreender como utilizamos os seus dados pessoais.<\/p>\n<p>A Almerea reserva-se o direito de alterar esta Pol\u00edtica de Privacidade a qualquer momento, sem aviso pr\u00e9vio.<br>\nRecomendamos que consulte esta sec\u00e7\u00e3o periodicamente.<\/p>\n<h2>Que dados pessoais recolhemos<\/h2>\n<p>Ao preencher o formul\u00e1rio de contacto no website, poder\u00e1 ser-lhe solicitado que forne\u00e7a:<\/p>\n<ul>\n<li>nome e apelido;<\/li>\n<li>n\u00famero de telefone;<\/li>\n<li>endere\u00e7o de e-mail;<\/li>\n<li>qualquer informa\u00e7\u00e3o adicional que decida fornecer.<\/li>\n<\/ul>\n<p>Se n\u00e3o aceitar cookies, algumas funcionalidades do website poder\u00e3o n\u00e3o funcionar plenamente.<\/p>\n<h2>Como utilizamos os dados pessoais<\/h2>\n<p>A Almerea utiliza os dados pessoais dos visitantes do website para:<\/p>\n<ul>\n<li>responder a pedidos submetidos atrav\u00e9s do formul\u00e1rio de contacto;<\/li>\n<li>correspond\u00eancia e feedback;<\/li>\n<li>prestar servi\u00e7os e processar pedidos de informa\u00e7\u00e3o.<\/li>\n<\/ul>\n<p>A Almerea utiliza tamb\u00e9m cookies para monitorizar o desempenho do website e melhorar a experi\u00eancia do utilizador.<\/p>\n<h2>Com quem podemos partilhar dados pessoais<\/h2>\n<p>Podemos partilhar os seus dados com terceiros apenas nos seguintes casos:<\/p>\n<ul>\n<li>se a divulga\u00e7\u00e3o for necess\u00e1ria para cumprir uma encomenda (por exemplo, um servi\u00e7o de entregas);<\/li>\n<li>se a divulga\u00e7\u00e3o for exigida por lei (por exemplo, a pedido de um tribunal ou no \u00e2mbito de processos legais).<\/li>\n<\/ul>\n<p>Em todos os outros casos, os dados pessoais:<\/p>\n<ul>\n<li><strong>n\u00e3o s\u00e3o partilhados<\/strong> com terceiros;<\/li>\n<li><strong>n\u00e3o s\u00e3o alugados<\/strong> nem vendidos;<\/li>\n<li><strong>n\u00e3o s\u00e3o utilizados<\/strong> para fins diferentes dos descritos acima.<\/li>\n<\/ul>\n<h2>Seguran\u00e7a<\/h2>\n<p>A transmiss\u00e3o de dados pela internet n\u00e3o pode ser 100% segura, mas tomamos as medidas necess\u00e1rias para proteger as suas informa\u00e7\u00f5es pessoais e prevenir acessos n\u00e3o autorizados.<\/p>\t\t\t\t\t\t\t\t<\/div>\n\t\t\t\t\t<\/div>\n\t\t\t\t<\/div>\n\t\t\t\t<\/div>\n\t\t","protected":false},"excerpt":{"rendered":"<p>Pol\u00edtica de Privacidade Almerea esfor\u00e7a-se por proteger a privacidade dos visitantes de www.almerea.com. Por favor, consulte a nossa Pol\u00edtica de Privacidade para compreender como utilizamos os seus dados pessoais. A Almerea reserva-se o direito de alterar esta Pol\u00edtica de Privacidade a qualquer momento, sem aviso pr\u00e9vio. Recomendamos que consulte esta sec\u00e7\u00e3o periodicamente. Que dados pessoais [&hellip;]<\/p>\n","protected":false},"author":1,"featured_media":0,"parent":0,"menu_order":0,"comment_status":"closed","ping_status":"closed","template":"","meta":{"_acf_changed":false,"footnotes":""},"class_list":["post-11636","page","type-page","status-publish","hentry"],"blocksy_meta":{"has_hero_section":"disabled","vertical_spacing_source":"custom","content_area_spacing":"none","styles_descriptor":{"styles":{"desktop":"","tablet":"","mobile":""},"google_fonts":[],"version":6}},"acf":[],"yoast_head":"<!-- This site is optimized with the Yoast SEO Premium plugin v24.7 (Yoast SEO v27.3) - https:\/\/yoast.com\/product\/yoast-seo-premium-wordpress\/ -->\n<title>Pol\u00edtica de Privacidade | Almerea<\/title>\n<meta name=\"description\" content=\"Pol\u00edtica de Privacidade. Envio para toda a Europa, certificados ecol\u00f3gicos e checkout seguro. Materiais naturais premium e qualidade duradoura\" \/>\n<meta name=\"robots\" content=\"index, follow, max-snippet:-1, max-image-preview:large, max-video-preview:-1\" \/>\n<link rel=\"canonical\" href=\"https:\/\/almerea.com\/pt-pt\/privacy-policy\/\" \/>\n<meta property=\"og:locale\" content=\"pt_PT\" \/>\n<meta property=\"og:type\" content=\"article\" \/>\n<meta property=\"og:title\" content=\"Pol\u00edtica de Privacidade | Almerea\" \/>\n<meta property=\"og:description\" content=\"Pol\u00edtica de Privacidade. Shipping across Europe, eco certificates, and secure checkout. Premium natural materials and lasting quality\" \/>\n<meta property=\"og:url\" content=\"https:\/\/almerea.com\/pt-pt\/privacy-policy\/\" \/>\n<meta property=\"og:site_name\" content=\"Almerea\" \/>\n<meta property=\"article:modified_time\" content=\"2026-04-05T10:27:00+00:00\" \/>\n<meta property=\"og:image\" content=\"https:\/\/almerea.com\/wp-content\/uploads\/almerea-5.webp\" \/>\n\t<meta property=\"og:image:width\" content=\"1200\" \/>\n\t<meta property=\"og:image:height\" content=\"800\" \/>\n\t<meta property=\"og:image:type\" content=\"image\/webp\" \/>\n<meta name=\"twitter:card\" content=\"summary_large_image\" \/>\n<meta name=\"twitter:label1\" content=\"Tempo estimado de leitura\" \/>\n\t<meta name=\"twitter:data1\" content=\"2 minutos\" \/>\n<script type=\"application\/ld+json\" class=\"yoast-schema-graph\">{\"@context\":\"https:\\\/\\\/schema.org\",\"@graph\":[{\"@type\":\"WebPage\",\"@id\":\"https:\\\/\\\/almerea.com\\\/pt-pt\\\/privacy-policy\\\/\",\"url\":\"https:\\\/\\\/almerea.com\\\/pt-pt\\\/privacy-policy\\\/\",\"name\":\"Pol\u00edtica de Privacidade | Almerea\",\"isPartOf\":{\"@id\":\"https:\\\/\\\/almerea.com\\\/pt-pt\\\/#website\"},\"datePublished\":\"2025-11-27T13:21:38+00:00\",\"dateModified\":\"2026-04-05T10:27:00+00:00\",\"description\":\"Pol\u00edtica de Privacidade. Envio para toda a Europa, certificados ecol\u00f3gicos e checkout seguro. Materiais naturais premium e qualidade duradoura\",\"breadcrumb\":{\"@id\":\"https:\\\/\\\/almerea.com\\\/pt-pt\\\/privacy-policy\\\/#breadcrumb\"},\"inLanguage\":\"pt-PT\",\"potentialAction\":[{\"@type\":\"ReadAction\",\"target\":[\"https:\\\/\\\/almerea.com\\\/pt-pt\\\/privacy-policy\\\/\"]}]},{\"@type\":\"BreadcrumbList\",\"@id\":\"https:\\\/\\\/almerea.com\\\/pt-pt\\\/privacy-policy\\\/#breadcrumb\",\"itemListElement\":[{\"@type\":\"ListItem\",\"position\":1,\"name\":\"Home\",\"item\":\"https:\\\/\\\/almerea.com\\\/pt-pt\\\/\"},{\"@type\":\"ListItem\",\"position\":2,\"name\":\"Pol\u00edtica de Privacidade\"}]},{\"@type\":\"WebSite\",\"@id\":\"https:\\\/\\\/almerea.com\\\/pt-pt\\\/#website\",\"url\":\"https:\\\/\\\/almerea.com\\\/pt-pt\\\/\",\"name\":\"Almerea\",\"description\":\"\",\"publisher\":{\"@id\":\"https:\\\/\\\/almerea.com\\\/pt-pt\\\/#organization\"},\"potentialAction\":[{\"@type\":\"SearchAction\",\"target\":{\"@type\":\"EntryPoint\",\"urlTemplate\":\"https:\\\/\\\/almerea.com\\\/pt-pt\\\/?s={search_term_string}\"},\"query-input\":{\"@type\":\"PropertyValueSpecification\",\"valueRequired\":true,\"valueName\":\"search_term_string\"}}],\"inLanguage\":\"pt-PT\"},{\"@type\":\"Organization\",\"@id\":\"https:\\\/\\\/almerea.com\\\/pt-pt\\\/#organization\",\"name\":\"Almerea\",\"url\":\"https:\\\/\\\/almerea.com\\\/pt-pt\\\/\",\"logo\":{\"@type\":\"ImageObject\",\"inLanguage\":\"pt-PT\",\"@id\":\"https:\\\/\\\/almerea.com\\\/pt-pt\\\/#\\\/schema\\\/logo\\\/image\\\/\",\"url\":\"https:\\\/\\\/almerea.com\\\/wp-content\\\/uploads\\\/ALMEREA-LOGO.png\",\"contentUrl\":\"https:\\\/\\\/almerea.com\\\/wp-content\\\/uploads\\\/ALMEREA-LOGO.png\",\"width\":286,\"height\":154,\"caption\":\"Almerea\"},\"image\":{\"@id\":\"https:\\\/\\\/almerea.com\\\/pt-pt\\\/#\\\/schema\\\/logo\\\/image\\\/\"}}]}<\/script>\n<!-- \/ Yoast SEO Premium plugin. -->","yoast_head_json":{"title":"Pol\u00edtica de Privacidade | Almerea","description":"Pol\u00edtica de Privacidade. Envio para toda a Europa, certificados ecol\u00f3gicos e checkout seguro. Materiais naturais premium e qualidade duradoura","robots":{"index":"index","follow":"follow","max-snippet":"max-snippet:-1","max-image-preview":"max-image-preview:large","max-video-preview":"max-video-preview:-1"},"canonical":"https:\/\/almerea.com\/pt-pt\/privacy-policy\/","og_locale":"pt_PT","og_type":"article","og_title":"Pol\u00edtica de Privacidade | Almerea","og_description":"Pol\u00edtica de Privacidade. Shipping across Europe, eco certificates, and secure checkout. Premium natural materials and lasting quality","og_url":"https:\/\/almerea.com\/pt-pt\/privacy-policy\/","og_site_name":"Almerea","article_modified_time":"2026-04-05T10:27:00+00:00","og_image":[{"width":1200,"height":800,"url":"https:\/\/almerea.com\/wp-content\/uploads\/almerea-5.webp","type":"image\/webp"}],"twitter_card":"summary_large_image","twitter_misc":{"Tempo estimado de leitura":"2 minutos"},"schema":{"@context":"https:\/\/schema.org","@graph":[{"@type":"WebPage","@id":"https:\/\/almerea.com\/pt-pt\/privacy-policy\/","url":"https:\/\/almerea.com\/pt-pt\/privacy-policy\/","name":"Pol\u00edtica de Privacidade | Almerea","isPartOf":{"@id":"https:\/\/almerea.com\/pt-pt\/#website"},"datePublished":"2025-11-27T13:21:38+00:00","dateModified":"2026-04-05T10:27:00+00:00","description":"Pol\u00edtica de Privacidade. Envio para toda a Europa, certificados ecol\u00f3gicos e checkout seguro. Materiais naturais premium e qualidade duradoura","breadcrumb":{"@id":"https:\/\/almerea.com\/pt-pt\/privacy-policy\/#breadcrumb"},"inLanguage":"pt-PT","potentialAction":[{"@type":"ReadAction","target":["https:\/\/almerea.com\/pt-pt\/privacy-policy\/"]}]},{"@type":"BreadcrumbList","@id":"https:\/\/almerea.com\/pt-pt\/privacy-policy\/#breadcrumb","itemListElement":[{"@type":"ListItem","position":1,"name":"Home","item":"https:\/\/almerea.com\/pt-pt\/"},{"@type":"ListItem","position":2,"name":"Pol\u00edtica de Privacidade"}]},{"@type":"WebSite","@id":"https:\/\/almerea.com\/pt-pt\/#website","url":"https:\/\/almerea.com\/pt-pt\/","name":"Almerea","description":"","publisher":{"@id":"https:\/\/almerea.com\/pt-pt\/#organization"},"potentialAction":[{"@type":"SearchAction","target":{"@type":"EntryPoint","urlTemplate":"https:\/\/almerea.com\/pt-pt\/?s={search_term_string}"},"query-input":{"@type":"PropertyValueSpecification","valueRequired":true,"valueName":"search_term_string"}}],"inLanguage":"pt-PT"},{"@type":"Organization","@id":"https:\/\/almerea.com\/pt-pt\/#organization","name":"Almerea","url":"https:\/\/almerea.com\/pt-pt\/","logo":{"@type":"ImageObject","inLanguage":"pt-PT","@id":"https:\/\/almerea.com\/pt-pt\/#\/schema\/logo\/image\/","url":"https:\/\/almerea.com\/wp-content\/uploads\/ALMEREA-LOGO.png","contentUrl":"https:\/\/almerea.com\/wp-content\/uploads\/ALMEREA-LOGO.png","width":286,"height":154,"caption":"Almerea"},"image":{"@id":"https:\/\/almerea.com\/pt-pt\/#\/schema\/logo\/image\/"}}]}},"_links":{"self":[{"href":"https:\/\/almerea.com\/pt-pt\/wp-json\/wp\/v2\/pages\/11636","targetHints":{"allow":["GET"]}}],"collection":[{"href":"https:\/\/almerea.com\/pt-pt\/wp-json\/wp\/v2\/pages"}],"about":[{"href":"https:\/\/almerea.com\/pt-pt\/wp-json\/wp\/v2\/types\/page"}],"author":[{"embeddable":true,"href":"https:\/\/almerea.com\/pt-pt\/wp-json\/wp\/v2\/users\/1"}],"replies":[{"embeddable":true,"href":"https:\/\/almerea.com\/pt-pt\/wp-json\/wp\/v2\/comments?post=11636"}],"version-history":[{"count":6,"href":"https:\/\/almerea.com\/pt-pt\/wp-json\/wp\/v2\/pages\/11636\/revisions"}],"predecessor-version":[{"id":47471,"href":"https:\/\/almerea.com\/pt-pt\/wp-json\/wp\/v2\/pages\/11636\/revisions\/47471"}],"wp:attachment":[{"href":"https:\/\/almerea.com\/pt-pt\/wp-json\/wp\/v2\/media?parent=11636"}],"curies":[{"name":"wp","href":"https:\/\/api.w.org\/{rel}","templated":true}]}}