{"id":11635,"date":"2025-11-27T15:21:38","date_gmt":"2025-11-27T13:21:38","guid":{"rendered":"https:\/\/almerea.com\/privacy-policy\/"},"modified":"2026-04-05T13:19:35","modified_gmt":"2026-04-05T10:19:35","slug":"privacy-policy","status":"publish","type":"page","link":"https:\/\/almerea.com\/pl\/privacy-policy\/","title":{"rendered":"Polityka prywatno\u015bci"},"content":{"rendered":"\t\t<div data-elementor-type=\"wp-page\" data-elementor-id=\"11635\" class=\"elementor elementor-11635 elementor-2051\" data-elementor-post-type=\"page\">\n\t\t\t\t<div class=\"elementor-element elementor-element-ed09802 e-flex e-con-boxed e-con e-parent\" data-id=\"ed09802\" data-element_type=\"container\" data-e-type=\"container\" data-settings=\"{&quot;background_background&quot;:&quot;classic&quot;}\">\n\t\t\t\t\t<div class=\"e-con-inner\">\n\t\t<div class=\"elementor-element elementor-element-1eb8ddc e-con-full e-flex e-con e-child\" data-id=\"1eb8ddc\" data-element_type=\"container\" data-e-type=\"container\">\n\t\t\t\t<div class=\"elementor-element elementor-element-7c55aac elementor-widget elementor-widget-shortcode\" data-id=\"7c55aac\" data-element_type=\"widget\" data-e-type=\"widget\" data-widget_type=\"shortcode.default\">\n\t\t\t\t\t\t\t<div class=\"elementor-shortcode\"><\/div>\n\t\t\t\t\t\t<\/div>\n\t\t\t\t<div class=\"elementor-element elementor-element-59634f2 elementor-widget elementor-widget-heading\" data-id=\"59634f2\" data-element_type=\"widget\" data-e-type=\"widget\" data-widget_type=\"heading.default\">\n\t\t\t\t\t<h1 class=\"elementor-heading-title elementor-size-default\">Polityka prywatno\u015bci<\/h1>\t\t\t\t<\/div>\n\t\t\t\t<\/div>\n\t\t\t\t\t<\/div>\n\t\t\t\t<\/div>\n\t\t<div class=\"elementor-element elementor-element-e483dbe e-flex e-con-boxed e-con e-parent\" data-id=\"e483dbe\" data-element_type=\"container\" data-e-type=\"container\">\n\t\t\t\t\t<div class=\"e-con-inner\">\n\t\t\t\t<div class=\"elementor-element elementor-element-8ea7388 elementor-widget elementor-widget-text-editor\" data-id=\"8ea7388\" data-element_type=\"widget\" data-e-type=\"widget\" data-widget_type=\"text-editor.default\">\n\t\t\t\t\t\t\t\t\t<p><strong>Almerea<\/strong> dok\u0142ada stara\u0144, aby chroni\u0107 prywatno\u015b\u0107 odwiedzaj\u0105cych <strong>www.almerea.com<\/strong>.<br>\nZapoznaj si\u0119 z nasz\u0105 Polityk\u0105 prywatno\u015bci, aby dowiedzie\u0107 si\u0119, w jaki spos\u00f3b wykorzystujemy Twoje dane osobowe.<\/p>\n<p>Almerea zastrzega sobie prawo do zmiany niniejszej Polityki prywatno\u015bci w dowolnym momencie, bez wcze\u015bniejszego powiadomienia.<br>\nZalecamy okresowe sprawdzanie tej sekcji.<\/p>\n<h2>Jakie dane osobowe zbieramy<\/h2>\n<p>Podczas wype\u0142niania formularza kontaktowego na stronie mo\u017cesz zosta\u0107 poproszony(-a) o podanie:<\/p>\n<ul>\n<li>imienia i nazwiska;<\/li>\n<li>numeru telefonu;<\/li>\n<li>adresu e-mail;<\/li>\n<li>dowolnych dodatkowych informacji, kt\u00f3re zdecydujesz si\u0119 poda\u0107.<\/li>\n<\/ul>\n<p>Je\u015bli nie akceptujesz plik\u00f3w cookies, niekt\u00f3re funkcje strony mog\u0105 nie dzia\u0142a\u0107 w pe\u0142ni.<\/p>\n<h2>Jak wykorzystujemy dane osobowe<\/h2>\n<p>Almerea wykorzystuje dane osobowe odwiedzaj\u0105cych stron\u0119 w celu:<\/p>\n<ul>\n<li>udzielania odpowiedzi na zapytania przes\u0142ane przez formularz kontaktowy;<\/li>\n<li>prowadzenia korespondencji i udzielania informacji zwrotnych;<\/li>\n<li>\u015bwiadczenia us\u0142ug i obs\u0142ugi zapyta\u0144.<\/li>\n<\/ul>\n<p>Almerea wykorzystuje r\u00f3wnie\u017c pliki cookies do monitorowania dzia\u0142ania strony i poprawy do\u015bwiadcze\u0144 u\u017cytkownika.<\/p>\n<h2>Komu mo\u017cemy ujawni\u0107 dane osobowe<\/h2>\n<p>Mo\u017cemy udost\u0119pni\u0107 Twoje dane podmiotom trzecim wy\u0142\u0105cznie w nast\u0119puj\u0105cych przypadkach:<\/p>\n<ul>\n<li>je\u015bli ujawnienie jest niezb\u0119dne do realizacji zam\u00f3wienia (np. firmie kurierskiej);<\/li>\n<li>je\u015bli ujawnienie jest wymagane przez prawo (np. na \u017c\u0105danie s\u0105du lub w ramach post\u0119powania prawnego).<\/li>\n<\/ul>\n<p>We wszystkich pozosta\u0142ych przypadkach dane osobowe:<\/p>\n<ul>\n<li><strong>nie s\u0105 udost\u0119pniane<\/strong> podmiotom trzecim;<\/li>\n<li><strong>nie s\u0105 wynajmowane<\/strong> ani sprzedawane;<\/li>\n<li><strong>nie s\u0105 wykorzystywane<\/strong> do cel\u00f3w innych ni\u017c opisane powy\u017cej.<\/li>\n<\/ul>\n<h2>Bezpiecze\u0144stwo<\/h2>\n<p>Przesy\u0142anie danych przez internet nie mo\u017ce by\u0107 w 100% bezpieczne, jednak podejmujemy niezb\u0119dne dzia\u0142ania w celu ochrony Twoich danych osobowych i zapobiegania nieuprawnionemu dost\u0119powi.<\/p>\t\t\t\t\t\t\t\t<\/div>\n\t\t\t\t\t<\/div>\n\t\t\t\t<\/div>\n\t\t\t\t<\/div>\n\t\t","protected":false},"excerpt":{"rendered":"<p>Polityka prywatno\u015bci Almerea dok\u0142ada stara\u0144, aby chroni\u0107 prywatno\u015b\u0107 odwiedzaj\u0105cych www.almerea.com. Zapoznaj si\u0119 z nasz\u0105 Polityk\u0105 prywatno\u015bci, aby dowiedzie\u0107 si\u0119, w jaki spos\u00f3b wykorzystujemy Twoje dane osobowe. Almerea zastrzega sobie prawo do zmiany niniejszej Polityki prywatno\u015bci w dowolnym momencie, bez wcze\u015bniejszego powiadomienia. Zalecamy okresowe sprawdzanie tej sekcji. Jakie dane osobowe zbieramy Podczas wype\u0142niania formularza kontaktowego na [&hellip;]<\/p>\n","protected":false},"author":1,"featured_media":0,"parent":0,"menu_order":0,"comment_status":"closed","ping_status":"closed","template":"","meta":{"_acf_changed":false,"footnotes":""},"class_list":["post-11635","page","type-page","status-publish","hentry"],"blocksy_meta":{"has_hero_section":"disabled","vertical_spacing_source":"custom","content_area_spacing":"none","styles_descriptor":{"styles":{"desktop":"","tablet":"","mobile":""},"google_fonts":[],"version":6}},"acf":[],"yoast_head":"<!-- This site is optimized with the Yoast SEO Premium plugin v24.7 (Yoast SEO v27.3) - https:\/\/yoast.com\/product\/yoast-seo-premium-wordpress\/ -->\n<title>Polityka prywatno\u015bci | Almerea<\/title>\n<meta name=\"description\" content=\"Polityka prywatno\u015bci. Wysy\u0142ka na terenie Europy, eko certyfikaty i bezpieczna finalizacja zakupu. Naturalne materia\u0142y premium i trwa\u0142a jako\u015b\u0107\" \/>\n<meta name=\"robots\" content=\"index, follow, max-snippet:-1, max-image-preview:large, max-video-preview:-1\" \/>\n<link rel=\"canonical\" href=\"https:\/\/almerea.com\/pl\/privacy-policy\/\" \/>\n<meta property=\"og:locale\" content=\"pl_PL\" \/>\n<meta property=\"og:type\" content=\"article\" \/>\n<meta property=\"og:title\" content=\"Polityka prywatno\u015bci | Almerea\" \/>\n<meta property=\"og:description\" content=\"Polityka prywatno\u015bci. Shipping across Europe, eco certificates, and secure checkout. Premium natural materials and lasting quality\" \/>\n<meta property=\"og:url\" content=\"https:\/\/almerea.com\/pl\/privacy-policy\/\" \/>\n<meta property=\"og:site_name\" content=\"Almerea\" \/>\n<meta property=\"article:modified_time\" content=\"2026-04-05T10:19:35+00:00\" \/>\n<meta property=\"og:image\" content=\"https:\/\/almerea.com\/wp-content\/uploads\/almerea-5.webp\" \/>\n\t<meta property=\"og:image:width\" content=\"1200\" \/>\n\t<meta property=\"og:image:height\" content=\"800\" \/>\n\t<meta property=\"og:image:type\" content=\"image\/webp\" \/>\n<meta name=\"twitter:card\" content=\"summary_large_image\" \/>\n<meta name=\"twitter:label1\" content=\"Szacowany czas czytania\" \/>\n\t<meta name=\"twitter:data1\" content=\"2 minuta\" \/>\n<script type=\"application\/ld+json\" class=\"yoast-schema-graph\">{\"@context\":\"https:\\\/\\\/schema.org\",\"@graph\":[{\"@type\":\"WebPage\",\"@id\":\"https:\\\/\\\/almerea.com\\\/pl\\\/privacy-policy\\\/\",\"url\":\"https:\\\/\\\/almerea.com\\\/pl\\\/privacy-policy\\\/\",\"name\":\"Polityka prywatno\u015bci | Almerea\",\"isPartOf\":{\"@id\":\"https:\\\/\\\/almerea.com\\\/pl\\\/#website\"},\"datePublished\":\"2025-11-27T13:21:38+00:00\",\"dateModified\":\"2026-04-05T10:19:35+00:00\",\"description\":\"Polityka prywatno\u015bci. Wysy\u0142ka na terenie Europy, eko certyfikaty i bezpieczna finalizacja zakupu. Naturalne materia\u0142y premium i trwa\u0142a jako\u015b\u0107\",\"breadcrumb\":{\"@id\":\"https:\\\/\\\/almerea.com\\\/pl\\\/privacy-policy\\\/#breadcrumb\"},\"inLanguage\":\"pl-PL\",\"potentialAction\":[{\"@type\":\"ReadAction\",\"target\":[\"https:\\\/\\\/almerea.com\\\/pl\\\/privacy-policy\\\/\"]}]},{\"@type\":\"BreadcrumbList\",\"@id\":\"https:\\\/\\\/almerea.com\\\/pl\\\/privacy-policy\\\/#breadcrumb\",\"itemListElement\":[{\"@type\":\"ListItem\",\"position\":1,\"name\":\"Home\",\"item\":\"https:\\\/\\\/almerea.com\\\/pl\\\/\"},{\"@type\":\"ListItem\",\"position\":2,\"name\":\"Polityka prywatno\u015bci\"}]},{\"@type\":\"WebSite\",\"@id\":\"https:\\\/\\\/almerea.com\\\/pl\\\/#website\",\"url\":\"https:\\\/\\\/almerea.com\\\/pl\\\/\",\"name\":\"Almerea\",\"description\":\"\",\"publisher\":{\"@id\":\"https:\\\/\\\/almerea.com\\\/pl\\\/#organization\"},\"potentialAction\":[{\"@type\":\"SearchAction\",\"target\":{\"@type\":\"EntryPoint\",\"urlTemplate\":\"https:\\\/\\\/almerea.com\\\/pl\\\/?s={search_term_string}\"},\"query-input\":{\"@type\":\"PropertyValueSpecification\",\"valueRequired\":true,\"valueName\":\"search_term_string\"}}],\"inLanguage\":\"pl-PL\"},{\"@type\":\"Organization\",\"@id\":\"https:\\\/\\\/almerea.com\\\/pl\\\/#organization\",\"name\":\"Almerea\",\"url\":\"https:\\\/\\\/almerea.com\\\/pl\\\/\",\"logo\":{\"@type\":\"ImageObject\",\"inLanguage\":\"pl-PL\",\"@id\":\"https:\\\/\\\/almerea.com\\\/pl\\\/#\\\/schema\\\/logo\\\/image\\\/\",\"url\":\"https:\\\/\\\/almerea.com\\\/wp-content\\\/uploads\\\/ALMEREA-LOGO.png\",\"contentUrl\":\"https:\\\/\\\/almerea.com\\\/wp-content\\\/uploads\\\/ALMEREA-LOGO.png\",\"width\":286,\"height\":154,\"caption\":\"Almerea\"},\"image\":{\"@id\":\"https:\\\/\\\/almerea.com\\\/pl\\\/#\\\/schema\\\/logo\\\/image\\\/\"}}]}<\/script>\n<!-- \/ Yoast SEO Premium plugin. -->","yoast_head_json":{"title":"Polityka prywatno\u015bci | Almerea","description":"Polityka prywatno\u015bci. Wysy\u0142ka na terenie Europy, eko certyfikaty i bezpieczna finalizacja zakupu. Naturalne materia\u0142y premium i trwa\u0142a jako\u015b\u0107","robots":{"index":"index","follow":"follow","max-snippet":"max-snippet:-1","max-image-preview":"max-image-preview:large","max-video-preview":"max-video-preview:-1"},"canonical":"https:\/\/almerea.com\/pl\/privacy-policy\/","og_locale":"pl_PL","og_type":"article","og_title":"Polityka prywatno\u015bci | Almerea","og_description":"Polityka prywatno\u015bci. Shipping across Europe, eco certificates, and secure checkout. Premium natural materials and lasting quality","og_url":"https:\/\/almerea.com\/pl\/privacy-policy\/","og_site_name":"Almerea","article_modified_time":"2026-04-05T10:19:35+00:00","og_image":[{"width":1200,"height":800,"url":"https:\/\/almerea.com\/wp-content\/uploads\/almerea-5.webp","type":"image\/webp"}],"twitter_card":"summary_large_image","twitter_misc":{"Szacowany czas czytania":"2 minuta"},"schema":{"@context":"https:\/\/schema.org","@graph":[{"@type":"WebPage","@id":"https:\/\/almerea.com\/pl\/privacy-policy\/","url":"https:\/\/almerea.com\/pl\/privacy-policy\/","name":"Polityka prywatno\u015bci | Almerea","isPartOf":{"@id":"https:\/\/almerea.com\/pl\/#website"},"datePublished":"2025-11-27T13:21:38+00:00","dateModified":"2026-04-05T10:19:35+00:00","description":"Polityka prywatno\u015bci. Wysy\u0142ka na terenie Europy, eko certyfikaty i bezpieczna finalizacja zakupu. Naturalne materia\u0142y premium i trwa\u0142a jako\u015b\u0107","breadcrumb":{"@id":"https:\/\/almerea.com\/pl\/privacy-policy\/#breadcrumb"},"inLanguage":"pl-PL","potentialAction":[{"@type":"ReadAction","target":["https:\/\/almerea.com\/pl\/privacy-policy\/"]}]},{"@type":"BreadcrumbList","@id":"https:\/\/almerea.com\/pl\/privacy-policy\/#breadcrumb","itemListElement":[{"@type":"ListItem","position":1,"name":"Home","item":"https:\/\/almerea.com\/pl\/"},{"@type":"ListItem","position":2,"name":"Polityka prywatno\u015bci"}]},{"@type":"WebSite","@id":"https:\/\/almerea.com\/pl\/#website","url":"https:\/\/almerea.com\/pl\/","name":"Almerea","description":"","publisher":{"@id":"https:\/\/almerea.com\/pl\/#organization"},"potentialAction":[{"@type":"SearchAction","target":{"@type":"EntryPoint","urlTemplate":"https:\/\/almerea.com\/pl\/?s={search_term_string}"},"query-input":{"@type":"PropertyValueSpecification","valueRequired":true,"valueName":"search_term_string"}}],"inLanguage":"pl-PL"},{"@type":"Organization","@id":"https:\/\/almerea.com\/pl\/#organization","name":"Almerea","url":"https:\/\/almerea.com\/pl\/","logo":{"@type":"ImageObject","inLanguage":"pl-PL","@id":"https:\/\/almerea.com\/pl\/#\/schema\/logo\/image\/","url":"https:\/\/almerea.com\/wp-content\/uploads\/ALMEREA-LOGO.png","contentUrl":"https:\/\/almerea.com\/wp-content\/uploads\/ALMEREA-LOGO.png","width":286,"height":154,"caption":"Almerea"},"image":{"@id":"https:\/\/almerea.com\/pl\/#\/schema\/logo\/image\/"}}]}},"_links":{"self":[{"href":"https:\/\/almerea.com\/pl\/wp-json\/wp\/v2\/pages\/11635","targetHints":{"allow":["GET"]}}],"collection":[{"href":"https:\/\/almerea.com\/pl\/wp-json\/wp\/v2\/pages"}],"about":[{"href":"https:\/\/almerea.com\/pl\/wp-json\/wp\/v2\/types\/page"}],"author":[{"embeddable":true,"href":"https:\/\/almerea.com\/pl\/wp-json\/wp\/v2\/users\/1"}],"replies":[{"embeddable":true,"href":"https:\/\/almerea.com\/pl\/wp-json\/wp\/v2\/comments?post=11635"}],"version-history":[{"count":6,"href":"https:\/\/almerea.com\/pl\/wp-json\/wp\/v2\/pages\/11635\/revisions"}],"predecessor-version":[{"id":47468,"href":"https:\/\/almerea.com\/pl\/wp-json\/wp\/v2\/pages\/11635\/revisions\/47468"}],"wp:attachment":[{"href":"https:\/\/almerea.com\/pl\/wp-json\/wp\/v2\/media?parent=11635"}],"curies":[{"name":"wp","href":"https:\/\/api.w.org\/{rel}","templated":true}]}}