{"id":47049,"date":"2026-04-02T14:35:52","date_gmt":"2026-04-02T11:35:52","guid":{"rendered":"https:\/\/almerea.com\/?post_type=product&#038;p=47049"},"modified":"2026-04-02T17:23:12","modified_gmt":"2026-04-02T14:23:12","slug":"gift-pouch-dark-red-s","status":"publish","type":"product","link":"https:\/\/almerea.com\/no\/product\/gift-pouch-dark-red-s\/","title":{"rendered":"Liten silke gavepose"},"content":{"rendered":"\t\t<div data-elementor-type=\"product-post\" data-elementor-id=\"47049\" class=\"elementor elementor-47049 elementor-47037\" data-elementor-post-type=\"product\">\n\t\t\t\t<div class=\"elementor-element elementor-element-54389a8 e-flex e-con-boxed e-con e-parent\" data-id=\"54389a8\" data-element_type=\"container\" data-e-type=\"container\">\n\t\t\t\t\t<div class=\"e-con-inner\">\n\t\t<div class=\"elementor-element elementor-element-8502fa4 e-con-full e-flex e-con e-child\" data-id=\"8502fa4\" data-element_type=\"container\" data-e-type=\"container\">\n\t\t\t\t<div class=\"elementor-element elementor-element-8ea8f6b elementor-widget elementor-widget-n-accordion\" data-id=\"8ea8f6b\" data-element_type=\"widget\" data-e-type=\"widget\" data-settings=\"{&quot;default_state&quot;:&quot;expanded&quot;,&quot;max_items_expended&quot;:&quot;one&quot;,&quot;n_accordion_animation_duration&quot;:{&quot;unit&quot;:&quot;ms&quot;,&quot;size&quot;:400,&quot;sizes&quot;:[]}}\" data-widget_type=\"nested-accordion.default\">\n\t\t\t\t\t\t\t<div class=\"e-n-accordion\" aria-label=\"Accordion. Open links with Enter or Space, close with Escape, and navigate with Arrow Keys\">\n\t\t\t\t\t\t<details id=\"e-n-accordion-item-1490\" class=\"e-n-accordion-item\" open>\n\t\t\t\t<summary class=\"e-n-accordion-item-title\" data-accordion-index=\"1\" tabindex=\"0\" aria-expanded=\"true\" aria-controls=\"e-n-accordion-item-1490\" >\n\t\t\t\t\t<span class='e-n-accordion-item-title-header'><h2 class=\"e-n-accordion-item-title-text\"> Satengpose <\/h2><\/span>\n\t\t\t\t\t\t\t<span class='e-n-accordion-item-title-icon'>\n\t\t\t<span class='e-opened' ><svg aria-hidden=\"true\" class=\"e-font-icon-svg e-fas-caret-up\" viewBox=\"0 0 320 512\" xmlns=\"http:\/\/www.w3.org\/2000\/svg\"><path d=\"M288.662 352H31.338c-17.818 0-26.741-21.543-14.142-34.142l128.662-128.662c7.81-7.81 20.474-7.81 28.284 0l128.662 128.662c12.6 12.599 3.676 34.142-14.142 34.142z\"><\/path><\/svg><\/span>\n\t\t\t<span class='e-closed'><svg aria-hidden=\"true\" class=\"e-font-icon-svg e-fas-caret-down\" viewBox=\"0 0 320 512\" xmlns=\"http:\/\/www.w3.org\/2000\/svg\"><path d=\"M31.3 192h257.3c17.8 0 26.7 21.5 14.1 34.1L174.1 354.8c-7.8 7.8-20.5 7.8-28.3 0L17.2 226.1C4.6 213.5 13.5 192 31.3 192z\"><\/path><\/svg><\/span>\n\t\t<\/span>\n\n\t\t\t\t\t\t<\/summary>\n\t\t\t\t<div role=\"region\" aria-labelledby=\"e-n-accordion-item-1490\" class=\"elementor-element elementor-element-97ad673 e-con-full e-flex e-con e-child\" data-id=\"97ad673\" data-element_type=\"container\" data-e-type=\"container\">\n\t\t\t\t<div class=\"elementor-element elementor-element-815ba93 elementor-widget elementor-widget-text-editor\" data-id=\"815ba93\" data-element_type=\"widget\" data-e-type=\"widget\" data-widget_type=\"text-editor.default\">\n\t\t\t\t\t\t\t\t\t<p class=\"\" data-start=\"0\" data-end=\"211\">Almerea-gaveposen er en premium tekstilinnpakning: perfekt til smykker, premium silkeputetrekk og sm\u00e5 silkesjal. Praktisk n\u00e5r du vil f\u00e5 en gave som er klar med \u00e9n gang.<\/p>\t\t\t\t\t\t\t\t<\/div>\n\t\t\t\t<\/div>\n\t\t\t\t\t<\/details>\n\t\t\t\t\t\t<details id=\"e-n-accordion-item-1491\" class=\"e-n-accordion-item\" >\n\t\t\t\t<summary class=\"e-n-accordion-item-title\" data-accordion-index=\"2\" tabindex=\"-1\" aria-expanded=\"false\" aria-controls=\"e-n-accordion-item-1491\" >\n\t\t\t\t\t<span class='e-n-accordion-item-title-header'><h2 class=\"e-n-accordion-item-title-text\"> Komplett og spesifikasjoner: <\/h2><\/span>\n\t\t\t\t\t\t\t<span class='e-n-accordion-item-title-icon'>\n\t\t\t<span class='e-opened' ><svg aria-hidden=\"true\" class=\"e-font-icon-svg e-fas-caret-up\" viewBox=\"0 0 320 512\" xmlns=\"http:\/\/www.w3.org\/2000\/svg\"><path d=\"M288.662 352H31.338c-17.818 0-26.741-21.543-14.142-34.142l128.662-128.662c7.81-7.81 20.474-7.81 28.284 0l128.662 128.662c12.6 12.599 3.676 34.142-14.142 34.142z\"><\/path><\/svg><\/span>\n\t\t\t<span class='e-closed'><svg aria-hidden=\"true\" class=\"e-font-icon-svg e-fas-caret-down\" viewBox=\"0 0 320 512\" xmlns=\"http:\/\/www.w3.org\/2000\/svg\"><path d=\"M31.3 192h257.3c17.8 0 26.7 21.5 14.1 34.1L174.1 354.8c-7.8 7.8-20.5 7.8-28.3 0L17.2 226.1C4.6 213.5 13.5 192 31.3 192z\"><\/path><\/svg><\/span>\n\t\t<\/span>\n\n\t\t\t\t\t\t<\/summary>\n\t\t\t\t<div role=\"region\" aria-labelledby=\"e-n-accordion-item-1491\" class=\"elementor-element elementor-element-4c573eb e-con-full e-flex e-con e-child\" data-id=\"4c573eb\" data-element_type=\"container\" data-e-type=\"container\">\n\t\t\t\t<div class=\"elementor-element elementor-element-47715d1 elementor-widget elementor-widget-text-editor\" data-id=\"47715d1\" data-element_type=\"widget\" data-e-type=\"widget\" data-widget_type=\"text-editor.default\">\n\t\t\t\t\t\t\t\t\t<p><strong>I pakken inng\u00e5r:<\/strong><\/p><ul><li>1 stk.: gavepose<\/li><\/ul><p><strong>Egenskaper :<\/strong><\/p><ul><li>M\u00e5l: 14\u00d715 cm<\/li><\/ul>\t\t\t\t\t\t\t\t<\/div>\n\t\t\t\t<\/div>\n\t\t\t\t\t<\/details>\n\t\t\t\t\t\t<details id=\"e-n-accordion-item-1492\" class=\"e-n-accordion-item\" >\n\t\t\t\t<summary class=\"e-n-accordion-item-title\" data-accordion-index=\"3\" tabindex=\"-1\" aria-expanded=\"false\" aria-controls=\"e-n-accordion-item-1492\" >\n\t\t\t\t\t<span class='e-n-accordion-item-title-header'><h2 class=\"e-n-accordion-item-title-text\"> Detaljer og fordeler: <\/h2><\/span>\n\t\t\t\t\t\t\t<span class='e-n-accordion-item-title-icon'>\n\t\t\t<span class='e-opened' ><svg aria-hidden=\"true\" class=\"e-font-icon-svg e-fas-caret-up\" viewBox=\"0 0 320 512\" xmlns=\"http:\/\/www.w3.org\/2000\/svg\"><path d=\"M288.662 352H31.338c-17.818 0-26.741-21.543-14.142-34.142l128.662-128.662c7.81-7.81 20.474-7.81 28.284 0l128.662 128.662c12.6 12.599 3.676 34.142-14.142 34.142z\"><\/path><\/svg><\/span>\n\t\t\t<span class='e-closed'><svg aria-hidden=\"true\" class=\"e-font-icon-svg e-fas-caret-down\" viewBox=\"0 0 320 512\" xmlns=\"http:\/\/www.w3.org\/2000\/svg\"><path d=\"M31.3 192h257.3c17.8 0 26.7 21.5 14.1 34.1L174.1 354.8c-7.8 7.8-20.5 7.8-28.3 0L17.2 226.1C4.6 213.5 13.5 192 31.3 192z\"><\/path><\/svg><\/span>\n\t\t<\/span>\n\n\t\t\t\t\t\t<\/summary>\n\t\t\t\t<div role=\"region\" aria-labelledby=\"e-n-accordion-item-1492\" class=\"elementor-element elementor-element-331d2a4 e-con-full e-flex e-con e-child\" data-id=\"331d2a4\" data-element_type=\"container\" data-e-type=\"container\">\n\t\t\t\t<div class=\"elementor-element elementor-element-2e5b010 elementor-widget elementor-widget-text-editor\" data-id=\"2e5b010\" data-element_type=\"widget\" data-e-type=\"widget\" data-widget_type=\"text-editor.default\">\n\t\t\t\t\t\t\t\t\t<p>Almerea-gaveesken er en premium gaveinnpakning for smykker som l\u00f8ser hovedsp\u00f8rsm\u00e5let: hvordan gj\u00f8re gaven klar raskt, slik at den kan gis med \u00e9n gang eller sendes direkte til mottakeren. Du kan legge esken til bestillingen \u2014 og f\u00e5 en gaveklar pakke, uten ekstra innpakning og uten \u00e5 lete etter \u00abhvor kan jeg f\u00e5 den pakket inn\u00bb.<\/p><p>Dette er spesielt praktisk hvis du bestiller gaven p\u00e5 forh\u00e5nd eller sender den til en annen by eller et annet land \u2014 innpakningen ser flott ut og beskytter innholdet underveis.<\/p><p><strong>Fordeler:<\/strong><\/p><ul><li>du kan legge esken til bestillingen og f\u00e5 en gaveklar pakke;<\/li><li>praktisk \u00e5 sende <strong>til en annen by eller et annet land<\/strong>;<\/li><li>passer til ringer, \u00f8redobber, brosjer og sett;<\/li><\/ul><p>Vi s\u00f8rger for <strong data-start=\"1686\" data-end=\"1713\">rask utsendelse av bestillingen<\/strong> og <strong data-start=\"1716\" data-end=\"1755\">levering i hele Europa, inkludert Norge<\/strong>, slik at ditt nye tilbeh\u00f8r kommer frem uten un\u00f8dig ventetid.<\/p>\t\t\t\t\t\t\t\t<\/div>\n\t\t\t\t<\/div>\n\t\t\t\t\t<\/details>\n\t\t\t\t\t<\/div>\n\t\t\t\t\t\t<\/div>\n\t\t\t\t<\/div>\n\t\t<div class=\"elementor-element elementor-element-9d4d89a e-con-full e-flex e-con e-child\" data-id=\"9d4d89a\" data-element_type=\"container\" data-e-type=\"container\">\n\t\t\t\t<div class=\"elementor-element elementor-element-ee24dc1 elementor-widget elementor-widget-n-accordion\" data-id=\"ee24dc1\" data-element_type=\"widget\" data-e-type=\"widget\" data-settings=\"{&quot;default_state&quot;:&quot;expanded&quot;,&quot;max_items_expended&quot;:&quot;one&quot;,&quot;n_accordion_animation_duration&quot;:{&quot;unit&quot;:&quot;ms&quot;,&quot;size&quot;:400,&quot;sizes&quot;:[]}}\" data-widget_type=\"nested-accordion.default\">\n\t\t\t\t\t\t\t<div class=\"e-n-accordion\" aria-label=\"Accordion. Open links with Enter or Space, close with Escape, and navigate with Arrow Keys\">\n\t\t\t\t\t\t<details id=\"e-n-accordion-item-2490\" class=\"e-n-accordion-item\" open>\n\t\t\t\t<summary class=\"e-n-accordion-item-title\" data-accordion-index=\"1\" tabindex=\"0\" aria-expanded=\"true\" aria-controls=\"e-n-accordion-item-2490\" >\n\t\t\t\t\t<span class='e-n-accordion-item-title-header'><h2 class=\"e-n-accordion-item-title-text\"> Perfekt som en del av settet! <\/h2><\/span>\n\t\t\t\t\t\t\t<span class='e-n-accordion-item-title-icon'>\n\t\t\t<span class='e-opened' ><svg aria-hidden=\"true\" class=\"e-font-icon-svg e-fas-caret-up\" viewBox=\"0 0 320 512\" xmlns=\"http:\/\/www.w3.org\/2000\/svg\"><path d=\"M288.662 352H31.338c-17.818 0-26.741-21.543-14.142-34.142l128.662-128.662c7.81-7.81 20.474-7.81 28.284 0l128.662 128.662c12.6 12.599 3.676 34.142-14.142 34.142z\"><\/path><\/svg><\/span>\n\t\t\t<span class='e-closed'><svg aria-hidden=\"true\" class=\"e-font-icon-svg e-fas-caret-down\" viewBox=\"0 0 320 512\" xmlns=\"http:\/\/www.w3.org\/2000\/svg\"><path d=\"M31.3 192h257.3c17.8 0 26.7 21.5 14.1 34.1L174.1 354.8c-7.8 7.8-20.5 7.8-28.3 0L17.2 226.1C4.6 213.5 13.5 192 31.3 192z\"><\/path><\/svg><\/span>\n\t\t<\/span>\n\n\t\t\t\t\t\t<\/summary>\n\t\t\t\t<div role=\"region\" aria-labelledby=\"e-n-accordion-item-2490\" class=\"elementor-element elementor-element-93f985c e-con-full e-flex e-con e-child\" data-id=\"93f985c\" data-element_type=\"container\" data-e-type=\"container\">\n\t\t\t\t<div class=\"elementor-element elementor-element-ab803a3 premium-woo-in-tabs premium-woo-product-align-center elementor-widget elementor-widget-premium-woo-products\" data-id=\"ab803a3\" data-element_type=\"widget\" data-e-type=\"widget\" data-settings=\"{&quot;products_show_tablet&quot;:3,&quot;products_on_scroll_tablet&quot;:1,&quot;arrows_position&quot;:&quot;default&quot;,&quot;products_show&quot;:3,&quot;products_show_mobile&quot;:1,&quot;products_on_scroll&quot;:1}\" data-widget_type=\"premium-woo-products.grid-4\">\n\t\t\t\t<div class=\"elementor-widget-container\">\n\t\t\t\t\t\t\t<div class=\"premium-woo-empty\">\n\t\t\t<p>No products were found for this query.<\/p>\n\t\t<\/div>\n\t\t\t\t\t\t<\/div>\n\t\t\t\t<\/div>\n\t\t\t\t<\/div>\n\t\t\t\t\t<\/details>\n\t\t\t\t\t\t<details id=\"e-n-accordion-item-2491\" class=\"e-n-accordion-item\" >\n\t\t\t\t<summary class=\"e-n-accordion-item-title\" data-accordion-index=\"2\" tabindex=\"-1\" aria-expanded=\"false\" aria-controls=\"e-n-accordion-item-2491\" >\n\t\t\t\t\t<span class='e-n-accordion-item-title-header'><h2 class=\"e-n-accordion-item-title-text\"> Ikke det? Se her \u2192 <\/h2><\/span>\n\t\t\t\t\t\t\t<span class='e-n-accordion-item-title-icon'>\n\t\t\t<span class='e-opened' ><svg aria-hidden=\"true\" class=\"e-font-icon-svg e-fas-caret-up\" viewBox=\"0 0 320 512\" xmlns=\"http:\/\/www.w3.org\/2000\/svg\"><path d=\"M288.662 352H31.338c-17.818 0-26.741-21.543-14.142-34.142l128.662-128.662c7.81-7.81 20.474-7.81 28.284 0l128.662 128.662c12.6 12.599 3.676 34.142-14.142 34.142z\"><\/path><\/svg><\/span>\n\t\t\t<span class='e-closed'><svg aria-hidden=\"true\" class=\"e-font-icon-svg e-fas-caret-down\" viewBox=\"0 0 320 512\" xmlns=\"http:\/\/www.w3.org\/2000\/svg\"><path d=\"M31.3 192h257.3c17.8 0 26.7 21.5 14.1 34.1L174.1 354.8c-7.8 7.8-20.5 7.8-28.3 0L17.2 226.1C4.6 213.5 13.5 192 31.3 192z\"><\/path><\/svg><\/span>\n\t\t<\/span>\n\n\t\t\t\t\t\t<\/summary>\n\t\t\t\t<div role=\"region\" aria-labelledby=\"e-n-accordion-item-2491\" class=\"elementor-element elementor-element-0a77e62 e-con-full e-flex e-con e-child\" data-id=\"0a77e62\" data-element_type=\"container\" data-e-type=\"container\">\n\t\t\t\t<div class=\"elementor-element elementor-element-bcc5605 elementor-grid-3 elementor-grid-tablet-3 elementor-grid-mobile-1 elementor-products-grid elementor-wc-products elementor-widget elementor-widget-wc-categories\" data-id=\"bcc5605\" data-element_type=\"widget\" data-e-type=\"widget\" data-widget_type=\"wc-categories.default\">\n\t\t\t\t\t<div class=\"woocommerce columns-3\"><ul class=\"products elementor-grid columns-3\" data-products=\"type-2\" data-hover=\"swap\">\n<li class=\"product-category product first\">\n\t<a aria-label=\"Bes\u00f8k produktkategori Gifts for Women\" href=\"https:\/\/almerea.com\/no\/product-category\/gifts\/gifts-for-women\/\"><img fetchpriority=\"high\" decoding=\"async\" src=\"https:\/\/almerea.com\/wp-content\/uploads\/gifts-for-women-1-300x300.webp\" alt=\"Gifts for Women\" width=\"300\" height=\"300\" srcset=\"https:\/\/almerea.com\/wp-content\/uploads\/gifts-for-women-1-300x300.webp 300w, https:\/\/almerea.com\/wp-content\/uploads\/gifts-for-women-1-150x150.webp 150w, https:\/\/almerea.com\/wp-content\/uploads\/gifts-for-women-1-100x100.webp 100w\" sizes=\"(max-width: 300px) 100vw, 300px\" \/>\t\t<h2 class=\"woocommerce-loop-category__title\">\n\t\t\tGifts for Women <mark class=\"count\">(81)<\/mark>\t\t<\/h2>\n\t\t<\/a><\/li>\n<li class=\"product-category product\">\n\t<a aria-label=\"Bes\u00f8k produktkategori Gifts for Men\" href=\"https:\/\/almerea.com\/no\/product-category\/gifts\/gifts-for-men\/\"><img decoding=\"async\" src=\"https:\/\/almerea.com\/wp-content\/uploads\/gifts-for-men-1-300x300.webp\" alt=\"Gifts for Men\" width=\"300\" height=\"300\" srcset=\"https:\/\/almerea.com\/wp-content\/uploads\/gifts-for-men-1-300x300.webp 300w, https:\/\/almerea.com\/wp-content\/uploads\/gifts-for-men-1-150x150.webp 150w, https:\/\/almerea.com\/wp-content\/uploads\/gifts-for-men-1-100x100.webp 100w\" sizes=\"(max-width: 300px) 100vw, 300px\" \/>\t\t<h2 class=\"woocommerce-loop-category__title\">\n\t\t\tGifts for Men <mark class=\"count\">(10)<\/mark>\t\t<\/h2>\n\t\t<\/a><\/li>\n<li class=\"product-category product last\">\n\t<a aria-label=\"Bes\u00f8k produktkategori Gifts\" href=\"https:\/\/almerea.com\/no\/product-category\/gifts\/\"><img decoding=\"async\" src=\"https:\/\/almerea.com\/wp-content\/uploads\/gifts-2-300x300.webp\" alt=\"Gifts\" width=\"300\" height=\"300\" srcset=\"https:\/\/almerea.com\/wp-content\/uploads\/gifts-2-300x300.webp 300w, https:\/\/almerea.com\/wp-content\/uploads\/gifts-2-150x150.webp 150w, https:\/\/almerea.com\/wp-content\/uploads\/gifts-2-100x100.webp 100w\" sizes=\"(max-width: 300px) 100vw, 300px\" \/>\t\t<h2 class=\"woocommerce-loop-category__title\">\n\t\t\tGifts <mark class=\"count\">(82)<\/mark>\t\t<\/h2>\n\t\t<\/a><\/li>\n<\/ul>\n<\/div>\t\t\t\t<\/div>\n\t\t\t\t<\/div>\n\t\t\t\t\t<\/details>\n\t\t\t\t\t<\/div>\n\t\t\t\t\t\t<\/div>\n\t\t\t\t<\/div>\n\t\t\t\t\t<\/div>\n\t\t\t\t<\/div>\n\t\t\t\t<\/div>\n\t\t","protected":false},"excerpt":{"rendered":"<div class=\"woocommerce-product-details__short-description\"><strong><a class=\"hover-zoom\" title=\"Stilig gaveinnpakning\" href=\"https:\/\/almerea.com\/no\/packaging\/stylish-gift-packaging\/\" target=\"_blank\" rel=\"noopener\" aria-label=\"Stilig gaveinnpakning\"><img loading=\"lazy\" decoding=\"async\" class=\"alignnone size-full wp-image-12379 ls-is-cached lazyloaded\" src=\"https:\/\/almerea.com\/wp-content\/uploads\/stylish-gift-packaging2.png\" alt=\"\" width=\"45\" height=\"40\" data-src=\"https:\/\/almerea.com\/wp-content\/uploads\/stylish-gift-packaging2.png\" \/><\/a><\/strong><br \/>\n<strong>Innpakning til gaven din!<\/strong><\/p>\n<ul>\n<li><strong>St\u00f8rrelse:<\/strong> 14\u00d715 cm<\/li>\n<li><strong>Farge:<\/strong> burgunder<\/li>\n<li><strong>Egenskaper:<\/strong> tekstilinnpakning<\/li>\n<li><a href=\"https:\/\/almerea.com\/no\/delivery\/\" target=\"_blank\" rel=\"noopener\"><strong>Levering:<\/strong> Gratis levering* (Vilk\u00e5r)<\/a><\/li>\n<\/ul>\n<\/div>\n","protected":false},"featured_media":47069,"comment_status":"closed","ping_status":"closed","template":"","meta":{"_acf_changed":false},"product_brand":[],"product_cat":[1702,2318,4300,1704,1705,1707,3023],"product_tag":[1295,1328,1352,1409,1466],"class_list":{"0":"post-47049","1":"product","2":"type-product","3":"status-publish","4":"has-post-thumbnail","6":"product_cat-all-products","7":"product_cat-bestsellers","8":"product_cat-gaveinnpakning","9":"product_cat-gifts","10":"product_cat-gifts-for-women","11":"product_cat-new-arrivals","12":"product_cat-sale","13":"product_tag-birthday-gifts","14":"product_tag-birthday-gifts-for-women","15":"product_tag-christmas-new-year-gifts","16":"product_tag-mothers-day-gifts","17":"product_tag-valentines-day-gifts","18":"pa_color-red","19":"pa_gender-women","20":"pa_packaging-stylish-gift-packaging","21":"pa_product-type-all-products","23":"first","24":"instock","25":"sale","26":"shipping-taxable","27":"purchasable","28":"product-type-simple"},"acf":[],"ct_brands":[],"yoast_head":"<!-- This site is optimized with the Yoast SEO Premium plugin v24.7 (Yoast SEO v27.3) - https:\/\/yoast.com\/product\/yoast-seo-premium-wordpress\/ -->\n<title>Liten silke gavepose | Almerea<\/title>\n<meta name=\"description\" content=\"Liten silke gavepose \u2014 premium materials by Almerea. Fast shipping across Europe. Easy online ordering.\" \/>\n<meta name=\"robots\" content=\"index, follow, max-snippet:-1, max-image-preview:large, max-video-preview:-1\" \/>\n<link rel=\"canonical\" href=\"https:\/\/almerea.com\/no\/product\/gift-pouch-dark-red-s\/\" \/>\n<meta property=\"og:locale\" content=\"nb_NO\" \/>\n<meta property=\"og:type\" content=\"article\" \/>\n<meta property=\"og:title\" content=\"Liten silke gavepose | Almerea\" \/>\n<meta property=\"og:description\" content=\"Liten silke gavepose \u2014 premium materials by Almerea. Fast shipping across Europe. Easy online ordering.\" \/>\n<meta property=\"og:url\" content=\"https:\/\/almerea.com\/no\/product\/gift-pouch-dark-red-s\/\" \/>\n<meta property=\"og:site_name\" content=\"Almerea\" \/>\n<meta property=\"article:modified_time\" content=\"2026-04-02T14:23:12+00:00\" \/>\n<meta property=\"og:image\" content=\"https:\/\/almerea.com\/wp-content\/uploads\/gift-bag-s-dark-red-1.webp\" \/>\n\t<meta property=\"og:image:width\" content=\"800\" \/>\n\t<meta property=\"og:image:height\" content=\"1200\" \/>\n\t<meta property=\"og:image:type\" content=\"image\/webp\" \/>\n<meta name=\"twitter:card\" content=\"summary_large_image\" \/>\n<script type=\"application\/ld+json\" class=\"yoast-schema-graph\">{\"@context\":\"https:\\\/\\\/schema.org\",\"@graph\":[{\"@type\":[\"WebPage\",\"ItemPage\"],\"@id\":\"https:\\\/\\\/almerea.com\\\/no\\\/product\\\/gift-pouch-dark-red-s\\\/\",\"url\":\"https:\\\/\\\/almerea.com\\\/no\\\/product\\\/gift-pouch-dark-red-s\\\/\",\"name\":\"Liten silke gavepose | Almerea\",\"isPartOf\":{\"@id\":\"https:\\\/\\\/almerea.com\\\/no\\\/#website\"},\"primaryImageOfPage\":{\"@id\":\"https:\\\/\\\/almerea.com\\\/no\\\/product\\\/gift-pouch-dark-red-s\\\/#primaryimage\"},\"image\":{\"@id\":\"https:\\\/\\\/almerea.com\\\/no\\\/product\\\/gift-pouch-dark-red-s\\\/#primaryimage\"},\"thumbnailUrl\":\"https:\\\/\\\/almerea.com\\\/wp-content\\\/uploads\\\/gift-bag-s-dark-red-1.webp\",\"datePublished\":\"2026-04-02T11:35:52+00:00\",\"dateModified\":\"2026-04-02T14:23:12+00:00\",\"description\":\"Liten silke gavepose \u2014 premium materials by Almerea. Fast shipping across Europe. Easy online ordering.\",\"breadcrumb\":{\"@id\":\"https:\\\/\\\/almerea.com\\\/no\\\/product\\\/gift-pouch-dark-red-s\\\/#breadcrumb\"},\"inLanguage\":\"nb-NO\",\"potentialAction\":[{\"@type\":\"ReadAction\",\"target\":[\"https:\\\/\\\/almerea.com\\\/no\\\/product\\\/gift-pouch-dark-red-s\\\/\"]}]},{\"@type\":\"ImageObject\",\"inLanguage\":\"nb-NO\",\"@id\":\"https:\\\/\\\/almerea.com\\\/no\\\/product\\\/gift-pouch-dark-red-s\\\/#primaryimage\",\"url\":\"https:\\\/\\\/almerea.com\\\/wp-content\\\/uploads\\\/gift-bag-s-dark-red-1.webp\",\"contentUrl\":\"https:\\\/\\\/almerea.com\\\/wp-content\\\/uploads\\\/gift-bag-s-dark-red-1.webp\",\"width\":800,\"height\":1200},{\"@type\":\"BreadcrumbList\",\"@id\":\"https:\\\/\\\/almerea.com\\\/no\\\/product\\\/gift-pouch-dark-red-s\\\/#breadcrumb\",\"itemListElement\":[{\"@type\":\"ListItem\",\"position\":1,\"name\":\"Home\",\"item\":\"https:\\\/\\\/almerea.com\\\/no\\\/\"},{\"@type\":\"ListItem\",\"position\":2,\"name\":\"Butikk\",\"item\":\"https:\\\/\\\/almerea.com\\\/no\\\/shop\\\/\"},{\"@type\":\"ListItem\",\"position\":3,\"name\":\"Liten silke gavepose\"}]},{\"@type\":\"WebSite\",\"@id\":\"https:\\\/\\\/almerea.com\\\/no\\\/#website\",\"url\":\"https:\\\/\\\/almerea.com\\\/no\\\/\",\"name\":\"Almerea\",\"description\":\"\",\"publisher\":{\"@id\":\"https:\\\/\\\/almerea.com\\\/no\\\/#organization\"},\"potentialAction\":[{\"@type\":\"SearchAction\",\"target\":{\"@type\":\"EntryPoint\",\"urlTemplate\":\"https:\\\/\\\/almerea.com\\\/no\\\/?s={search_term_string}\"},\"query-input\":{\"@type\":\"PropertyValueSpecification\",\"valueRequired\":true,\"valueName\":\"search_term_string\"}}],\"inLanguage\":\"nb-NO\"},{\"@type\":\"Organization\",\"@id\":\"https:\\\/\\\/almerea.com\\\/no\\\/#organization\",\"name\":\"Almerea\",\"url\":\"https:\\\/\\\/almerea.com\\\/no\\\/\",\"logo\":{\"@type\":\"ImageObject\",\"inLanguage\":\"nb-NO\",\"@id\":\"https:\\\/\\\/almerea.com\\\/no\\\/#\\\/schema\\\/logo\\\/image\\\/\",\"url\":\"https:\\\/\\\/almerea.com\\\/wp-content\\\/uploads\\\/ALMEREA-LOGO.png\",\"contentUrl\":\"https:\\\/\\\/almerea.com\\\/wp-content\\\/uploads\\\/ALMEREA-LOGO.png\",\"width\":286,\"height\":154,\"caption\":\"Almerea\"},\"image\":{\"@id\":\"https:\\\/\\\/almerea.com\\\/no\\\/#\\\/schema\\\/logo\\\/image\\\/\"}}]}<\/script>\n<!-- \/ Yoast SEO Premium plugin. -->","yoast_head_json":{"title":"Liten silke gavepose | Almerea","description":"Liten silke gavepose \u2014 premium materials by Almerea. Fast shipping across Europe. Easy online ordering.","robots":{"index":"index","follow":"follow","max-snippet":"max-snippet:-1","max-image-preview":"max-image-preview:large","max-video-preview":"max-video-preview:-1"},"canonical":"https:\/\/almerea.com\/no\/product\/gift-pouch-dark-red-s\/","og_locale":"nb_NO","og_type":"article","og_title":"Liten silke gavepose | Almerea","og_description":"Liten silke gavepose \u2014 premium materials by Almerea. Fast shipping across Europe. Easy online ordering.","og_url":"https:\/\/almerea.com\/no\/product\/gift-pouch-dark-red-s\/","og_site_name":"Almerea","article_modified_time":"2026-04-02T14:23:12+00:00","og_image":[{"width":800,"height":1200,"url":"https:\/\/almerea.com\/wp-content\/uploads\/gift-bag-s-dark-red-1.webp","type":"image\/webp"}],"twitter_card":"summary_large_image","schema":{"@context":"https:\/\/schema.org","@graph":[{"@type":["WebPage","ItemPage"],"@id":"https:\/\/almerea.com\/no\/product\/gift-pouch-dark-red-s\/","url":"https:\/\/almerea.com\/no\/product\/gift-pouch-dark-red-s\/","name":"Liten silke gavepose | Almerea","isPartOf":{"@id":"https:\/\/almerea.com\/no\/#website"},"primaryImageOfPage":{"@id":"https:\/\/almerea.com\/no\/product\/gift-pouch-dark-red-s\/#primaryimage"},"image":{"@id":"https:\/\/almerea.com\/no\/product\/gift-pouch-dark-red-s\/#primaryimage"},"thumbnailUrl":"https:\/\/almerea.com\/wp-content\/uploads\/gift-bag-s-dark-red-1.webp","datePublished":"2026-04-02T11:35:52+00:00","dateModified":"2026-04-02T14:23:12+00:00","description":"Liten silke gavepose \u2014 premium materials by Almerea. Fast shipping across Europe. Easy online ordering.","breadcrumb":{"@id":"https:\/\/almerea.com\/no\/product\/gift-pouch-dark-red-s\/#breadcrumb"},"inLanguage":"nb-NO","potentialAction":[{"@type":"ReadAction","target":["https:\/\/almerea.com\/no\/product\/gift-pouch-dark-red-s\/"]}]},{"@type":"ImageObject","inLanguage":"nb-NO","@id":"https:\/\/almerea.com\/no\/product\/gift-pouch-dark-red-s\/#primaryimage","url":"https:\/\/almerea.com\/wp-content\/uploads\/gift-bag-s-dark-red-1.webp","contentUrl":"https:\/\/almerea.com\/wp-content\/uploads\/gift-bag-s-dark-red-1.webp","width":800,"height":1200},{"@type":"BreadcrumbList","@id":"https:\/\/almerea.com\/no\/product\/gift-pouch-dark-red-s\/#breadcrumb","itemListElement":[{"@type":"ListItem","position":1,"name":"Home","item":"https:\/\/almerea.com\/no\/"},{"@type":"ListItem","position":2,"name":"Butikk","item":"https:\/\/almerea.com\/no\/shop\/"},{"@type":"ListItem","position":3,"name":"Liten silke gavepose"}]},{"@type":"WebSite","@id":"https:\/\/almerea.com\/no\/#website","url":"https:\/\/almerea.com\/no\/","name":"Almerea","description":"","publisher":{"@id":"https:\/\/almerea.com\/no\/#organization"},"potentialAction":[{"@type":"SearchAction","target":{"@type":"EntryPoint","urlTemplate":"https:\/\/almerea.com\/no\/?s={search_term_string}"},"query-input":{"@type":"PropertyValueSpecification","valueRequired":true,"valueName":"search_term_string"}}],"inLanguage":"nb-NO"},{"@type":"Organization","@id":"https:\/\/almerea.com\/no\/#organization","name":"Almerea","url":"https:\/\/almerea.com\/no\/","logo":{"@type":"ImageObject","inLanguage":"nb-NO","@id":"https:\/\/almerea.com\/no\/#\/schema\/logo\/image\/","url":"https:\/\/almerea.com\/wp-content\/uploads\/ALMEREA-LOGO.png","contentUrl":"https:\/\/almerea.com\/wp-content\/uploads\/ALMEREA-LOGO.png","width":286,"height":154,"caption":"Almerea"},"image":{"@id":"https:\/\/almerea.com\/no\/#\/schema\/logo\/image\/"}}]}},"_links":{"self":[{"href":"https:\/\/almerea.com\/no\/wp-json\/wp\/v2\/product\/47049","targetHints":{"allow":["GET"]}}],"collection":[{"href":"https:\/\/almerea.com\/no\/wp-json\/wp\/v2\/product"}],"about":[{"href":"https:\/\/almerea.com\/no\/wp-json\/wp\/v2\/types\/product"}],"replies":[{"embeddable":true,"href":"https:\/\/almerea.com\/no\/wp-json\/wp\/v2\/comments?post=47049"}],"version-history":[{"count":6,"href":"https:\/\/almerea.com\/no\/wp-json\/wp\/v2\/product\/47049\/revisions"}],"predecessor-version":[{"id":47206,"href":"https:\/\/almerea.com\/no\/wp-json\/wp\/v2\/product\/47049\/revisions\/47206"}],"wp:featuredmedia":[{"embeddable":true,"href":"https:\/\/almerea.com\/no\/wp-json\/wp\/v2\/media\/47069"}],"wp:attachment":[{"href":"https:\/\/almerea.com\/no\/wp-json\/wp\/v2\/media?parent=47049"}],"wp:term":[{"taxonomy":"product_brand","embeddable":true,"href":"https:\/\/almerea.com\/no\/wp-json\/wp\/v2\/product_brand?post=47049"},{"taxonomy":"product_cat","embeddable":true,"href":"https:\/\/almerea.com\/no\/wp-json\/wp\/v2\/product_cat?post=47049"},{"taxonomy":"product_tag","embeddable":true,"href":"https:\/\/almerea.com\/no\/wp-json\/wp\/v2\/product_tag?post=47049"}],"curies":[{"name":"wp","href":"https:\/\/api.w.org\/{rel}","templated":true}]}}