{"id":11634,"date":"2025-11-27T15:21:38","date_gmt":"2025-11-27T13:21:38","guid":{"rendered":"https:\/\/almerea.com\/privacy-policy\/"},"modified":"2026-04-05T12:19:17","modified_gmt":"2026-04-05T09:19:17","slug":"privacy-policy","status":"publish","type":"page","link":"https:\/\/almerea.com\/no\/privacy-policy\/","title":{"rendered":"Personvernerkl\u00e6ring"},"content":{"rendered":"\t\t<div data-elementor-type=\"wp-page\" data-elementor-id=\"11634\" class=\"elementor elementor-11634 elementor-2051\" data-elementor-post-type=\"page\">\n\t\t\t\t<div class=\"elementor-element elementor-element-ed09802 e-flex e-con-boxed e-con e-parent\" data-id=\"ed09802\" data-element_type=\"container\" data-e-type=\"container\" data-settings=\"{&quot;background_background&quot;:&quot;classic&quot;}\">\n\t\t\t\t\t<div class=\"e-con-inner\">\n\t\t<div class=\"elementor-element elementor-element-1eb8ddc e-con-full e-flex e-con e-child\" data-id=\"1eb8ddc\" data-element_type=\"container\" data-e-type=\"container\">\n\t\t\t\t<div class=\"elementor-element elementor-element-7c55aac elementor-widget elementor-widget-shortcode\" data-id=\"7c55aac\" data-element_type=\"widget\" data-e-type=\"widget\" data-widget_type=\"shortcode.default\">\n\t\t\t\t\t\t\t<div class=\"elementor-shortcode\"><\/div>\n\t\t\t\t\t\t<\/div>\n\t\t\t\t<div class=\"elementor-element elementor-element-59634f2 elementor-widget elementor-widget-heading\" data-id=\"59634f2\" data-element_type=\"widget\" data-e-type=\"widget\" data-widget_type=\"heading.default\">\n\t\t\t\t\t<h1 class=\"elementor-heading-title elementor-size-default\">Personvernerkl\u00e6ring\n<\/h1>\t\t\t\t<\/div>\n\t\t\t\t<\/div>\n\t\t\t\t\t<\/div>\n\t\t\t\t<\/div>\n\t\t<div class=\"elementor-element elementor-element-e483dbe e-flex e-con-boxed e-con e-parent\" data-id=\"e483dbe\" data-element_type=\"container\" data-e-type=\"container\">\n\t\t\t\t\t<div class=\"e-con-inner\">\n\t\t\t\t<div class=\"elementor-element elementor-element-8ea7388 elementor-widget elementor-widget-text-editor\" data-id=\"8ea7388\" data-element_type=\"widget\" data-e-type=\"widget\" data-widget_type=\"text-editor.default\">\n\t\t\t\t\t\t\t\t\t<p><strong>Almerea<\/strong> bestreber seg p\u00e5 \u00e5 beskytte personvernet til bes\u00f8kende p\u00e5 <strong>www.almerea.com<\/strong>.<br>\nVennligst les v\u00e5r personvernerkl\u00e6ring for \u00e5 forst\u00e5 hvordan vi bruker dine personopplysninger.<\/p>\n<p>Almerea forbeholder seg retten til \u00e5 endre denne personvernerkl\u00e6ringen n\u00e5r som helst uten forvarsel.<br>\nVi anbefaler at du sjekker denne delen jevnlig.<\/p>\n<h2>Hvilke personopplysninger vi samler inn<\/h2>\n<p>N\u00e5r du fyller ut kontaktskjemaet p\u00e5 nettstedet, kan du bli bedt om \u00e5 oppgi:<\/p>\n<ul>\n<li>for- og etternavn;<\/li>\n<li>telefonnummer;<\/li>\n<li>e-postadresse;<\/li>\n<li>annen tilleggsinformasjon du selv velger \u00e5 oppgi.<\/li>\n<\/ul>\n<p>Hvis du ikke aksepterer informasjonskapsler, kan enkelte funksjoner p\u00e5 nettstedet fungere begrenset.<\/p>\n<h2>Hvordan vi bruker personopplysninger<\/h2>\n<p>Almerea bruker personopplysninger fra bes\u00f8kende p\u00e5 nettstedet til:<\/p>\n<ul>\n<li>\u00e5 svare p\u00e5 henvendelser sendt inn via kontaktskjemaet;<\/li>\n<li>korrespondanse og tilbakemeldinger;<\/li>\n<li>\u00e5 levere tjenester og behandle foresp\u00f8rsler.<\/li>\n<\/ul>\n<p>Almerea bruker ogs\u00e5 informasjonskapsler for \u00e5 overv\u00e5ke nettstedets ytelse og forbedre brukeropplevelsen.<\/p>\n<h2>Hvem vi kan dele personopplysninger med<\/h2>\n<p>Vi kan dele dine opplysninger med tredjeparter kun i f\u00f8lgende tilfeller:<\/p>\n<ul>\n<li>hvis utlevering er n\u00f8dvendig for \u00e5 oppfylle en bestilling (f.eks. en budtjeneste);<\/li>\n<li>hvis utlevering kreves ved lov (f.eks. etter anmodning fra en domstol eller som del av en rettsprosess).<\/li>\n<\/ul>\n<p>I alle andre tilfeller blir personopplysninger:<\/p>\n<ul>\n<li><strong>ikke delt<\/strong> med tredjeparter;<\/li>\n<li><strong>ikke leid ut<\/strong> eller solgt;<\/li>\n<li><strong>ikke brukt<\/strong> til andre form\u00e5l enn de som er beskrevet ovenfor.<\/li>\n<\/ul>\n<h2>Sikkerhet<\/h2>\n<p>Overf\u00f8ring av data over internett kan ikke v\u00e6re 100% sikker, men vi iverksetter n\u00f8dvendige tiltak for \u00e5 beskytte dine personopplysninger og forhindre uautorisert tilgang.<\/p>\t\t\t\t\t\t\t\t<\/div>\n\t\t\t\t\t<\/div>\n\t\t\t\t<\/div>\n\t\t\t\t<\/div>\n\t\t","protected":false},"excerpt":{"rendered":"<p>Personvernerkl\u00e6ring Almerea bestreber seg p\u00e5 \u00e5 beskytte personvernet til bes\u00f8kende p\u00e5 www.almerea.com. Vennligst les v\u00e5r personvernerkl\u00e6ring for \u00e5 forst\u00e5 hvordan vi bruker dine personopplysninger. Almerea forbeholder seg retten til \u00e5 endre denne personvernerkl\u00e6ringen n\u00e5r som helst uten forvarsel. Vi anbefaler at du sjekker denne delen jevnlig. Hvilke personopplysninger vi samler inn N\u00e5r du fyller ut [&hellip;]<\/p>\n","protected":false},"author":1,"featured_media":0,"parent":0,"menu_order":0,"comment_status":"closed","ping_status":"closed","template":"","meta":{"_acf_changed":false,"footnotes":""},"class_list":["post-11634","page","type-page","status-publish","hentry"],"blocksy_meta":{"has_hero_section":"disabled","vertical_spacing_source":"custom","content_area_spacing":"none","styles_descriptor":{"styles":{"desktop":"","tablet":"","mobile":""},"google_fonts":[],"version":6}},"acf":[],"yoast_head":"<!-- This site is optimized with the Yoast SEO Premium plugin v24.7 (Yoast SEO v27.3) - https:\/\/yoast.com\/product\/yoast-seo-premium-wordpress\/ -->\n<title>Personvernerkl\u00e6ring | Almerea<\/title>\n<meta name=\"description\" content=\"Personvernerkl\u00e6ring. Frakt over hele Europa, \u00f8ko-sertifikater og sikker utsjekk. Premium naturmaterialer og varig kvalitet\" \/>\n<meta name=\"robots\" content=\"index, follow, max-snippet:-1, max-image-preview:large, max-video-preview:-1\" \/>\n<link rel=\"canonical\" href=\"https:\/\/almerea.com\/no\/privacy-policy\/\" \/>\n<meta property=\"og:locale\" content=\"nb_NO\" \/>\n<meta property=\"og:type\" content=\"article\" \/>\n<meta property=\"og:title\" content=\"Personvernerkl\u00e6ring | Almerea\" \/>\n<meta property=\"og:description\" content=\"Personvernerkl\u00e6ring. Shipping across Europe, eco certificates, and secure checkout. Premium natural materials and lasting quality\" \/>\n<meta property=\"og:url\" content=\"https:\/\/almerea.com\/no\/privacy-policy\/\" \/>\n<meta property=\"og:site_name\" content=\"Almerea\" \/>\n<meta property=\"article:modified_time\" content=\"2026-04-05T09:19:17+00:00\" \/>\n<meta property=\"og:image\" content=\"https:\/\/almerea.com\/wp-content\/uploads\/almerea-5.webp\" \/>\n\t<meta property=\"og:image:width\" content=\"1200\" \/>\n\t<meta property=\"og:image:height\" content=\"800\" \/>\n\t<meta property=\"og:image:type\" content=\"image\/webp\" \/>\n<meta name=\"twitter:card\" content=\"summary_large_image\" \/>\n<meta name=\"twitter:label1\" content=\"Ansl. lesetid\" \/>\n\t<meta name=\"twitter:data1\" content=\"2 minutter\" \/>\n<script type=\"application\/ld+json\" class=\"yoast-schema-graph\">{\"@context\":\"https:\\\/\\\/schema.org\",\"@graph\":[{\"@type\":\"WebPage\",\"@id\":\"https:\\\/\\\/almerea.com\\\/no\\\/privacy-policy\\\/\",\"url\":\"https:\\\/\\\/almerea.com\\\/no\\\/privacy-policy\\\/\",\"name\":\"Personvernerkl\u00e6ring | Almerea\",\"isPartOf\":{\"@id\":\"https:\\\/\\\/almerea.com\\\/no\\\/#website\"},\"datePublished\":\"2025-11-27T13:21:38+00:00\",\"dateModified\":\"2026-04-05T09:19:17+00:00\",\"description\":\"Personvernerkl\u00e6ring. Frakt over hele Europa, \u00f8ko-sertifikater og sikker utsjekk. Premium naturmaterialer og varig kvalitet\",\"breadcrumb\":{\"@id\":\"https:\\\/\\\/almerea.com\\\/no\\\/privacy-policy\\\/#breadcrumb\"},\"inLanguage\":\"nb-NO\",\"potentialAction\":[{\"@type\":\"ReadAction\",\"target\":[\"https:\\\/\\\/almerea.com\\\/no\\\/privacy-policy\\\/\"]}]},{\"@type\":\"BreadcrumbList\",\"@id\":\"https:\\\/\\\/almerea.com\\\/no\\\/privacy-policy\\\/#breadcrumb\",\"itemListElement\":[{\"@type\":\"ListItem\",\"position\":1,\"name\":\"Home\",\"item\":\"https:\\\/\\\/almerea.com\\\/no\\\/\"},{\"@type\":\"ListItem\",\"position\":2,\"name\":\"Personvernerkl\u00e6ring\"}]},{\"@type\":\"WebSite\",\"@id\":\"https:\\\/\\\/almerea.com\\\/no\\\/#website\",\"url\":\"https:\\\/\\\/almerea.com\\\/no\\\/\",\"name\":\"Almerea\",\"description\":\"\",\"publisher\":{\"@id\":\"https:\\\/\\\/almerea.com\\\/no\\\/#organization\"},\"potentialAction\":[{\"@type\":\"SearchAction\",\"target\":{\"@type\":\"EntryPoint\",\"urlTemplate\":\"https:\\\/\\\/almerea.com\\\/no\\\/?s={search_term_string}\"},\"query-input\":{\"@type\":\"PropertyValueSpecification\",\"valueRequired\":true,\"valueName\":\"search_term_string\"}}],\"inLanguage\":\"nb-NO\"},{\"@type\":\"Organization\",\"@id\":\"https:\\\/\\\/almerea.com\\\/no\\\/#organization\",\"name\":\"Almerea\",\"url\":\"https:\\\/\\\/almerea.com\\\/no\\\/\",\"logo\":{\"@type\":\"ImageObject\",\"inLanguage\":\"nb-NO\",\"@id\":\"https:\\\/\\\/almerea.com\\\/no\\\/#\\\/schema\\\/logo\\\/image\\\/\",\"url\":\"https:\\\/\\\/almerea.com\\\/wp-content\\\/uploads\\\/ALMEREA-LOGO.png\",\"contentUrl\":\"https:\\\/\\\/almerea.com\\\/wp-content\\\/uploads\\\/ALMEREA-LOGO.png\",\"width\":286,\"height\":154,\"caption\":\"Almerea\"},\"image\":{\"@id\":\"https:\\\/\\\/almerea.com\\\/no\\\/#\\\/schema\\\/logo\\\/image\\\/\"}}]}<\/script>\n<!-- \/ Yoast SEO Premium plugin. -->","yoast_head_json":{"title":"Personvernerkl\u00e6ring | Almerea","description":"Personvernerkl\u00e6ring. Frakt over hele Europa, \u00f8ko-sertifikater og sikker utsjekk. Premium naturmaterialer og varig kvalitet","robots":{"index":"index","follow":"follow","max-snippet":"max-snippet:-1","max-image-preview":"max-image-preview:large","max-video-preview":"max-video-preview:-1"},"canonical":"https:\/\/almerea.com\/no\/privacy-policy\/","og_locale":"nb_NO","og_type":"article","og_title":"Personvernerkl\u00e6ring | Almerea","og_description":"Personvernerkl\u00e6ring. Shipping across Europe, eco certificates, and secure checkout. Premium natural materials and lasting quality","og_url":"https:\/\/almerea.com\/no\/privacy-policy\/","og_site_name":"Almerea","article_modified_time":"2026-04-05T09:19:17+00:00","og_image":[{"width":1200,"height":800,"url":"https:\/\/almerea.com\/wp-content\/uploads\/almerea-5.webp","type":"image\/webp"}],"twitter_card":"summary_large_image","twitter_misc":{"Ansl. lesetid":"2 minutter"},"schema":{"@context":"https:\/\/schema.org","@graph":[{"@type":"WebPage","@id":"https:\/\/almerea.com\/no\/privacy-policy\/","url":"https:\/\/almerea.com\/no\/privacy-policy\/","name":"Personvernerkl\u00e6ring | Almerea","isPartOf":{"@id":"https:\/\/almerea.com\/no\/#website"},"datePublished":"2025-11-27T13:21:38+00:00","dateModified":"2026-04-05T09:19:17+00:00","description":"Personvernerkl\u00e6ring. Frakt over hele Europa, \u00f8ko-sertifikater og sikker utsjekk. Premium naturmaterialer og varig kvalitet","breadcrumb":{"@id":"https:\/\/almerea.com\/no\/privacy-policy\/#breadcrumb"},"inLanguage":"nb-NO","potentialAction":[{"@type":"ReadAction","target":["https:\/\/almerea.com\/no\/privacy-policy\/"]}]},{"@type":"BreadcrumbList","@id":"https:\/\/almerea.com\/no\/privacy-policy\/#breadcrumb","itemListElement":[{"@type":"ListItem","position":1,"name":"Home","item":"https:\/\/almerea.com\/no\/"},{"@type":"ListItem","position":2,"name":"Personvernerkl\u00e6ring"}]},{"@type":"WebSite","@id":"https:\/\/almerea.com\/no\/#website","url":"https:\/\/almerea.com\/no\/","name":"Almerea","description":"","publisher":{"@id":"https:\/\/almerea.com\/no\/#organization"},"potentialAction":[{"@type":"SearchAction","target":{"@type":"EntryPoint","urlTemplate":"https:\/\/almerea.com\/no\/?s={search_term_string}"},"query-input":{"@type":"PropertyValueSpecification","valueRequired":true,"valueName":"search_term_string"}}],"inLanguage":"nb-NO"},{"@type":"Organization","@id":"https:\/\/almerea.com\/no\/#organization","name":"Almerea","url":"https:\/\/almerea.com\/no\/","logo":{"@type":"ImageObject","inLanguage":"nb-NO","@id":"https:\/\/almerea.com\/no\/#\/schema\/logo\/image\/","url":"https:\/\/almerea.com\/wp-content\/uploads\/ALMEREA-LOGO.png","contentUrl":"https:\/\/almerea.com\/wp-content\/uploads\/ALMEREA-LOGO.png","width":286,"height":154,"caption":"Almerea"},"image":{"@id":"https:\/\/almerea.com\/no\/#\/schema\/logo\/image\/"}}]}},"_links":{"self":[{"href":"https:\/\/almerea.com\/no\/wp-json\/wp\/v2\/pages\/11634","targetHints":{"allow":["GET"]}}],"collection":[{"href":"https:\/\/almerea.com\/no\/wp-json\/wp\/v2\/pages"}],"about":[{"href":"https:\/\/almerea.com\/no\/wp-json\/wp\/v2\/types\/page"}],"author":[{"embeddable":true,"href":"https:\/\/almerea.com\/no\/wp-json\/wp\/v2\/users\/1"}],"replies":[{"embeddable":true,"href":"https:\/\/almerea.com\/no\/wp-json\/wp\/v2\/comments?post=11634"}],"version-history":[{"count":6,"href":"https:\/\/almerea.com\/no\/wp-json\/wp\/v2\/pages\/11634\/revisions"}],"predecessor-version":[{"id":47465,"href":"https:\/\/almerea.com\/no\/wp-json\/wp\/v2\/pages\/11634\/revisions\/47465"}],"wp:attachment":[{"href":"https:\/\/almerea.com\/no\/wp-json\/wp\/v2\/media?parent=11634"}],"curies":[{"name":"wp","href":"https:\/\/api.w.org\/{rel}","templated":true}]}}