{"id":11623,"date":"2025-11-27T15:21:38","date_gmt":"2025-11-27T13:21:38","guid":{"rendered":"https:\/\/almerea.com\/privacy-policy\/"},"modified":"2026-04-05T11:46:14","modified_gmt":"2026-04-05T08:46:14","slug":"privacy-policy","status":"publish","type":"page","link":"https:\/\/almerea.com\/hr\/privacy-policy\/","title":{"rendered":"Politika privatnosti"},"content":{"rendered":"\t\t<div data-elementor-type=\"wp-page\" data-elementor-id=\"11623\" class=\"elementor elementor-11623 elementor-2051\" data-elementor-post-type=\"page\">\n\t\t\t\t<div class=\"elementor-element elementor-element-ed09802 e-flex e-con-boxed e-con e-parent\" data-id=\"ed09802\" data-element_type=\"container\" data-e-type=\"container\" data-settings=\"{&quot;background_background&quot;:&quot;classic&quot;}\">\n\t\t\t\t\t<div class=\"e-con-inner\">\n\t\t<div class=\"elementor-element elementor-element-1eb8ddc e-con-full e-flex e-con e-child\" data-id=\"1eb8ddc\" data-element_type=\"container\" data-e-type=\"container\">\n\t\t\t\t<div class=\"elementor-element elementor-element-7c55aac elementor-widget elementor-widget-shortcode\" data-id=\"7c55aac\" data-element_type=\"widget\" data-e-type=\"widget\" data-widget_type=\"shortcode.default\">\n\t\t\t\t\t\t\t<div class=\"elementor-shortcode\"><\/div>\n\t\t\t\t\t\t<\/div>\n\t\t\t\t<div class=\"elementor-element elementor-element-59634f2 elementor-widget elementor-widget-heading\" data-id=\"59634f2\" data-element_type=\"widget\" data-e-type=\"widget\" data-widget_type=\"heading.default\">\n\t\t\t\t\t<h1 class=\"elementor-heading-title elementor-size-default\">Politika privatnosti\n<\/h1>\t\t\t\t<\/div>\n\t\t\t\t<\/div>\n\t\t\t\t\t<\/div>\n\t\t\t\t<\/div>\n\t\t<div class=\"elementor-element elementor-element-e483dbe e-flex e-con-boxed e-con e-parent\" data-id=\"e483dbe\" data-element_type=\"container\" data-e-type=\"container\">\n\t\t\t\t\t<div class=\"e-con-inner\">\n\t\t\t\t<div class=\"elementor-element elementor-element-8ea7388 elementor-widget elementor-widget-text-editor\" data-id=\"8ea7388\" data-element_type=\"widget\" data-e-type=\"widget\" data-widget_type=\"text-editor.default\">\n\t\t\t\t\t\t\t\t\t<p><strong>Almerea<\/strong> nastoji za\u0161tititi privatnost posjetitelja <strong>www.almerea.com<\/strong>.<br>\nMolimo pro\u010ditajte na\u0161u Politiku privatnosti kako biste razumjeli kako koristimo va\u0161e osobne podatke.<\/p>\n<p>Almerea zadr\u017eava pravo izmjene ove Politike privatnosti u bilo kojem trenutku bez prethodne obavijesti.<br>\nPreporu\u010dujemo da povremeno provjerite ovaj odjeljak.<\/p>\n<h2>Koje osobne podatke prikupljamo<\/h2>\n<p>Prilikom ispunjavanja kontakt obrasca na web-stranici od vas se mo\u017ee tra\u017eiti da navedete:<\/p>\n<ul>\n<li>ime i prezime;<\/li>\n<li>broj telefona;<\/li>\n<li>e-mail adresu;<\/li>\n<li>sve dodatne informacije koje odlu\u010dite navesti.<\/li>\n<\/ul>\n<p>Ako ne prihvatite kola\u010di\u0107e, neke funkcije web-stranice mo\u017eda ne\u0107e u potpunosti raditi.<\/p>\n<h2>Kako koristimo osobne podatke<\/h2>\n<p>Almerea koristi osobne podatke posjetitelja web-stranice za:<\/p>\n<ul>\n<li>odgovaranje na upite poslane putem kontakt obrasca;<\/li>\n<li>korespondenciju i povratne informacije;<\/li>\n<li>pru\u017eanje usluga i obradu upita.<\/li>\n<\/ul>\n<p>Almerea tako\u0111er koristi kola\u010di\u0107e za pra\u0107enje performansi web-stranice i pobolj\u0161anje korisni\u010dkog iskustva.<\/p>\n<h2>Kome mo\u017eemo otkriti osobne podatke<\/h2>\n<p>Va\u0161e podatke mo\u017eemo podijeliti s tre\u0107im stranama samo u sljede\u0107im slu\u010dajevima:<\/p>\n<ul>\n<li>ako je otkrivanje potrebno za ispunjenje narud\u017ebe (npr. kurirska slu\u017eba);<\/li>\n<li>ako je otkrivanje propisano zakonom (npr. na zahtjev suda ili u sklopu sudskog postupka).<\/li>\n<\/ul>\n<p>U svim ostalim slu\u010dajevima osobni podaci:<\/p>\n<ul>\n<li><strong>ne dijele se<\/strong> s tre\u0107im stranama;<\/li>\n<li><strong>ne iznajmljuju se<\/strong> niti se prodaju;<\/li>\n<li><strong>ne koriste se<\/strong> u svrhe koje nisu navedene iznad.<\/li>\n<\/ul>\n<h2>Sigurnost<\/h2>\n<p>Prijenos podataka putem interneta ne mo\u017ee biti 100% siguran, no poduzimamo potrebne mjere kako bismo za\u0161titili va\u0161e osobne podatke i sprije\u010dili neovla\u0161teni pristup.<\/p>\t\t\t\t\t\t\t\t<\/div>\n\t\t\t\t\t<\/div>\n\t\t\t\t<\/div>\n\t\t\t\t<\/div>\n\t\t","protected":false},"excerpt":{"rendered":"<p>Politika privatnosti Almerea nastoji za\u0161tititi privatnost posjetitelja www.almerea.com. Molimo pro\u010ditajte na\u0161u Politiku privatnosti kako biste razumjeli kako koristimo va\u0161e osobne podatke. Almerea zadr\u017eava pravo izmjene ove Politike privatnosti u bilo kojem trenutku bez prethodne obavijesti. Preporu\u010dujemo da povremeno provjerite ovaj odjeljak. Koje osobne podatke prikupljamo Prilikom ispunjavanja kontakt obrasca na web-stranici od vas se mo\u017ee [&hellip;]<\/p>\n","protected":false},"author":1,"featured_media":0,"parent":0,"menu_order":0,"comment_status":"closed","ping_status":"closed","template":"","meta":{"_acf_changed":false,"footnotes":""},"class_list":["post-11623","page","type-page","status-publish","hentry"],"blocksy_meta":{"has_hero_section":"disabled","vertical_spacing_source":"custom","content_area_spacing":"none","styles_descriptor":{"styles":{"desktop":"","tablet":"","mobile":""},"google_fonts":[],"version":6}},"acf":[],"yoast_head":"<!-- This site is optimized with the Yoast SEO Premium plugin v24.7 (Yoast SEO v27.3) - https:\/\/yoast.com\/product\/yoast-seo-premium-wordpress\/ -->\n<title>Politika privatnosti | Almerea<\/title>\n<meta name=\"description\" content=\"Politika privatnosti. Dostava diljem Europe, eko certifikati i sigurna naplata. Premium prirodni materijali i dugotrajna kvaliteta\" \/>\n<meta name=\"robots\" content=\"index, follow, max-snippet:-1, max-image-preview:large, max-video-preview:-1\" \/>\n<link rel=\"canonical\" href=\"https:\/\/almerea.com\/hr\/privacy-policy\/\" \/>\n<meta property=\"og:locale\" content=\"hr_HR\" \/>\n<meta property=\"og:type\" content=\"article\" \/>\n<meta property=\"og:title\" content=\"Politika privatnosti | Almerea\" \/>\n<meta property=\"og:description\" content=\"Politika privatnosti. Shipping across Europe, eco certificates, and secure checkout. Premium natural materials and lasting quality\" \/>\n<meta property=\"og:url\" content=\"https:\/\/almerea.com\/hr\/privacy-policy\/\" \/>\n<meta property=\"og:site_name\" content=\"Almerea\" \/>\n<meta property=\"article:modified_time\" content=\"2026-04-05T08:46:14+00:00\" \/>\n<meta property=\"og:image\" content=\"https:\/\/almerea.com\/wp-content\/uploads\/almerea-5.webp\" \/>\n\t<meta property=\"og:image:width\" content=\"1200\" \/>\n\t<meta property=\"og:image:height\" content=\"800\" \/>\n\t<meta property=\"og:image:type\" content=\"image\/webp\" \/>\n<meta name=\"twitter:card\" content=\"summary_large_image\" \/>\n<meta name=\"twitter:label1\" content=\"Procijenjeno vrijeme \u010ditanja\" \/>\n\t<meta name=\"twitter:data1\" content=\"2 minuta\" \/>\n<script type=\"application\/ld+json\" class=\"yoast-schema-graph\">{\"@context\":\"https:\\\/\\\/schema.org\",\"@graph\":[{\"@type\":\"WebPage\",\"@id\":\"https:\\\/\\\/almerea.com\\\/hr\\\/privacy-policy\\\/\",\"url\":\"https:\\\/\\\/almerea.com\\\/hr\\\/privacy-policy\\\/\",\"name\":\"Politika privatnosti | Almerea\",\"isPartOf\":{\"@id\":\"https:\\\/\\\/almerea.com\\\/hr\\\/#website\"},\"datePublished\":\"2025-11-27T13:21:38+00:00\",\"dateModified\":\"2026-04-05T08:46:14+00:00\",\"description\":\"Politika privatnosti. Dostava diljem Europe, eko certifikati i sigurna naplata. Premium prirodni materijali i dugotrajna kvaliteta\",\"breadcrumb\":{\"@id\":\"https:\\\/\\\/almerea.com\\\/hr\\\/privacy-policy\\\/#breadcrumb\"},\"inLanguage\":\"hr\",\"potentialAction\":[{\"@type\":\"ReadAction\",\"target\":[\"https:\\\/\\\/almerea.com\\\/hr\\\/privacy-policy\\\/\"]}]},{\"@type\":\"BreadcrumbList\",\"@id\":\"https:\\\/\\\/almerea.com\\\/hr\\\/privacy-policy\\\/#breadcrumb\",\"itemListElement\":[{\"@type\":\"ListItem\",\"position\":1,\"name\":\"Home\",\"item\":\"https:\\\/\\\/almerea.com\\\/hr\\\/\"},{\"@type\":\"ListItem\",\"position\":2,\"name\":\"Politika privatnosti\"}]},{\"@type\":\"WebSite\",\"@id\":\"https:\\\/\\\/almerea.com\\\/hr\\\/#website\",\"url\":\"https:\\\/\\\/almerea.com\\\/hr\\\/\",\"name\":\"Almerea\",\"description\":\"\",\"publisher\":{\"@id\":\"https:\\\/\\\/almerea.com\\\/hr\\\/#organization\"},\"potentialAction\":[{\"@type\":\"SearchAction\",\"target\":{\"@type\":\"EntryPoint\",\"urlTemplate\":\"https:\\\/\\\/almerea.com\\\/hr\\\/?s={search_term_string}\"},\"query-input\":{\"@type\":\"PropertyValueSpecification\",\"valueRequired\":true,\"valueName\":\"search_term_string\"}}],\"inLanguage\":\"hr\"},{\"@type\":\"Organization\",\"@id\":\"https:\\\/\\\/almerea.com\\\/hr\\\/#organization\",\"name\":\"Almerea\",\"url\":\"https:\\\/\\\/almerea.com\\\/hr\\\/\",\"logo\":{\"@type\":\"ImageObject\",\"inLanguage\":\"hr\",\"@id\":\"https:\\\/\\\/almerea.com\\\/hr\\\/#\\\/schema\\\/logo\\\/image\\\/\",\"url\":\"https:\\\/\\\/almerea.com\\\/wp-content\\\/uploads\\\/ALMEREA-LOGO.png\",\"contentUrl\":\"https:\\\/\\\/almerea.com\\\/wp-content\\\/uploads\\\/ALMEREA-LOGO.png\",\"width\":286,\"height\":154,\"caption\":\"Almerea\"},\"image\":{\"@id\":\"https:\\\/\\\/almerea.com\\\/hr\\\/#\\\/schema\\\/logo\\\/image\\\/\"}}]}<\/script>\n<!-- \/ Yoast SEO Premium plugin. -->","yoast_head_json":{"title":"Politika privatnosti | Almerea","description":"Politika privatnosti. Dostava diljem Europe, eko certifikati i sigurna naplata. Premium prirodni materijali i dugotrajna kvaliteta","robots":{"index":"index","follow":"follow","max-snippet":"max-snippet:-1","max-image-preview":"max-image-preview:large","max-video-preview":"max-video-preview:-1"},"canonical":"https:\/\/almerea.com\/hr\/privacy-policy\/","og_locale":"hr_HR","og_type":"article","og_title":"Politika privatnosti | Almerea","og_description":"Politika privatnosti. Shipping across Europe, eco certificates, and secure checkout. Premium natural materials and lasting quality","og_url":"https:\/\/almerea.com\/hr\/privacy-policy\/","og_site_name":"Almerea","article_modified_time":"2026-04-05T08:46:14+00:00","og_image":[{"width":1200,"height":800,"url":"https:\/\/almerea.com\/wp-content\/uploads\/almerea-5.webp","type":"image\/webp"}],"twitter_card":"summary_large_image","twitter_misc":{"Procijenjeno vrijeme \u010ditanja":"2 minuta"},"schema":{"@context":"https:\/\/schema.org","@graph":[{"@type":"WebPage","@id":"https:\/\/almerea.com\/hr\/privacy-policy\/","url":"https:\/\/almerea.com\/hr\/privacy-policy\/","name":"Politika privatnosti | Almerea","isPartOf":{"@id":"https:\/\/almerea.com\/hr\/#website"},"datePublished":"2025-11-27T13:21:38+00:00","dateModified":"2026-04-05T08:46:14+00:00","description":"Politika privatnosti. Dostava diljem Europe, eko certifikati i sigurna naplata. Premium prirodni materijali i dugotrajna kvaliteta","breadcrumb":{"@id":"https:\/\/almerea.com\/hr\/privacy-policy\/#breadcrumb"},"inLanguage":"hr","potentialAction":[{"@type":"ReadAction","target":["https:\/\/almerea.com\/hr\/privacy-policy\/"]}]},{"@type":"BreadcrumbList","@id":"https:\/\/almerea.com\/hr\/privacy-policy\/#breadcrumb","itemListElement":[{"@type":"ListItem","position":1,"name":"Home","item":"https:\/\/almerea.com\/hr\/"},{"@type":"ListItem","position":2,"name":"Politika privatnosti"}]},{"@type":"WebSite","@id":"https:\/\/almerea.com\/hr\/#website","url":"https:\/\/almerea.com\/hr\/","name":"Almerea","description":"","publisher":{"@id":"https:\/\/almerea.com\/hr\/#organization"},"potentialAction":[{"@type":"SearchAction","target":{"@type":"EntryPoint","urlTemplate":"https:\/\/almerea.com\/hr\/?s={search_term_string}"},"query-input":{"@type":"PropertyValueSpecification","valueRequired":true,"valueName":"search_term_string"}}],"inLanguage":"hr"},{"@type":"Organization","@id":"https:\/\/almerea.com\/hr\/#organization","name":"Almerea","url":"https:\/\/almerea.com\/hr\/","logo":{"@type":"ImageObject","inLanguage":"hr","@id":"https:\/\/almerea.com\/hr\/#\/schema\/logo\/image\/","url":"https:\/\/almerea.com\/wp-content\/uploads\/ALMEREA-LOGO.png","contentUrl":"https:\/\/almerea.com\/wp-content\/uploads\/ALMEREA-LOGO.png","width":286,"height":154,"caption":"Almerea"},"image":{"@id":"https:\/\/almerea.com\/hr\/#\/schema\/logo\/image\/"}}]}},"_links":{"self":[{"href":"https:\/\/almerea.com\/hr\/wp-json\/wp\/v2\/pages\/11623","targetHints":{"allow":["GET"]}}],"collection":[{"href":"https:\/\/almerea.com\/hr\/wp-json\/wp\/v2\/pages"}],"about":[{"href":"https:\/\/almerea.com\/hr\/wp-json\/wp\/v2\/types\/page"}],"author":[{"embeddable":true,"href":"https:\/\/almerea.com\/hr\/wp-json\/wp\/v2\/users\/1"}],"replies":[{"embeddable":true,"href":"https:\/\/almerea.com\/hr\/wp-json\/wp\/v2\/comments?post=11623"}],"version-history":[{"count":6,"href":"https:\/\/almerea.com\/hr\/wp-json\/wp\/v2\/pages\/11623\/revisions"}],"predecessor-version":[{"id":47449,"href":"https:\/\/almerea.com\/hr\/wp-json\/wp\/v2\/pages\/11623\/revisions\/47449"}],"wp:attachment":[{"href":"https:\/\/almerea.com\/hr\/wp-json\/wp\/v2\/media?parent=11623"}],"curies":[{"name":"wp","href":"https:\/\/api.w.org\/{rel}","templated":true}]}}