{"id":42710,"date":"2026-03-19T15:18:09","date_gmt":"2026-03-19T13:18:09","guid":{"rendered":"https:\/\/almerea.com\/?post_type=product&#038;p=42710"},"modified":"2026-03-19T22:17:44","modified_gmt":"2026-03-19T20:17:44","slug":"gift-pouch-dark-red-l","status":"publish","type":"product","link":"https:\/\/almerea.com\/fr\/product\/gift-pouch-dark-red-l\/","title":{"rendered":"Pochette cadeau en soie"},"content":{"rendered":"\t\t<div data-elementor-type=\"product-post\" data-elementor-id=\"42710\" class=\"elementor elementor-42710 elementor-42702\" data-elementor-post-type=\"product\">\n\t\t\t\t<div class=\"elementor-element elementor-element-54389a8 e-flex e-con-boxed e-con e-parent\" data-id=\"54389a8\" data-element_type=\"container\" data-e-type=\"container\">\n\t\t\t\t\t<div class=\"e-con-inner\">\n\t\t<div class=\"elementor-element elementor-element-8502fa4 e-con-full e-flex e-con e-child\" data-id=\"8502fa4\" data-element_type=\"container\" data-e-type=\"container\">\n\t\t\t\t<div class=\"elementor-element elementor-element-8ea8f6b elementor-widget elementor-widget-n-accordion\" data-id=\"8ea8f6b\" data-element_type=\"widget\" data-e-type=\"widget\" data-settings=\"{&quot;default_state&quot;:&quot;expanded&quot;,&quot;max_items_expended&quot;:&quot;one&quot;,&quot;n_accordion_animation_duration&quot;:{&quot;unit&quot;:&quot;ms&quot;,&quot;size&quot;:400,&quot;sizes&quot;:[]}}\" data-widget_type=\"nested-accordion.default\">\n\t\t\t\t\t\t\t<div class=\"e-n-accordion\" aria-label=\"Accordion. Open links with Enter or Space, close with Escape, and navigate with Arrow Keys\">\n\t\t\t\t\t\t<details id=\"e-n-accordion-item-1490\" class=\"e-n-accordion-item\" open>\n\t\t\t\t<summary class=\"e-n-accordion-item-title\" data-accordion-index=\"1\" tabindex=\"0\" aria-expanded=\"true\" aria-controls=\"e-n-accordion-item-1490\" >\n\t\t\t\t\t<span class='e-n-accordion-item-title-header'><h2 class=\"e-n-accordion-item-title-text\"> Pochette en tissu satin\u00e9e <\/h2><\/span>\n\t\t\t\t\t\t\t<span class='e-n-accordion-item-title-icon'>\n\t\t\t<span class='e-opened' ><svg aria-hidden=\"true\" class=\"e-font-icon-svg e-fas-caret-up\" viewBox=\"0 0 320 512\" xmlns=\"http:\/\/www.w3.org\/2000\/svg\"><path d=\"M288.662 352H31.338c-17.818 0-26.741-21.543-14.142-34.142l128.662-128.662c7.81-7.81 20.474-7.81 28.284 0l128.662 128.662c12.6 12.599 3.676 34.142-14.142 34.142z\"><\/path><\/svg><\/span>\n\t\t\t<span class='e-closed'><svg aria-hidden=\"true\" class=\"e-font-icon-svg e-fas-caret-down\" viewBox=\"0 0 320 512\" xmlns=\"http:\/\/www.w3.org\/2000\/svg\"><path d=\"M31.3 192h257.3c17.8 0 26.7 21.5 14.1 34.1L174.1 354.8c-7.8 7.8-20.5 7.8-28.3 0L17.2 226.1C4.6 213.5 13.5 192 31.3 192z\"><\/path><\/svg><\/span>\n\t\t<\/span>\n\n\t\t\t\t\t\t<\/summary>\n\t\t\t\t<div role=\"region\" aria-labelledby=\"e-n-accordion-item-1490\" class=\"elementor-element elementor-element-97ad673 e-con-full e-flex e-con e-child\" data-id=\"97ad673\" data-element_type=\"container\" data-e-type=\"container\">\n\t\t\t\t<div class=\"elementor-element elementor-element-815ba93 elementor-widget elementor-widget-text-editor\" data-id=\"815ba93\" data-element_type=\"widget\" data-e-type=\"widget\" data-widget_type=\"text-editor.default\">\n\t\t\t\t\t\t\t\t\t<p class=\"\" data-start=\"0\" data-end=\"211\">La pochette cadeau Almerea est un emballage textile premium : elle convient parfaitement aux bijoux, aux taies d\u2019oreiller en soie premium et aux petits foulards en soie. Id\u00e9al quand vous voulez recevoir un cadeau pr\u00eat \u00e0 offrir.<\/p>\t\t\t\t\t\t\t\t<\/div>\n\t\t\t\t<\/div>\n\t\t\t\t\t<\/details>\n\t\t\t\t\t\t<details id=\"e-n-accordion-item-1491\" class=\"e-n-accordion-item\" >\n\t\t\t\t<summary class=\"e-n-accordion-item-title\" data-accordion-index=\"2\" tabindex=\"-1\" aria-expanded=\"false\" aria-controls=\"e-n-accordion-item-1491\" >\n\t\t\t\t\t<span class='e-n-accordion-item-title-header'><h2 class=\"e-n-accordion-item-title-text\"> Kit et param\u00e8tres : <\/h2><\/span>\n\t\t\t\t\t\t\t<span class='e-n-accordion-item-title-icon'>\n\t\t\t<span class='e-opened' ><svg aria-hidden=\"true\" class=\"e-font-icon-svg e-fas-caret-up\" viewBox=\"0 0 320 512\" xmlns=\"http:\/\/www.w3.org\/2000\/svg\"><path d=\"M288.662 352H31.338c-17.818 0-26.741-21.543-14.142-34.142l128.662-128.662c7.81-7.81 20.474-7.81 28.284 0l128.662 128.662c12.6 12.599 3.676 34.142-14.142 34.142z\"><\/path><\/svg><\/span>\n\t\t\t<span class='e-closed'><svg aria-hidden=\"true\" class=\"e-font-icon-svg e-fas-caret-down\" viewBox=\"0 0 320 512\" xmlns=\"http:\/\/www.w3.org\/2000\/svg\"><path d=\"M31.3 192h257.3c17.8 0 26.7 21.5 14.1 34.1L174.1 354.8c-7.8 7.8-20.5 7.8-28.3 0L17.2 226.1C4.6 213.5 13.5 192 31.3 192z\"><\/path><\/svg><\/span>\n\t\t<\/span>\n\n\t\t\t\t\t\t<\/summary>\n\t\t\t\t<div role=\"region\" aria-labelledby=\"e-n-accordion-item-1491\" class=\"elementor-element elementor-element-4c573eb e-con-full e-flex e-con e-child\" data-id=\"4c573eb\" data-element_type=\"container\" data-e-type=\"container\">\n\t\t\t\t<div class=\"elementor-element elementor-element-47715d1 elementor-widget elementor-widget-text-editor\" data-id=\"47715d1\" data-element_type=\"widget\" data-e-type=\"widget\" data-widget_type=\"text-editor.default\">\n\t\t\t\t\t\t\t\t\t<p><strong>Contenu du coffret :<\/strong><\/p><ul><li>1 pc : pochette cadeau<\/li><\/ul><p><strong>Caract\u00e9ristiques :<\/strong><\/p><ul><li>Dimensions : 20\u00d720 cm<\/li><\/ul>\t\t\t\t\t\t\t\t<\/div>\n\t\t\t\t<\/div>\n\t\t\t\t\t<\/details>\n\t\t\t\t\t\t<details id=\"e-n-accordion-item-1492\" class=\"e-n-accordion-item\" >\n\t\t\t\t<summary class=\"e-n-accordion-item-title\" data-accordion-index=\"3\" tabindex=\"-1\" aria-expanded=\"false\" aria-controls=\"e-n-accordion-item-1492\" >\n\t\t\t\t\t<span class='e-n-accordion-item-title-header'><h2 class=\"e-n-accordion-item-title-text\"> D\u00e9tails et avantages : <\/h2><\/span>\n\t\t\t\t\t\t\t<span class='e-n-accordion-item-title-icon'>\n\t\t\t<span class='e-opened' ><svg aria-hidden=\"true\" class=\"e-font-icon-svg e-fas-caret-up\" viewBox=\"0 0 320 512\" xmlns=\"http:\/\/www.w3.org\/2000\/svg\"><path d=\"M288.662 352H31.338c-17.818 0-26.741-21.543-14.142-34.142l128.662-128.662c7.81-7.81 20.474-7.81 28.284 0l128.662 128.662c12.6 12.599 3.676 34.142-14.142 34.142z\"><\/path><\/svg><\/span>\n\t\t\t<span class='e-closed'><svg aria-hidden=\"true\" class=\"e-font-icon-svg e-fas-caret-down\" viewBox=\"0 0 320 512\" xmlns=\"http:\/\/www.w3.org\/2000\/svg\"><path d=\"M31.3 192h257.3c17.8 0 26.7 21.5 14.1 34.1L174.1 354.8c-7.8 7.8-20.5 7.8-28.3 0L17.2 226.1C4.6 213.5 13.5 192 31.3 192z\"><\/path><\/svg><\/span>\n\t\t<\/span>\n\n\t\t\t\t\t\t<\/summary>\n\t\t\t\t<div role=\"region\" aria-labelledby=\"e-n-accordion-item-1492\" class=\"elementor-element elementor-element-331d2a4 e-con-full e-flex e-con e-child\" data-id=\"331d2a4\" data-element_type=\"container\" data-e-type=\"container\">\n\t\t\t\t<div class=\"elementor-element elementor-element-2e5b010 elementor-widget elementor-widget-text-editor\" data-id=\"2e5b010\" data-element_type=\"widget\" data-e-type=\"widget\" data-widget_type=\"text-editor.default\">\n\t\t\t\t\t\t\t\t\t<p>La pochette en satin Almerea est un emballage cadeau premium qui r\u00e9pond \u00e0 la question principale : comment pr\u00e9parer rapidement un cadeau, pour pouvoir l\u2019offrir imm\u00e9diatement ou l\u2019envoyer au destinataire. Vous pouvez l\u2019ajouter \u00e0 votre commande \u2014 et recevoir un cadeau pr\u00eat \u00e0 offrir, sans avoir \u00e0 chercher \u00ab o\u00f9 faire emballer \u00bb.<\/p><p>C\u2019est particuli\u00e8rement pratique si vous commandez un cadeau \u00e0 l\u2019avance ou si vous l\u2019envoyez dans une autre ville ou un autre pays \u2014 l\u2019emballage est \u00e9l\u00e9gant et a un aspect festif.<\/p><p><strong>Avantages :<\/strong><\/p><ul><li>vous pouvez l\u2019ajouter \u00e0 votre commande et obtenir un cadeau pr\u00eat \u00e0 offrir ;<\/li><li>pratique pour l\u2019envoi <strong>dans une autre ville ou un autre pays<\/strong> ;<\/li><li>convient, par exemple, pour un set de taies d\u2019oreiller en soie, des foulards en soie, des bijoux ;<\/li><\/ul><p>Nous assurons une <strong data-start=\"1686\" data-end=\"1713\">exp\u00e9dition rapide de votre commande<\/strong> et une <strong data-start=\"1716\" data-end=\"1755\">livraison en Europe, y compris en France<\/strong>, afin que votre nouvel accessoire arrive sans attente inutile.<\/p>\t\t\t\t\t\t\t\t<\/div>\n\t\t\t\t<\/div>\n\t\t\t\t\t<\/details>\n\t\t\t\t\t<\/div>\n\t\t\t\t\t\t<\/div>\n\t\t\t\t<\/div>\n\t\t<div class=\"elementor-element elementor-element-9d4d89a e-con-full e-flex e-con e-child\" data-id=\"9d4d89a\" data-element_type=\"container\" data-e-type=\"container\">\n\t\t\t\t<div class=\"elementor-element elementor-element-ee24dc1 elementor-widget elementor-widget-n-accordion\" data-id=\"ee24dc1\" data-element_type=\"widget\" data-e-type=\"widget\" data-settings=\"{&quot;default_state&quot;:&quot;expanded&quot;,&quot;max_items_expended&quot;:&quot;one&quot;,&quot;n_accordion_animation_duration&quot;:{&quot;unit&quot;:&quot;ms&quot;,&quot;size&quot;:400,&quot;sizes&quot;:[]}}\" data-widget_type=\"nested-accordion.default\">\n\t\t\t\t\t\t\t<div class=\"e-n-accordion\" aria-label=\"Accordion. Open links with Enter or Space, close with Escape, and navigate with Arrow Keys\">\n\t\t\t\t\t\t<details id=\"e-n-accordion-item-2490\" class=\"e-n-accordion-item\" open>\n\t\t\t\t<summary class=\"e-n-accordion-item-title\" data-accordion-index=\"1\" tabindex=\"0\" aria-expanded=\"true\" aria-controls=\"e-n-accordion-item-2490\" >\n\t\t\t\t\t<span class='e-n-accordion-item-title-header'><h2 class=\"e-n-accordion-item-title-text\"> Parfait en ensemble! <\/h2><\/span>\n\t\t\t\t\t\t\t<span class='e-n-accordion-item-title-icon'>\n\t\t\t<span class='e-opened' ><svg aria-hidden=\"true\" class=\"e-font-icon-svg e-fas-caret-up\" viewBox=\"0 0 320 512\" xmlns=\"http:\/\/www.w3.org\/2000\/svg\"><path d=\"M288.662 352H31.338c-17.818 0-26.741-21.543-14.142-34.142l128.662-128.662c7.81-7.81 20.474-7.81 28.284 0l128.662 128.662c12.6 12.599 3.676 34.142-14.142 34.142z\"><\/path><\/svg><\/span>\n\t\t\t<span class='e-closed'><svg aria-hidden=\"true\" class=\"e-font-icon-svg e-fas-caret-down\" viewBox=\"0 0 320 512\" xmlns=\"http:\/\/www.w3.org\/2000\/svg\"><path d=\"M31.3 192h257.3c17.8 0 26.7 21.5 14.1 34.1L174.1 354.8c-7.8 7.8-20.5 7.8-28.3 0L17.2 226.1C4.6 213.5 13.5 192 31.3 192z\"><\/path><\/svg><\/span>\n\t\t<\/span>\n\n\t\t\t\t\t\t<\/summary>\n\t\t\t\t<div role=\"region\" aria-labelledby=\"e-n-accordion-item-2490\" class=\"elementor-element elementor-element-93f985c e-con-full e-flex e-con e-child\" data-id=\"93f985c\" data-element_type=\"container\" data-e-type=\"container\">\n\t\t\t\t<div class=\"elementor-element elementor-element-aab0e94 premium-woo-in-tabs premium-woo-product-align-center elementor-widget elementor-widget-premium-woo-products\" data-id=\"aab0e94\" data-element_type=\"widget\" data-e-type=\"widget\" data-settings=\"{&quot;products_show_tablet&quot;:3,&quot;products_on_scroll_tablet&quot;:1,&quot;arrows_position&quot;:&quot;default&quot;,&quot;products_show&quot;:3,&quot;products_show_mobile&quot;:1,&quot;products_on_scroll&quot;:1}\" data-widget_type=\"premium-woo-products.grid-4\">\n\t\t\t\t<div class=\"elementor-widget-container\">\n\t\t\t\t\t\t\t<div class=\"premium-woo-empty\">\n\t\t\t<p>No products were found for this query.<\/p>\n\t\t<\/div>\n\t\t\t\t\t\t<\/div>\n\t\t\t\t<\/div>\n\t\t\t\t<\/div>\n\t\t\t\t\t<\/details>\n\t\t\t\t\t\t<details id=\"e-n-accordion-item-2491\" class=\"e-n-accordion-item\" >\n\t\t\t\t<summary class=\"e-n-accordion-item-title\" data-accordion-index=\"2\" tabindex=\"-1\" aria-expanded=\"false\" aria-controls=\"e-n-accordion-item-2491\" >\n\t\t\t\t\t<span class='e-n-accordion-item-title-header'><h2 class=\"e-n-accordion-item-title-text\"> Pas \u00e7a ? Regardez ici \u2192 <\/h2><\/span>\n\t\t\t\t\t\t\t<span class='e-n-accordion-item-title-icon'>\n\t\t\t<span class='e-opened' ><svg aria-hidden=\"true\" class=\"e-font-icon-svg e-fas-caret-up\" viewBox=\"0 0 320 512\" xmlns=\"http:\/\/www.w3.org\/2000\/svg\"><path d=\"M288.662 352H31.338c-17.818 0-26.741-21.543-14.142-34.142l128.662-128.662c7.81-7.81 20.474-7.81 28.284 0l128.662 128.662c12.6 12.599 3.676 34.142-14.142 34.142z\"><\/path><\/svg><\/span>\n\t\t\t<span class='e-closed'><svg aria-hidden=\"true\" class=\"e-font-icon-svg e-fas-caret-down\" viewBox=\"0 0 320 512\" xmlns=\"http:\/\/www.w3.org\/2000\/svg\"><path d=\"M31.3 192h257.3c17.8 0 26.7 21.5 14.1 34.1L174.1 354.8c-7.8 7.8-20.5 7.8-28.3 0L17.2 226.1C4.6 213.5 13.5 192 31.3 192z\"><\/path><\/svg><\/span>\n\t\t<\/span>\n\n\t\t\t\t\t\t<\/summary>\n\t\t\t\t<div role=\"region\" aria-labelledby=\"e-n-accordion-item-2491\" class=\"elementor-element elementor-element-0a77e62 e-con-full e-flex e-con e-child\" data-id=\"0a77e62\" data-element_type=\"container\" data-e-type=\"container\">\n\t\t\t\t<div class=\"elementor-element elementor-element-230e6b3 elementor-grid-3 elementor-grid-tablet-3 elementor-grid-mobile-1 elementor-products-grid elementor-wc-products elementor-widget elementor-widget-wc-categories\" data-id=\"230e6b3\" data-element_type=\"widget\" data-e-type=\"widget\" data-widget_type=\"wc-categories.default\">\n\t\t\t\t\t<div class=\"woocommerce columns-3\"><ul class=\"products elementor-grid columns-3\" data-products=\"type-2\" data-hover=\"swap\">\n<li class=\"product-category product first\">\n\t<a aria-label=\"Acc\u00e9der \u00e0 la cat\u00e9gorie de produits Gifts for Women\" href=\"https:\/\/almerea.com\/fr\/product-category\/gifts\/gifts-for-women\/\"><img fetchpriority=\"high\" decoding=\"async\" src=\"https:\/\/almerea.com\/wp-content\/uploads\/gifts-for-women-1-300x300.webp\" alt=\"Gifts for Women\" width=\"300\" height=\"300\" srcset=\"https:\/\/almerea.com\/wp-content\/uploads\/gifts-for-women-1-300x300.webp 300w, https:\/\/almerea.com\/wp-content\/uploads\/gifts-for-women-1-150x150.webp 150w, https:\/\/almerea.com\/wp-content\/uploads\/gifts-for-women-1-100x100.webp 100w\" sizes=\"(max-width: 300px) 100vw, 300px\" \/>\t\t<h2 class=\"woocommerce-loop-category__title\">\n\t\t\tGifts for Women <mark class=\"count\">(81)<\/mark>\t\t<\/h2>\n\t\t<\/a><\/li>\n<li class=\"product-category product\">\n\t<a aria-label=\"Acc\u00e9der \u00e0 la cat\u00e9gorie de produits Gifts for Men\" href=\"https:\/\/almerea.com\/fr\/product-category\/gifts\/gifts-for-men\/\"><img decoding=\"async\" src=\"https:\/\/almerea.com\/wp-content\/uploads\/gifts-for-men-1-300x300.webp\" alt=\"Gifts for Men\" width=\"300\" height=\"300\" srcset=\"https:\/\/almerea.com\/wp-content\/uploads\/gifts-for-men-1-300x300.webp 300w, https:\/\/almerea.com\/wp-content\/uploads\/gifts-for-men-1-150x150.webp 150w, https:\/\/almerea.com\/wp-content\/uploads\/gifts-for-men-1-100x100.webp 100w\" sizes=\"(max-width: 300px) 100vw, 300px\" \/>\t\t<h2 class=\"woocommerce-loop-category__title\">\n\t\t\tGifts for Men <mark class=\"count\">(10)<\/mark>\t\t<\/h2>\n\t\t<\/a><\/li>\n<li class=\"product-category product last\">\n\t<a aria-label=\"Acc\u00e9der \u00e0 la cat\u00e9gorie de produits Gifts\" href=\"https:\/\/almerea.com\/fr\/product-category\/gifts\/\"><img decoding=\"async\" src=\"https:\/\/almerea.com\/wp-content\/uploads\/gifts-2-300x300.webp\" alt=\"Gifts\" width=\"300\" height=\"300\" srcset=\"https:\/\/almerea.com\/wp-content\/uploads\/gifts-2-300x300.webp 300w, https:\/\/almerea.com\/wp-content\/uploads\/gifts-2-150x150.webp 150w, https:\/\/almerea.com\/wp-content\/uploads\/gifts-2-100x100.webp 100w\" sizes=\"(max-width: 300px) 100vw, 300px\" \/>\t\t<h2 class=\"woocommerce-loop-category__title\">\n\t\t\tGifts <mark class=\"count\">(82)<\/mark>\t\t<\/h2>\n\t\t<\/a><\/li>\n<\/ul>\n<\/div>\t\t\t\t<\/div>\n\t\t\t\t<\/div>\n\t\t\t\t\t<\/details>\n\t\t\t\t\t<\/div>\n\t\t\t\t\t\t<\/div>\n\t\t\t\t<\/div>\n\t\t\t\t\t<\/div>\n\t\t\t\t<\/div>\n\t\t\t\t<\/div>\n\t\t","protected":false},"excerpt":{"rendered":"<div class=\"woocommerce-product-details__short-description\"><strong><a class=\"hover-zoom\" title=\"Emballage cadeau \u00e9l\u00e9gant\" href=\"https:\/\/almerea.com\/fr\/packaging\/stylish-gift-packaging\/\" target=\"_blank\" rel=\"noopener\" aria-label=\"Emballage cadeau \u00e9l\u00e9gant\"><img loading=\"lazy\" decoding=\"async\" class=\"alignnone size-full wp-image-12379 ls-is-cached lazyloaded\" src=\"https:\/\/almerea.com\/wp-content\/uploads\/stylish-gift-packaging2.png\" alt=\"\" width=\"45\" height=\"40\" data-src=\"https:\/\/almerea.com\/wp-content\/uploads\/stylish-gift-packaging2.png\" \/><\/a><\/strong><br \/>\n<strong>Emballage pour votre cadeau !<\/strong><\/p>\n<ul>\n<li><strong>Taille :<\/strong> 20\u00d720 cm<\/li>\n<li><strong>Couleur :<\/strong> bordeaux<\/li>\n<li><strong>Caract\u00e9ristiques :<\/strong> emballage en tissu<\/li>\n<li><a href=\"https:\/\/almerea.com\/fr\/delivery\/\" target=\"_blank\" rel=\"noopener\"><strong>Livraison :<\/strong> Livraison gratuite* (Conditions)<\/a><\/li>\n<\/ul>\n<\/div>\n","protected":false},"featured_media":42730,"comment_status":"closed","ping_status":"closed","template":"","meta":{"_acf_changed":false},"product_brand":[],"product_cat":[2317,4296,1667,1668,1670,151,3019],"product_tag":[1290,1329,1349,1406,1461],"class_list":{"0":"post-42710","1":"product","2":"type-product","3":"status-publish","4":"has-post-thumbnail","6":"product_cat-bestsellers","7":"product_cat-emballage-cadeau","8":"product_cat-gifts","9":"product_cat-gifts-for-women","10":"product_cat-new-arrivals","11":"product_cat-non-categorise","12":"product_cat-sale","13":"product_tag-birthday-gifts","14":"product_tag-birthday-gifts-for-women","15":"product_tag-christmas-new-year-gifts","16":"product_tag-mothers-day-gifts","17":"product_tag-valentines-day-gifts","18":"pa_color-red","19":"pa_gender-women","20":"pa_packaging-stylish-gift-packaging","21":"pa_product-type-all-products","23":"first","24":"instock","25":"sale","26":"shipping-taxable","27":"purchasable","28":"product-type-simple"},"acf":[],"ct_brands":[],"yoast_head":"<!-- This site is optimized with the Yoast SEO Premium plugin v24.7 (Yoast SEO v27.3) - https:\/\/yoast.com\/product\/yoast-seo-premium-wordpress\/ -->\n<title>Pochette cadeau en soie | Almerea<\/title>\n<meta name=\"description\" content=\"Pochette cadeau en soie \u2014 premium materials by Almerea. Fast shipping across Europe. Easy online ordering.\" \/>\n<meta name=\"robots\" content=\"index, follow, max-snippet:-1, max-image-preview:large, max-video-preview:-1\" \/>\n<link rel=\"canonical\" href=\"https:\/\/almerea.com\/fr\/product\/gift-pouch-dark-red-l\/\" \/>\n<meta property=\"og:locale\" content=\"fr_FR\" \/>\n<meta property=\"og:type\" content=\"article\" \/>\n<meta property=\"og:title\" content=\"Pochette cadeau en soie | Almerea\" \/>\n<meta property=\"og:description\" content=\"Pochette cadeau en soie \u2014 premium materials by Almerea. Fast shipping across Europe. Easy online ordering.\" \/>\n<meta property=\"og:url\" content=\"https:\/\/almerea.com\/fr\/product\/gift-pouch-dark-red-l\/\" \/>\n<meta property=\"og:site_name\" content=\"Almerea\" \/>\n<meta property=\"article:modified_time\" content=\"2026-03-19T20:17:44+00:00\" \/>\n<meta property=\"og:image\" content=\"https:\/\/almerea.com\/wp-content\/uploads\/gift-bag-dark-red.webp\" \/>\n\t<meta property=\"og:image:width\" content=\"800\" \/>\n\t<meta property=\"og:image:height\" content=\"1200\" \/>\n\t<meta property=\"og:image:type\" content=\"image\/webp\" \/>\n<meta name=\"twitter:card\" content=\"summary_large_image\" \/>\n<script type=\"application\/ld+json\" class=\"yoast-schema-graph\">{\"@context\":\"https:\\\/\\\/schema.org\",\"@graph\":[{\"@type\":[\"WebPage\",\"ItemPage\"],\"@id\":\"https:\\\/\\\/almerea.com\\\/fr\\\/product\\\/gift-pouch-dark-red-l\\\/\",\"url\":\"https:\\\/\\\/almerea.com\\\/fr\\\/product\\\/gift-pouch-dark-red-l\\\/\",\"name\":\"Pochette cadeau en soie | Almerea\",\"isPartOf\":{\"@id\":\"https:\\\/\\\/almerea.com\\\/fr\\\/#website\"},\"primaryImageOfPage\":{\"@id\":\"https:\\\/\\\/almerea.com\\\/fr\\\/product\\\/gift-pouch-dark-red-l\\\/#primaryimage\"},\"image\":{\"@id\":\"https:\\\/\\\/almerea.com\\\/fr\\\/product\\\/gift-pouch-dark-red-l\\\/#primaryimage\"},\"thumbnailUrl\":\"https:\\\/\\\/almerea.com\\\/wp-content\\\/uploads\\\/gift-bag-dark-red.webp\",\"datePublished\":\"2026-03-19T13:18:09+00:00\",\"dateModified\":\"2026-03-19T20:17:44+00:00\",\"description\":\"Pochette cadeau en soie \u2014 premium materials by Almerea. Fast shipping across Europe. Easy online ordering.\",\"breadcrumb\":{\"@id\":\"https:\\\/\\\/almerea.com\\\/fr\\\/product\\\/gift-pouch-dark-red-l\\\/#breadcrumb\"},\"inLanguage\":\"fr-FR\",\"potentialAction\":[{\"@type\":\"ReadAction\",\"target\":[\"https:\\\/\\\/almerea.com\\\/fr\\\/product\\\/gift-pouch-dark-red-l\\\/\"]}]},{\"@type\":\"ImageObject\",\"inLanguage\":\"fr-FR\",\"@id\":\"https:\\\/\\\/almerea.com\\\/fr\\\/product\\\/gift-pouch-dark-red-l\\\/#primaryimage\",\"url\":\"https:\\\/\\\/almerea.com\\\/wp-content\\\/uploads\\\/gift-bag-dark-red.webp\",\"contentUrl\":\"https:\\\/\\\/almerea.com\\\/wp-content\\\/uploads\\\/gift-bag-dark-red.webp\",\"width\":800,\"height\":1200},{\"@type\":\"BreadcrumbList\",\"@id\":\"https:\\\/\\\/almerea.com\\\/fr\\\/product\\\/gift-pouch-dark-red-l\\\/#breadcrumb\",\"itemListElement\":[{\"@type\":\"ListItem\",\"position\":1,\"name\":\"Home\",\"item\":\"https:\\\/\\\/almerea.com\\\/fr\\\/\"},{\"@type\":\"ListItem\",\"position\":2,\"name\":\"Boutique\",\"item\":\"https:\\\/\\\/almerea.com\\\/fr\\\/shop\\\/\"},{\"@type\":\"ListItem\",\"position\":3,\"name\":\"Pochette cadeau en soie\"}]},{\"@type\":\"WebSite\",\"@id\":\"https:\\\/\\\/almerea.com\\\/fr\\\/#website\",\"url\":\"https:\\\/\\\/almerea.com\\\/fr\\\/\",\"name\":\"Almerea\",\"description\":\"\",\"publisher\":{\"@id\":\"https:\\\/\\\/almerea.com\\\/fr\\\/#organization\"},\"potentialAction\":[{\"@type\":\"SearchAction\",\"target\":{\"@type\":\"EntryPoint\",\"urlTemplate\":\"https:\\\/\\\/almerea.com\\\/fr\\\/?s={search_term_string}\"},\"query-input\":{\"@type\":\"PropertyValueSpecification\",\"valueRequired\":true,\"valueName\":\"search_term_string\"}}],\"inLanguage\":\"fr-FR\"},{\"@type\":\"Organization\",\"@id\":\"https:\\\/\\\/almerea.com\\\/fr\\\/#organization\",\"name\":\"Almerea\",\"url\":\"https:\\\/\\\/almerea.com\\\/fr\\\/\",\"logo\":{\"@type\":\"ImageObject\",\"inLanguage\":\"fr-FR\",\"@id\":\"https:\\\/\\\/almerea.com\\\/fr\\\/#\\\/schema\\\/logo\\\/image\\\/\",\"url\":\"https:\\\/\\\/almerea.com\\\/wp-content\\\/uploads\\\/ALMEREA-LOGO.png\",\"contentUrl\":\"https:\\\/\\\/almerea.com\\\/wp-content\\\/uploads\\\/ALMEREA-LOGO.png\",\"width\":286,\"height\":154,\"caption\":\"Almerea\"},\"image\":{\"@id\":\"https:\\\/\\\/almerea.com\\\/fr\\\/#\\\/schema\\\/logo\\\/image\\\/\"}}]}<\/script>\n<!-- \/ Yoast SEO Premium plugin. -->","yoast_head_json":{"title":"Pochette cadeau en soie | Almerea","description":"Pochette cadeau en soie \u2014 premium materials by Almerea. Fast shipping across Europe. Easy online ordering.","robots":{"index":"index","follow":"follow","max-snippet":"max-snippet:-1","max-image-preview":"max-image-preview:large","max-video-preview":"max-video-preview:-1"},"canonical":"https:\/\/almerea.com\/fr\/product\/gift-pouch-dark-red-l\/","og_locale":"fr_FR","og_type":"article","og_title":"Pochette cadeau en soie | Almerea","og_description":"Pochette cadeau en soie \u2014 premium materials by Almerea. Fast shipping across Europe. Easy online ordering.","og_url":"https:\/\/almerea.com\/fr\/product\/gift-pouch-dark-red-l\/","og_site_name":"Almerea","article_modified_time":"2026-03-19T20:17:44+00:00","og_image":[{"width":800,"height":1200,"url":"https:\/\/almerea.com\/wp-content\/uploads\/gift-bag-dark-red.webp","type":"image\/webp"}],"twitter_card":"summary_large_image","schema":{"@context":"https:\/\/schema.org","@graph":[{"@type":["WebPage","ItemPage"],"@id":"https:\/\/almerea.com\/fr\/product\/gift-pouch-dark-red-l\/","url":"https:\/\/almerea.com\/fr\/product\/gift-pouch-dark-red-l\/","name":"Pochette cadeau en soie | Almerea","isPartOf":{"@id":"https:\/\/almerea.com\/fr\/#website"},"primaryImageOfPage":{"@id":"https:\/\/almerea.com\/fr\/product\/gift-pouch-dark-red-l\/#primaryimage"},"image":{"@id":"https:\/\/almerea.com\/fr\/product\/gift-pouch-dark-red-l\/#primaryimage"},"thumbnailUrl":"https:\/\/almerea.com\/wp-content\/uploads\/gift-bag-dark-red.webp","datePublished":"2026-03-19T13:18:09+00:00","dateModified":"2026-03-19T20:17:44+00:00","description":"Pochette cadeau en soie \u2014 premium materials by Almerea. Fast shipping across Europe. Easy online ordering.","breadcrumb":{"@id":"https:\/\/almerea.com\/fr\/product\/gift-pouch-dark-red-l\/#breadcrumb"},"inLanguage":"fr-FR","potentialAction":[{"@type":"ReadAction","target":["https:\/\/almerea.com\/fr\/product\/gift-pouch-dark-red-l\/"]}]},{"@type":"ImageObject","inLanguage":"fr-FR","@id":"https:\/\/almerea.com\/fr\/product\/gift-pouch-dark-red-l\/#primaryimage","url":"https:\/\/almerea.com\/wp-content\/uploads\/gift-bag-dark-red.webp","contentUrl":"https:\/\/almerea.com\/wp-content\/uploads\/gift-bag-dark-red.webp","width":800,"height":1200},{"@type":"BreadcrumbList","@id":"https:\/\/almerea.com\/fr\/product\/gift-pouch-dark-red-l\/#breadcrumb","itemListElement":[{"@type":"ListItem","position":1,"name":"Home","item":"https:\/\/almerea.com\/fr\/"},{"@type":"ListItem","position":2,"name":"Boutique","item":"https:\/\/almerea.com\/fr\/shop\/"},{"@type":"ListItem","position":3,"name":"Pochette cadeau en soie"}]},{"@type":"WebSite","@id":"https:\/\/almerea.com\/fr\/#website","url":"https:\/\/almerea.com\/fr\/","name":"Almerea","description":"","publisher":{"@id":"https:\/\/almerea.com\/fr\/#organization"},"potentialAction":[{"@type":"SearchAction","target":{"@type":"EntryPoint","urlTemplate":"https:\/\/almerea.com\/fr\/?s={search_term_string}"},"query-input":{"@type":"PropertyValueSpecification","valueRequired":true,"valueName":"search_term_string"}}],"inLanguage":"fr-FR"},{"@type":"Organization","@id":"https:\/\/almerea.com\/fr\/#organization","name":"Almerea","url":"https:\/\/almerea.com\/fr\/","logo":{"@type":"ImageObject","inLanguage":"fr-FR","@id":"https:\/\/almerea.com\/fr\/#\/schema\/logo\/image\/","url":"https:\/\/almerea.com\/wp-content\/uploads\/ALMEREA-LOGO.png","contentUrl":"https:\/\/almerea.com\/wp-content\/uploads\/ALMEREA-LOGO.png","width":286,"height":154,"caption":"Almerea"},"image":{"@id":"https:\/\/almerea.com\/fr\/#\/schema\/logo\/image\/"}}]}},"_links":{"self":[{"href":"https:\/\/almerea.com\/fr\/wp-json\/wp\/v2\/product\/42710","targetHints":{"allow":["GET"]}}],"collection":[{"href":"https:\/\/almerea.com\/fr\/wp-json\/wp\/v2\/product"}],"about":[{"href":"https:\/\/almerea.com\/fr\/wp-json\/wp\/v2\/types\/product"}],"replies":[{"embeddable":true,"href":"https:\/\/almerea.com\/fr\/wp-json\/wp\/v2\/comments?post=42710"}],"version-history":[{"count":5,"href":"https:\/\/almerea.com\/fr\/wp-json\/wp\/v2\/product\/42710\/revisions"}],"predecessor-version":[{"id":42874,"href":"https:\/\/almerea.com\/fr\/wp-json\/wp\/v2\/product\/42710\/revisions\/42874"}],"wp:featuredmedia":[{"embeddable":true,"href":"https:\/\/almerea.com\/fr\/wp-json\/wp\/v2\/media\/42730"}],"wp:attachment":[{"href":"https:\/\/almerea.com\/fr\/wp-json\/wp\/v2\/media?parent=42710"}],"wp:term":[{"taxonomy":"product_brand","embeddable":true,"href":"https:\/\/almerea.com\/fr\/wp-json\/wp\/v2\/product_brand?post=42710"},{"taxonomy":"product_cat","embeddable":true,"href":"https:\/\/almerea.com\/fr\/wp-json\/wp\/v2\/product_cat?post=42710"},{"taxonomy":"product_tag","embeddable":true,"href":"https:\/\/almerea.com\/fr\/wp-json\/wp\/v2\/product_tag?post=42710"}],"curies":[{"name":"wp","href":"https:\/\/api.w.org\/{rel}","templated":true}]}}