{"id":11630,"date":"2025-11-27T15:21:38","date_gmt":"2025-11-27T13:21:38","guid":{"rendered":"https:\/\/almerea.com\/privacy-policy\/"},"modified":"2026-04-05T11:57:21","modified_gmt":"2026-04-05T08:57:21","slug":"privacy-policy","status":"publish","type":"page","link":"https:\/\/almerea.com\/fr\/privacy-policy\/","title":{"rendered":"Politique de confidentialit\u00e9"},"content":{"rendered":"\t\t<div data-elementor-type=\"wp-page\" data-elementor-id=\"11630\" class=\"elementor elementor-11630 elementor-2051\" data-elementor-post-type=\"page\">\n\t\t\t\t<div class=\"elementor-element elementor-element-ed09802 e-flex e-con-boxed e-con e-parent\" data-id=\"ed09802\" data-element_type=\"container\" data-e-type=\"container\" data-settings=\"{&quot;background_background&quot;:&quot;classic&quot;}\">\n\t\t\t\t\t<div class=\"e-con-inner\">\n\t\t<div class=\"elementor-element elementor-element-1eb8ddc e-con-full e-flex e-con e-child\" data-id=\"1eb8ddc\" data-element_type=\"container\" data-e-type=\"container\">\n\t\t\t\t<div class=\"elementor-element elementor-element-7c55aac elementor-widget elementor-widget-shortcode\" data-id=\"7c55aac\" data-element_type=\"widget\" data-e-type=\"widget\" data-widget_type=\"shortcode.default\">\n\t\t\t\t\t\t\t<div class=\"elementor-shortcode\"><\/div>\n\t\t\t\t\t\t<\/div>\n\t\t\t\t<div class=\"elementor-element elementor-element-59634f2 elementor-widget elementor-widget-heading\" data-id=\"59634f2\" data-element_type=\"widget\" data-e-type=\"widget\" data-widget_type=\"heading.default\">\n\t\t\t\t\t<h1 class=\"elementor-heading-title elementor-size-default\">Politique de confidentialit\u00e9<\/h1>\t\t\t\t<\/div>\n\t\t\t\t<\/div>\n\t\t\t\t\t<\/div>\n\t\t\t\t<\/div>\n\t\t<div class=\"elementor-element elementor-element-e483dbe e-flex e-con-boxed e-con e-parent\" data-id=\"e483dbe\" data-element_type=\"container\" data-e-type=\"container\">\n\t\t\t\t\t<div class=\"e-con-inner\">\n\t\t\t\t<div class=\"elementor-element elementor-element-8ea7388 elementor-widget elementor-widget-text-editor\" data-id=\"8ea7388\" data-element_type=\"widget\" data-e-type=\"widget\" data-widget_type=\"text-editor.default\">\n\t\t\t\t\t\t\t\t\t<p><strong>Almerea<\/strong> s\u2019efforce de prot\u00e9ger la vie priv\u00e9e des visiteurs de <strong>www.almerea.com<\/strong>.<br>\nVeuillez consulter notre Politique de confidentialit\u00e9 afin de comprendre comment nous utilisons vos donn\u00e9es personnelles.<\/p>\n<p>Almerea se r\u00e9serve le droit de modifier la pr\u00e9sente Politique de confidentialit\u00e9 \u00e0 tout moment, sans pr\u00e9avis.<br>\nNous vous recommandons de consulter cette section r\u00e9guli\u00e8rement.<\/p>\n<h2>Quelles donn\u00e9es personnelles nous collectons&nbsp;<\/h2>\n<p>Lorsque vous remplissez le formulaire de contact sur le site, il peut vous \u00eatre demand\u00e9 de fournir :<\/p>\n<ul>\n<li>pr\u00e9nom et nom ;<\/li>\n<li>num\u00e9ro de t\u00e9l\u00e9phone ;<\/li>\n<li>adresse e-mail ;<\/li>\n<li>toute information suppl\u00e9mentaire que vous choisissez de fournir.<\/li>\n<\/ul>\n<p>Si vous n\u2019acceptez pas les cookies, certaines fonctionnalit\u00e9s du site peuvent ne pas fonctionner pleinement.<\/p>\n<h2>Comment nous utilisons les donn\u00e9es personnelles<\/h2>\n<p>Almerea utilise les donn\u00e9es personnelles des visiteurs du site pour :<\/p>\n<ul>\n<li>r\u00e9pondre aux demandes envoy\u00e9es via le formulaire de contact ;<\/li>\n<li>assurer la correspondance et le suivi ;<\/li>\n<li>fournir des services et traiter les demandes.<\/li>\n<\/ul>\n<p>Almerea utilise \u00e9galement des cookies pour surveiller les performances du site et am\u00e9liorer l\u2019exp\u00e9rience utilisateur.<\/p>\n<h2>\u00c0 qui nous pouvons divulguer des donn\u00e9es personnelles<\/h2>\n<p>Nous pouvons partager vos donn\u00e9es avec des tiers uniquement dans les cas suivants :<\/p>\n<ul>\n<li>si la divulgation est n\u00e9cessaire pour ex\u00e9cuter une commande (par exemple, un service de livraison) ;<\/li>\n<li>si la divulgation est requise par la loi (par exemple, \u00e0 la demande d\u2019un tribunal ou dans le cadre d\u2019une proc\u00e9dure judiciaire).<\/li>\n<\/ul>\n<p>Dans tous les autres cas, les donn\u00e9es personnelles :<\/p>\n<ul>\n<li><strong>ne sont pas partag\u00e9es<\/strong> avec des tiers ;<\/li>\n<li><strong>ne sont pas lou\u00e9es<\/strong> ni vendues ;<\/li>\n<li><strong>ne sont pas utilis\u00e9es<\/strong> \u00e0 des fins \u05d0\u05d7\u05e8\u05d5\u05ea que celles d\u00e9crites ci-dessus.<\/li>\n<\/ul>\n<h2>S\u00e9curit\u00e9<\/h2>\n<p>La transmission de donn\u00e9es sur internet ne peut pas \u00eatre s\u00e9curis\u00e9e \u00e0 100 %, mais nous prenons les mesures n\u00e9cessaires pour prot\u00e9ger vos informations personnelles et emp\u00eacher tout acc\u00e8s non autoris\u00e9.<\/p>\t\t\t\t\t\t\t\t<\/div>\n\t\t\t\t\t<\/div>\n\t\t\t\t<\/div>\n\t\t\t\t<\/div>\n\t\t","protected":false},"excerpt":{"rendered":"<p>Politique de confidentialit\u00e9 Almerea s\u2019efforce de prot\u00e9ger la vie priv\u00e9e des visiteurs de www.almerea.com. Veuillez consulter notre Politique de confidentialit\u00e9 afin de comprendre comment nous utilisons vos donn\u00e9es personnelles. Almerea se r\u00e9serve le droit de modifier la pr\u00e9sente Politique de confidentialit\u00e9 \u00e0 tout moment, sans pr\u00e9avis. Nous vous recommandons de consulter cette section r\u00e9guli\u00e8rement. Quelles [&hellip;]<\/p>\n","protected":false},"author":1,"featured_media":0,"parent":0,"menu_order":0,"comment_status":"closed","ping_status":"closed","template":"","meta":{"_acf_changed":false,"footnotes":""},"class_list":["post-11630","page","type-page","status-publish","hentry"],"blocksy_meta":{"has_hero_section":"disabled","vertical_spacing_source":"custom","content_area_spacing":"none","styles_descriptor":{"styles":{"desktop":"","tablet":"","mobile":""},"google_fonts":[],"version":6}},"acf":[],"yoast_head":"<!-- This site is optimized with the Yoast SEO Premium plugin v24.7 (Yoast SEO v27.3) - https:\/\/yoast.com\/product\/yoast-seo-premium-wordpress\/ -->\n<title>Politique de confidentialit\u00e9 | Almerea<\/title>\n<meta name=\"description\" content=\"Politique de confidentialit\u00e9. Livraison dans toute l\u2019Europe, certificats \u00e9co et paiement s\u00e9curis\u00e9. Mati\u00e8res naturelles premium et qualit\u00e9 durable\" \/>\n<meta name=\"robots\" content=\"index, follow, max-snippet:-1, max-image-preview:large, max-video-preview:-1\" \/>\n<link rel=\"canonical\" href=\"https:\/\/almerea.com\/fr\/privacy-policy\/\" \/>\n<meta property=\"og:locale\" content=\"fr_FR\" \/>\n<meta property=\"og:type\" content=\"article\" \/>\n<meta property=\"og:title\" content=\"Politique de confidentialit\u00e9 | Almerea\" \/>\n<meta property=\"og:description\" content=\"Politique de confidentialit\u00e9. Shipping across Europe, eco certificates, and secure checkout. Premium natural materials and lasting quality\" \/>\n<meta property=\"og:url\" content=\"https:\/\/almerea.com\/fr\/privacy-policy\/\" \/>\n<meta property=\"og:site_name\" content=\"Almerea\" \/>\n<meta property=\"article:modified_time\" content=\"2026-04-05T08:57:21+00:00\" \/>\n<meta property=\"og:image\" content=\"https:\/\/almerea.com\/wp-content\/uploads\/almerea-5.webp\" \/>\n\t<meta property=\"og:image:width\" content=\"1200\" \/>\n\t<meta property=\"og:image:height\" content=\"800\" \/>\n\t<meta property=\"og:image:type\" content=\"image\/webp\" \/>\n<meta name=\"twitter:card\" content=\"summary_large_image\" \/>\n<meta name=\"twitter:label1\" content=\"Dur\u00e9e de lecture estim\u00e9e\" \/>\n\t<meta name=\"twitter:data1\" content=\"2 minutes\" \/>\n<script type=\"application\/ld+json\" class=\"yoast-schema-graph\">{\"@context\":\"https:\\\/\\\/schema.org\",\"@graph\":[{\"@type\":\"WebPage\",\"@id\":\"https:\\\/\\\/almerea.com\\\/fr\\\/privacy-policy\\\/\",\"url\":\"https:\\\/\\\/almerea.com\\\/fr\\\/privacy-policy\\\/\",\"name\":\"Politique de confidentialit\u00e9 | Almerea\",\"isPartOf\":{\"@id\":\"https:\\\/\\\/almerea.com\\\/fr\\\/#website\"},\"datePublished\":\"2025-11-27T13:21:38+00:00\",\"dateModified\":\"2026-04-05T08:57:21+00:00\",\"description\":\"Politique de confidentialit\u00e9. Livraison dans toute l\u2019Europe, certificats \u00e9co et paiement s\u00e9curis\u00e9. Mati\u00e8res naturelles premium et qualit\u00e9 durable\",\"breadcrumb\":{\"@id\":\"https:\\\/\\\/almerea.com\\\/fr\\\/privacy-policy\\\/#breadcrumb\"},\"inLanguage\":\"fr-FR\",\"potentialAction\":[{\"@type\":\"ReadAction\",\"target\":[\"https:\\\/\\\/almerea.com\\\/fr\\\/privacy-policy\\\/\"]}]},{\"@type\":\"BreadcrumbList\",\"@id\":\"https:\\\/\\\/almerea.com\\\/fr\\\/privacy-policy\\\/#breadcrumb\",\"itemListElement\":[{\"@type\":\"ListItem\",\"position\":1,\"name\":\"Home\",\"item\":\"https:\\\/\\\/almerea.com\\\/fr\\\/\"},{\"@type\":\"ListItem\",\"position\":2,\"name\":\"Politique de confidentialit\u00e9\"}]},{\"@type\":\"WebSite\",\"@id\":\"https:\\\/\\\/almerea.com\\\/fr\\\/#website\",\"url\":\"https:\\\/\\\/almerea.com\\\/fr\\\/\",\"name\":\"Almerea\",\"description\":\"\",\"publisher\":{\"@id\":\"https:\\\/\\\/almerea.com\\\/fr\\\/#organization\"},\"potentialAction\":[{\"@type\":\"SearchAction\",\"target\":{\"@type\":\"EntryPoint\",\"urlTemplate\":\"https:\\\/\\\/almerea.com\\\/fr\\\/?s={search_term_string}\"},\"query-input\":{\"@type\":\"PropertyValueSpecification\",\"valueRequired\":true,\"valueName\":\"search_term_string\"}}],\"inLanguage\":\"fr-FR\"},{\"@type\":\"Organization\",\"@id\":\"https:\\\/\\\/almerea.com\\\/fr\\\/#organization\",\"name\":\"Almerea\",\"url\":\"https:\\\/\\\/almerea.com\\\/fr\\\/\",\"logo\":{\"@type\":\"ImageObject\",\"inLanguage\":\"fr-FR\",\"@id\":\"https:\\\/\\\/almerea.com\\\/fr\\\/#\\\/schema\\\/logo\\\/image\\\/\",\"url\":\"https:\\\/\\\/almerea.com\\\/wp-content\\\/uploads\\\/ALMEREA-LOGO.png\",\"contentUrl\":\"https:\\\/\\\/almerea.com\\\/wp-content\\\/uploads\\\/ALMEREA-LOGO.png\",\"width\":286,\"height\":154,\"caption\":\"Almerea\"},\"image\":{\"@id\":\"https:\\\/\\\/almerea.com\\\/fr\\\/#\\\/schema\\\/logo\\\/image\\\/\"}}]}<\/script>\n<!-- \/ Yoast SEO Premium plugin. -->","yoast_head_json":{"title":"Politique de confidentialit\u00e9 | Almerea","description":"Politique de confidentialit\u00e9. Livraison dans toute l\u2019Europe, certificats \u00e9co et paiement s\u00e9curis\u00e9. Mati\u00e8res naturelles premium et qualit\u00e9 durable","robots":{"index":"index","follow":"follow","max-snippet":"max-snippet:-1","max-image-preview":"max-image-preview:large","max-video-preview":"max-video-preview:-1"},"canonical":"https:\/\/almerea.com\/fr\/privacy-policy\/","og_locale":"fr_FR","og_type":"article","og_title":"Politique de confidentialit\u00e9 | Almerea","og_description":"Politique de confidentialit\u00e9. Shipping across Europe, eco certificates, and secure checkout. Premium natural materials and lasting quality","og_url":"https:\/\/almerea.com\/fr\/privacy-policy\/","og_site_name":"Almerea","article_modified_time":"2026-04-05T08:57:21+00:00","og_image":[{"width":1200,"height":800,"url":"https:\/\/almerea.com\/wp-content\/uploads\/almerea-5.webp","type":"image\/webp"}],"twitter_card":"summary_large_image","twitter_misc":{"Dur\u00e9e de lecture estim\u00e9e":"2 minutes"},"schema":{"@context":"https:\/\/schema.org","@graph":[{"@type":"WebPage","@id":"https:\/\/almerea.com\/fr\/privacy-policy\/","url":"https:\/\/almerea.com\/fr\/privacy-policy\/","name":"Politique de confidentialit\u00e9 | Almerea","isPartOf":{"@id":"https:\/\/almerea.com\/fr\/#website"},"datePublished":"2025-11-27T13:21:38+00:00","dateModified":"2026-04-05T08:57:21+00:00","description":"Politique de confidentialit\u00e9. Livraison dans toute l\u2019Europe, certificats \u00e9co et paiement s\u00e9curis\u00e9. Mati\u00e8res naturelles premium et qualit\u00e9 durable","breadcrumb":{"@id":"https:\/\/almerea.com\/fr\/privacy-policy\/#breadcrumb"},"inLanguage":"fr-FR","potentialAction":[{"@type":"ReadAction","target":["https:\/\/almerea.com\/fr\/privacy-policy\/"]}]},{"@type":"BreadcrumbList","@id":"https:\/\/almerea.com\/fr\/privacy-policy\/#breadcrumb","itemListElement":[{"@type":"ListItem","position":1,"name":"Home","item":"https:\/\/almerea.com\/fr\/"},{"@type":"ListItem","position":2,"name":"Politique de confidentialit\u00e9"}]},{"@type":"WebSite","@id":"https:\/\/almerea.com\/fr\/#website","url":"https:\/\/almerea.com\/fr\/","name":"Almerea","description":"","publisher":{"@id":"https:\/\/almerea.com\/fr\/#organization"},"potentialAction":[{"@type":"SearchAction","target":{"@type":"EntryPoint","urlTemplate":"https:\/\/almerea.com\/fr\/?s={search_term_string}"},"query-input":{"@type":"PropertyValueSpecification","valueRequired":true,"valueName":"search_term_string"}}],"inLanguage":"fr-FR"},{"@type":"Organization","@id":"https:\/\/almerea.com\/fr\/#organization","name":"Almerea","url":"https:\/\/almerea.com\/fr\/","logo":{"@type":"ImageObject","inLanguage":"fr-FR","@id":"https:\/\/almerea.com\/fr\/#\/schema\/logo\/image\/","url":"https:\/\/almerea.com\/wp-content\/uploads\/ALMEREA-LOGO.png","contentUrl":"https:\/\/almerea.com\/wp-content\/uploads\/ALMEREA-LOGO.png","width":286,"height":154,"caption":"Almerea"},"image":{"@id":"https:\/\/almerea.com\/fr\/#\/schema\/logo\/image\/"}}]}},"_links":{"self":[{"href":"https:\/\/almerea.com\/fr\/wp-json\/wp\/v2\/pages\/11630","targetHints":{"allow":["GET"]}}],"collection":[{"href":"https:\/\/almerea.com\/fr\/wp-json\/wp\/v2\/pages"}],"about":[{"href":"https:\/\/almerea.com\/fr\/wp-json\/wp\/v2\/types\/page"}],"author":[{"embeddable":true,"href":"https:\/\/almerea.com\/fr\/wp-json\/wp\/v2\/users\/1"}],"replies":[{"embeddable":true,"href":"https:\/\/almerea.com\/fr\/wp-json\/wp\/v2\/comments?post=11630"}],"version-history":[{"count":6,"href":"https:\/\/almerea.com\/fr\/wp-json\/wp\/v2\/pages\/11630\/revisions"}],"predecessor-version":[{"id":47455,"href":"https:\/\/almerea.com\/fr\/wp-json\/wp\/v2\/pages\/11630\/revisions\/47455"}],"wp:attachment":[{"href":"https:\/\/almerea.com\/fr\/wp-json\/wp\/v2\/media?parent=11630"}],"curies":[{"name":"wp","href":"https:\/\/api.w.org\/{rel}","templated":true}]}}