{"id":11629,"date":"2025-11-27T15:21:38","date_gmt":"2025-11-27T13:21:38","guid":{"rendered":"https:\/\/almerea.com\/privacy-policy\/"},"modified":"2026-01-04T13:04:59","modified_gmt":"2026-01-04T11:04:59","slug":"privacy-policy","status":"publish","type":"page","link":"https:\/\/almerea.com\/fi\/privacy-policy\/","title":{"rendered":"Tietosuojak\u00e4yt\u00e4nt\u00f6"},"content":{"rendered":"\t\t<div data-elementor-type=\"wp-page\" data-elementor-id=\"11629\" class=\"elementor elementor-11629 elementor-2051\" data-elementor-post-type=\"page\">\n\t\t\t\t<div class=\"elementor-element elementor-element-ed09802 e-flex e-con-boxed e-con e-parent\" data-id=\"ed09802\" data-element_type=\"container\" data-e-type=\"container\" data-settings=\"{&quot;background_background&quot;:&quot;classic&quot;}\">\n\t\t\t\t\t<div class=\"e-con-inner\">\n\t\t<div class=\"elementor-element elementor-element-1eb8ddc e-con-full e-flex e-con e-child\" data-id=\"1eb8ddc\" data-element_type=\"container\" data-e-type=\"container\">\n\t\t\t\t<div class=\"elementor-element elementor-element-7c55aac elementor-widget elementor-widget-shortcode\" data-id=\"7c55aac\" data-element_type=\"widget\" data-e-type=\"widget\" data-widget_type=\"shortcode.default\">\n\t\t\t\t\t\t\t<div class=\"elementor-shortcode\"><\/div>\n\t\t\t\t\t\t<\/div>\n\t\t\t\t<div class=\"elementor-element elementor-element-59634f2 elementor-widget elementor-widget-heading\" data-id=\"59634f2\" data-element_type=\"widget\" data-e-type=\"widget\" data-widget_type=\"heading.default\">\n\t\t\t\t\t<h1 class=\"elementor-heading-title elementor-size-default\">Tietosuojak\u00e4yt\u00e4nt\u00f6<\/h1>\t\t\t\t<\/div>\n\t\t\t\t<\/div>\n\t\t\t\t\t<\/div>\n\t\t\t\t<\/div>\n\t\t<div class=\"elementor-element elementor-element-e483dbe e-flex e-con-boxed e-con e-parent\" data-id=\"e483dbe\" data-element_type=\"container\" data-e-type=\"container\">\n\t\t\t\t\t<div class=\"e-con-inner\">\n\t\t\t\t<div class=\"elementor-element elementor-element-8ea7388 elementor-widget elementor-widget-text-editor\" data-id=\"8ea7388\" data-element_type=\"widget\" data-e-type=\"widget\" data-widget_type=\"text-editor.default\">\n\t\t\t\t\t\t\t\t\t<p><strong>Almerea<\/strong> pyrkii suojaamaan verkkosivuston <strong>www.almerea.com<\/strong> k\u00e4vij\u00f6iden yksityisyytt\u00e4.<br>\nTutustuthan tietosuojak\u00e4yt\u00e4nt\u00f6\u00f6mme ymm\u00e4rt\u00e4\u00e4ksesi, miten k\u00e4sittelemme henkil\u00f6tietojasi.<\/p>\n<p>Almerea pid\u00e4tt\u00e4\u00e4 oikeuden muuttaa tietosuojak\u00e4yt\u00e4nt\u00f6\u00e4 milloin tahansa ilman erillist\u00e4 ennakkoilmoitusta.<br>\nSuosittelemme tarkistamaan t\u00e4m\u00e4n osion s\u00e4\u00e4nn\u00f6llisesti.<\/p>\n<h2>Mit\u00e4 henkil\u00f6tietoja ker\u00e4\u00e4mme<\/h2>\n<p>T\u00e4ytt\u00e4ess\u00e4si sivuston yhteydenottolomaketta sinua saatetaan pyyt\u00e4\u00e4 antamaan:<\/p>\n<ul>\n<li>etu- ja sukunimi;<\/li>\n<li>puhelinnumero;<\/li>\n<li>s\u00e4hk\u00f6postiosoite;<\/li>\n<li>lis\u00e4tietoja, jotka p\u00e4\u00e4t\u00e4t itse antaa.<\/li>\n<\/ul>\n<p>Jos et hyv\u00e4ksy ev\u00e4steit\u00e4, osa sivuston toiminnoista ei v\u00e4ltt\u00e4m\u00e4tt\u00e4 toimi t\u00e4ydellisesti.<\/p>\n<h2>Miten k\u00e4yt\u00e4mme henkil\u00f6tietoja<\/h2>\n<p>Almerea k\u00e4ytt\u00e4\u00e4 sivuston k\u00e4vij\u00f6iden henkil\u00f6tietoja seuraaviin tarkoituksiin:<\/p>\n<ul>\n<li>yhteydenottolomakkeen kautta l\u00e4hetettyihin pyynt\u00f6ihin vastaamiseen;<\/li>\n<li>viestint\u00e4\u00e4n ja palautteen antamiseen;<\/li>\n<li>palvelujen tarjoamiseen ja yhteydenottojen k\u00e4sittelyyn.<\/li>\n<\/ul>\n<p>Almerea k\u00e4ytt\u00e4\u00e4 my\u00f6s ev\u00e4steit\u00e4 sivuston suorituskyvyn seurantaan ja k\u00e4ytt\u00f6liittym\u00e4n parantamiseen.<\/p>\n<h2>Kenelle voimme luovuttaa henkil\u00f6tietoja<\/h2>\n<p>Voimme luovuttaa tietojasi kolmansille osapuolille ainoastaan seuraavissa tapauksissa:<\/p>\n<ul>\n<li>jos luovutus on tarpeen tilauksen toimittamiseksi (esimerkiksi kuriiripalvelulle);<\/li>\n<li>jos luovutus on lain edellytt\u00e4m\u00e4\u00e4 (esimerkiksi tuomioistuimen pyynn\u00f6st\u00e4 tai oikeudenk\u00e4yntimenettelyn yhteydess\u00e4).<\/li>\n<\/ul>\n<p>Kaikissa muissa tapauksissa henkil\u00f6tietoja:<\/p>\n<ul>\n<li><strong>ei luovuteta<\/strong> kolmansille osapuolille;<\/li>\n<li><strong>ei vuokrata<\/strong> eik\u00e4 myyd\u00e4;<\/li>\n<li><strong>ei k\u00e4ytet\u00e4<\/strong> muihin tarkoituksiin kuin edell\u00e4 kuvattuihin.<\/li>\n<\/ul>\n<h2>Tietoturva<\/h2>\n<p>Tietojen siirtoa internetin kautta ei voida taata 100-prosenttisesti turvalliseksi, mutta ryhdymme tarvittaviin toimenpiteisiin henkil\u00f6tietojesi suojaamiseksi ja luvattoman k\u00e4yt\u00f6n est\u00e4miseksi.<\/p>\t\t\t\t\t\t\t\t<\/div>\n\t\t\t\t\t<\/div>\n\t\t\t\t<\/div>\n\t\t\t\t<\/div>\n\t\t","protected":false},"excerpt":{"rendered":"<p>Tietosuojak\u00e4yt\u00e4nt\u00f6 Almerea pyrkii suojaamaan verkkosivuston www.almerea.com k\u00e4vij\u00f6iden yksityisyytt\u00e4. Tutustuthan tietosuojak\u00e4yt\u00e4nt\u00f6\u00f6mme ymm\u00e4rt\u00e4\u00e4ksesi, miten k\u00e4sittelemme henkil\u00f6tietojasi. Almerea pid\u00e4tt\u00e4\u00e4 oikeuden muuttaa tietosuojak\u00e4yt\u00e4nt\u00f6\u00e4 milloin tahansa ilman erillist\u00e4 ennakkoilmoitusta. Suosittelemme tarkistamaan t\u00e4m\u00e4n osion s\u00e4\u00e4nn\u00f6llisesti. Mit\u00e4 henkil\u00f6tietoja ker\u00e4\u00e4mme T\u00e4ytt\u00e4ess\u00e4si sivuston yhteydenottolomaketta sinua saatetaan pyyt\u00e4\u00e4 antamaan: etu- ja sukunimi; puhelinnumero; s\u00e4hk\u00f6postiosoite; lis\u00e4tietoja, jotka p\u00e4\u00e4t\u00e4t itse antaa. Jos et hyv\u00e4ksy ev\u00e4steit\u00e4, osa sivuston [&hellip;]<\/p>\n","protected":false},"author":1,"featured_media":0,"parent":0,"menu_order":0,"comment_status":"closed","ping_status":"closed","template":"","meta":{"_acf_changed":false,"footnotes":""},"class_list":["post-11629","page","type-page","status-publish","hentry"],"blocksy_meta":{"has_hero_section":"disabled","vertical_spacing_source":"custom","content_area_spacing":"none","styles_descriptor":{"styles":{"desktop":"","tablet":"","mobile":""},"google_fonts":[],"version":6}},"acf":[],"yoast_head":"<!-- This site is optimized with the Yoast SEO Premium plugin v24.7 (Yoast SEO v27.3) - https:\/\/yoast.com\/product\/yoast-seo-premium-wordpress\/ -->\n<title>Tietosuojak\u00e4yt\u00e4nt\u00f6 | Almerea<\/title>\n<meta name=\"description\" content=\"Tietosuojak\u00e4yt\u00e4nt\u00f6. Toimitus kaikkialle Eurooppaan, ekosertifikaatit ja turvallinen kassatoiminto. Premium-luonnonmateriaalit ja kest\u00e4v\u00e4 laatu\" \/>\n<meta name=\"robots\" content=\"index, follow, max-snippet:-1, max-image-preview:large, max-video-preview:-1\" \/>\n<link rel=\"canonical\" href=\"https:\/\/almerea.com\/fi\/privacy-policy\/\" \/>\n<meta property=\"og:locale\" content=\"fi_FI\" \/>\n<meta property=\"og:type\" content=\"article\" \/>\n<meta property=\"og:title\" content=\"Tietosuojak\u00e4yt\u00e4nt\u00f6 | Almerea\" \/>\n<meta property=\"og:description\" content=\"Tietosuojak\u00e4yt\u00e4nt\u00f6. Shipping across Europe, eco certificates, and secure checkout. Premium natural materials and lasting quality\" \/>\n<meta property=\"og:url\" content=\"https:\/\/almerea.com\/fi\/privacy-policy\/\" \/>\n<meta property=\"og:site_name\" content=\"Almerea\" \/>\n<meta property=\"article:modified_time\" content=\"2026-01-04T11:04:59+00:00\" \/>\n<meta property=\"og:image\" content=\"https:\/\/almerea.com\/wp-content\/uploads\/almerea-5.webp\" \/>\n\t<meta property=\"og:image:width\" content=\"1200\" \/>\n\t<meta property=\"og:image:height\" content=\"800\" \/>\n\t<meta property=\"og:image:type\" content=\"image\/webp\" \/>\n<meta name=\"twitter:card\" content=\"summary_large_image\" \/>\n<meta name=\"twitter:label1\" content=\"Arvioitu lukuaika\" \/>\n\t<meta name=\"twitter:data1\" content=\"2 minuutti\" \/>\n<script type=\"application\/ld+json\" class=\"yoast-schema-graph\">{\"@context\":\"https:\\\/\\\/schema.org\",\"@graph\":[{\"@type\":\"WebPage\",\"@id\":\"https:\\\/\\\/almerea.com\\\/fi\\\/privacy-policy\\\/\",\"url\":\"https:\\\/\\\/almerea.com\\\/fi\\\/privacy-policy\\\/\",\"name\":\"Tietosuojak\u00e4yt\u00e4nt\u00f6 | Almerea\",\"isPartOf\":{\"@id\":\"https:\\\/\\\/almerea.com\\\/fi\\\/#website\"},\"datePublished\":\"2025-11-27T13:21:38+00:00\",\"dateModified\":\"2026-01-04T11:04:59+00:00\",\"description\":\"Tietosuojak\u00e4yt\u00e4nt\u00f6. Toimitus kaikkialle Eurooppaan, ekosertifikaatit ja turvallinen kassatoiminto. Premium-luonnonmateriaalit ja kest\u00e4v\u00e4 laatu\",\"breadcrumb\":{\"@id\":\"https:\\\/\\\/almerea.com\\\/fi\\\/privacy-policy\\\/#breadcrumb\"},\"inLanguage\":\"fi\",\"potentialAction\":[{\"@type\":\"ReadAction\",\"target\":[\"https:\\\/\\\/almerea.com\\\/fi\\\/privacy-policy\\\/\"]}]},{\"@type\":\"BreadcrumbList\",\"@id\":\"https:\\\/\\\/almerea.com\\\/fi\\\/privacy-policy\\\/#breadcrumb\",\"itemListElement\":[{\"@type\":\"ListItem\",\"position\":1,\"name\":\"Home\",\"item\":\"https:\\\/\\\/almerea.com\\\/fi\\\/\"},{\"@type\":\"ListItem\",\"position\":2,\"name\":\"Tietosuojak\u00e4yt\u00e4nt\u00f6\"}]},{\"@type\":\"WebSite\",\"@id\":\"https:\\\/\\\/almerea.com\\\/fi\\\/#website\",\"url\":\"https:\\\/\\\/almerea.com\\\/fi\\\/\",\"name\":\"Almerea\",\"description\":\"\",\"publisher\":{\"@id\":\"https:\\\/\\\/almerea.com\\\/fi\\\/#organization\"},\"potentialAction\":[{\"@type\":\"SearchAction\",\"target\":{\"@type\":\"EntryPoint\",\"urlTemplate\":\"https:\\\/\\\/almerea.com\\\/fi\\\/?s={search_term_string}\"},\"query-input\":{\"@type\":\"PropertyValueSpecification\",\"valueRequired\":true,\"valueName\":\"search_term_string\"}}],\"inLanguage\":\"fi\"},{\"@type\":\"Organization\",\"@id\":\"https:\\\/\\\/almerea.com\\\/fi\\\/#organization\",\"name\":\"Almerea\",\"url\":\"https:\\\/\\\/almerea.com\\\/fi\\\/\",\"logo\":{\"@type\":\"ImageObject\",\"inLanguage\":\"fi\",\"@id\":\"https:\\\/\\\/almerea.com\\\/fi\\\/#\\\/schema\\\/logo\\\/image\\\/\",\"url\":\"https:\\\/\\\/almerea.com\\\/wp-content\\\/uploads\\\/ALMEREA-LOGO.png\",\"contentUrl\":\"https:\\\/\\\/almerea.com\\\/wp-content\\\/uploads\\\/ALMEREA-LOGO.png\",\"width\":286,\"height\":154,\"caption\":\"Almerea\"},\"image\":{\"@id\":\"https:\\\/\\\/almerea.com\\\/fi\\\/#\\\/schema\\\/logo\\\/image\\\/\"}}]}<\/script>\n<!-- \/ Yoast SEO Premium plugin. -->","yoast_head_json":{"title":"Tietosuojak\u00e4yt\u00e4nt\u00f6 | Almerea","description":"Tietosuojak\u00e4yt\u00e4nt\u00f6. Toimitus kaikkialle Eurooppaan, ekosertifikaatit ja turvallinen kassatoiminto. Premium-luonnonmateriaalit ja kest\u00e4v\u00e4 laatu","robots":{"index":"index","follow":"follow","max-snippet":"max-snippet:-1","max-image-preview":"max-image-preview:large","max-video-preview":"max-video-preview:-1"},"canonical":"https:\/\/almerea.com\/fi\/privacy-policy\/","og_locale":"fi_FI","og_type":"article","og_title":"Tietosuojak\u00e4yt\u00e4nt\u00f6 | Almerea","og_description":"Tietosuojak\u00e4yt\u00e4nt\u00f6. Shipping across Europe, eco certificates, and secure checkout. Premium natural materials and lasting quality","og_url":"https:\/\/almerea.com\/fi\/privacy-policy\/","og_site_name":"Almerea","article_modified_time":"2026-01-04T11:04:59+00:00","og_image":[{"width":1200,"height":800,"url":"https:\/\/almerea.com\/wp-content\/uploads\/almerea-5.webp","type":"image\/webp"}],"twitter_card":"summary_large_image","twitter_misc":{"Arvioitu lukuaika":"2 minuutti"},"schema":{"@context":"https:\/\/schema.org","@graph":[{"@type":"WebPage","@id":"https:\/\/almerea.com\/fi\/privacy-policy\/","url":"https:\/\/almerea.com\/fi\/privacy-policy\/","name":"Tietosuojak\u00e4yt\u00e4nt\u00f6 | Almerea","isPartOf":{"@id":"https:\/\/almerea.com\/fi\/#website"},"datePublished":"2025-11-27T13:21:38+00:00","dateModified":"2026-01-04T11:04:59+00:00","description":"Tietosuojak\u00e4yt\u00e4nt\u00f6. Toimitus kaikkialle Eurooppaan, ekosertifikaatit ja turvallinen kassatoiminto. Premium-luonnonmateriaalit ja kest\u00e4v\u00e4 laatu","breadcrumb":{"@id":"https:\/\/almerea.com\/fi\/privacy-policy\/#breadcrumb"},"inLanguage":"fi","potentialAction":[{"@type":"ReadAction","target":["https:\/\/almerea.com\/fi\/privacy-policy\/"]}]},{"@type":"BreadcrumbList","@id":"https:\/\/almerea.com\/fi\/privacy-policy\/#breadcrumb","itemListElement":[{"@type":"ListItem","position":1,"name":"Home","item":"https:\/\/almerea.com\/fi\/"},{"@type":"ListItem","position":2,"name":"Tietosuojak\u00e4yt\u00e4nt\u00f6"}]},{"@type":"WebSite","@id":"https:\/\/almerea.com\/fi\/#website","url":"https:\/\/almerea.com\/fi\/","name":"Almerea","description":"","publisher":{"@id":"https:\/\/almerea.com\/fi\/#organization"},"potentialAction":[{"@type":"SearchAction","target":{"@type":"EntryPoint","urlTemplate":"https:\/\/almerea.com\/fi\/?s={search_term_string}"},"query-input":{"@type":"PropertyValueSpecification","valueRequired":true,"valueName":"search_term_string"}}],"inLanguage":"fi"},{"@type":"Organization","@id":"https:\/\/almerea.com\/fi\/#organization","name":"Almerea","url":"https:\/\/almerea.com\/fi\/","logo":{"@type":"ImageObject","inLanguage":"fi","@id":"https:\/\/almerea.com\/fi\/#\/schema\/logo\/image\/","url":"https:\/\/almerea.com\/wp-content\/uploads\/ALMEREA-LOGO.png","contentUrl":"https:\/\/almerea.com\/wp-content\/uploads\/ALMEREA-LOGO.png","width":286,"height":154,"caption":"Almerea"},"image":{"@id":"https:\/\/almerea.com\/fi\/#\/schema\/logo\/image\/"}}]}},"_links":{"self":[{"href":"https:\/\/almerea.com\/fi\/wp-json\/wp\/v2\/pages\/11629","targetHints":{"allow":["GET"]}}],"collection":[{"href":"https:\/\/almerea.com\/fi\/wp-json\/wp\/v2\/pages"}],"about":[{"href":"https:\/\/almerea.com\/fi\/wp-json\/wp\/v2\/types\/page"}],"author":[{"embeddable":true,"href":"https:\/\/almerea.com\/fi\/wp-json\/wp\/v2\/users\/1"}],"replies":[{"embeddable":true,"href":"https:\/\/almerea.com\/fi\/wp-json\/wp\/v2\/comments?post=11629"}],"version-history":[{"count":16,"href":"https:\/\/almerea.com\/fi\/wp-json\/wp\/v2\/pages\/11629\/revisions"}],"predecessor-version":[{"id":12181,"href":"https:\/\/almerea.com\/fi\/wp-json\/wp\/v2\/pages\/11629\/revisions\/12181"}],"wp:attachment":[{"href":"https:\/\/almerea.com\/fi\/wp-json\/wp\/v2\/media?parent=11629"}],"curies":[{"name":"wp","href":"https:\/\/api.w.org\/{rel}","templated":true}]}}