{"id":41924,"date":"2026-03-18T11:52:52","date_gmt":"2026-03-18T09:52:52","guid":{"rendered":"https:\/\/almerea.com\/?post_type=product&#038;p=41924"},"modified":"2026-03-18T15:56:27","modified_gmt":"2026-03-18T13:56:27","slug":"gift-box-l-black","status":"publish","type":"product","link":"https:\/\/almerea.com\/et\/product\/gift-box-l-black\/","title":{"rendered":"Kinkekarp"},"content":{"rendered":"\t\t<div data-elementor-type=\"product-post\" data-elementor-id=\"41924\" class=\"elementor elementor-41924 elementor-41918\" data-elementor-post-type=\"product\">\n\t\t\t\t<div class=\"elementor-element elementor-element-54389a8 e-flex e-con-boxed e-con e-parent\" data-id=\"54389a8\" data-element_type=\"container\" data-e-type=\"container\">\n\t\t\t\t\t<div class=\"e-con-inner\">\n\t\t<div class=\"elementor-element elementor-element-8502fa4 e-con-full e-flex e-con e-child\" data-id=\"8502fa4\" data-element_type=\"container\" data-e-type=\"container\">\n\t\t\t\t<div class=\"elementor-element elementor-element-8ea8f6b elementor-widget elementor-widget-n-accordion\" data-id=\"8ea8f6b\" data-element_type=\"widget\" data-e-type=\"widget\" data-settings=\"{&quot;default_state&quot;:&quot;expanded&quot;,&quot;max_items_expended&quot;:&quot;one&quot;,&quot;n_accordion_animation_duration&quot;:{&quot;unit&quot;:&quot;ms&quot;,&quot;size&quot;:400,&quot;sizes&quot;:[]}}\" data-widget_type=\"nested-accordion.default\">\n\t\t\t\t\t\t\t<div class=\"e-n-accordion\" aria-label=\"Accordion. Open links with Enter or Space, close with Escape, and navigate with Arrow Keys\">\n\t\t\t\t\t\t<details id=\"e-n-accordion-item-1490\" class=\"e-n-accordion-item\" open>\n\t\t\t\t<summary class=\"e-n-accordion-item-title\" data-accordion-index=\"1\" tabindex=\"0\" aria-expanded=\"true\" aria-controls=\"e-n-accordion-item-1490\" >\n\t\t\t\t\t<span class='e-n-accordion-item-title-header'><h2 class=\"e-n-accordion-item-title-text\"> Roosinuppudega kinkekarp <\/h2><\/span>\n\t\t\t\t\t\t\t<span class='e-n-accordion-item-title-icon'>\n\t\t\t<span class='e-opened' ><svg aria-hidden=\"true\" class=\"e-font-icon-svg e-fas-caret-up\" viewBox=\"0 0 320 512\" xmlns=\"http:\/\/www.w3.org\/2000\/svg\"><path d=\"M288.662 352H31.338c-17.818 0-26.741-21.543-14.142-34.142l128.662-128.662c7.81-7.81 20.474-7.81 28.284 0l128.662 128.662c12.6 12.599 3.676 34.142-14.142 34.142z\"><\/path><\/svg><\/span>\n\t\t\t<span class='e-closed'><svg aria-hidden=\"true\" class=\"e-font-icon-svg e-fas-caret-down\" viewBox=\"0 0 320 512\" xmlns=\"http:\/\/www.w3.org\/2000\/svg\"><path d=\"M31.3 192h257.3c17.8 0 26.7 21.5 14.1 34.1L174.1 354.8c-7.8 7.8-20.5 7.8-28.3 0L17.2 226.1C4.6 213.5 13.5 192 31.3 192z\"><\/path><\/svg><\/span>\n\t\t<\/span>\n\n\t\t\t\t\t\t<\/summary>\n\t\t\t\t<div role=\"region\" aria-labelledby=\"e-n-accordion-item-1490\" class=\"elementor-element elementor-element-97ad673 e-con-full e-flex e-con e-child\" data-id=\"97ad673\" data-element_type=\"container\" data-e-type=\"container\">\n\t\t\t\t<div class=\"elementor-element elementor-element-815ba93 elementor-widget elementor-widget-text-editor\" data-id=\"815ba93\" data-element_type=\"widget\" data-e-type=\"widget\" data-widget_type=\"text-editor.default\">\n\t\t\t\t\t\t\t\t\t<p class=\"\" data-start=\"0\" data-end=\"211\">Almerea kinkekarp on premium kingipakend ehete jaoks: sobib s\u00f5rmustele, k\u00f5rvar\u00f5ngastele, prossidele ja komplektidele. Sisemine vahet\u00fckk fikseerib ehte ning kaitseb seda hoiustamisel ja transpordil \u2014 mugav, kui on vaja kingitus kiiresti valmis teha.<\/p>\t\t\t\t\t\t\t\t<\/div>\n\t\t\t\t<\/div>\n\t\t\t\t\t<\/details>\n\t\t\t\t\t\t<details id=\"e-n-accordion-item-1491\" class=\"e-n-accordion-item\" >\n\t\t\t\t<summary class=\"e-n-accordion-item-title\" data-accordion-index=\"2\" tabindex=\"-1\" aria-expanded=\"false\" aria-controls=\"e-n-accordion-item-1491\" >\n\t\t\t\t\t<span class='e-n-accordion-item-title-header'><h2 class=\"e-n-accordion-item-title-text\"> Komplekt ja omadused <\/h2><\/span>\n\t\t\t\t\t\t\t<span class='e-n-accordion-item-title-icon'>\n\t\t\t<span class='e-opened' ><svg aria-hidden=\"true\" class=\"e-font-icon-svg e-fas-caret-up\" viewBox=\"0 0 320 512\" xmlns=\"http:\/\/www.w3.org\/2000\/svg\"><path d=\"M288.662 352H31.338c-17.818 0-26.741-21.543-14.142-34.142l128.662-128.662c7.81-7.81 20.474-7.81 28.284 0l128.662 128.662c12.6 12.599 3.676 34.142-14.142 34.142z\"><\/path><\/svg><\/span>\n\t\t\t<span class='e-closed'><svg aria-hidden=\"true\" class=\"e-font-icon-svg e-fas-caret-down\" viewBox=\"0 0 320 512\" xmlns=\"http:\/\/www.w3.org\/2000\/svg\"><path d=\"M31.3 192h257.3c17.8 0 26.7 21.5 14.1 34.1L174.1 354.8c-7.8 7.8-20.5 7.8-28.3 0L17.2 226.1C4.6 213.5 13.5 192 31.3 192z\"><\/path><\/svg><\/span>\n\t\t<\/span>\n\n\t\t\t\t\t\t<\/summary>\n\t\t\t\t<div role=\"region\" aria-labelledby=\"e-n-accordion-item-1491\" class=\"elementor-element elementor-element-4c573eb e-con-full e-flex e-con e-child\" data-id=\"4c573eb\" data-element_type=\"container\" data-e-type=\"container\">\n\t\t\t\t<div class=\"elementor-element elementor-element-47715d1 elementor-widget elementor-widget-text-editor\" data-id=\"47715d1\" data-element_type=\"widget\" data-e-type=\"widget\" data-widget_type=\"text-editor.default\">\n\t\t\t\t\t\t\t\t\t<p><strong>Komplektis:<\/strong><\/p><ul><li>1 tk : kinkekarp<\/li><li>6 tk : kunstlikud roosinupud<\/li><li>1 tk : stiilne kott<\/li><\/ul><p><strong>Omadused :<\/strong><\/p><ul><li>Karbi m\u00f5\u00f5dud 12,5\u00d78,5\u00d74,5 cm<\/li><li>Koti m\u00f5\u00f5dud 14\u00d711,7\u00d76 cm<\/li><\/ul>\t\t\t\t\t\t\t\t<\/div>\n\t\t\t\t<\/div>\n\t\t\t\t\t<\/details>\n\t\t\t\t\t\t<details id=\"e-n-accordion-item-1492\" class=\"e-n-accordion-item\" >\n\t\t\t\t<summary class=\"e-n-accordion-item-title\" data-accordion-index=\"3\" tabindex=\"-1\" aria-expanded=\"false\" aria-controls=\"e-n-accordion-item-1492\" >\n\t\t\t\t\t<span class='e-n-accordion-item-title-header'><h2 class=\"e-n-accordion-item-title-text\"> Kirjeldus ja eelised <\/h2><\/span>\n\t\t\t\t\t\t\t<span class='e-n-accordion-item-title-icon'>\n\t\t\t<span class='e-opened' ><svg aria-hidden=\"true\" class=\"e-font-icon-svg e-fas-caret-up\" viewBox=\"0 0 320 512\" xmlns=\"http:\/\/www.w3.org\/2000\/svg\"><path d=\"M288.662 352H31.338c-17.818 0-26.741-21.543-14.142-34.142l128.662-128.662c7.81-7.81 20.474-7.81 28.284 0l128.662 128.662c12.6 12.599 3.676 34.142-14.142 34.142z\"><\/path><\/svg><\/span>\n\t\t\t<span class='e-closed'><svg aria-hidden=\"true\" class=\"e-font-icon-svg e-fas-caret-down\" viewBox=\"0 0 320 512\" xmlns=\"http:\/\/www.w3.org\/2000\/svg\"><path d=\"M31.3 192h257.3c17.8 0 26.7 21.5 14.1 34.1L174.1 354.8c-7.8 7.8-20.5 7.8-28.3 0L17.2 226.1C4.6 213.5 13.5 192 31.3 192z\"><\/path><\/svg><\/span>\n\t\t<\/span>\n\n\t\t\t\t\t\t<\/summary>\n\t\t\t\t<div role=\"region\" aria-labelledby=\"e-n-accordion-item-1492\" class=\"elementor-element elementor-element-331d2a4 e-con-full e-flex e-con e-child\" data-id=\"331d2a4\" data-element_type=\"container\" data-e-type=\"container\">\n\t\t\t\t<div class=\"elementor-element elementor-element-2e5b010 elementor-widget elementor-widget-text-editor\" data-id=\"2e5b010\" data-element_type=\"widget\" data-e-type=\"widget\" data-widget_type=\"text-editor.default\">\n\t\t\t\t\t\t\t\t\t<p>Almerea kinkekarp on premium kingipakend ehete jaoks, mis lahendab peamise k\u00fcsimuse: kuidas kingitus kiiresti vormistada nii, et selle saaks kohe \u00fcle anda v\u00f5i adressaadile saata. Karbi saab lisada tellimusele \u2014 ja saadki kingituseks valmis komplekti, ilma lisapakendamise ja \u201ckus pakkida\u201d otsimiseta.<\/p><p>See on eriti mugav, kui tellid kingituse ette v\u00f5i saadad selle teise linna v\u00f5i riiki \u2014 pakend n\u00e4eb ilus v\u00e4lja ja kaitseb sisu teel.<\/p><p><strong>Eelised:<\/strong><\/p><ul><li>saad karbi lisada tellimusele ja saada kingituseks valmis komplekti;<\/li><li>mugav saatmiseks <strong>teise linna v\u00f5i riiki<\/strong>;<\/li><li>sobib s\u00f5rmustele, k\u00f5rvar\u00f5ngastele, prossidele ja komplektidele;<\/li><li>sisemine vahet\u00fckk fikseerib ehte;<\/li><\/ul><p>Tagame <strong data-start=\"1686\" data-end=\"1713\">tellimuse kiire l\u00e4hetuse<\/strong> ja <strong data-start=\"1716\" data-end=\"1755\">kohaletoimetamise \u00fcle Euroopa ja Balti riikidesse<\/strong>, et sinu uus aksessuaar j\u00f5uaks kohale ilma liigse ootamiseta.<\/p>\t\t\t\t\t\t\t\t<\/div>\n\t\t\t\t<\/div>\n\t\t\t\t\t<\/details>\n\t\t\t\t\t<\/div>\n\t\t\t\t\t\t<\/div>\n\t\t\t\t<\/div>\n\t\t<div class=\"elementor-element elementor-element-9d4d89a e-con-full e-flex e-con e-child\" data-id=\"9d4d89a\" data-element_type=\"container\" data-e-type=\"container\">\n\t\t\t\t<div class=\"elementor-element elementor-element-ee24dc1 elementor-widget elementor-widget-n-accordion\" data-id=\"ee24dc1\" data-element_type=\"widget\" data-e-type=\"widget\" data-settings=\"{&quot;default_state&quot;:&quot;expanded&quot;,&quot;max_items_expended&quot;:&quot;one&quot;,&quot;n_accordion_animation_duration&quot;:{&quot;unit&quot;:&quot;ms&quot;,&quot;size&quot;:400,&quot;sizes&quot;:[]}}\" data-widget_type=\"nested-accordion.default\">\n\t\t\t\t\t\t\t<div class=\"e-n-accordion\" aria-label=\"Accordion. Open links with Enter or Space, close with Escape, and navigate with Arrow Keys\">\n\t\t\t\t\t\t<details id=\"e-n-accordion-item-2490\" class=\"e-n-accordion-item\" open>\n\t\t\t\t<summary class=\"e-n-accordion-item-title\" data-accordion-index=\"1\" tabindex=\"0\" aria-expanded=\"true\" aria-controls=\"e-n-accordion-item-2490\" >\n\t\t\t\t\t<span class='e-n-accordion-item-title-header'><h2 class=\"e-n-accordion-item-title-text\"> Sobib h\u00e4sti kokku <\/h2><\/span>\n\t\t\t\t\t\t\t<span class='e-n-accordion-item-title-icon'>\n\t\t\t<span class='e-opened' ><svg aria-hidden=\"true\" class=\"e-font-icon-svg e-fas-caret-up\" viewBox=\"0 0 320 512\" xmlns=\"http:\/\/www.w3.org\/2000\/svg\"><path d=\"M288.662 352H31.338c-17.818 0-26.741-21.543-14.142-34.142l128.662-128.662c7.81-7.81 20.474-7.81 28.284 0l128.662 128.662c12.6 12.599 3.676 34.142-14.142 34.142z\"><\/path><\/svg><\/span>\n\t\t\t<span class='e-closed'><svg aria-hidden=\"true\" class=\"e-font-icon-svg e-fas-caret-down\" viewBox=\"0 0 320 512\" xmlns=\"http:\/\/www.w3.org\/2000\/svg\"><path d=\"M31.3 192h257.3c17.8 0 26.7 21.5 14.1 34.1L174.1 354.8c-7.8 7.8-20.5 7.8-28.3 0L17.2 226.1C4.6 213.5 13.5 192 31.3 192z\"><\/path><\/svg><\/span>\n\t\t<\/span>\n\n\t\t\t\t\t\t<\/summary>\n\t\t\t\t<div role=\"region\" aria-labelledby=\"e-n-accordion-item-2490\" class=\"elementor-element elementor-element-93f985c e-con-full e-flex e-con e-child\" data-id=\"93f985c\" data-element_type=\"container\" data-e-type=\"container\">\n\t\t\t\t<div class=\"elementor-element elementor-element-c079972 premium-woo-in-tabs premium-woo-product-align-center elementor-widget elementor-widget-premium-woo-products\" data-id=\"c079972\" data-element_type=\"widget\" data-e-type=\"widget\" data-settings=\"{&quot;products_show_tablet&quot;:3,&quot;products_on_scroll_tablet&quot;:1,&quot;arrows_position&quot;:&quot;default&quot;,&quot;products_show&quot;:3,&quot;products_show_mobile&quot;:1,&quot;products_on_scroll&quot;:1}\" data-widget_type=\"premium-woo-products.grid-4\">\n\t\t\t\t<div class=\"elementor-widget-container\">\n\t\t\t\t\t\t\t<div class=\"premium-woo-empty\">\n\t\t\t<p>No products were found for this query.<\/p>\n\t\t<\/div>\n\t\t\t\t\t\t<\/div>\n\t\t\t\t<\/div>\n\t\t\t\t<\/div>\n\t\t\t\t\t<\/details>\n\t\t\t\t\t\t<details id=\"e-n-accordion-item-2491\" class=\"e-n-accordion-item\" >\n\t\t\t\t<summary class=\"e-n-accordion-item-title\" data-accordion-index=\"2\" tabindex=\"-1\" aria-expanded=\"false\" aria-controls=\"e-n-accordion-item-2491\" >\n\t\t\t\t\t<span class='e-n-accordion-item-title-header'><h2 class=\"e-n-accordion-item-title-text\"> Veel ideid? Ava \u2192 <\/h2><\/span>\n\t\t\t\t\t\t\t<span class='e-n-accordion-item-title-icon'>\n\t\t\t<span class='e-opened' ><svg aria-hidden=\"true\" class=\"e-font-icon-svg e-fas-caret-up\" viewBox=\"0 0 320 512\" xmlns=\"http:\/\/www.w3.org\/2000\/svg\"><path d=\"M288.662 352H31.338c-17.818 0-26.741-21.543-14.142-34.142l128.662-128.662c7.81-7.81 20.474-7.81 28.284 0l128.662 128.662c12.6 12.599 3.676 34.142-14.142 34.142z\"><\/path><\/svg><\/span>\n\t\t\t<span class='e-closed'><svg aria-hidden=\"true\" class=\"e-font-icon-svg e-fas-caret-down\" viewBox=\"0 0 320 512\" xmlns=\"http:\/\/www.w3.org\/2000\/svg\"><path d=\"M31.3 192h257.3c17.8 0 26.7 21.5 14.1 34.1L174.1 354.8c-7.8 7.8-20.5 7.8-28.3 0L17.2 226.1C4.6 213.5 13.5 192 31.3 192z\"><\/path><\/svg><\/span>\n\t\t<\/span>\n\n\t\t\t\t\t\t<\/summary>\n\t\t\t\t<div role=\"region\" aria-labelledby=\"e-n-accordion-item-2491\" class=\"elementor-element elementor-element-0a77e62 e-con-full e-flex e-con e-child\" data-id=\"0a77e62\" data-element_type=\"container\" data-e-type=\"container\">\n\t\t\t\t<div class=\"elementor-element elementor-element-73bbae0 elementor-grid-3 elementor-grid-tablet-3 elementor-grid-mobile-1 elementor-products-grid elementor-wc-products elementor-widget elementor-widget-wc-categories\" data-id=\"73bbae0\" data-element_type=\"widget\" data-e-type=\"widget\" data-widget_type=\"wc-categories.default\">\n\t\t\t\t\t<div class=\"woocommerce columns-3\"><ul class=\"products elementor-grid columns-3\" data-products=\"type-2\" data-hover=\"swap\">\n<li class=\"product-category product first\">\n\t<a aria-label=\"Visit product category Kingitused naistele\" href=\"https:\/\/almerea.com\/et\/product-category\/gifts\/gifts-for-women\/\"><img fetchpriority=\"high\" decoding=\"async\" src=\"https:\/\/almerea.com\/wp-content\/uploads\/gifts-for-women-1-300x300.webp\" alt=\"Kingitused naistele\" width=\"300\" height=\"300\" srcset=\"https:\/\/almerea.com\/wp-content\/uploads\/gifts-for-women-1-300x300.webp 300w, https:\/\/almerea.com\/wp-content\/uploads\/gifts-for-women-1-150x150.webp 150w, https:\/\/almerea.com\/wp-content\/uploads\/gifts-for-women-1-100x100.webp 100w\" sizes=\"(max-width: 300px) 100vw, 300px\" \/>\t\t<h2 class=\"woocommerce-loop-category__title\">\n\t\t\tKingitused naistele <mark class=\"count\">(81)<\/mark>\t\t<\/h2>\n\t\t<\/a><\/li>\n<li class=\"product-category product\">\n\t<a aria-label=\"Visit product category Kingitused meestele\" href=\"https:\/\/almerea.com\/et\/product-category\/gifts\/gifts-for-men\/\"><img decoding=\"async\" src=\"https:\/\/almerea.com\/wp-content\/uploads\/gifts-for-men-1-300x300.webp\" alt=\"Kingitused meestele\" width=\"300\" height=\"300\" srcset=\"https:\/\/almerea.com\/wp-content\/uploads\/gifts-for-men-1-300x300.webp 300w, https:\/\/almerea.com\/wp-content\/uploads\/gifts-for-men-1-150x150.webp 150w, https:\/\/almerea.com\/wp-content\/uploads\/gifts-for-men-1-100x100.webp 100w\" sizes=\"(max-width: 300px) 100vw, 300px\" \/>\t\t<h2 class=\"woocommerce-loop-category__title\">\n\t\t\tKingitused meestele <mark class=\"count\">(7)<\/mark>\t\t<\/h2>\n\t\t<\/a><\/li>\n<li class=\"product-category product last\">\n\t<a aria-label=\"Visit product category Kingitused\" href=\"https:\/\/almerea.com\/et\/product-category\/gifts\/\"><img decoding=\"async\" src=\"https:\/\/almerea.com\/wp-content\/uploads\/gifts-2-300x300.webp\" alt=\"Kingitused\" width=\"300\" height=\"300\" srcset=\"https:\/\/almerea.com\/wp-content\/uploads\/gifts-2-300x300.webp 300w, https:\/\/almerea.com\/wp-content\/uploads\/gifts-2-150x150.webp 150w, https:\/\/almerea.com\/wp-content\/uploads\/gifts-2-100x100.webp 100w\" sizes=\"(max-width: 300px) 100vw, 300px\" \/>\t\t<h2 class=\"woocommerce-loop-category__title\">\n\t\t\tKingitused <mark class=\"count\">(82)<\/mark>\t\t<\/h2>\n\t\t<\/a><\/li>\n<\/ul>\n<\/div>\t\t\t\t<\/div>\n\t\t\t\t<\/div>\n\t\t\t\t\t<\/details>\n\t\t\t\t\t<\/div>\n\t\t\t\t\t\t<\/div>\n\t\t\t\t<\/div>\n\t\t\t\t\t<\/div>\n\t\t\t\t<\/div>\n\t\t\t\t<\/div>\n\t\t","protected":false},"excerpt":{"rendered":"<div class=\"woocommerce-product-details__short-description\"><strong><a class=\"hover-zoom\" title=\"Stiilses pakendis toode\" href=\"https:\/\/almerea.com\/et\/packaging\/stylish-gift-packaging\/\" target=\"_blank\" rel=\"noopener\" aria-label=\"Stiilses pakendis toode\"><img loading=\"lazy\" decoding=\"async\" class=\"alignnone size-full wp-image-12379 ls-is-cached lazyloaded\" src=\"https:\/\/almerea.com\/wp-content\/uploads\/stylish-gift-packaging2.png\" alt=\"\" width=\"45\" height=\"40\" data-src=\"https:\/\/almerea.com\/wp-content\/uploads\/stylish-gift-packaging2.png\" \/><\/a><\/strong><br \/>\n<strong>Karp sinu kingitusele!<\/strong><\/p>\n<ul>\n<li><strong>Suurus:<\/strong> karp 12,5\u00d78,5 cm<\/li>\n<li><strong>V\u00e4rv:<\/strong> must<\/li>\n<li><strong>Omadused:<\/strong> kunstroosid<\/li>\n<li><a href=\"https:\/\/almerea.com\/et\/delivery\/\" target=\"_blank\" rel=\"noopener\"><strong>Kohaletoimetamine:<\/strong> Tasuta kohaletoimetamine* (Tingimused)<\/a><\/li>\n<\/ul>\n<\/div>\n","protected":false},"featured_media":41944,"comment_status":"closed","ping_status":"closed","template":"","meta":{"_acf_changed":false},"product_brand":[],"product_cat":[2313,4293,1648,2330,1649,1646,3015,1651],"product_tag":[1286,1304,1325,1346,1380,1403,1455],"class_list":{"0":"post-41924","1":"product","2":"type-product","3":"status-publish","4":"has-post-thumbnail","6":"product_cat-bestsellers","7":"product_cat-gift-packaging","8":"product_cat-gifts","9":"product_cat-gifts-for-men","10":"product_cat-gifts-for-women","11":"product_cat-all-products","12":"product_cat-sale","13":"product_cat-new-arrivals","14":"product_tag-birthday-gifts","15":"product_tag-birthday-gifts-for-men","16":"product_tag-birthday-gifts-for-women","17":"product_tag-christmas-new-year-gifts","18":"product_tag-fathers-day-gifts","19":"product_tag-mothers-day-gifts","20":"product_tag-valentines-day-gifts","21":"pa_color-black","22":"pa_color-red","23":"pa_gender-men","24":"pa_gender-women","25":"pa_gender-unisex","26":"pa_packaging-stylish-gift-packaging","27":"pa_product-type-all-products","29":"first","30":"instock","31":"sale","32":"shipping-taxable","33":"purchasable","34":"product-type-simple"},"acf":[],"ct_brands":[],"yoast_head":"<!-- This site is optimized with the Yoast SEO Premium plugin v24.7 (Yoast SEO v27.3) - https:\/\/yoast.com\/product\/yoast-seo-premium-wordpress\/ -->\n<title>Kinkekarp | Almerea<\/title>\n<meta name=\"description\" content=\"Kinkekarp \u2014 premium-materjalid Almerea\u2019lt. Kiire kohaletoimetamine \u00fcle Euroopa. Mugav tellimus.\" \/>\n<meta name=\"robots\" content=\"index, follow, max-snippet:-1, max-image-preview:large, max-video-preview:-1\" \/>\n<link rel=\"canonical\" href=\"https:\/\/almerea.com\/et\/product\/gift-box-l-black\/\" \/>\n<meta property=\"og:locale\" content=\"et_EE\" \/>\n<meta property=\"og:type\" content=\"article\" \/>\n<meta property=\"og:title\" content=\"Kinkekarp | Almerea\" \/>\n<meta property=\"og:description\" content=\"Kinkekarp \u2014 premium materials by Almerea. Fast shipping across Europe. Easy online ordering.\" \/>\n<meta property=\"og:url\" content=\"https:\/\/almerea.com\/et\/product\/gift-box-l-black\/\" \/>\n<meta property=\"og:site_name\" content=\"Almerea\" \/>\n<meta property=\"article:modified_time\" content=\"2026-03-18T13:56:27+00:00\" \/>\n<meta property=\"og:image\" content=\"https:\/\/almerea.com\/wp-content\/uploads\/gift-box-l-black.webp\" \/>\n\t<meta property=\"og:image:width\" content=\"800\" \/>\n\t<meta property=\"og:image:height\" content=\"1200\" \/>\n\t<meta property=\"og:image:type\" content=\"image\/webp\" \/>\n<meta name=\"twitter:card\" content=\"summary_large_image\" \/>\n<script type=\"application\/ld+json\" class=\"yoast-schema-graph\">{\"@context\":\"https:\\\/\\\/schema.org\",\"@graph\":[{\"@type\":[\"WebPage\",\"ItemPage\"],\"@id\":\"https:\\\/\\\/almerea.com\\\/et\\\/product\\\/gift-box-l-black\\\/\",\"url\":\"https:\\\/\\\/almerea.com\\\/et\\\/product\\\/gift-box-l-black\\\/\",\"name\":\"Kinkekarp | Almerea\",\"isPartOf\":{\"@id\":\"https:\\\/\\\/almerea.com\\\/et\\\/#website\"},\"primaryImageOfPage\":{\"@id\":\"https:\\\/\\\/almerea.com\\\/et\\\/product\\\/gift-box-l-black\\\/#primaryimage\"},\"image\":{\"@id\":\"https:\\\/\\\/almerea.com\\\/et\\\/product\\\/gift-box-l-black\\\/#primaryimage\"},\"thumbnailUrl\":\"https:\\\/\\\/almerea.com\\\/wp-content\\\/uploads\\\/gift-box-l-black.webp\",\"datePublished\":\"2026-03-18T09:52:52+00:00\",\"dateModified\":\"2026-03-18T13:56:27+00:00\",\"description\":\"Kinkekarp \u2014 premium-materjalid Almerea\u2019lt. Kiire kohaletoimetamine \u00fcle Euroopa. Mugav tellimus.\",\"breadcrumb\":{\"@id\":\"https:\\\/\\\/almerea.com\\\/et\\\/product\\\/gift-box-l-black\\\/#breadcrumb\"},\"inLanguage\":\"et\",\"potentialAction\":[{\"@type\":\"ReadAction\",\"target\":[\"https:\\\/\\\/almerea.com\\\/et\\\/product\\\/gift-box-l-black\\\/\"]}]},{\"@type\":\"ImageObject\",\"inLanguage\":\"et\",\"@id\":\"https:\\\/\\\/almerea.com\\\/et\\\/product\\\/gift-box-l-black\\\/#primaryimage\",\"url\":\"https:\\\/\\\/almerea.com\\\/wp-content\\\/uploads\\\/gift-box-l-black.webp\",\"contentUrl\":\"https:\\\/\\\/almerea.com\\\/wp-content\\\/uploads\\\/gift-box-l-black.webp\",\"width\":800,\"height\":1200},{\"@type\":\"BreadcrumbList\",\"@id\":\"https:\\\/\\\/almerea.com\\\/et\\\/product\\\/gift-box-l-black\\\/#breadcrumb\",\"itemListElement\":[{\"@type\":\"ListItem\",\"position\":1,\"name\":\"Home\",\"item\":\"https:\\\/\\\/almerea.com\\\/et\\\/\"},{\"@type\":\"ListItem\",\"position\":2,\"name\":\"Pood\",\"item\":\"https:\\\/\\\/almerea.com\\\/et\\\/shop\\\/\"},{\"@type\":\"ListItem\",\"position\":3,\"name\":\"Kinkekarp\"}]},{\"@type\":\"WebSite\",\"@id\":\"https:\\\/\\\/almerea.com\\\/et\\\/#website\",\"url\":\"https:\\\/\\\/almerea.com\\\/et\\\/\",\"name\":\"Almerea\",\"description\":\"\",\"publisher\":{\"@id\":\"https:\\\/\\\/almerea.com\\\/et\\\/#organization\"},\"potentialAction\":[{\"@type\":\"SearchAction\",\"target\":{\"@type\":\"EntryPoint\",\"urlTemplate\":\"https:\\\/\\\/almerea.com\\\/et\\\/?s={search_term_string}\"},\"query-input\":{\"@type\":\"PropertyValueSpecification\",\"valueRequired\":true,\"valueName\":\"search_term_string\"}}],\"inLanguage\":\"et\"},{\"@type\":\"Organization\",\"@id\":\"https:\\\/\\\/almerea.com\\\/et\\\/#organization\",\"name\":\"Almerea\",\"url\":\"https:\\\/\\\/almerea.com\\\/et\\\/\",\"logo\":{\"@type\":\"ImageObject\",\"inLanguage\":\"et\",\"@id\":\"https:\\\/\\\/almerea.com\\\/et\\\/#\\\/schema\\\/logo\\\/image\\\/\",\"url\":\"https:\\\/\\\/almerea.com\\\/wp-content\\\/uploads\\\/ALMEREA-LOGO.png\",\"contentUrl\":\"https:\\\/\\\/almerea.com\\\/wp-content\\\/uploads\\\/ALMEREA-LOGO.png\",\"width\":286,\"height\":154,\"caption\":\"Almerea\"},\"image\":{\"@id\":\"https:\\\/\\\/almerea.com\\\/et\\\/#\\\/schema\\\/logo\\\/image\\\/\"}}]}<\/script>\n<!-- \/ Yoast SEO Premium plugin. -->","yoast_head_json":{"title":"Kinkekarp | Almerea","description":"Kinkekarp \u2014 premium-materjalid Almerea\u2019lt. Kiire kohaletoimetamine \u00fcle Euroopa. Mugav tellimus.","robots":{"index":"index","follow":"follow","max-snippet":"max-snippet:-1","max-image-preview":"max-image-preview:large","max-video-preview":"max-video-preview:-1"},"canonical":"https:\/\/almerea.com\/et\/product\/gift-box-l-black\/","og_locale":"et_EE","og_type":"article","og_title":"Kinkekarp | Almerea","og_description":"Kinkekarp \u2014 premium materials by Almerea. Fast shipping across Europe. Easy online ordering.","og_url":"https:\/\/almerea.com\/et\/product\/gift-box-l-black\/","og_site_name":"Almerea","article_modified_time":"2026-03-18T13:56:27+00:00","og_image":[{"width":800,"height":1200,"url":"https:\/\/almerea.com\/wp-content\/uploads\/gift-box-l-black.webp","type":"image\/webp"}],"twitter_card":"summary_large_image","schema":{"@context":"https:\/\/schema.org","@graph":[{"@type":["WebPage","ItemPage"],"@id":"https:\/\/almerea.com\/et\/product\/gift-box-l-black\/","url":"https:\/\/almerea.com\/et\/product\/gift-box-l-black\/","name":"Kinkekarp | Almerea","isPartOf":{"@id":"https:\/\/almerea.com\/et\/#website"},"primaryImageOfPage":{"@id":"https:\/\/almerea.com\/et\/product\/gift-box-l-black\/#primaryimage"},"image":{"@id":"https:\/\/almerea.com\/et\/product\/gift-box-l-black\/#primaryimage"},"thumbnailUrl":"https:\/\/almerea.com\/wp-content\/uploads\/gift-box-l-black.webp","datePublished":"2026-03-18T09:52:52+00:00","dateModified":"2026-03-18T13:56:27+00:00","description":"Kinkekarp \u2014 premium-materjalid Almerea\u2019lt. Kiire kohaletoimetamine \u00fcle Euroopa. Mugav tellimus.","breadcrumb":{"@id":"https:\/\/almerea.com\/et\/product\/gift-box-l-black\/#breadcrumb"},"inLanguage":"et","potentialAction":[{"@type":"ReadAction","target":["https:\/\/almerea.com\/et\/product\/gift-box-l-black\/"]}]},{"@type":"ImageObject","inLanguage":"et","@id":"https:\/\/almerea.com\/et\/product\/gift-box-l-black\/#primaryimage","url":"https:\/\/almerea.com\/wp-content\/uploads\/gift-box-l-black.webp","contentUrl":"https:\/\/almerea.com\/wp-content\/uploads\/gift-box-l-black.webp","width":800,"height":1200},{"@type":"BreadcrumbList","@id":"https:\/\/almerea.com\/et\/product\/gift-box-l-black\/#breadcrumb","itemListElement":[{"@type":"ListItem","position":1,"name":"Home","item":"https:\/\/almerea.com\/et\/"},{"@type":"ListItem","position":2,"name":"Pood","item":"https:\/\/almerea.com\/et\/shop\/"},{"@type":"ListItem","position":3,"name":"Kinkekarp"}]},{"@type":"WebSite","@id":"https:\/\/almerea.com\/et\/#website","url":"https:\/\/almerea.com\/et\/","name":"Almerea","description":"","publisher":{"@id":"https:\/\/almerea.com\/et\/#organization"},"potentialAction":[{"@type":"SearchAction","target":{"@type":"EntryPoint","urlTemplate":"https:\/\/almerea.com\/et\/?s={search_term_string}"},"query-input":{"@type":"PropertyValueSpecification","valueRequired":true,"valueName":"search_term_string"}}],"inLanguage":"et"},{"@type":"Organization","@id":"https:\/\/almerea.com\/et\/#organization","name":"Almerea","url":"https:\/\/almerea.com\/et\/","logo":{"@type":"ImageObject","inLanguage":"et","@id":"https:\/\/almerea.com\/et\/#\/schema\/logo\/image\/","url":"https:\/\/almerea.com\/wp-content\/uploads\/ALMEREA-LOGO.png","contentUrl":"https:\/\/almerea.com\/wp-content\/uploads\/ALMEREA-LOGO.png","width":286,"height":154,"caption":"Almerea"},"image":{"@id":"https:\/\/almerea.com\/et\/#\/schema\/logo\/image\/"}}]}},"_links":{"self":[{"href":"https:\/\/almerea.com\/et\/wp-json\/wp\/v2\/product\/41924","targetHints":{"allow":["GET"]}}],"collection":[{"href":"https:\/\/almerea.com\/et\/wp-json\/wp\/v2\/product"}],"about":[{"href":"https:\/\/almerea.com\/et\/wp-json\/wp\/v2\/types\/product"}],"replies":[{"embeddable":true,"href":"https:\/\/almerea.com\/et\/wp-json\/wp\/v2\/comments?post=41924"}],"version-history":[{"count":5,"href":"https:\/\/almerea.com\/et\/wp-json\/wp\/v2\/product\/41924\/revisions"}],"predecessor-version":[{"id":42113,"href":"https:\/\/almerea.com\/et\/wp-json\/wp\/v2\/product\/41924\/revisions\/42113"}],"wp:featuredmedia":[{"embeddable":true,"href":"https:\/\/almerea.com\/et\/wp-json\/wp\/v2\/media\/41944"}],"wp:attachment":[{"href":"https:\/\/almerea.com\/et\/wp-json\/wp\/v2\/media?parent=41924"}],"wp:term":[{"taxonomy":"product_brand","embeddable":true,"href":"https:\/\/almerea.com\/et\/wp-json\/wp\/v2\/product_brand?post=41924"},{"taxonomy":"product_cat","embeddable":true,"href":"https:\/\/almerea.com\/et\/wp-json\/wp\/v2\/product_cat?post=41924"},{"taxonomy":"product_tag","embeddable":true,"href":"https:\/\/almerea.com\/et\/wp-json\/wp\/v2\/product_tag?post=41924"}],"curies":[{"name":"wp","href":"https:\/\/api.w.org\/{rel}","templated":true}]}}