{"id":25698,"date":"2026-01-22T16:59:30","date_gmt":"2026-01-22T14:59:30","guid":{"rendered":"https:\/\/almerea.com\/?post_type=product&#038;p=25698"},"modified":"2026-01-22T21:44:38","modified_gmt":"2026-01-22T19:44:38","slug":"oasis-set","status":"publish","type":"product","link":"https:\/\/almerea.com\/et\/product\/oasis-set\/","title":{"rendered":"Voodipesukomplekt OASIS"},"content":{"rendered":"\t\t<div data-elementor-type=\"product-post\" data-elementor-id=\"25698\" class=\"elementor elementor-25698 elementor-25692\" data-elementor-post-type=\"product\">\n\t\t\t\t<div class=\"elementor-element elementor-element-54389a8 e-flex e-con-boxed e-con e-parent\" data-id=\"54389a8\" data-element_type=\"container\" data-e-type=\"container\">\n\t\t\t\t\t<div class=\"e-con-inner\">\n\t\t<div class=\"elementor-element elementor-element-8502fa4 e-con-full e-flex e-con e-child\" data-id=\"8502fa4\" data-element_type=\"container\" data-e-type=\"container\">\n\t\t\t\t<div class=\"elementor-element elementor-element-8ea8f6b elementor-widget elementor-widget-n-accordion\" data-id=\"8ea8f6b\" data-element_type=\"widget\" data-e-type=\"widget\" data-settings=\"{&quot;default_state&quot;:&quot;expanded&quot;,&quot;max_items_expended&quot;:&quot;one&quot;,&quot;n_accordion_animation_duration&quot;:{&quot;unit&quot;:&quot;ms&quot;,&quot;size&quot;:400,&quot;sizes&quot;:[]}}\" data-widget_type=\"nested-accordion.default\">\n\t\t\t\t\t\t\t<div class=\"e-n-accordion\" aria-label=\"Accordion. Open links with Enter or Space, close with Escape, and navigate with Arrow Keys\">\n\t\t\t\t\t\t<details id=\"e-n-accordion-item-1490\" class=\"e-n-accordion-item\" open>\n\t\t\t\t<summary class=\"e-n-accordion-item-title\" data-accordion-index=\"1\" tabindex=\"0\" aria-expanded=\"true\" aria-controls=\"e-n-accordion-item-1490\" >\n\t\t\t\t\t<span class='e-n-accordion-item-title-header'><h2 class=\"e-n-accordion-item-title-text\"> OASIS voodipesukomplekt (100% satiin) <\/h2><\/span>\n\t\t\t\t\t\t\t<span class='e-n-accordion-item-title-icon'>\n\t\t\t<span class='e-opened' ><svg aria-hidden=\"true\" class=\"e-font-icon-svg e-fas-caret-up\" viewBox=\"0 0 320 512\" xmlns=\"http:\/\/www.w3.org\/2000\/svg\"><path d=\"M288.662 352H31.338c-17.818 0-26.741-21.543-14.142-34.142l128.662-128.662c7.81-7.81 20.474-7.81 28.284 0l128.662 128.662c12.6 12.599 3.676 34.142-14.142 34.142z\"><\/path><\/svg><\/span>\n\t\t\t<span class='e-closed'><svg aria-hidden=\"true\" class=\"e-font-icon-svg e-fas-caret-down\" viewBox=\"0 0 320 512\" xmlns=\"http:\/\/www.w3.org\/2000\/svg\"><path d=\"M31.3 192h257.3c17.8 0 26.7 21.5 14.1 34.1L174.1 354.8c-7.8 7.8-20.5 7.8-28.3 0L17.2 226.1C4.6 213.5 13.5 192 31.3 192z\"><\/path><\/svg><\/span>\n\t\t<\/span>\n\n\t\t\t\t\t\t<\/summary>\n\t\t\t\t<div role=\"region\" aria-labelledby=\"e-n-accordion-item-1490\" class=\"elementor-element elementor-element-97ad673 e-con-full e-flex e-con e-child\" data-id=\"97ad673\" data-element_type=\"container\" data-e-type=\"container\">\n\t\t\t\t<div class=\"elementor-element elementor-element-815ba93 elementor-widget elementor-widget-text-editor\" data-id=\"815ba93\" data-element_type=\"widget\" data-e-type=\"widget\" data-widget_type=\"text-editor.default\">\n\t\t\t\t\t\t\t\t\t<p>OASIS \u2014 100% puuvillasatiinist voodipesukomplekt. Komplektis on voodilina, tekikott 160\u00d7210 cm ja kaks padjap\u00fc\u00fcri \u2014 t\u00e4iskomplekt mugavaks uneks. Tekikott kinnitub vastupidava lukuga alumises servas, seega on voodipesu vahetamine kiire ja mugav.<\/p>\t\t\t\t\t\t\t\t<\/div>\n\t\t\t\t<\/div>\n\t\t\t\t\t<\/details>\n\t\t\t\t\t\t<details id=\"e-n-accordion-item-1491\" class=\"e-n-accordion-item\" >\n\t\t\t\t<summary class=\"e-n-accordion-item-title\" data-accordion-index=\"2\" tabindex=\"-1\" aria-expanded=\"false\" aria-controls=\"e-n-accordion-item-1491\" >\n\t\t\t\t\t<span class='e-n-accordion-item-title-header'><h2 class=\"e-n-accordion-item-title-text\"> Komplekt ja omadused <\/h2><\/span>\n\t\t\t\t\t\t\t<span class='e-n-accordion-item-title-icon'>\n\t\t\t<span class='e-opened' ><svg aria-hidden=\"true\" class=\"e-font-icon-svg e-fas-caret-up\" viewBox=\"0 0 320 512\" xmlns=\"http:\/\/www.w3.org\/2000\/svg\"><path d=\"M288.662 352H31.338c-17.818 0-26.741-21.543-14.142-34.142l128.662-128.662c7.81-7.81 20.474-7.81 28.284 0l128.662 128.662c12.6 12.599 3.676 34.142-14.142 34.142z\"><\/path><\/svg><\/span>\n\t\t\t<span class='e-closed'><svg aria-hidden=\"true\" class=\"e-font-icon-svg e-fas-caret-down\" viewBox=\"0 0 320 512\" xmlns=\"http:\/\/www.w3.org\/2000\/svg\"><path d=\"M31.3 192h257.3c17.8 0 26.7 21.5 14.1 34.1L174.1 354.8c-7.8 7.8-20.5 7.8-28.3 0L17.2 226.1C4.6 213.5 13.5 192 31.3 192z\"><\/path><\/svg><\/span>\n\t\t<\/span>\n\n\t\t\t\t\t\t<\/summary>\n\t\t\t\t<div role=\"region\" aria-labelledby=\"e-n-accordion-item-1491\" class=\"elementor-element elementor-element-4c573eb e-con-full e-flex e-con e-child\" data-id=\"4c573eb\" data-element_type=\"container\" data-e-type=\"container\">\n\t\t\t\t<div class=\"elementor-element elementor-element-47715d1 elementor-widget elementor-widget-text-editor\" data-id=\"47715d1\" data-element_type=\"widget\" data-e-type=\"widget\" data-widget_type=\"text-editor.default\">\n\t\t\t\t\t\t\t\t\t<p><strong>Komplektis:<\/strong><\/p><ul><li>1 tk: tekikott 160\u00d7210 cm<\/li><li>1 tk: lina 160\u00d7230 cm<\/li><li>2 tk: padjap\u00fc\u00fcr 48\u00d774 cm<\/li><\/ul><p><strong>Omadused:<\/strong><\/p><ul><li>Padjap\u00fc\u00fcr sobib <strong>50\u00d770 cm padjale ideaalselt<\/strong><\/li><li>T\u00f5mblukuga tekikott<\/li><li><a href=\"https:\/\/almerea.com\/et\/category\/care\/\" target=\"_blank\" rel=\"noopener\"><span style=\"text-decoration: underline;\"><strong>Hooldusinfo<\/strong><\/span><\/a><\/li><li><span style=\"text-decoration: underline;\"><a href=\"https:\/\/almerea.com\/et\/care-symbols-table\/\" target=\"_blank\" rel=\"noopener\"><strong>Hoolduss\u00fcmbolid lahti seletatud (juhend)<\/strong><\/a><\/span><\/li><\/ul>\t\t\t\t\t\t\t\t<\/div>\n\t\t\t\t<\/div>\n\t\t\t\t\t<\/details>\n\t\t\t\t\t\t<details id=\"e-n-accordion-item-1492\" class=\"e-n-accordion-item\" >\n\t\t\t\t<summary class=\"e-n-accordion-item-title\" data-accordion-index=\"3\" tabindex=\"-1\" aria-expanded=\"false\" aria-controls=\"e-n-accordion-item-1492\" >\n\t\t\t\t\t<span class='e-n-accordion-item-title-header'><h2 class=\"e-n-accordion-item-title-text\"> Kirjeldus ja eelised <\/h2><\/span>\n\t\t\t\t\t\t\t<span class='e-n-accordion-item-title-icon'>\n\t\t\t<span class='e-opened' ><svg aria-hidden=\"true\" class=\"e-font-icon-svg e-fas-caret-up\" viewBox=\"0 0 320 512\" xmlns=\"http:\/\/www.w3.org\/2000\/svg\"><path d=\"M288.662 352H31.338c-17.818 0-26.741-21.543-14.142-34.142l128.662-128.662c7.81-7.81 20.474-7.81 28.284 0l128.662 128.662c12.6 12.599 3.676 34.142-14.142 34.142z\"><\/path><\/svg><\/span>\n\t\t\t<span class='e-closed'><svg aria-hidden=\"true\" class=\"e-font-icon-svg e-fas-caret-down\" viewBox=\"0 0 320 512\" xmlns=\"http:\/\/www.w3.org\/2000\/svg\"><path d=\"M31.3 192h257.3c17.8 0 26.7 21.5 14.1 34.1L174.1 354.8c-7.8 7.8-20.5 7.8-28.3 0L17.2 226.1C4.6 213.5 13.5 192 31.3 192z\"><\/path><\/svg><\/span>\n\t\t<\/span>\n\n\t\t\t\t\t\t<\/summary>\n\t\t\t\t<div role=\"region\" aria-labelledby=\"e-n-accordion-item-1492\" class=\"elementor-element elementor-element-331d2a4 e-con-full e-flex e-con e-child\" data-id=\"331d2a4\" data-element_type=\"container\" data-e-type=\"container\">\n\t\t\t\t<div class=\"elementor-element elementor-element-2e5b010 elementor-widget elementor-widget-text-editor\" data-id=\"2e5b010\" data-element_type=\"widget\" data-e-type=\"widget\" data-widget_type=\"text-editor.default\">\n\t\t\t\t\t\t\t\t\t<p>OASIS \u2014 100% puuvillasatiinist voodipesukomplekt. Komplektis on voodilina, tekikott 160\u00d7210 cm ja kaks padjap\u00fc\u00fcri \u2014 t\u00e4iskomplekt mugavaks uneks. Puuvillasatiin sileda satiinkudega on katsudes meeldiv: see on pehme, siidine ja kerge v\u00e4\u00e4rika l\u00e4ikega. Naturaalne puuvill reguleerib h\u00e4sti temperatuuri ja aitab s\u00e4ilitada mugavust une ajal kogu aasta v\u00e4ltel.<\/p><p>Disaini t\u00e4iendab elegantne muster universaalses v\u00e4rvipaletis. See toon n\u00e4eb v\u00e4rske ja rafineeritud v\u00e4lja, sobitub kergesti erinevate sisustusstiilidega ning sobib peaaegu igasse magamistuppa.<\/p><p>Tellimuse saate vormistada veebis \u2014 tarne on saadaval \u00fcle kogu Euroopa, sh Balti riikidesse ja Soome. Saatmine v\u00f5tab 1\u20132 t\u00f6\u00f6p\u00e4eva. Tellige kohe ja hinnake OASIS kvaliteeti juba p\u00e4rast esimest kasutuskorda.<\/p>\t\t\t\t\t\t\t\t<\/div>\n\t\t\t\t<\/div>\n\t\t\t\t\t<\/details>\n\t\t\t\t\t<\/div>\n\t\t\t\t\t\t<\/div>\n\t\t\t\t<\/div>\n\t\t<div class=\"elementor-element elementor-element-9d4d89a e-con-full e-flex e-con e-child\" data-id=\"9d4d89a\" data-element_type=\"container\" data-e-type=\"container\">\n\t\t\t\t<div class=\"elementor-element elementor-element-ee24dc1 elementor-widget elementor-widget-n-accordion\" data-id=\"ee24dc1\" data-element_type=\"widget\" data-e-type=\"widget\" data-settings=\"{&quot;default_state&quot;:&quot;expanded&quot;,&quot;max_items_expended&quot;:&quot;one&quot;,&quot;n_accordion_animation_duration&quot;:{&quot;unit&quot;:&quot;ms&quot;,&quot;size&quot;:400,&quot;sizes&quot;:[]}}\" data-widget_type=\"nested-accordion.default\">\n\t\t\t\t\t\t\t<div class=\"e-n-accordion\" aria-label=\"Accordion. Open links with Enter or Space, close with Escape, and navigate with Arrow Keys\">\n\t\t\t\t\t\t<details id=\"e-n-accordion-item-2490\" class=\"e-n-accordion-item\" open>\n\t\t\t\t<summary class=\"e-n-accordion-item-title\" data-accordion-index=\"1\" tabindex=\"0\" aria-expanded=\"true\" aria-controls=\"e-n-accordion-item-2490\" >\n\t\t\t\t\t<span class='e-n-accordion-item-title-header'><h2 class=\"e-n-accordion-item-title-text\"> Sobib h\u00e4sti kokku <\/h2><\/span>\n\t\t\t\t\t\t\t<span class='e-n-accordion-item-title-icon'>\n\t\t\t<span class='e-opened' ><svg aria-hidden=\"true\" class=\"e-font-icon-svg e-fas-caret-up\" viewBox=\"0 0 320 512\" xmlns=\"http:\/\/www.w3.org\/2000\/svg\"><path d=\"M288.662 352H31.338c-17.818 0-26.741-21.543-14.142-34.142l128.662-128.662c7.81-7.81 20.474-7.81 28.284 0l128.662 128.662c12.6 12.599 3.676 34.142-14.142 34.142z\"><\/path><\/svg><\/span>\n\t\t\t<span class='e-closed'><svg aria-hidden=\"true\" class=\"e-font-icon-svg e-fas-caret-down\" viewBox=\"0 0 320 512\" xmlns=\"http:\/\/www.w3.org\/2000\/svg\"><path d=\"M31.3 192h257.3c17.8 0 26.7 21.5 14.1 34.1L174.1 354.8c-7.8 7.8-20.5 7.8-28.3 0L17.2 226.1C4.6 213.5 13.5 192 31.3 192z\"><\/path><\/svg><\/span>\n\t\t<\/span>\n\n\t\t\t\t\t\t<\/summary>\n\t\t\t\t<div role=\"region\" aria-labelledby=\"e-n-accordion-item-2490\" class=\"elementor-element elementor-element-93f985c e-con-full e-flex e-con e-child\" data-id=\"93f985c\" data-element_type=\"container\" data-e-type=\"container\">\n\t\t\t\t<div class=\"elementor-element elementor-element-007dacf premium-woo-in-tabs premium-woo-product-align-center elementor-widget elementor-widget-premium-woo-products\" data-id=\"007dacf\" data-element_type=\"widget\" data-e-type=\"widget\" data-settings=\"{&quot;products_show_tablet&quot;:3,&quot;products_on_scroll_tablet&quot;:1,&quot;arrows_position&quot;:&quot;default&quot;,&quot;products_show&quot;:3,&quot;products_show_mobile&quot;:1,&quot;products_on_scroll&quot;:1}\" data-widget_type=\"premium-woo-products.grid-4\">\n\t\t\t\t<div class=\"elementor-widget-container\">\n\t\t\t\t\t\t\t<div class=\"premium-woo-empty\">\n\t\t\t<p>No products were found for this query.<\/p>\n\t\t<\/div>\n\t\t\t\t\t\t<\/div>\n\t\t\t\t<\/div>\n\t\t\t\t<\/div>\n\t\t\t\t\t<\/details>\n\t\t\t\t\t\t<details id=\"e-n-accordion-item-2491\" class=\"e-n-accordion-item\" >\n\t\t\t\t<summary class=\"e-n-accordion-item-title\" data-accordion-index=\"2\" tabindex=\"-1\" aria-expanded=\"false\" aria-controls=\"e-n-accordion-item-2491\" >\n\t\t\t\t\t<span class='e-n-accordion-item-title-header'><h2 class=\"e-n-accordion-item-title-text\"> Veel ideid? Ava \u2192 <\/h2><\/span>\n\t\t\t\t\t\t\t<span class='e-n-accordion-item-title-icon'>\n\t\t\t<span class='e-opened' ><svg aria-hidden=\"true\" class=\"e-font-icon-svg e-fas-caret-up\" viewBox=\"0 0 320 512\" xmlns=\"http:\/\/www.w3.org\/2000\/svg\"><path d=\"M288.662 352H31.338c-17.818 0-26.741-21.543-14.142-34.142l128.662-128.662c7.81-7.81 20.474-7.81 28.284 0l128.662 128.662c12.6 12.599 3.676 34.142-14.142 34.142z\"><\/path><\/svg><\/span>\n\t\t\t<span class='e-closed'><svg aria-hidden=\"true\" class=\"e-font-icon-svg e-fas-caret-down\" viewBox=\"0 0 320 512\" xmlns=\"http:\/\/www.w3.org\/2000\/svg\"><path d=\"M31.3 192h257.3c17.8 0 26.7 21.5 14.1 34.1L174.1 354.8c-7.8 7.8-20.5 7.8-28.3 0L17.2 226.1C4.6 213.5 13.5 192 31.3 192z\"><\/path><\/svg><\/span>\n\t\t<\/span>\n\n\t\t\t\t\t\t<\/summary>\n\t\t\t\t<div role=\"region\" aria-labelledby=\"e-n-accordion-item-2491\" class=\"elementor-element elementor-element-0a77e62 e-con-full e-flex e-con e-child\" data-id=\"0a77e62\" data-element_type=\"container\" data-e-type=\"container\">\n\t\t\t\t<div class=\"elementor-element elementor-element-7a19021 elementor-grid-3 elementor-grid-tablet-3 elementor-grid-mobile-1 elementor-products-grid elementor-wc-products elementor-widget elementor-widget-wc-categories\" data-id=\"7a19021\" data-element_type=\"widget\" data-e-type=\"widget\" data-widget_type=\"wc-categories.default\">\n\t\t\t\t\t<div class=\"woocommerce columns-3\"><ul class=\"products elementor-grid columns-3\" data-products=\"type-2\" data-hover=\"swap\">\n<li class=\"product-category product first\">\n\t<a aria-label=\"Visit product category Tencel voodipesu\" href=\"https:\/\/almerea.com\/et\/product-category\/home-living\/bedding\/tencel-bedding\/\"><img fetchpriority=\"high\" decoding=\"async\" src=\"https:\/\/almerea.com\/wp-content\/uploads\/tencel-bedding-300x300.webp\" alt=\"Tencel voodipesu\" width=\"300\" height=\"300\" srcset=\"https:\/\/almerea.com\/wp-content\/uploads\/tencel-bedding-300x300.webp 300w, https:\/\/almerea.com\/wp-content\/uploads\/tencel-bedding-150x150.webp 150w, https:\/\/almerea.com\/wp-content\/uploads\/tencel-bedding-100x100.webp 100w\" sizes=\"(max-width: 300px) 100vw, 300px\" \/>\t\t<h2 class=\"woocommerce-loop-category__title\">\n\t\t\tTencel voodipesu\t\t<\/h2>\n\t\t<\/a><\/li>\n<li class=\"product-category product\">\n\t<a aria-label=\"Visit product category Musliinist voodipesu\" href=\"https:\/\/almerea.com\/et\/product-category\/home-living\/bedding\/muslin-bedding\/\"><img decoding=\"async\" src=\"https:\/\/almerea.com\/wp-content\/uploads\/muslin-bedding-300x300.webp\" alt=\"Musliinist voodipesu\" width=\"300\" height=\"300\" srcset=\"https:\/\/almerea.com\/wp-content\/uploads\/muslin-bedding-300x300.webp 300w, https:\/\/almerea.com\/wp-content\/uploads\/muslin-bedding-150x150.webp 150w, https:\/\/almerea.com\/wp-content\/uploads\/muslin-bedding-100x100.webp 100w\" sizes=\"(max-width: 300px) 100vw, 300px\" \/>\t\t<h2 class=\"woocommerce-loop-category__title\">\n\t\t\tMusliinist voodipesu\t\t<\/h2>\n\t\t<\/a><\/li>\n<li class=\"product-category product last\">\n\t<a aria-label=\"Visit product category Linane voodipesu\" href=\"https:\/\/almerea.com\/et\/product-category\/home-living\/bedding\/linen-bedding\/\"><img decoding=\"async\" src=\"https:\/\/almerea.com\/wp-content\/uploads\/linen-bedding-300x300.webp\" alt=\"Linane voodipesu\" width=\"300\" height=\"300\" srcset=\"https:\/\/almerea.com\/wp-content\/uploads\/linen-bedding-300x300.webp 300w, https:\/\/almerea.com\/wp-content\/uploads\/linen-bedding-150x150.webp 150w, https:\/\/almerea.com\/wp-content\/uploads\/linen-bedding-100x100.webp 100w\" sizes=\"(max-width: 300px) 100vw, 300px\" \/>\t\t<h2 class=\"woocommerce-loop-category__title\">\n\t\t\tLinane voodipesu\t\t<\/h2>\n\t\t<\/a><\/li>\n<\/ul>\n<\/div>\t\t\t\t<\/div>\n\t\t\t\t<\/div>\n\t\t\t\t\t<\/details>\n\t\t\t\t\t<\/div>\n\t\t\t\t\t\t<\/div>\n\t\t\t\t<\/div>\n\t\t\t\t\t<\/div>\n\t\t\t\t<\/div>\n\t\t\t\t<\/div>\n\t\t","protected":false},"excerpt":{"rendered":"<div class=\"woocommerce-product-details__short-description\"><strong><a class=\"hover-zoom\" title=\"Looduslik toode\" href=\"https:\/\/almerea.com\/et\/product-type\/natural-product\/\" target=\"_blank\" rel=\"noopener\" aria-label=\"Looduslik toode\"><img loading=\"lazy\" decoding=\"async\" class=\"alignnone wp-image-9964 lazyloaded\" src=\"https:\/\/almerea.com\/wp-content\/uploads\/almerea-nature.png\" alt=\"\" width=\"45\" height=\"40\" data-src=\"https:\/\/almerea.com\/wp-content\/uploads\/almerea-nature.png\" \/><\/a><\/strong><br \/>\n<strong>100% puuvill (satiin)<\/strong><\/p>\n<ul>\n<li><a href=\"https:\/\/almerea.com\/et\/series\/oasis\/\" target=\"_blank\" rel=\"noopener\"><strong>Seeria:<\/strong> Oasis<\/a><\/li>\n<li><strong>Suurus (tekikott):<\/strong> 160\u00d7210 cm<\/li>\n<li><strong>V\u00e4rv:<\/strong> mustritega<\/li>\n<li><strong>Materjal:<\/strong> 100% puuvillasatiin<\/li>\n<li><strong>Omadused:<\/strong> tekikotil t\u00f5mblukk<\/li>\n<li><a href=\"https:\/\/almerea.com\/et\/delivery\/\" target=\"_blank\" rel=\"noopener\"><strong>Tarne:<\/strong> tasuta kohaletoimetamine* (Tingimused)<\/a><\/li>\n<\/ul>\n<\/div>\n","protected":false},"featured_media":25403,"comment_status":"closed","ping_status":"closed","template":"","meta":{"_acf_changed":false},"product_brand":[],"product_cat":[1648,1649,2352,1646,2389,2443,1651,2370,3692],"product_tag":[1325,1346,1403],"class_list":{"0":"post-25698","1":"product","2":"type-product","3":"status-publish","4":"has-post-thumbnail","6":"product_cat-gifts","7":"product_cat-gifts-for-women","8":"product_cat-home-living","9":"product_cat-all-products","10":"product_cat-cotton-bedding","11":"product_cat-satiinist-voodipesu","12":"product_cat-new-arrivals","13":"product_cat-bedding","14":"product_cat-bed-linen-set","15":"product_tag-birthday-gifts-for-women","16":"product_tag-christmas-new-year-gifts","17":"product_tag-mothers-day-gifts","18":"pa_color-cream","19":"pa_color-mint","20":"pa_color-green","21":"pa_color-white","22":"pa_material-cotton","23":"pa_material-satin","24":"pa_packaging-standard-packaging","25":"pa_product-type-all-products","26":"pa_product-type-natural-product","27":"pa_series-oasis","28":"pa_size-160x210","30":"first","31":"instock","32":"shipping-taxable","33":"purchasable","34":"product-type-simple"},"acf":[],"ct_brands":[],"yoast_head":"<!-- This site is optimized with the Yoast SEO Premium plugin v24.7 (Yoast SEO v27.3) - https:\/\/yoast.com\/product\/yoast-seo-premium-wordpress\/ -->\n<title>Voodipesukomplekt OASIS | Almerea<\/title>\n<meta name=\"description\" content=\"Voodipesukomplekt OASIS \u2014 premium-materjalid Almerea\u2019lt. Kiire kohaletoimetamine \u00fcle Euroopa. Mugav tellimus.\" \/>\n<meta name=\"robots\" content=\"index, follow, max-snippet:-1, max-image-preview:large, max-video-preview:-1\" \/>\n<link rel=\"canonical\" href=\"https:\/\/almerea.com\/et\/product\/oasis-set\/\" \/>\n<meta property=\"og:locale\" content=\"et_EE\" \/>\n<meta property=\"og:type\" content=\"article\" \/>\n<meta property=\"og:title\" content=\"Voodipesukomplekt OASIS | Almerea\" \/>\n<meta property=\"og:description\" content=\"Voodipesukomplekt OASIS \u2014 premium materials by Almerea. Fast shipping across Europe. Easy online ordering.\" \/>\n<meta property=\"og:url\" content=\"https:\/\/almerea.com\/et\/product\/oasis-set\/\" \/>\n<meta property=\"og:site_name\" content=\"Almerea\" \/>\n<meta property=\"article:modified_time\" content=\"2026-01-22T19:44:38+00:00\" \/>\n<meta property=\"og:image\" content=\"https:\/\/almerea.com\/wp-content\/uploads\/oasis4.webp\" \/>\n\t<meta property=\"og:image:width\" content=\"800\" \/>\n\t<meta property=\"og:image:height\" content=\"1200\" \/>\n\t<meta property=\"og:image:type\" content=\"image\/webp\" \/>\n<meta name=\"twitter:card\" content=\"summary_large_image\" \/>\n<script type=\"application\/ld+json\" class=\"yoast-schema-graph\">{\"@context\":\"https:\\\/\\\/schema.org\",\"@graph\":[{\"@type\":[\"WebPage\",\"ItemPage\"],\"@id\":\"https:\\\/\\\/almerea.com\\\/et\\\/product\\\/oasis-set\\\/\",\"url\":\"https:\\\/\\\/almerea.com\\\/et\\\/product\\\/oasis-set\\\/\",\"name\":\"Voodipesukomplekt OASIS | Almerea\",\"isPartOf\":{\"@id\":\"https:\\\/\\\/almerea.com\\\/et\\\/#website\"},\"primaryImageOfPage\":{\"@id\":\"https:\\\/\\\/almerea.com\\\/et\\\/product\\\/oasis-set\\\/#primaryimage\"},\"image\":{\"@id\":\"https:\\\/\\\/almerea.com\\\/et\\\/product\\\/oasis-set\\\/#primaryimage\"},\"thumbnailUrl\":\"https:\\\/\\\/almerea.com\\\/wp-content\\\/uploads\\\/oasis4.webp\",\"datePublished\":\"2026-01-22T14:59:30+00:00\",\"dateModified\":\"2026-01-22T19:44:38+00:00\",\"description\":\"Voodipesukomplekt OASIS \u2014 premium-materjalid Almerea\u2019lt. Kiire kohaletoimetamine \u00fcle Euroopa. Mugav tellimus.\",\"breadcrumb\":{\"@id\":\"https:\\\/\\\/almerea.com\\\/et\\\/product\\\/oasis-set\\\/#breadcrumb\"},\"inLanguage\":\"et\",\"potentialAction\":[{\"@type\":\"ReadAction\",\"target\":[\"https:\\\/\\\/almerea.com\\\/et\\\/product\\\/oasis-set\\\/\"]}]},{\"@type\":\"ImageObject\",\"inLanguage\":\"et\",\"@id\":\"https:\\\/\\\/almerea.com\\\/et\\\/product\\\/oasis-set\\\/#primaryimage\",\"url\":\"https:\\\/\\\/almerea.com\\\/wp-content\\\/uploads\\\/oasis4.webp\",\"contentUrl\":\"https:\\\/\\\/almerea.com\\\/wp-content\\\/uploads\\\/oasis4.webp\",\"width\":800,\"height\":1200},{\"@type\":\"BreadcrumbList\",\"@id\":\"https:\\\/\\\/almerea.com\\\/et\\\/product\\\/oasis-set\\\/#breadcrumb\",\"itemListElement\":[{\"@type\":\"ListItem\",\"position\":1,\"name\":\"Home\",\"item\":\"https:\\\/\\\/almerea.com\\\/et\\\/\"},{\"@type\":\"ListItem\",\"position\":2,\"name\":\"Pood\",\"item\":\"https:\\\/\\\/almerea.com\\\/et\\\/shop\\\/\"},{\"@type\":\"ListItem\",\"position\":3,\"name\":\"Voodipesukomplekt OASIS\"}]},{\"@type\":\"WebSite\",\"@id\":\"https:\\\/\\\/almerea.com\\\/et\\\/#website\",\"url\":\"https:\\\/\\\/almerea.com\\\/et\\\/\",\"name\":\"Almerea\",\"description\":\"\",\"publisher\":{\"@id\":\"https:\\\/\\\/almerea.com\\\/et\\\/#organization\"},\"potentialAction\":[{\"@type\":\"SearchAction\",\"target\":{\"@type\":\"EntryPoint\",\"urlTemplate\":\"https:\\\/\\\/almerea.com\\\/et\\\/?s={search_term_string}\"},\"query-input\":{\"@type\":\"PropertyValueSpecification\",\"valueRequired\":true,\"valueName\":\"search_term_string\"}}],\"inLanguage\":\"et\"},{\"@type\":\"Organization\",\"@id\":\"https:\\\/\\\/almerea.com\\\/et\\\/#organization\",\"name\":\"Almerea\",\"url\":\"https:\\\/\\\/almerea.com\\\/et\\\/\",\"logo\":{\"@type\":\"ImageObject\",\"inLanguage\":\"et\",\"@id\":\"https:\\\/\\\/almerea.com\\\/et\\\/#\\\/schema\\\/logo\\\/image\\\/\",\"url\":\"https:\\\/\\\/almerea.com\\\/wp-content\\\/uploads\\\/ALMEREA-LOGO.png\",\"contentUrl\":\"https:\\\/\\\/almerea.com\\\/wp-content\\\/uploads\\\/ALMEREA-LOGO.png\",\"width\":286,\"height\":154,\"caption\":\"Almerea\"},\"image\":{\"@id\":\"https:\\\/\\\/almerea.com\\\/et\\\/#\\\/schema\\\/logo\\\/image\\\/\"}}]}<\/script>\n<!-- \/ Yoast SEO Premium plugin. -->","yoast_head_json":{"title":"Voodipesukomplekt OASIS | Almerea","description":"Voodipesukomplekt OASIS \u2014 premium-materjalid Almerea\u2019lt. Kiire kohaletoimetamine \u00fcle Euroopa. Mugav tellimus.","robots":{"index":"index","follow":"follow","max-snippet":"max-snippet:-1","max-image-preview":"max-image-preview:large","max-video-preview":"max-video-preview:-1"},"canonical":"https:\/\/almerea.com\/et\/product\/oasis-set\/","og_locale":"et_EE","og_type":"article","og_title":"Voodipesukomplekt OASIS | Almerea","og_description":"Voodipesukomplekt OASIS \u2014 premium materials by Almerea. Fast shipping across Europe. Easy online ordering.","og_url":"https:\/\/almerea.com\/et\/product\/oasis-set\/","og_site_name":"Almerea","article_modified_time":"2026-01-22T19:44:38+00:00","og_image":[{"width":800,"height":1200,"url":"https:\/\/almerea.com\/wp-content\/uploads\/oasis4.webp","type":"image\/webp"}],"twitter_card":"summary_large_image","schema":{"@context":"https:\/\/schema.org","@graph":[{"@type":["WebPage","ItemPage"],"@id":"https:\/\/almerea.com\/et\/product\/oasis-set\/","url":"https:\/\/almerea.com\/et\/product\/oasis-set\/","name":"Voodipesukomplekt OASIS | Almerea","isPartOf":{"@id":"https:\/\/almerea.com\/et\/#website"},"primaryImageOfPage":{"@id":"https:\/\/almerea.com\/et\/product\/oasis-set\/#primaryimage"},"image":{"@id":"https:\/\/almerea.com\/et\/product\/oasis-set\/#primaryimage"},"thumbnailUrl":"https:\/\/almerea.com\/wp-content\/uploads\/oasis4.webp","datePublished":"2026-01-22T14:59:30+00:00","dateModified":"2026-01-22T19:44:38+00:00","description":"Voodipesukomplekt OASIS \u2014 premium-materjalid Almerea\u2019lt. Kiire kohaletoimetamine \u00fcle Euroopa. Mugav tellimus.","breadcrumb":{"@id":"https:\/\/almerea.com\/et\/product\/oasis-set\/#breadcrumb"},"inLanguage":"et","potentialAction":[{"@type":"ReadAction","target":["https:\/\/almerea.com\/et\/product\/oasis-set\/"]}]},{"@type":"ImageObject","inLanguage":"et","@id":"https:\/\/almerea.com\/et\/product\/oasis-set\/#primaryimage","url":"https:\/\/almerea.com\/wp-content\/uploads\/oasis4.webp","contentUrl":"https:\/\/almerea.com\/wp-content\/uploads\/oasis4.webp","width":800,"height":1200},{"@type":"BreadcrumbList","@id":"https:\/\/almerea.com\/et\/product\/oasis-set\/#breadcrumb","itemListElement":[{"@type":"ListItem","position":1,"name":"Home","item":"https:\/\/almerea.com\/et\/"},{"@type":"ListItem","position":2,"name":"Pood","item":"https:\/\/almerea.com\/et\/shop\/"},{"@type":"ListItem","position":3,"name":"Voodipesukomplekt OASIS"}]},{"@type":"WebSite","@id":"https:\/\/almerea.com\/et\/#website","url":"https:\/\/almerea.com\/et\/","name":"Almerea","description":"","publisher":{"@id":"https:\/\/almerea.com\/et\/#organization"},"potentialAction":[{"@type":"SearchAction","target":{"@type":"EntryPoint","urlTemplate":"https:\/\/almerea.com\/et\/?s={search_term_string}"},"query-input":{"@type":"PropertyValueSpecification","valueRequired":true,"valueName":"search_term_string"}}],"inLanguage":"et"},{"@type":"Organization","@id":"https:\/\/almerea.com\/et\/#organization","name":"Almerea","url":"https:\/\/almerea.com\/et\/","logo":{"@type":"ImageObject","inLanguage":"et","@id":"https:\/\/almerea.com\/et\/#\/schema\/logo\/image\/","url":"https:\/\/almerea.com\/wp-content\/uploads\/ALMEREA-LOGO.png","contentUrl":"https:\/\/almerea.com\/wp-content\/uploads\/ALMEREA-LOGO.png","width":286,"height":154,"caption":"Almerea"},"image":{"@id":"https:\/\/almerea.com\/et\/#\/schema\/logo\/image\/"}}]}},"_links":{"self":[{"href":"https:\/\/almerea.com\/et\/wp-json\/wp\/v2\/product\/25698","targetHints":{"allow":["GET"]}}],"collection":[{"href":"https:\/\/almerea.com\/et\/wp-json\/wp\/v2\/product"}],"about":[{"href":"https:\/\/almerea.com\/et\/wp-json\/wp\/v2\/types\/product"}],"replies":[{"embeddable":true,"href":"https:\/\/almerea.com\/et\/wp-json\/wp\/v2\/comments?post=25698"}],"version-history":[{"count":5,"href":"https:\/\/almerea.com\/et\/wp-json\/wp\/v2\/product\/25698\/revisions"}],"predecessor-version":[{"id":25807,"href":"https:\/\/almerea.com\/et\/wp-json\/wp\/v2\/product\/25698\/revisions\/25807"}],"wp:featuredmedia":[{"embeddable":true,"href":"https:\/\/almerea.com\/et\/wp-json\/wp\/v2\/media\/25403"}],"wp:attachment":[{"href":"https:\/\/almerea.com\/et\/wp-json\/wp\/v2\/media?parent=25698"}],"wp:term":[{"taxonomy":"product_brand","embeddable":true,"href":"https:\/\/almerea.com\/et\/wp-json\/wp\/v2\/product_brand?post=25698"},{"taxonomy":"product_cat","embeddable":true,"href":"https:\/\/almerea.com\/et\/wp-json\/wp\/v2\/product_cat?post=25698"},{"taxonomy":"product_tag","embeddable":true,"href":"https:\/\/almerea.com\/et\/wp-json\/wp\/v2\/product_tag?post=25698"}],"curies":[{"name":"wp","href":"https:\/\/api.w.org\/{rel}","templated":true}]}}