{"id":13038,"date":"2024-05-22T13:37:58","date_gmt":"2024-05-22T10:37:58","guid":{"rendered":"https:\/\/almerea.com\/minu-konto\/"},"modified":"2026-01-16T09:46:19","modified_gmt":"2026-01-16T07:46:19","slug":"my-account","status":"publish","type":"page","link":"https:\/\/almerea.com\/et\/my-account\/","title":{"rendered":"Minu konto"},"content":{"rendered":"<div class=\"woocommerce ct-woo-unauthorized\"><\/div>\n","protected":false},"excerpt":{"rendered":"","protected":false},"author":1,"featured_media":0,"parent":0,"menu_order":0,"comment_status":"closed","ping_status":"closed","template":"","meta":{"_acf_changed":false,"footnotes":""},"class_list":["post-13038","page","type-page","status-publish","hentry"],"blocksy_meta":{"has_hero_section":"enabled","hero_section":"type-2","hero_elements":[{"id":"breadcrumbs","enabled":true,"__id":"4bAa-6bvz0BhmE59PlBu2"},{"id":"custom_title","enabled":true,"heading_tag":"h1","title":"\u0413\u043b\u0430\u0432\u043d\u0430\u044f","__id":"8ONq0DxkY4XffRC_SZb6T"},{"id":"custom_description","enabled":false,"description_visibility":{"desktop":true,"tablet":true,"mobile":false},"__id":"fr842It5eQ6NoioUXrbvI"},{"id":"custom_meta","enabled":false,"meta_elements":[{"id":"author","enabled":true,"label":"\u0410\u0432\u0442\u043e\u0440:","has_author_avatar":"yes","avatar_size":25},{"id":"post_date","enabled":true,"label":" ","date_format_source":"default","date_format":"M j, Y"},{"id":"updated_date","enabled":false,"label":" ","date_format_source":"default","date_format":"M j, Y"},{"id":"categories","enabled":false,"label":"\u0420\u0443\u0431\u0440\u0438\u043a\u0430:","style":"simple"},{"id":"comments","enabled":true}],"page_meta_elements":{"joined":true,"articles_count":true,"comments":true},"__id":"moNxTiYxMfQdyMNeG9V1p"},{"id":"content-block","enabled":false,"__id":"mPLxHhx_Dc6NpWDRRwBGx"}],"hero_height":"180px","styles_descriptor":{"styles":{"desktop":"[data-prefix=\"single_page\"] .entry-header .page-title {--theme-font-size:30px;} [data-prefix=\"single_page\"] .entry-header .entry-meta {--theme-font-weight:600;--theme-text-transform:uppercase;--theme-font-size:12px;--theme-line-height:1.3;} [data-prefix=\"single_page\"] .hero-section[data-type=\"type-2\"] {--min-height:180px;background-color:var(--theme-palette-color-6);background-image:none;--container-padding:50px 0px;}","tablet":"","mobile":""},"google_fonts":[],"version":6}},"acf":[],"yoast_head":"<!-- This site is optimized with the Yoast SEO Premium plugin v24.7 (Yoast SEO v27.3) - https:\/\/yoast.com\/product\/yoast-seo-premium-wordpress\/ -->\n<title>Minu konto | Almerea<\/title>\n<meta name=\"description\" content=\"Minu konto. Tarne \u00fcle Euroopa, \u00f6kosertifikaadid ja turvaline kassas\u00fcsteem. Premium looduslikud materjalid ja p\u00fcsiv kvaliteet\" \/>\n<meta name=\"robots\" content=\"index, follow, max-snippet:-1, max-image-preview:large, max-video-preview:-1\" \/>\n<link rel=\"canonical\" href=\"https:\/\/almerea.com\/et\/my-account\/\" \/>\n<meta property=\"og:locale\" content=\"et_EE\" \/>\n<meta property=\"og:type\" content=\"article\" \/>\n<meta property=\"og:title\" content=\"Minu konto | Almerea\" \/>\n<meta property=\"og:description\" content=\"Minu konto. Shipping across Europe, eco certificates, and secure checkout. Premium natural materials and lasting quality\" \/>\n<meta property=\"og:url\" content=\"https:\/\/almerea.com\/et\/my-account\/\" \/>\n<meta property=\"og:site_name\" content=\"Almerea\" \/>\n<meta property=\"article:modified_time\" content=\"2026-01-16T07:46:19+00:00\" \/>\n<meta property=\"og:image\" content=\"https:\/\/almerea.com\/wp-content\/uploads\/almerea-5.webp\" \/>\n\t<meta property=\"og:image:width\" content=\"1200\" \/>\n\t<meta property=\"og:image:height\" content=\"800\" \/>\n\t<meta property=\"og:image:type\" content=\"image\/webp\" \/>\n<meta name=\"twitter:card\" content=\"summary_large_image\" \/>\n<meta name=\"twitter:label1\" content=\"Est. reading time\" \/>\n\t<meta name=\"twitter:data1\" content=\"1 minut\" \/>\n<script type=\"application\/ld+json\" class=\"yoast-schema-graph\">{\"@context\":\"https:\\\/\\\/schema.org\",\"@graph\":[{\"@type\":\"WebPage\",\"@id\":\"https:\\\/\\\/almerea.com\\\/et\\\/my-account\\\/\",\"url\":\"https:\\\/\\\/almerea.com\\\/et\\\/my-account\\\/\",\"name\":\"Minu konto | Almerea\",\"isPartOf\":{\"@id\":\"https:\\\/\\\/almerea.com\\\/et\\\/#website\"},\"datePublished\":\"2024-05-22T10:37:58+00:00\",\"dateModified\":\"2026-01-16T07:46:19+00:00\",\"description\":\"Minu konto. Tarne \u00fcle Euroopa, \u00f6kosertifikaadid ja turvaline kassas\u00fcsteem. Premium looduslikud materjalid ja p\u00fcsiv kvaliteet\",\"breadcrumb\":{\"@id\":\"https:\\\/\\\/almerea.com\\\/et\\\/my-account\\\/#breadcrumb\"},\"inLanguage\":\"et\",\"potentialAction\":[{\"@type\":\"ReadAction\",\"target\":[\"https:\\\/\\\/almerea.com\\\/et\\\/my-account\\\/\"]}]},{\"@type\":\"BreadcrumbList\",\"@id\":\"https:\\\/\\\/almerea.com\\\/et\\\/my-account\\\/#breadcrumb\",\"itemListElement\":[{\"@type\":\"ListItem\",\"position\":1,\"name\":\"Home\",\"item\":\"https:\\\/\\\/almerea.com\\\/et\\\/\"},{\"@type\":\"ListItem\",\"position\":2,\"name\":\"Minu konto\"}]},{\"@type\":\"WebSite\",\"@id\":\"https:\\\/\\\/almerea.com\\\/et\\\/#website\",\"url\":\"https:\\\/\\\/almerea.com\\\/et\\\/\",\"name\":\"Almerea\",\"description\":\"\",\"publisher\":{\"@id\":\"https:\\\/\\\/almerea.com\\\/et\\\/#organization\"},\"potentialAction\":[{\"@type\":\"SearchAction\",\"target\":{\"@type\":\"EntryPoint\",\"urlTemplate\":\"https:\\\/\\\/almerea.com\\\/et\\\/?s={search_term_string}\"},\"query-input\":{\"@type\":\"PropertyValueSpecification\",\"valueRequired\":true,\"valueName\":\"search_term_string\"}}],\"inLanguage\":\"et\"},{\"@type\":\"Organization\",\"@id\":\"https:\\\/\\\/almerea.com\\\/et\\\/#organization\",\"name\":\"Almerea\",\"url\":\"https:\\\/\\\/almerea.com\\\/et\\\/\",\"logo\":{\"@type\":\"ImageObject\",\"inLanguage\":\"et\",\"@id\":\"https:\\\/\\\/almerea.com\\\/et\\\/#\\\/schema\\\/logo\\\/image\\\/\",\"url\":\"https:\\\/\\\/almerea.com\\\/wp-content\\\/uploads\\\/ALMEREA-LOGO.png\",\"contentUrl\":\"https:\\\/\\\/almerea.com\\\/wp-content\\\/uploads\\\/ALMEREA-LOGO.png\",\"width\":286,\"height\":154,\"caption\":\"Almerea\"},\"image\":{\"@id\":\"https:\\\/\\\/almerea.com\\\/et\\\/#\\\/schema\\\/logo\\\/image\\\/\"}}]}<\/script>\n<!-- \/ Yoast SEO Premium plugin. -->","yoast_head_json":{"title":"Minu konto | Almerea","description":"Minu konto. Tarne \u00fcle Euroopa, \u00f6kosertifikaadid ja turvaline kassas\u00fcsteem. Premium looduslikud materjalid ja p\u00fcsiv kvaliteet","robots":{"index":"index","follow":"follow","max-snippet":"max-snippet:-1","max-image-preview":"max-image-preview:large","max-video-preview":"max-video-preview:-1"},"canonical":"https:\/\/almerea.com\/et\/my-account\/","og_locale":"et_EE","og_type":"article","og_title":"Minu konto | Almerea","og_description":"Minu konto. Shipping across Europe, eco certificates, and secure checkout. Premium natural materials and lasting quality","og_url":"https:\/\/almerea.com\/et\/my-account\/","og_site_name":"Almerea","article_modified_time":"2026-01-16T07:46:19+00:00","og_image":[{"width":1200,"height":800,"url":"https:\/\/almerea.com\/wp-content\/uploads\/almerea-5.webp","type":"image\/webp"}],"twitter_card":"summary_large_image","twitter_misc":{"Est. reading time":"1 minut"},"schema":{"@context":"https:\/\/schema.org","@graph":[{"@type":"WebPage","@id":"https:\/\/almerea.com\/et\/my-account\/","url":"https:\/\/almerea.com\/et\/my-account\/","name":"Minu konto | Almerea","isPartOf":{"@id":"https:\/\/almerea.com\/et\/#website"},"datePublished":"2024-05-22T10:37:58+00:00","dateModified":"2026-01-16T07:46:19+00:00","description":"Minu konto. Tarne \u00fcle Euroopa, \u00f6kosertifikaadid ja turvaline kassas\u00fcsteem. Premium looduslikud materjalid ja p\u00fcsiv kvaliteet","breadcrumb":{"@id":"https:\/\/almerea.com\/et\/my-account\/#breadcrumb"},"inLanguage":"et","potentialAction":[{"@type":"ReadAction","target":["https:\/\/almerea.com\/et\/my-account\/"]}]},{"@type":"BreadcrumbList","@id":"https:\/\/almerea.com\/et\/my-account\/#breadcrumb","itemListElement":[{"@type":"ListItem","position":1,"name":"Home","item":"https:\/\/almerea.com\/et\/"},{"@type":"ListItem","position":2,"name":"Minu konto"}]},{"@type":"WebSite","@id":"https:\/\/almerea.com\/et\/#website","url":"https:\/\/almerea.com\/et\/","name":"Almerea","description":"","publisher":{"@id":"https:\/\/almerea.com\/et\/#organization"},"potentialAction":[{"@type":"SearchAction","target":{"@type":"EntryPoint","urlTemplate":"https:\/\/almerea.com\/et\/?s={search_term_string}"},"query-input":{"@type":"PropertyValueSpecification","valueRequired":true,"valueName":"search_term_string"}}],"inLanguage":"et"},{"@type":"Organization","@id":"https:\/\/almerea.com\/et\/#organization","name":"Almerea","url":"https:\/\/almerea.com\/et\/","logo":{"@type":"ImageObject","inLanguage":"et","@id":"https:\/\/almerea.com\/et\/#\/schema\/logo\/image\/","url":"https:\/\/almerea.com\/wp-content\/uploads\/ALMEREA-LOGO.png","contentUrl":"https:\/\/almerea.com\/wp-content\/uploads\/ALMEREA-LOGO.png","width":286,"height":154,"caption":"Almerea"},"image":{"@id":"https:\/\/almerea.com\/et\/#\/schema\/logo\/image\/"}}]}},"_links":{"self":[{"href":"https:\/\/almerea.com\/et\/wp-json\/wp\/v2\/pages\/13038","targetHints":{"allow":["GET"]}}],"collection":[{"href":"https:\/\/almerea.com\/et\/wp-json\/wp\/v2\/pages"}],"about":[{"href":"https:\/\/almerea.com\/et\/wp-json\/wp\/v2\/types\/page"}],"author":[{"embeddable":true,"href":"https:\/\/almerea.com\/et\/wp-json\/wp\/v2\/users\/1"}],"replies":[{"embeddable":true,"href":"https:\/\/almerea.com\/et\/wp-json\/wp\/v2\/comments?post=13038"}],"version-history":[{"count":2,"href":"https:\/\/almerea.com\/et\/wp-json\/wp\/v2\/pages\/13038\/revisions"}],"predecessor-version":[{"id":22814,"href":"https:\/\/almerea.com\/et\/wp-json\/wp\/v2\/pages\/13038\/revisions\/22814"}],"wp:attachment":[{"href":"https:\/\/almerea.com\/et\/wp-json\/wp\/v2\/media?parent=13038"}],"curies":[{"name":"wp","href":"https:\/\/api.w.org\/{rel}","templated":true}]}}