{"id":11640,"date":"2025-11-27T15:21:38","date_gmt":"2025-11-27T13:21:38","guid":{"rendered":"https:\/\/almerea.com\/privacy-policy\/"},"modified":"2026-04-05T13:47:22","modified_gmt":"2026-04-05T10:47:22","slug":"privacy-policy","status":"publish","type":"page","link":"https:\/\/almerea.com\/es\/privacy-policy\/","title":{"rendered":"Pol\u00edtica de privacidad"},"content":{"rendered":"\t\t<div data-elementor-type=\"wp-page\" data-elementor-id=\"11640\" class=\"elementor elementor-11640 elementor-2051\" data-elementor-post-type=\"page\">\n\t\t\t\t<div class=\"elementor-element elementor-element-ed09802 e-flex e-con-boxed e-con e-parent\" data-id=\"ed09802\" data-element_type=\"container\" data-e-type=\"container\" data-settings=\"{&quot;background_background&quot;:&quot;classic&quot;}\">\n\t\t\t\t\t<div class=\"e-con-inner\">\n\t\t<div class=\"elementor-element elementor-element-1eb8ddc e-con-full e-flex e-con e-child\" data-id=\"1eb8ddc\" data-element_type=\"container\" data-e-type=\"container\">\n\t\t\t\t<div class=\"elementor-element elementor-element-7c55aac elementor-widget elementor-widget-shortcode\" data-id=\"7c55aac\" data-element_type=\"widget\" data-e-type=\"widget\" data-widget_type=\"shortcode.default\">\n\t\t\t\t\t\t\t<div class=\"elementor-shortcode\"><\/div>\n\t\t\t\t\t\t<\/div>\n\t\t\t\t<div class=\"elementor-element elementor-element-59634f2 elementor-widget elementor-widget-heading\" data-id=\"59634f2\" data-element_type=\"widget\" data-e-type=\"widget\" data-widget_type=\"heading.default\">\n\t\t\t\t\t<h1 class=\"elementor-heading-title elementor-size-default\">Pol\u00edtica de privacidad<\/h1>\t\t\t\t<\/div>\n\t\t\t\t<\/div>\n\t\t\t\t\t<\/div>\n\t\t\t\t<\/div>\n\t\t<div class=\"elementor-element elementor-element-e483dbe e-flex e-con-boxed e-con e-parent\" data-id=\"e483dbe\" data-element_type=\"container\" data-e-type=\"container\">\n\t\t\t\t\t<div class=\"e-con-inner\">\n\t\t\t\t<div class=\"elementor-element elementor-element-8ea7388 elementor-widget elementor-widget-text-editor\" data-id=\"8ea7388\" data-element_type=\"widget\" data-e-type=\"widget\" data-widget_type=\"text-editor.default\">\n\t\t\t\t\t\t\t\t\t<p><strong>Almerea<\/strong> se esfuerza por proteger la privacidad de los visitantes de <strong>www.almerea.com<\/strong>.<br>\nPor favor, revise nuestra Pol\u00edtica de Privacidad para comprender c\u00f3mo utilizamos sus datos personales.<\/p>\n<p>Almerea se reserva el derecho de modificar esta Pol\u00edtica de Privacidad en cualquier momento sin previo aviso.<br>\nRecomendamos revisar esta secci\u00f3n peri\u00f3dicamente.<\/p>\n<h2>Qu\u00e9 datos personales recopilamos<\/h2>\n<p>Al completar el formulario de contacto en el sitio web, es posible que se le pida que proporcione:<\/p>\n<ul>\n<li>nombre y apellido;<\/li>\n<li>n\u00famero de tel\u00e9fono;<\/li>\n<li>direcci\u00f3n de correo electr\u00f3nico;<\/li>\n<li>cualquier informaci\u00f3n adicional que decida proporcionar.<\/li>\n<\/ul>\n<p>Si no acepta las cookies, es posible que algunas funciones del sitio web no funcionen completamente.<\/p>\n<h2>C\u00f3mo utilizamos los datos personales<\/h2>\n<p>Almerea utiliza los datos personales de los visitantes del sitio web para:<\/p>\n<ul>\n<li>responder a las solicitudes enviadas a trav\u00e9s del formulario de contacto;<\/li>\n<li>correspondencia y atenci\u00f3n al cliente;<\/li>\n<li>prestaci\u00f3n de servicios y tramitaci\u00f3n de consultas.<\/li>\n<\/ul>\n<p>Almerea tambi\u00e9n utiliza cookies para supervisar el rendimiento del sitio web y mejorar la experiencia del usuario.<\/p>\n<h2>A qui\u00e9n podemos divulgar los datos personales<\/h2>\n<p>Podemos compartir sus datos con terceros solo en los siguientes casos:<\/p>\n<ul>\n<li>si la divulgaci\u00f3n es necesaria para cumplir un pedido (p. ej., un servicio de mensajer\u00eda);<\/li>\n<li>si la divulgaci\u00f3n es requerida por la ley (p. ej., a solicitud de un tribunal o como parte de un procedimiento legal).<\/li>\n<\/ul>\n<p>En todos los dem\u00e1s casos, los datos personales:<\/p>\n<ul>\n<li><strong>no se comparten<\/strong> con terceros;<\/li>\n<li><strong>no se alquilan<\/strong> ni se venden;<\/li>\n<li><strong>no se utilizan<\/strong> con fines distintos a los descritos anteriormente.<\/li>\n<\/ul>\n<h2>Seguridad<\/h2>\n<p>La transmisi\u00f3n de datos por internet no puede ser 100% segura, pero tomamos las medidas necesarias para proteger su informaci\u00f3n personal y evitar el acceso no autorizado.<\/p>\t\t\t\t\t\t\t\t<\/div>\n\t\t\t\t\t<\/div>\n\t\t\t\t<\/div>\n\t\t\t\t<\/div>\n\t\t","protected":false},"excerpt":{"rendered":"<p>Pol\u00edtica de privacidad Almerea se esfuerza por proteger la privacidad de los visitantes de www.almerea.com. Por favor, revise nuestra Pol\u00edtica de Privacidad para comprender c\u00f3mo utilizamos sus datos personales. Almerea se reserva el derecho de modificar esta Pol\u00edtica de Privacidad en cualquier momento sin previo aviso. Recomendamos revisar esta secci\u00f3n peri\u00f3dicamente. Qu\u00e9 datos personales recopilamos [&hellip;]<\/p>\n","protected":false},"author":1,"featured_media":0,"parent":0,"menu_order":0,"comment_status":"closed","ping_status":"closed","template":"","meta":{"_acf_changed":false,"footnotes":""},"class_list":["post-11640","page","type-page","status-publish","hentry"],"blocksy_meta":{"has_hero_section":"disabled","vertical_spacing_source":"custom","content_area_spacing":"none","styles_descriptor":{"styles":{"desktop":"","tablet":"","mobile":""},"google_fonts":[],"version":6}},"acf":[],"yoast_head":"<!-- This site is optimized with the Yoast SEO Premium plugin v24.7 (Yoast SEO v27.3) - https:\/\/yoast.com\/product\/yoast-seo-premium-wordpress\/ -->\n<title>Pol\u00edtica de privacidad | Almerea<\/title>\n<meta name=\"description\" content=\"Pol\u00edtica de privacidad. Env\u00edos por toda Europa, certificados ecol\u00f3gicos y pago seguro. Materiales naturales premium y calidad duradera\" \/>\n<meta name=\"robots\" content=\"index, follow, max-snippet:-1, max-image-preview:large, max-video-preview:-1\" \/>\n<link rel=\"canonical\" href=\"https:\/\/almerea.com\/es\/privacy-policy\/\" \/>\n<meta property=\"og:locale\" content=\"es_ES\" \/>\n<meta property=\"og:type\" content=\"article\" \/>\n<meta property=\"og:title\" content=\"Pol\u00edtica de privacidad | Almerea\" \/>\n<meta property=\"og:description\" content=\"Pol\u00edtica de privacidad. Shipping across Europe, eco certificates, and secure checkout. Premium natural materials and lasting quality\" \/>\n<meta property=\"og:url\" content=\"https:\/\/almerea.com\/es\/privacy-policy\/\" \/>\n<meta property=\"og:site_name\" content=\"Almerea\" \/>\n<meta property=\"article:modified_time\" content=\"2026-04-05T10:47:22+00:00\" \/>\n<meta property=\"og:image\" content=\"https:\/\/almerea.com\/wp-content\/uploads\/almerea-5.webp\" \/>\n\t<meta property=\"og:image:width\" content=\"1200\" \/>\n\t<meta property=\"og:image:height\" content=\"800\" \/>\n\t<meta property=\"og:image:type\" content=\"image\/webp\" \/>\n<meta name=\"twitter:card\" content=\"summary_large_image\" \/>\n<meta name=\"twitter:label1\" content=\"Tiempo de lectura\" \/>\n\t<meta name=\"twitter:data1\" content=\"2 minuto\" \/>\n<script type=\"application\/ld+json\" class=\"yoast-schema-graph\">{\"@context\":\"https:\\\/\\\/schema.org\",\"@graph\":[{\"@type\":\"WebPage\",\"@id\":\"https:\\\/\\\/almerea.com\\\/es\\\/privacy-policy\\\/\",\"url\":\"https:\\\/\\\/almerea.com\\\/es\\\/privacy-policy\\\/\",\"name\":\"Pol\u00edtica de privacidad | Almerea\",\"isPartOf\":{\"@id\":\"https:\\\/\\\/almerea.com\\\/es\\\/#website\"},\"datePublished\":\"2025-11-27T13:21:38+00:00\",\"dateModified\":\"2026-04-05T10:47:22+00:00\",\"description\":\"Pol\u00edtica de privacidad. Env\u00edos por toda Europa, certificados ecol\u00f3gicos y pago seguro. Materiales naturales premium y calidad duradera\",\"breadcrumb\":{\"@id\":\"https:\\\/\\\/almerea.com\\\/es\\\/privacy-policy\\\/#breadcrumb\"},\"inLanguage\":\"es\",\"potentialAction\":[{\"@type\":\"ReadAction\",\"target\":[\"https:\\\/\\\/almerea.com\\\/es\\\/privacy-policy\\\/\"]}]},{\"@type\":\"BreadcrumbList\",\"@id\":\"https:\\\/\\\/almerea.com\\\/es\\\/privacy-policy\\\/#breadcrumb\",\"itemListElement\":[{\"@type\":\"ListItem\",\"position\":1,\"name\":\"Home\",\"item\":\"https:\\\/\\\/almerea.com\\\/es\\\/\"},{\"@type\":\"ListItem\",\"position\":2,\"name\":\"Pol\u00edtica de privacidad\"}]},{\"@type\":\"WebSite\",\"@id\":\"https:\\\/\\\/almerea.com\\\/es\\\/#website\",\"url\":\"https:\\\/\\\/almerea.com\\\/es\\\/\",\"name\":\"Almerea\",\"description\":\"\",\"publisher\":{\"@id\":\"https:\\\/\\\/almerea.com\\\/es\\\/#organization\"},\"potentialAction\":[{\"@type\":\"SearchAction\",\"target\":{\"@type\":\"EntryPoint\",\"urlTemplate\":\"https:\\\/\\\/almerea.com\\\/es\\\/?s={search_term_string}\"},\"query-input\":{\"@type\":\"PropertyValueSpecification\",\"valueRequired\":true,\"valueName\":\"search_term_string\"}}],\"inLanguage\":\"es\"},{\"@type\":\"Organization\",\"@id\":\"https:\\\/\\\/almerea.com\\\/es\\\/#organization\",\"name\":\"Almerea\",\"url\":\"https:\\\/\\\/almerea.com\\\/es\\\/\",\"logo\":{\"@type\":\"ImageObject\",\"inLanguage\":\"es\",\"@id\":\"https:\\\/\\\/almerea.com\\\/es\\\/#\\\/schema\\\/logo\\\/image\\\/\",\"url\":\"https:\\\/\\\/almerea.com\\\/wp-content\\\/uploads\\\/ALMEREA-LOGO.png\",\"contentUrl\":\"https:\\\/\\\/almerea.com\\\/wp-content\\\/uploads\\\/ALMEREA-LOGO.png\",\"width\":286,\"height\":154,\"caption\":\"Almerea\"},\"image\":{\"@id\":\"https:\\\/\\\/almerea.com\\\/es\\\/#\\\/schema\\\/logo\\\/image\\\/\"}}]}<\/script>\n<!-- \/ Yoast SEO Premium plugin. -->","yoast_head_json":{"title":"Pol\u00edtica de privacidad | Almerea","description":"Pol\u00edtica de privacidad. Env\u00edos por toda Europa, certificados ecol\u00f3gicos y pago seguro. Materiales naturales premium y calidad duradera","robots":{"index":"index","follow":"follow","max-snippet":"max-snippet:-1","max-image-preview":"max-image-preview:large","max-video-preview":"max-video-preview:-1"},"canonical":"https:\/\/almerea.com\/es\/privacy-policy\/","og_locale":"es_ES","og_type":"article","og_title":"Pol\u00edtica de privacidad | Almerea","og_description":"Pol\u00edtica de privacidad. Shipping across Europe, eco certificates, and secure checkout. Premium natural materials and lasting quality","og_url":"https:\/\/almerea.com\/es\/privacy-policy\/","og_site_name":"Almerea","article_modified_time":"2026-04-05T10:47:22+00:00","og_image":[{"width":1200,"height":800,"url":"https:\/\/almerea.com\/wp-content\/uploads\/almerea-5.webp","type":"image\/webp"}],"twitter_card":"summary_large_image","twitter_misc":{"Tiempo de lectura":"2 minuto"},"schema":{"@context":"https:\/\/schema.org","@graph":[{"@type":"WebPage","@id":"https:\/\/almerea.com\/es\/privacy-policy\/","url":"https:\/\/almerea.com\/es\/privacy-policy\/","name":"Pol\u00edtica de privacidad | Almerea","isPartOf":{"@id":"https:\/\/almerea.com\/es\/#website"},"datePublished":"2025-11-27T13:21:38+00:00","dateModified":"2026-04-05T10:47:22+00:00","description":"Pol\u00edtica de privacidad. Env\u00edos por toda Europa, certificados ecol\u00f3gicos y pago seguro. Materiales naturales premium y calidad duradera","breadcrumb":{"@id":"https:\/\/almerea.com\/es\/privacy-policy\/#breadcrumb"},"inLanguage":"es","potentialAction":[{"@type":"ReadAction","target":["https:\/\/almerea.com\/es\/privacy-policy\/"]}]},{"@type":"BreadcrumbList","@id":"https:\/\/almerea.com\/es\/privacy-policy\/#breadcrumb","itemListElement":[{"@type":"ListItem","position":1,"name":"Home","item":"https:\/\/almerea.com\/es\/"},{"@type":"ListItem","position":2,"name":"Pol\u00edtica de privacidad"}]},{"@type":"WebSite","@id":"https:\/\/almerea.com\/es\/#website","url":"https:\/\/almerea.com\/es\/","name":"Almerea","description":"","publisher":{"@id":"https:\/\/almerea.com\/es\/#organization"},"potentialAction":[{"@type":"SearchAction","target":{"@type":"EntryPoint","urlTemplate":"https:\/\/almerea.com\/es\/?s={search_term_string}"},"query-input":{"@type":"PropertyValueSpecification","valueRequired":true,"valueName":"search_term_string"}}],"inLanguage":"es"},{"@type":"Organization","@id":"https:\/\/almerea.com\/es\/#organization","name":"Almerea","url":"https:\/\/almerea.com\/es\/","logo":{"@type":"ImageObject","inLanguage":"es","@id":"https:\/\/almerea.com\/es\/#\/schema\/logo\/image\/","url":"https:\/\/almerea.com\/wp-content\/uploads\/ALMEREA-LOGO.png","contentUrl":"https:\/\/almerea.com\/wp-content\/uploads\/ALMEREA-LOGO.png","width":286,"height":154,"caption":"Almerea"},"image":{"@id":"https:\/\/almerea.com\/es\/#\/schema\/logo\/image\/"}}]}},"_links":{"self":[{"href":"https:\/\/almerea.com\/es\/wp-json\/wp\/v2\/pages\/11640","targetHints":{"allow":["GET"]}}],"collection":[{"href":"https:\/\/almerea.com\/es\/wp-json\/wp\/v2\/pages"}],"about":[{"href":"https:\/\/almerea.com\/es\/wp-json\/wp\/v2\/types\/page"}],"author":[{"embeddable":true,"href":"https:\/\/almerea.com\/es\/wp-json\/wp\/v2\/users\/1"}],"replies":[{"embeddable":true,"href":"https:\/\/almerea.com\/es\/wp-json\/wp\/v2\/comments?post=11640"}],"version-history":[{"count":6,"href":"https:\/\/almerea.com\/es\/wp-json\/wp\/v2\/pages\/11640\/revisions"}],"predecessor-version":[{"id":47481,"href":"https:\/\/almerea.com\/es\/wp-json\/wp\/v2\/pages\/11640\/revisions\/47481"}],"wp:attachment":[{"href":"https:\/\/almerea.com\/es\/wp-json\/wp\/v2\/media?parent=11640"}],"curies":[{"name":"wp","href":"https:\/\/api.w.org\/{rel}","templated":true}]}}