{"id":11631,"date":"2025-11-27T15:21:38","date_gmt":"2025-11-27T13:21:38","guid":{"rendered":"https:\/\/almerea.com\/privacy-policy\/"},"modified":"2026-01-04T13:05:35","modified_gmt":"2026-01-04T11:05:35","slug":"privacy-policy","status":"publish","type":"page","link":"https:\/\/almerea.com\/de\/privacy-policy\/","title":{"rendered":"Datenschutzerkl\u00e4rung"},"content":{"rendered":"\t\t<div data-elementor-type=\"wp-page\" data-elementor-id=\"11631\" class=\"elementor elementor-11631 elementor-2051\" data-elementor-post-type=\"page\">\n\t\t\t\t<div class=\"elementor-element elementor-element-ed09802 e-flex e-con-boxed e-con e-parent\" data-id=\"ed09802\" data-element_type=\"container\" data-e-type=\"container\" data-settings=\"{&quot;background_background&quot;:&quot;classic&quot;}\">\n\t\t\t\t\t<div class=\"e-con-inner\">\n\t\t<div class=\"elementor-element elementor-element-1eb8ddc e-con-full e-flex e-con e-child\" data-id=\"1eb8ddc\" data-element_type=\"container\" data-e-type=\"container\">\n\t\t\t\t<div class=\"elementor-element elementor-element-7c55aac elementor-widget elementor-widget-shortcode\" data-id=\"7c55aac\" data-element_type=\"widget\" data-e-type=\"widget\" data-widget_type=\"shortcode.default\">\n\t\t\t\t\t\t\t<div class=\"elementor-shortcode\"><\/div>\n\t\t\t\t\t\t<\/div>\n\t\t\t\t<div class=\"elementor-element elementor-element-59634f2 elementor-widget elementor-widget-heading\" data-id=\"59634f2\" data-element_type=\"widget\" data-e-type=\"widget\" data-widget_type=\"heading.default\">\n\t\t\t\t\t<h1 class=\"elementor-heading-title elementor-size-default\">Datenschutzerkl\u00e4rung<\/h1>\t\t\t\t<\/div>\n\t\t\t\t<\/div>\n\t\t\t\t\t<\/div>\n\t\t\t\t<\/div>\n\t\t<div class=\"elementor-element elementor-element-e483dbe e-flex e-con-boxed e-con e-parent\" data-id=\"e483dbe\" data-element_type=\"container\" data-e-type=\"container\">\n\t\t\t\t\t<div class=\"e-con-inner\">\n\t\t\t\t<div class=\"elementor-element elementor-element-8ea7388 elementor-widget elementor-widget-text-editor\" data-id=\"8ea7388\" data-element_type=\"widget\" data-e-type=\"widget\" data-widget_type=\"text-editor.default\">\n\t\t\t\t\t\t\t\t\t<p><strong>Almerea<\/strong> ist bestrebt, die Privatsph\u00e4re der Besucher der Website <strong>www.almerea.com<\/strong> zu sch\u00fctzen.<br>\nBitte lesen Sie unsere Datenschutzerkl\u00e4rung, um zu verstehen, wie wir Ihre personenbezogenen Daten verwenden.<\/p>\n<p>Almerea beh\u00e4lt sich das Recht vor, diese Datenschutzerkl\u00e4rung jederzeit ohne vorherige Ank\u00fcndigung zu \u00e4ndern.<br>\nWir empfehlen, diesen Abschnitt regelm\u00e4\u00dfig zu \u00fcberpr\u00fcfen.<\/p>\n<h2>Welche personenbezogenen Daten wir erheben<\/h2>\n<p>Beim Ausf\u00fcllen des Kontaktformulars auf der Website kann es erforderlich sein, dass Sie Folgendes angeben:<\/p>\n<ul>\n<li>Vor- und Nachname;<\/li>\n<li>Telefonnummer;<\/li>\n<li>E-Mail-Adresse;<\/li>\n<li>zus\u00e4tzliche Informationen, die Sie freiwillig bereitstellen.<\/li>\n<\/ul>\n<p>Wenn Sie Cookies nicht akzeptieren, funktionieren einige Funktionen der Website m\u00f6glicherweise nicht vollst\u00e4ndig.<\/p>\n<h2>Wie wir personenbezogene Daten verwenden<\/h2>\n<p>Almerea verwendet personenbezogene Daten der Website-Besucher f\u00fcr:<\/p>\n<ul>\n<li>die Beantwortung von Anfragen, die \u00fcber das Kontaktformular gesendet werden;<\/li>\n<li>Korrespondenz und R\u00fcckmeldung;<\/li>\n<li>die Erbringung von Dienstleistungen und die Bearbeitung von Anfragen.<\/li>\n<\/ul>\n<p>Almerea verwendet au\u00dferdem Cookies zur \u00dcberwachung der Website-Performance und zur Verbesserung der Benutzeroberfl\u00e4che.<\/p>\n<h2>An wen wir personenbezogene Daten weitergeben k\u00f6nnen<\/h2>\n<p>Wir k\u00f6nnen Ihre Daten nur in folgenden F\u00e4llen an Dritte weitergeben:<\/p>\n<ul>\n<li>wenn die Weitergabe zur Ausf\u00fchrung einer Bestellung erforderlich ist (z. B. an einen Kurierdienst);<\/li>\n<li>wenn die Weitergabe gesetzlich vorgeschrieben ist (z. B. auf Anfrage eines Gerichts oder im Rahmen eines rechtlichen Verfahrens).<\/li>\n<\/ul>\n<p>In allen anderen F\u00e4llen werden personenbezogene Daten:<\/p>\n<ul>\n<li><strong>nicht<\/strong> an Dritte weitergegeben;<\/li>\n<li><strong>nicht<\/strong> vermietet oder verkauft;<\/li>\n<li><strong>nicht<\/strong> f\u00fcr andere Zwecke als die oben beschriebenen verwendet.<\/li>\n<\/ul>\n<h2>Sicherheit<\/h2>\n<p>Die Daten\u00fcbertragung \u00fcber das Internet kann nicht zu 100% gesch\u00fctzt werden, jedoch ergreifen wir die notwendigen Ma\u00dfnahmen, um die Sicherheit Ihrer personenbezogenen Informationen zu gew\u00e4hrleisten und unbefugten Zugriff zu verhindern.<\/p>\t\t\t\t\t\t\t\t<\/div>\n\t\t\t\t\t<\/div>\n\t\t\t\t<\/div>\n\t\t\t\t<\/div>\n\t\t","protected":false},"excerpt":{"rendered":"<p>Datenschutzerkl\u00e4rung Almerea ist bestrebt, die Privatsph\u00e4re der Besucher der Website www.almerea.com zu sch\u00fctzen. Bitte lesen Sie unsere Datenschutzerkl\u00e4rung, um zu verstehen, wie wir Ihre personenbezogenen Daten verwenden. Almerea beh\u00e4lt sich das Recht vor, diese Datenschutzerkl\u00e4rung jederzeit ohne vorherige Ank\u00fcndigung zu \u00e4ndern. Wir empfehlen, diesen Abschnitt regelm\u00e4\u00dfig zu \u00fcberpr\u00fcfen. Welche personenbezogenen Daten wir erheben Beim Ausf\u00fcllen [&hellip;]<\/p>\n","protected":false},"author":1,"featured_media":0,"parent":0,"menu_order":0,"comment_status":"closed","ping_status":"closed","template":"","meta":{"_acf_changed":false,"footnotes":""},"class_list":["post-11631","page","type-page","status-publish","hentry"],"blocksy_meta":{"has_hero_section":"disabled","vertical_spacing_source":"custom","content_area_spacing":"none","styles_descriptor":{"styles":{"desktop":"","tablet":"","mobile":""},"google_fonts":[],"version":6}},"acf":[],"yoast_head":"<!-- This site is optimized with the Yoast SEO Premium plugin v24.7 (Yoast SEO v27.3) - https:\/\/yoast.com\/product\/yoast-seo-premium-wordpress\/ -->\n<title>Datenschutzerkl\u00e4rung | Almerea<\/title>\n<meta name=\"description\" content=\"Datenschutzerkl\u00e4rung. Versand in ganz Europa, \u00d6ko-Zertifikate und sicherer Checkout. Premium-Naturmaterialien und langlebige Qualit\u00e4t\" \/>\n<meta name=\"robots\" content=\"index, follow, max-snippet:-1, max-image-preview:large, max-video-preview:-1\" \/>\n<link rel=\"canonical\" href=\"https:\/\/almerea.com\/de\/privacy-policy\/\" \/>\n<meta property=\"og:locale\" content=\"de_DE\" \/>\n<meta property=\"og:type\" content=\"article\" \/>\n<meta property=\"og:title\" content=\"Datenschutzerkl\u00e4rung | Almerea\" \/>\n<meta property=\"og:description\" content=\"Datenschutzerkl\u00e4rung. Shipping across Europe, eco certificates, and secure checkout. Premium natural materials and lasting quality\" \/>\n<meta property=\"og:url\" content=\"https:\/\/almerea.com\/de\/privacy-policy\/\" \/>\n<meta property=\"og:site_name\" content=\"Almerea\" \/>\n<meta property=\"article:modified_time\" content=\"2026-01-04T11:05:35+00:00\" \/>\n<meta property=\"og:image\" content=\"https:\/\/almerea.com\/wp-content\/uploads\/almerea-5.webp\" \/>\n\t<meta property=\"og:image:width\" content=\"1200\" \/>\n\t<meta property=\"og:image:height\" content=\"800\" \/>\n\t<meta property=\"og:image:type\" content=\"image\/webp\" \/>\n<meta name=\"twitter:card\" content=\"summary_large_image\" \/>\n<meta name=\"twitter:label1\" content=\"Gesch\u00e4tzte Lesezeit\" \/>\n\t<meta name=\"twitter:data1\" content=\"2\u00a0Minute\" \/>\n<script type=\"application\/ld+json\" class=\"yoast-schema-graph\">{\"@context\":\"https:\\\/\\\/schema.org\",\"@graph\":[{\"@type\":\"WebPage\",\"@id\":\"https:\\\/\\\/almerea.com\\\/de\\\/privacy-policy\\\/\",\"url\":\"https:\\\/\\\/almerea.com\\\/de\\\/privacy-policy\\\/\",\"name\":\"Datenschutzerkl\u00e4rung | Almerea\",\"isPartOf\":{\"@id\":\"https:\\\/\\\/almerea.com\\\/de\\\/#website\"},\"datePublished\":\"2025-11-27T13:21:38+00:00\",\"dateModified\":\"2026-01-04T11:05:35+00:00\",\"description\":\"Datenschutzerkl\u00e4rung. Versand in ganz Europa, \u00d6ko-Zertifikate und sicherer Checkout. Premium-Naturmaterialien und langlebige Qualit\u00e4t\",\"breadcrumb\":{\"@id\":\"https:\\\/\\\/almerea.com\\\/de\\\/privacy-policy\\\/#breadcrumb\"},\"inLanguage\":\"de\",\"potentialAction\":[{\"@type\":\"ReadAction\",\"target\":[\"https:\\\/\\\/almerea.com\\\/de\\\/privacy-policy\\\/\"]}]},{\"@type\":\"BreadcrumbList\",\"@id\":\"https:\\\/\\\/almerea.com\\\/de\\\/privacy-policy\\\/#breadcrumb\",\"itemListElement\":[{\"@type\":\"ListItem\",\"position\":1,\"name\":\"Home\",\"item\":\"https:\\\/\\\/almerea.com\\\/de\\\/\"},{\"@type\":\"ListItem\",\"position\":2,\"name\":\"Datenschutzerkl\u00e4rung\"}]},{\"@type\":\"WebSite\",\"@id\":\"https:\\\/\\\/almerea.com\\\/de\\\/#website\",\"url\":\"https:\\\/\\\/almerea.com\\\/de\\\/\",\"name\":\"Almerea\",\"description\":\"\",\"publisher\":{\"@id\":\"https:\\\/\\\/almerea.com\\\/de\\\/#organization\"},\"potentialAction\":[{\"@type\":\"SearchAction\",\"target\":{\"@type\":\"EntryPoint\",\"urlTemplate\":\"https:\\\/\\\/almerea.com\\\/de\\\/?s={search_term_string}\"},\"query-input\":{\"@type\":\"PropertyValueSpecification\",\"valueRequired\":true,\"valueName\":\"search_term_string\"}}],\"inLanguage\":\"de\"},{\"@type\":\"Organization\",\"@id\":\"https:\\\/\\\/almerea.com\\\/de\\\/#organization\",\"name\":\"Almerea\",\"url\":\"https:\\\/\\\/almerea.com\\\/de\\\/\",\"logo\":{\"@type\":\"ImageObject\",\"inLanguage\":\"de\",\"@id\":\"https:\\\/\\\/almerea.com\\\/de\\\/#\\\/schema\\\/logo\\\/image\\\/\",\"url\":\"https:\\\/\\\/almerea.com\\\/wp-content\\\/uploads\\\/ALMEREA-LOGO.png\",\"contentUrl\":\"https:\\\/\\\/almerea.com\\\/wp-content\\\/uploads\\\/ALMEREA-LOGO.png\",\"width\":286,\"height\":154,\"caption\":\"Almerea\"},\"image\":{\"@id\":\"https:\\\/\\\/almerea.com\\\/de\\\/#\\\/schema\\\/logo\\\/image\\\/\"}}]}<\/script>\n<!-- \/ Yoast SEO Premium plugin. -->","yoast_head_json":{"title":"Datenschutzerkl\u00e4rung | Almerea","description":"Datenschutzerkl\u00e4rung. Versand in ganz Europa, \u00d6ko-Zertifikate und sicherer Checkout. Premium-Naturmaterialien und langlebige Qualit\u00e4t","robots":{"index":"index","follow":"follow","max-snippet":"max-snippet:-1","max-image-preview":"max-image-preview:large","max-video-preview":"max-video-preview:-1"},"canonical":"https:\/\/almerea.com\/de\/privacy-policy\/","og_locale":"de_DE","og_type":"article","og_title":"Datenschutzerkl\u00e4rung | Almerea","og_description":"Datenschutzerkl\u00e4rung. Shipping across Europe, eco certificates, and secure checkout. Premium natural materials and lasting quality","og_url":"https:\/\/almerea.com\/de\/privacy-policy\/","og_site_name":"Almerea","article_modified_time":"2026-01-04T11:05:35+00:00","og_image":[{"width":1200,"height":800,"url":"https:\/\/almerea.com\/wp-content\/uploads\/almerea-5.webp","type":"image\/webp"}],"twitter_card":"summary_large_image","twitter_misc":{"Gesch\u00e4tzte Lesezeit":"2\u00a0Minute"},"schema":{"@context":"https:\/\/schema.org","@graph":[{"@type":"WebPage","@id":"https:\/\/almerea.com\/de\/privacy-policy\/","url":"https:\/\/almerea.com\/de\/privacy-policy\/","name":"Datenschutzerkl\u00e4rung | Almerea","isPartOf":{"@id":"https:\/\/almerea.com\/de\/#website"},"datePublished":"2025-11-27T13:21:38+00:00","dateModified":"2026-01-04T11:05:35+00:00","description":"Datenschutzerkl\u00e4rung. Versand in ganz Europa, \u00d6ko-Zertifikate und sicherer Checkout. Premium-Naturmaterialien und langlebige Qualit\u00e4t","breadcrumb":{"@id":"https:\/\/almerea.com\/de\/privacy-policy\/#breadcrumb"},"inLanguage":"de","potentialAction":[{"@type":"ReadAction","target":["https:\/\/almerea.com\/de\/privacy-policy\/"]}]},{"@type":"BreadcrumbList","@id":"https:\/\/almerea.com\/de\/privacy-policy\/#breadcrumb","itemListElement":[{"@type":"ListItem","position":1,"name":"Home","item":"https:\/\/almerea.com\/de\/"},{"@type":"ListItem","position":2,"name":"Datenschutzerkl\u00e4rung"}]},{"@type":"WebSite","@id":"https:\/\/almerea.com\/de\/#website","url":"https:\/\/almerea.com\/de\/","name":"Almerea","description":"","publisher":{"@id":"https:\/\/almerea.com\/de\/#organization"},"potentialAction":[{"@type":"SearchAction","target":{"@type":"EntryPoint","urlTemplate":"https:\/\/almerea.com\/de\/?s={search_term_string}"},"query-input":{"@type":"PropertyValueSpecification","valueRequired":true,"valueName":"search_term_string"}}],"inLanguage":"de"},{"@type":"Organization","@id":"https:\/\/almerea.com\/de\/#organization","name":"Almerea","url":"https:\/\/almerea.com\/de\/","logo":{"@type":"ImageObject","inLanguage":"de","@id":"https:\/\/almerea.com\/de\/#\/schema\/logo\/image\/","url":"https:\/\/almerea.com\/wp-content\/uploads\/ALMEREA-LOGO.png","contentUrl":"https:\/\/almerea.com\/wp-content\/uploads\/ALMEREA-LOGO.png","width":286,"height":154,"caption":"Almerea"},"image":{"@id":"https:\/\/almerea.com\/de\/#\/schema\/logo\/image\/"}}]}},"_links":{"self":[{"href":"https:\/\/almerea.com\/de\/wp-json\/wp\/v2\/pages\/11631","targetHints":{"allow":["GET"]}}],"collection":[{"href":"https:\/\/almerea.com\/de\/wp-json\/wp\/v2\/pages"}],"about":[{"href":"https:\/\/almerea.com\/de\/wp-json\/wp\/v2\/types\/page"}],"author":[{"embeddable":true,"href":"https:\/\/almerea.com\/de\/wp-json\/wp\/v2\/users\/1"}],"replies":[{"embeddable":true,"href":"https:\/\/almerea.com\/de\/wp-json\/wp\/v2\/comments?post=11631"}],"version-history":[{"count":10,"href":"https:\/\/almerea.com\/de\/wp-json\/wp\/v2\/pages\/11631\/revisions"}],"predecessor-version":[{"id":12185,"href":"https:\/\/almerea.com\/de\/wp-json\/wp\/v2\/pages\/11631\/revisions\/12185"}],"wp:attachment":[{"href":"https:\/\/almerea.com\/de\/wp-json\/wp\/v2\/media?parent=11631"}],"curies":[{"name":"wp","href":"https:\/\/api.w.org\/{rel}","templated":true}]}}