{"id":42480,"date":"2026-03-19T10:26:37","date_gmt":"2026-03-19T08:26:37","guid":{"rendered":"https:\/\/almerea.com\/?post_type=product&#038;p=42480"},"modified":"2026-03-19T12:43:07","modified_gmt":"2026-03-19T10:43:07","slug":"gift-box-m-pink","status":"publish","type":"product","link":"https:\/\/almerea.com\/da\/product\/gift-box-m-pink\/","title":{"rendered":"Gave\u00e6ske BEST VIBES"},"content":{"rendered":"\t\t<div data-elementor-type=\"product-post\" data-elementor-id=\"42480\" class=\"elementor elementor-42480 elementor-42476\" data-elementor-post-type=\"product\">\n\t\t\t\t<div class=\"elementor-element elementor-element-54389a8 e-flex e-con-boxed e-con e-parent\" data-id=\"54389a8\" data-element_type=\"container\" data-e-type=\"container\">\n\t\t\t\t\t<div class=\"e-con-inner\">\n\t\t<div class=\"elementor-element elementor-element-8502fa4 e-con-full e-flex e-con e-child\" data-id=\"8502fa4\" data-element_type=\"container\" data-e-type=\"container\">\n\t\t\t\t<div class=\"elementor-element elementor-element-8ea8f6b elementor-widget elementor-widget-n-accordion\" data-id=\"8ea8f6b\" data-element_type=\"widget\" data-e-type=\"widget\" data-settings=\"{&quot;default_state&quot;:&quot;expanded&quot;,&quot;max_items_expended&quot;:&quot;one&quot;,&quot;n_accordion_animation_duration&quot;:{&quot;unit&quot;:&quot;ms&quot;,&quot;size&quot;:400,&quot;sizes&quot;:[]}}\" data-widget_type=\"nested-accordion.default\">\n\t\t\t\t\t\t\t<div class=\"e-n-accordion\" aria-label=\"Accordion. Open links with Enter or Space, close with Escape, and navigate with Arrow Keys\">\n\t\t\t\t\t\t<details id=\"e-n-accordion-item-1490\" class=\"e-n-accordion-item\" open>\n\t\t\t\t<summary class=\"e-n-accordion-item-title\" data-accordion-index=\"1\" tabindex=\"0\" aria-expanded=\"true\" aria-controls=\"e-n-accordion-item-1490\" >\n\t\t\t\t\t<span class='e-n-accordion-item-title-header'><h2 class=\"e-n-accordion-item-title-text\"> Gave\u00e6ske til smykker <\/h2><\/span>\n\t\t\t\t\t\t\t<span class='e-n-accordion-item-title-icon'>\n\t\t\t<span class='e-opened' ><svg aria-hidden=\"true\" class=\"e-font-icon-svg e-fas-caret-up\" viewBox=\"0 0 320 512\" xmlns=\"http:\/\/www.w3.org\/2000\/svg\"><path d=\"M288.662 352H31.338c-17.818 0-26.741-21.543-14.142-34.142l128.662-128.662c7.81-7.81 20.474-7.81 28.284 0l128.662 128.662c12.6 12.599 3.676 34.142-14.142 34.142z\"><\/path><\/svg><\/span>\n\t\t\t<span class='e-closed'><svg aria-hidden=\"true\" class=\"e-font-icon-svg e-fas-caret-down\" viewBox=\"0 0 320 512\" xmlns=\"http:\/\/www.w3.org\/2000\/svg\"><path d=\"M31.3 192h257.3c17.8 0 26.7 21.5 14.1 34.1L174.1 354.8c-7.8 7.8-20.5 7.8-28.3 0L17.2 226.1C4.6 213.5 13.5 192 31.3 192z\"><\/path><\/svg><\/span>\n\t\t<\/span>\n\n\t\t\t\t\t\t<\/summary>\n\t\t\t\t<div role=\"region\" aria-labelledby=\"e-n-accordion-item-1490\" class=\"elementor-element elementor-element-97ad673 e-con-full e-flex e-con e-child\" data-id=\"97ad673\" data-element_type=\"container\" data-e-type=\"container\">\n\t\t\t\t<div class=\"elementor-element elementor-element-815ba93 elementor-widget elementor-widget-text-editor\" data-id=\"815ba93\" data-element_type=\"widget\" data-e-type=\"widget\" data-widget_type=\"text-editor.default\">\n\t\t\t\t\t\t\t\t\t<p class=\"\" data-start=\"0\" data-end=\"211\">Almerea-gave\u00e6sken er en premium gaveindpakning til smykker: den passer til ringe, \u00f8reringe, brocher og s\u00e6t. Den indvendige indsats holder smykket p\u00e5 plads og beskytter under opbevaring og levering \u2014 praktisk, n\u00e5r du hurtigt vil g\u00f8re gaven klar.<\/p>\t\t\t\t\t\t\t\t<\/div>\n\t\t\t\t<\/div>\n\t\t\t\t\t<\/details>\n\t\t\t\t\t\t<details id=\"e-n-accordion-item-1491\" class=\"e-n-accordion-item\" >\n\t\t\t\t<summary class=\"e-n-accordion-item-title\" data-accordion-index=\"2\" tabindex=\"-1\" aria-expanded=\"false\" aria-controls=\"e-n-accordion-item-1491\" >\n\t\t\t\t\t<span class='e-n-accordion-item-title-header'><h2 class=\"e-n-accordion-item-title-text\"> Indhold &amp; specifikationer <\/h2><\/span>\n\t\t\t\t\t\t\t<span class='e-n-accordion-item-title-icon'>\n\t\t\t<span class='e-opened' ><svg aria-hidden=\"true\" class=\"e-font-icon-svg e-fas-caret-up\" viewBox=\"0 0 320 512\" xmlns=\"http:\/\/www.w3.org\/2000\/svg\"><path d=\"M288.662 352H31.338c-17.818 0-26.741-21.543-14.142-34.142l128.662-128.662c7.81-7.81 20.474-7.81 28.284 0l128.662 128.662c12.6 12.599 3.676 34.142-14.142 34.142z\"><\/path><\/svg><\/span>\n\t\t\t<span class='e-closed'><svg aria-hidden=\"true\" class=\"e-font-icon-svg e-fas-caret-down\" viewBox=\"0 0 320 512\" xmlns=\"http:\/\/www.w3.org\/2000\/svg\"><path d=\"M31.3 192h257.3c17.8 0 26.7 21.5 14.1 34.1L174.1 354.8c-7.8 7.8-20.5 7.8-28.3 0L17.2 226.1C4.6 213.5 13.5 192 31.3 192z\"><\/path><\/svg><\/span>\n\t\t<\/span>\n\n\t\t\t\t\t\t<\/summary>\n\t\t\t\t<div role=\"region\" aria-labelledby=\"e-n-accordion-item-1491\" class=\"elementor-element elementor-element-4c573eb e-con-full e-flex e-con e-child\" data-id=\"4c573eb\" data-element_type=\"container\" data-e-type=\"container\">\n\t\t\t\t<div class=\"elementor-element elementor-element-47715d1 elementor-widget elementor-widget-text-editor\" data-id=\"47715d1\" data-element_type=\"widget\" data-e-type=\"widget\" data-widget_type=\"text-editor.default\">\n\t\t\t\t\t\t\t\t\t<p><strong>Inkluderet i s\u00e6ttet:<\/strong><\/p><ul><li>1 stk. : gave\u00e6ske<\/li><li>1 stk. : gaveb\u00e5nd<\/li><\/ul><p><strong>Egenskaber :<\/strong><\/p><ul><li>\u00c6skens m\u00e5l 9\u00d79\u00d73,5 cm<\/li><\/ul>\t\t\t\t\t\t\t\t<\/div>\n\t\t\t\t<\/div>\n\t\t\t\t\t<\/details>\n\t\t\t\t\t\t<details id=\"e-n-accordion-item-1492\" class=\"e-n-accordion-item\" >\n\t\t\t\t<summary class=\"e-n-accordion-item-title\" data-accordion-index=\"3\" tabindex=\"-1\" aria-expanded=\"false\" aria-controls=\"e-n-accordion-item-1492\" >\n\t\t\t\t\t<span class='e-n-accordion-item-title-header'><h2 class=\"e-n-accordion-item-title-text\"> Egenskaber &amp; fordele <\/h2><\/span>\n\t\t\t\t\t\t\t<span class='e-n-accordion-item-title-icon'>\n\t\t\t<span class='e-opened' ><svg aria-hidden=\"true\" class=\"e-font-icon-svg e-fas-caret-up\" viewBox=\"0 0 320 512\" xmlns=\"http:\/\/www.w3.org\/2000\/svg\"><path d=\"M288.662 352H31.338c-17.818 0-26.741-21.543-14.142-34.142l128.662-128.662c7.81-7.81 20.474-7.81 28.284 0l128.662 128.662c12.6 12.599 3.676 34.142-14.142 34.142z\"><\/path><\/svg><\/span>\n\t\t\t<span class='e-closed'><svg aria-hidden=\"true\" class=\"e-font-icon-svg e-fas-caret-down\" viewBox=\"0 0 320 512\" xmlns=\"http:\/\/www.w3.org\/2000\/svg\"><path d=\"M31.3 192h257.3c17.8 0 26.7 21.5 14.1 34.1L174.1 354.8c-7.8 7.8-20.5 7.8-28.3 0L17.2 226.1C4.6 213.5 13.5 192 31.3 192z\"><\/path><\/svg><\/span>\n\t\t<\/span>\n\n\t\t\t\t\t\t<\/summary>\n\t\t\t\t<div role=\"region\" aria-labelledby=\"e-n-accordion-item-1492\" class=\"elementor-element elementor-element-331d2a4 e-con-full e-flex e-con e-child\" data-id=\"331d2a4\" data-element_type=\"container\" data-e-type=\"container\">\n\t\t\t\t<div class=\"elementor-element elementor-element-2e5b010 elementor-widget elementor-widget-text-editor\" data-id=\"2e5b010\" data-element_type=\"widget\" data-e-type=\"widget\" data-widget_type=\"text-editor.default\">\n\t\t\t\t\t\t\t\t\t<p>Almerea-gave\u00e6sken er en premium gaveindpakning til smykker, som l\u00f8ser det vigtigste sp\u00f8rgsm\u00e5l: hvordan man hurtigt g\u00f8r en gave klar, s\u00e5 den kan gives med det samme eller sendes direkte til modtageren. Du kan l\u00e6gge \u00e6sken til din ordre \u2014 og f\u00e5 et gaveklart s\u00e6t uden ekstra indpakning og uden at skulle lede efter \u201chvor man kan f\u00e5 pakket ind\u201d.<\/p><p>Det er is\u00e6r praktisk, hvis du bestiller gaven i god tid eller sender den til en anden by eller et andet land \u2014 indpakningen ser flot ud og beskytter indholdet undervejs.<\/p><p><strong>Fordele:<\/strong><\/p><ul><li>du kan tilf\u00f8je \u00e6sken til din ordre og f\u00e5 en gave, der er klar med det samme;<\/li><li>praktisk til forsendelse <strong>til en anden by eller et andet land<\/strong>;<\/li><li>passer til ringe, \u00f8reringe, brocher og s\u00e6t;<\/li><li>den indvendige indsats holder smykket p\u00e5 plads;<\/li><\/ul><p>Vi s\u00f8rger for <strong data-start=\"1686\" data-end=\"1713\">hurtig afsendelse<\/strong> og <strong data-start=\"1716\" data-end=\"1755\">levering i Europa, inklusive Danmark<\/strong>, s\u00e5 dit nye accessory kommer frem uden un\u00f8dig ventetid.<\/p>\t\t\t\t\t\t\t\t<\/div>\n\t\t\t\t<\/div>\n\t\t\t\t\t<\/details>\n\t\t\t\t\t<\/div>\n\t\t\t\t\t\t<\/div>\n\t\t\t\t<\/div>\n\t\t<div class=\"elementor-element elementor-element-9d4d89a e-con-full e-flex e-con e-child\" data-id=\"9d4d89a\" data-element_type=\"container\" data-e-type=\"container\">\n\t\t\t\t<div class=\"elementor-element elementor-element-ee24dc1 elementor-widget elementor-widget-n-accordion\" data-id=\"ee24dc1\" data-element_type=\"widget\" data-e-type=\"widget\" data-settings=\"{&quot;default_state&quot;:&quot;expanded&quot;,&quot;max_items_expended&quot;:&quot;one&quot;,&quot;n_accordion_animation_duration&quot;:{&quot;unit&quot;:&quot;ms&quot;,&quot;size&quot;:400,&quot;sizes&quot;:[]}}\" data-widget_type=\"nested-accordion.default\">\n\t\t\t\t\t\t\t<div class=\"e-n-accordion\" aria-label=\"Accordion. Open links with Enter or Space, close with Escape, and navigate with Arrow Keys\">\n\t\t\t\t\t\t<details id=\"e-n-accordion-item-2490\" class=\"e-n-accordion-item\" open>\n\t\t\t\t<summary class=\"e-n-accordion-item-title\" data-accordion-index=\"1\" tabindex=\"0\" aria-expanded=\"true\" aria-controls=\"e-n-accordion-item-2490\" >\n\t\t\t\t\t<span class='e-n-accordion-item-title-header'><h2 class=\"e-n-accordion-item-title-text\"> Perfekt sammen <\/h2><\/span>\n\t\t\t\t\t\t\t<span class='e-n-accordion-item-title-icon'>\n\t\t\t<span class='e-opened' ><svg aria-hidden=\"true\" class=\"e-font-icon-svg e-fas-caret-up\" viewBox=\"0 0 320 512\" xmlns=\"http:\/\/www.w3.org\/2000\/svg\"><path d=\"M288.662 352H31.338c-17.818 0-26.741-21.543-14.142-34.142l128.662-128.662c7.81-7.81 20.474-7.81 28.284 0l128.662 128.662c12.6 12.599 3.676 34.142-14.142 34.142z\"><\/path><\/svg><\/span>\n\t\t\t<span class='e-closed'><svg aria-hidden=\"true\" class=\"e-font-icon-svg e-fas-caret-down\" viewBox=\"0 0 320 512\" xmlns=\"http:\/\/www.w3.org\/2000\/svg\"><path d=\"M31.3 192h257.3c17.8 0 26.7 21.5 14.1 34.1L174.1 354.8c-7.8 7.8-20.5 7.8-28.3 0L17.2 226.1C4.6 213.5 13.5 192 31.3 192z\"><\/path><\/svg><\/span>\n\t\t<\/span>\n\n\t\t\t\t\t\t<\/summary>\n\t\t\t\t<div role=\"region\" aria-labelledby=\"e-n-accordion-item-2490\" class=\"elementor-element elementor-element-93f985c e-con-full e-flex e-con e-child\" data-id=\"93f985c\" data-element_type=\"container\" data-e-type=\"container\">\n\t\t\t\t<div class=\"elementor-element elementor-element-9ef30ce premium-woo-in-tabs premium-woo-product-align-center elementor-widget elementor-widget-premium-woo-products\" data-id=\"9ef30ce\" data-element_type=\"widget\" data-e-type=\"widget\" data-settings=\"{&quot;products_show_tablet&quot;:3,&quot;products_on_scroll_tablet&quot;:1,&quot;arrows_position&quot;:&quot;default&quot;,&quot;products_show&quot;:3,&quot;products_show_mobile&quot;:1,&quot;products_on_scroll&quot;:1}\" data-widget_type=\"premium-woo-products.grid-4\">\n\t\t\t\t<div class=\"elementor-widget-container\">\n\t\t\t\t\t\t\t<div class=\"premium-woo-empty\">\n\t\t\t<p>No products were found for this query.<\/p>\n\t\t<\/div>\n\t\t\t\t\t\t<\/div>\n\t\t\t\t<\/div>\n\t\t\t\t<\/div>\n\t\t\t\t\t<\/details>\n\t\t\t\t\t\t<details id=\"e-n-accordion-item-2491\" class=\"e-n-accordion-item\" >\n\t\t\t\t<summary class=\"e-n-accordion-item-title\" data-accordion-index=\"2\" tabindex=\"-1\" aria-expanded=\"false\" aria-controls=\"e-n-accordion-item-2491\" >\n\t\t\t\t\t<span class='e-n-accordion-item-title-header'><h2 class=\"e-n-accordion-item-title-text\"> Udforsk mere \u2192 <\/h2><\/span>\n\t\t\t\t\t\t\t<span class='e-n-accordion-item-title-icon'>\n\t\t\t<span class='e-opened' ><svg aria-hidden=\"true\" class=\"e-font-icon-svg e-fas-caret-up\" viewBox=\"0 0 320 512\" xmlns=\"http:\/\/www.w3.org\/2000\/svg\"><path d=\"M288.662 352H31.338c-17.818 0-26.741-21.543-14.142-34.142l128.662-128.662c7.81-7.81 20.474-7.81 28.284 0l128.662 128.662c12.6 12.599 3.676 34.142-14.142 34.142z\"><\/path><\/svg><\/span>\n\t\t\t<span class='e-closed'><svg aria-hidden=\"true\" class=\"e-font-icon-svg e-fas-caret-down\" viewBox=\"0 0 320 512\" xmlns=\"http:\/\/www.w3.org\/2000\/svg\"><path d=\"M31.3 192h257.3c17.8 0 26.7 21.5 14.1 34.1L174.1 354.8c-7.8 7.8-20.5 7.8-28.3 0L17.2 226.1C4.6 213.5 13.5 192 31.3 192z\"><\/path><\/svg><\/span>\n\t\t<\/span>\n\n\t\t\t\t\t\t<\/summary>\n\t\t\t\t<div role=\"region\" aria-labelledby=\"e-n-accordion-item-2491\" class=\"elementor-element elementor-element-0a77e62 e-con-full e-flex e-con e-child\" data-id=\"0a77e62\" data-element_type=\"container\" data-e-type=\"container\">\n\t\t\t\t<div class=\"elementor-element elementor-element-98f2a78 elementor-grid-3 elementor-grid-tablet-3 elementor-grid-mobile-1 elementor-products-grid elementor-wc-products elementor-widget elementor-widget-wc-categories\" data-id=\"98f2a78\" data-element_type=\"widget\" data-e-type=\"widget\" data-widget_type=\"wc-categories.default\">\n\t\t\t\t\t<div class=\"woocommerce columns-3\"><ul class=\"products elementor-grid columns-3\" data-products=\"type-2\" data-hover=\"swap\">\n<li class=\"product-category product first\">\n\t<a aria-label=\"Bes\u00f8g varekategori Gaver til hende\" href=\"https:\/\/almerea.com\/da\/product-category\/gifts\/gifts-for-women\/\"><img fetchpriority=\"high\" decoding=\"async\" src=\"https:\/\/almerea.com\/wp-content\/uploads\/gifts-for-women-1-300x300.webp\" alt=\"Gaver til hende\" width=\"300\" height=\"300\" srcset=\"https:\/\/almerea.com\/wp-content\/uploads\/gifts-for-women-1-300x300.webp 300w, https:\/\/almerea.com\/wp-content\/uploads\/gifts-for-women-1-150x150.webp 150w, https:\/\/almerea.com\/wp-content\/uploads\/gifts-for-women-1-100x100.webp 100w\" sizes=\"(max-width: 300px) 100vw, 300px\" \/>\t\t<h2 class=\"woocommerce-loop-category__title\">\n\t\t\tGaver til hende <mark class=\"count\">(81)<\/mark>\t\t<\/h2>\n\t\t<\/a><\/li>\n<li class=\"product-category product\">\n\t<a aria-label=\"Bes\u00f8g varekategori Gaver til ham\" href=\"https:\/\/almerea.com\/da\/product-category\/gifts\/gifts-for-men\/\"><img decoding=\"async\" src=\"https:\/\/almerea.com\/wp-content\/uploads\/gifts-for-men-1-300x300.webp\" alt=\"Gaver til ham\" width=\"300\" height=\"300\" srcset=\"https:\/\/almerea.com\/wp-content\/uploads\/gifts-for-men-1-300x300.webp 300w, https:\/\/almerea.com\/wp-content\/uploads\/gifts-for-men-1-150x150.webp 150w, https:\/\/almerea.com\/wp-content\/uploads\/gifts-for-men-1-100x100.webp 100w\" sizes=\"(max-width: 300px) 100vw, 300px\" \/>\t\t<h2 class=\"woocommerce-loop-category__title\">\n\t\t\tGaver til ham <mark class=\"count\">(7)<\/mark>\t\t<\/h2>\n\t\t<\/a><\/li>\n<li class=\"product-category product last\">\n\t<a aria-label=\"Bes\u00f8g varekategori Gaver\" href=\"https:\/\/almerea.com\/da\/product-category\/gifts\/\"><img decoding=\"async\" src=\"https:\/\/almerea.com\/wp-content\/uploads\/gifts-2-300x300.webp\" alt=\"Gaver\" width=\"300\" height=\"300\" srcset=\"https:\/\/almerea.com\/wp-content\/uploads\/gifts-2-300x300.webp 300w, https:\/\/almerea.com\/wp-content\/uploads\/gifts-2-150x150.webp 150w, https:\/\/almerea.com\/wp-content\/uploads\/gifts-2-100x100.webp 100w\" sizes=\"(max-width: 300px) 100vw, 300px\" \/>\t\t<h2 class=\"woocommerce-loop-category__title\">\n\t\t\tGaver <mark class=\"count\">(82)<\/mark>\t\t<\/h2>\n\t\t<\/a><\/li>\n<\/ul>\n<\/div>\t\t\t\t<\/div>\n\t\t\t\t<\/div>\n\t\t\t\t\t<\/details>\n\t\t\t\t\t<\/div>\n\t\t\t\t\t\t<\/div>\n\t\t\t\t<\/div>\n\t\t\t\t\t<\/div>\n\t\t\t\t<\/div>\n\t\t\t\t<\/div>\n\t\t","protected":false},"excerpt":{"rendered":"<div class=\"woocommerce-product-details__short-description\"><strong><a class=\"hover-zoom\" title=\"Produkt i stilfuld indpakning\" href=\"https:\/\/almerea.com\/da\/packaging\/stylish-gift-packaging\/\" target=\"_blank\" rel=\"noopener\" aria-label=\"Produkt i stilfuld indpakning\"><img loading=\"lazy\" decoding=\"async\" class=\"alignnone size-full wp-image-12379 ls-is-cached lazyloaded\" src=\"https:\/\/almerea.com\/wp-content\/uploads\/stylish-gift-packaging2.png\" alt=\"\" width=\"45\" height=\"40\" data-src=\"https:\/\/almerea.com\/wp-content\/uploads\/stylish-gift-packaging2.png\" \/><\/a><\/strong><br \/>\n<strong>\u00c6ske til din gave!<\/strong><\/p>\n<ul>\n<li><strong>St\u00f8rrelse:<\/strong> \u00e6ske 9\u00d79 cm<\/li>\n<li><strong>Farve:<\/strong> lyser\u00f8d<\/li>\n<li><a href=\"https:\/\/almerea.com\/da\/delivery\/\" target=\"_blank\" rel=\"noopener\"><strong>Levering:<\/strong> Gratis levering* (Vilk\u00e5r)<\/a><\/li>\n<\/ul>\n<\/div>\n","protected":false},"featured_media":42500,"comment_status":"closed","ping_status":"closed","template":"","meta":{"_acf_changed":false},"product_brand":[],"product_cat":[1627,2314,4291,1629,1630,1632,3017],"product_tag":[1289,1327,1341,1400,1457],"class_list":{"0":"post-42480","1":"product","2":"type-product","3":"status-publish","4":"has-post-thumbnail","6":"product_cat-all-products","7":"product_cat-bestsellers","8":"product_cat-gift-packaging","9":"product_cat-gifts","10":"product_cat-gifts-for-women","11":"product_cat-new-arrivals","12":"product_cat-sale","13":"product_tag-birthday-gifts","14":"product_tag-birthday-gifts-for-women","15":"product_tag-christmas-new-year-gifts","16":"product_tag-mothers-day-gifts","17":"product_tag-valentines-day-gifts","18":"pa_color-pink","19":"pa_gender-women","20":"pa_packaging-stylish-gift-packaging","21":"pa_product-type-all-products","23":"first","24":"instock","25":"sale","26":"shipping-taxable","27":"purchasable","28":"product-type-simple"},"acf":[],"ct_brands":[],"yoast_head":"<!-- This site is optimized with the Yoast SEO Premium plugin v24.7 (Yoast SEO v27.3) - https:\/\/yoast.com\/product\/yoast-seo-premium-wordpress\/ -->\n<title>Gave\u00e6ske BEST VIBES | Almerea<\/title>\n<meta name=\"description\" content=\"Gave\u00e6ske BEST VIBES \u2014 f\u00f8rsteklasses materialer fra Almerea. Hurtig levering i hele Europa. Nem online bestilling.\" \/>\n<meta name=\"robots\" content=\"index, follow, max-snippet:-1, max-image-preview:large, max-video-preview:-1\" \/>\n<link rel=\"canonical\" href=\"https:\/\/almerea.com\/da\/product\/gift-box-m-pink\/\" \/>\n<meta property=\"og:locale\" content=\"da_DK\" \/>\n<meta property=\"og:type\" content=\"article\" \/>\n<meta property=\"og:title\" content=\"Gave\u00e6ske BEST VIBES | Almerea\" \/>\n<meta property=\"og:description\" content=\"Gave\u00e6ske BEST VIBES \u2014 premium materials by Almerea. Fast shipping across Europe. Easy online ordering.\" \/>\n<meta property=\"og:url\" content=\"https:\/\/almerea.com\/da\/product\/gift-box-m-pink\/\" \/>\n<meta property=\"og:site_name\" content=\"Almerea\" \/>\n<meta property=\"article:modified_time\" content=\"2026-03-19T10:43:07+00:00\" \/>\n<meta property=\"og:image\" content=\"https:\/\/almerea.com\/wp-content\/uploads\/gift-box-m-pink.webp\" \/>\n\t<meta property=\"og:image:width\" content=\"800\" \/>\n\t<meta property=\"og:image:height\" content=\"1200\" \/>\n\t<meta property=\"og:image:type\" content=\"image\/webp\" \/>\n<meta name=\"twitter:card\" content=\"summary_large_image\" \/>\n<script type=\"application\/ld+json\" class=\"yoast-schema-graph\">{\"@context\":\"https:\\\/\\\/schema.org\",\"@graph\":[{\"@type\":[\"WebPage\",\"ItemPage\"],\"@id\":\"https:\\\/\\\/almerea.com\\\/da\\\/product\\\/gift-box-m-pink\\\/\",\"url\":\"https:\\\/\\\/almerea.com\\\/da\\\/product\\\/gift-box-m-pink\\\/\",\"name\":\"Gave\u00e6ske BEST VIBES | Almerea\",\"isPartOf\":{\"@id\":\"https:\\\/\\\/almerea.com\\\/da\\\/#website\"},\"primaryImageOfPage\":{\"@id\":\"https:\\\/\\\/almerea.com\\\/da\\\/product\\\/gift-box-m-pink\\\/#primaryimage\"},\"image\":{\"@id\":\"https:\\\/\\\/almerea.com\\\/da\\\/product\\\/gift-box-m-pink\\\/#primaryimage\"},\"thumbnailUrl\":\"https:\\\/\\\/almerea.com\\\/wp-content\\\/uploads\\\/gift-box-m-pink.webp\",\"datePublished\":\"2026-03-19T08:26:37+00:00\",\"dateModified\":\"2026-03-19T10:43:07+00:00\",\"description\":\"Gave\u00e6ske BEST VIBES \u2014 f\u00f8rsteklasses materialer fra Almerea. Hurtig levering i hele Europa. Nem online bestilling.\",\"breadcrumb\":{\"@id\":\"https:\\\/\\\/almerea.com\\\/da\\\/product\\\/gift-box-m-pink\\\/#breadcrumb\"},\"inLanguage\":\"da-DK\",\"potentialAction\":[{\"@type\":\"ReadAction\",\"target\":[\"https:\\\/\\\/almerea.com\\\/da\\\/product\\\/gift-box-m-pink\\\/\"]}]},{\"@type\":\"ImageObject\",\"inLanguage\":\"da-DK\",\"@id\":\"https:\\\/\\\/almerea.com\\\/da\\\/product\\\/gift-box-m-pink\\\/#primaryimage\",\"url\":\"https:\\\/\\\/almerea.com\\\/wp-content\\\/uploads\\\/gift-box-m-pink.webp\",\"contentUrl\":\"https:\\\/\\\/almerea.com\\\/wp-content\\\/uploads\\\/gift-box-m-pink.webp\",\"width\":800,\"height\":1200},{\"@type\":\"BreadcrumbList\",\"@id\":\"https:\\\/\\\/almerea.com\\\/da\\\/product\\\/gift-box-m-pink\\\/#breadcrumb\",\"itemListElement\":[{\"@type\":\"ListItem\",\"position\":1,\"name\":\"Home\",\"item\":\"https:\\\/\\\/almerea.com\\\/da\\\/\"},{\"@type\":\"ListItem\",\"position\":2,\"name\":\"Butik\",\"item\":\"https:\\\/\\\/almerea.com\\\/da\\\/shop\\\/\"},{\"@type\":\"ListItem\",\"position\":3,\"name\":\"Gave\u00e6ske BEST VIBES\"}]},{\"@type\":\"WebSite\",\"@id\":\"https:\\\/\\\/almerea.com\\\/da\\\/#website\",\"url\":\"https:\\\/\\\/almerea.com\\\/da\\\/\",\"name\":\"Almerea\",\"description\":\"\",\"publisher\":{\"@id\":\"https:\\\/\\\/almerea.com\\\/da\\\/#organization\"},\"potentialAction\":[{\"@type\":\"SearchAction\",\"target\":{\"@type\":\"EntryPoint\",\"urlTemplate\":\"https:\\\/\\\/almerea.com\\\/da\\\/?s={search_term_string}\"},\"query-input\":{\"@type\":\"PropertyValueSpecification\",\"valueRequired\":true,\"valueName\":\"search_term_string\"}}],\"inLanguage\":\"da-DK\"},{\"@type\":\"Organization\",\"@id\":\"https:\\\/\\\/almerea.com\\\/da\\\/#organization\",\"name\":\"Almerea\",\"url\":\"https:\\\/\\\/almerea.com\\\/da\\\/\",\"logo\":{\"@type\":\"ImageObject\",\"inLanguage\":\"da-DK\",\"@id\":\"https:\\\/\\\/almerea.com\\\/da\\\/#\\\/schema\\\/logo\\\/image\\\/\",\"url\":\"https:\\\/\\\/almerea.com\\\/wp-content\\\/uploads\\\/ALMEREA-LOGO.png\",\"contentUrl\":\"https:\\\/\\\/almerea.com\\\/wp-content\\\/uploads\\\/ALMEREA-LOGO.png\",\"width\":286,\"height\":154,\"caption\":\"Almerea\"},\"image\":{\"@id\":\"https:\\\/\\\/almerea.com\\\/da\\\/#\\\/schema\\\/logo\\\/image\\\/\"}}]}<\/script>\n<!-- \/ Yoast SEO Premium plugin. -->","yoast_head_json":{"title":"Gave\u00e6ske BEST VIBES | Almerea","description":"Gave\u00e6ske BEST VIBES \u2014 f\u00f8rsteklasses materialer fra Almerea. Hurtig levering i hele Europa. Nem online bestilling.","robots":{"index":"index","follow":"follow","max-snippet":"max-snippet:-1","max-image-preview":"max-image-preview:large","max-video-preview":"max-video-preview:-1"},"canonical":"https:\/\/almerea.com\/da\/product\/gift-box-m-pink\/","og_locale":"da_DK","og_type":"article","og_title":"Gave\u00e6ske BEST VIBES | Almerea","og_description":"Gave\u00e6ske BEST VIBES \u2014 premium materials by Almerea. Fast shipping across Europe. Easy online ordering.","og_url":"https:\/\/almerea.com\/da\/product\/gift-box-m-pink\/","og_site_name":"Almerea","article_modified_time":"2026-03-19T10:43:07+00:00","og_image":[{"width":800,"height":1200,"url":"https:\/\/almerea.com\/wp-content\/uploads\/gift-box-m-pink.webp","type":"image\/webp"}],"twitter_card":"summary_large_image","schema":{"@context":"https:\/\/schema.org","@graph":[{"@type":["WebPage","ItemPage"],"@id":"https:\/\/almerea.com\/da\/product\/gift-box-m-pink\/","url":"https:\/\/almerea.com\/da\/product\/gift-box-m-pink\/","name":"Gave\u00e6ske BEST VIBES | Almerea","isPartOf":{"@id":"https:\/\/almerea.com\/da\/#website"},"primaryImageOfPage":{"@id":"https:\/\/almerea.com\/da\/product\/gift-box-m-pink\/#primaryimage"},"image":{"@id":"https:\/\/almerea.com\/da\/product\/gift-box-m-pink\/#primaryimage"},"thumbnailUrl":"https:\/\/almerea.com\/wp-content\/uploads\/gift-box-m-pink.webp","datePublished":"2026-03-19T08:26:37+00:00","dateModified":"2026-03-19T10:43:07+00:00","description":"Gave\u00e6ske BEST VIBES \u2014 f\u00f8rsteklasses materialer fra Almerea. Hurtig levering i hele Europa. Nem online bestilling.","breadcrumb":{"@id":"https:\/\/almerea.com\/da\/product\/gift-box-m-pink\/#breadcrumb"},"inLanguage":"da-DK","potentialAction":[{"@type":"ReadAction","target":["https:\/\/almerea.com\/da\/product\/gift-box-m-pink\/"]}]},{"@type":"ImageObject","inLanguage":"da-DK","@id":"https:\/\/almerea.com\/da\/product\/gift-box-m-pink\/#primaryimage","url":"https:\/\/almerea.com\/wp-content\/uploads\/gift-box-m-pink.webp","contentUrl":"https:\/\/almerea.com\/wp-content\/uploads\/gift-box-m-pink.webp","width":800,"height":1200},{"@type":"BreadcrumbList","@id":"https:\/\/almerea.com\/da\/product\/gift-box-m-pink\/#breadcrumb","itemListElement":[{"@type":"ListItem","position":1,"name":"Home","item":"https:\/\/almerea.com\/da\/"},{"@type":"ListItem","position":2,"name":"Butik","item":"https:\/\/almerea.com\/da\/shop\/"},{"@type":"ListItem","position":3,"name":"Gave\u00e6ske BEST VIBES"}]},{"@type":"WebSite","@id":"https:\/\/almerea.com\/da\/#website","url":"https:\/\/almerea.com\/da\/","name":"Almerea","description":"","publisher":{"@id":"https:\/\/almerea.com\/da\/#organization"},"potentialAction":[{"@type":"SearchAction","target":{"@type":"EntryPoint","urlTemplate":"https:\/\/almerea.com\/da\/?s={search_term_string}"},"query-input":{"@type":"PropertyValueSpecification","valueRequired":true,"valueName":"search_term_string"}}],"inLanguage":"da-DK"},{"@type":"Organization","@id":"https:\/\/almerea.com\/da\/#organization","name":"Almerea","url":"https:\/\/almerea.com\/da\/","logo":{"@type":"ImageObject","inLanguage":"da-DK","@id":"https:\/\/almerea.com\/da\/#\/schema\/logo\/image\/","url":"https:\/\/almerea.com\/wp-content\/uploads\/ALMEREA-LOGO.png","contentUrl":"https:\/\/almerea.com\/wp-content\/uploads\/ALMEREA-LOGO.png","width":286,"height":154,"caption":"Almerea"},"image":{"@id":"https:\/\/almerea.com\/da\/#\/schema\/logo\/image\/"}}]}},"_links":{"self":[{"href":"https:\/\/almerea.com\/da\/wp-json\/wp\/v2\/product\/42480","targetHints":{"allow":["GET"]}}],"collection":[{"href":"https:\/\/almerea.com\/da\/wp-json\/wp\/v2\/product"}],"about":[{"href":"https:\/\/almerea.com\/da\/wp-json\/wp\/v2\/types\/product"}],"replies":[{"embeddable":true,"href":"https:\/\/almerea.com\/da\/wp-json\/wp\/v2\/comments?post=42480"}],"version-history":[{"count":8,"href":"https:\/\/almerea.com\/da\/wp-json\/wp\/v2\/product\/42480\/revisions"}],"predecessor-version":[{"id":42662,"href":"https:\/\/almerea.com\/da\/wp-json\/wp\/v2\/product\/42480\/revisions\/42662"}],"wp:featuredmedia":[{"embeddable":true,"href":"https:\/\/almerea.com\/da\/wp-json\/wp\/v2\/media\/42500"}],"wp:attachment":[{"href":"https:\/\/almerea.com\/da\/wp-json\/wp\/v2\/media?parent=42480"}],"wp:term":[{"taxonomy":"product_brand","embeddable":true,"href":"https:\/\/almerea.com\/da\/wp-json\/wp\/v2\/product_brand?post=42480"},{"taxonomy":"product_cat","embeddable":true,"href":"https:\/\/almerea.com\/da\/wp-json\/wp\/v2\/product_cat?post=42480"},{"taxonomy":"product_tag","embeddable":true,"href":"https:\/\/almerea.com\/da\/wp-json\/wp\/v2\/product_tag?post=42480"}],"curies":[{"name":"wp","href":"https:\/\/api.w.org\/{rel}","templated":true}]}}