{"id":11625,"date":"2025-11-27T15:21:38","date_gmt":"2025-11-27T13:21:38","guid":{"rendered":"https:\/\/almerea.com\/privacy-policy\/"},"modified":"2026-01-04T13:06:39","modified_gmt":"2026-01-04T11:06:39","slug":"privacy-policy","status":"publish","type":"page","link":"https:\/\/almerea.com\/da\/privacy-policy\/","title":{"rendered":"Privatlivspolitik"},"content":{"rendered":"\t\t<div data-elementor-type=\"wp-page\" data-elementor-id=\"11625\" class=\"elementor elementor-11625 elementor-2051\" data-elementor-post-type=\"page\">\n\t\t\t\t<div class=\"elementor-element elementor-element-ed09802 e-flex e-con-boxed e-con e-parent\" data-id=\"ed09802\" data-element_type=\"container\" data-e-type=\"container\" data-settings=\"{&quot;background_background&quot;:&quot;classic&quot;}\">\n\t\t\t\t\t<div class=\"e-con-inner\">\n\t\t<div class=\"elementor-element elementor-element-1eb8ddc e-con-full e-flex e-con e-child\" data-id=\"1eb8ddc\" data-element_type=\"container\" data-e-type=\"container\">\n\t\t\t\t<div class=\"elementor-element elementor-element-7c55aac elementor-widget elementor-widget-shortcode\" data-id=\"7c55aac\" data-element_type=\"widget\" data-e-type=\"widget\" data-widget_type=\"shortcode.default\">\n\t\t\t\t\t\t\t<div class=\"elementor-shortcode\"><\/div>\n\t\t\t\t\t\t<\/div>\n\t\t\t\t<div class=\"elementor-element elementor-element-59634f2 elementor-widget elementor-widget-heading\" data-id=\"59634f2\" data-element_type=\"widget\" data-e-type=\"widget\" data-widget_type=\"heading.default\">\n\t\t\t\t\t<h1 class=\"elementor-heading-title elementor-size-default\">Privatlivspolitik<\/h1>\t\t\t\t<\/div>\n\t\t\t\t<\/div>\n\t\t\t\t\t<\/div>\n\t\t\t\t<\/div>\n\t\t<div class=\"elementor-element elementor-element-e483dbe e-flex e-con-boxed e-con e-parent\" data-id=\"e483dbe\" data-element_type=\"container\" data-e-type=\"container\">\n\t\t\t\t\t<div class=\"e-con-inner\">\n\t\t\t\t<div class=\"elementor-element elementor-element-8ea7388 elementor-widget elementor-widget-text-editor\" data-id=\"8ea7388\" data-element_type=\"widget\" data-e-type=\"widget\" data-widget_type=\"text-editor.default\">\n\t\t\t\t\t\t\t\t\t<p><strong>Almerea<\/strong> tilstr\u00e6ber at beskytte fortroligheden for bes\u00f8gende p\u00e5 <strong>www.almerea.com<\/strong>.<br \/>L\u00e6s venligst vores privatlivspolitik for at forst\u00e5, hvordan vi bruger dine personoplysninger.<\/p><p>Almerea forbeholder sig retten til at \u00e6ndre privatlivspolitikken til enhver tid uden forudg\u00e5ende varsel.<br \/>Vi anbefaler, at du l\u00f8bende tjekker dette afsnit.<\/p><h2>Hvilke personoplysninger vi indsamler<\/h2><p>N\u00e5r du udfylder kontaktformularen p\u00e5 hjemmesiden, kan det v\u00e6re n\u00f8dvendigt at oplyse:<\/p><ul><li>for- og efternavn;<\/li><li>telefonnummer;<\/li><li>e-mailadresse;<\/li><li>yderligere oplysninger, som du v\u00e6lger at give.<\/li><\/ul><p>Hvis du ikke accepterer cookies, kan nogle funktioner p\u00e5 hjemmesiden muligvis ikke fungere fuldt ud.<\/p><h2>Hvordan vi bruger personoplysninger<\/h2><p>Almerea bruger personoplysninger fra bes\u00f8gende p\u00e5 hjemmesiden til:<\/p><ul><li>at besvare henvendelser sendt via kontaktformularen;<\/li><li>korrespondance og tilbagemelding;<\/li><li>at levere ydelser og behandle henvendelser.<\/li><\/ul><p>Almerea bruger ogs\u00e5 cookies til at overv\u00e5ge hjemmesidens ydeevne og forbedre brugeroplevelsen.<\/p><h2>Hvem vi kan videregive personoplysninger til<\/h2><p>Vi kan kun videregive dine oplysninger til tredjeparter i f\u00f8lgende tilf\u00e6lde:<\/p><ul><li>hvis videregivelsen er n\u00f8dvendig for at opfylde en ordre (f.eks. en kurertjeneste);<\/li><li>hvis videregivelsen kr\u00e6ves ved lov (f.eks. efter anmodning fra en domstol eller som led i en juridisk proces).<\/li><\/ul><p>I alle andre tilf\u00e6lde bliver personoplysninger:<\/p><ul><li><strong>ikke videregivet<\/strong> til tredjeparter;<\/li><li><strong>ikke udlejet<\/strong> eller solgt;<\/li><li><strong>ikke anvendt<\/strong> til andre form\u00e5l end de ovenfor beskrevne.<\/li><\/ul><h2>Sikkerhed<\/h2><p>Dataoverf\u00f8rsel via internettet kan ikke v\u00e6re 100% sikker, men vi tr\u00e6ffer de n\u00f8dvendige foranstaltninger for at sikre dine personoplysninger og forhindre uautoriseret adgang.<\/p>\t\t\t\t\t\t\t\t<\/div>\n\t\t\t\t\t<\/div>\n\t\t\t\t<\/div>\n\t\t\t\t<\/div>\n\t\t","protected":false},"excerpt":{"rendered":"<p>Privatlivspolitik Almerea tilstr\u00e6ber at beskytte fortroligheden for bes\u00f8gende p\u00e5 www.almerea.com.L\u00e6s venligst vores privatlivspolitik for at forst\u00e5, hvordan vi bruger dine personoplysninger. Almerea forbeholder sig retten til at \u00e6ndre privatlivspolitikken til enhver tid uden forudg\u00e5ende varsel.Vi anbefaler, at du l\u00f8bende tjekker dette afsnit. Hvilke personoplysninger vi indsamler N\u00e5r du udfylder kontaktformularen p\u00e5 hjemmesiden, kan det v\u00e6re [&hellip;]<\/p>\n","protected":false},"author":1,"featured_media":0,"parent":0,"menu_order":0,"comment_status":"closed","ping_status":"closed","template":"","meta":{"_acf_changed":false,"footnotes":""},"class_list":["post-11625","page","type-page","status-publish","hentry"],"blocksy_meta":{"has_hero_section":"disabled","vertical_spacing_source":"custom","content_area_spacing":"none","styles_descriptor":{"styles":{"desktop":"","tablet":"","mobile":""},"google_fonts":[],"version":6}},"acf":[],"yoast_head":"<!-- This site is optimized with the Yoast SEO Premium plugin v24.7 (Yoast SEO v27.3) - https:\/\/yoast.com\/product\/yoast-seo-premium-wordpress\/ -->\n<title>Privatlivspolitik | Almerea<\/title>\n<meta name=\"description\" content=\"Privatlivspolitik. Fragt i hele Europa, \u00f8ko-certifikater og sikker betaling. Premium naturlige materialer og langtidsholdbar kvalitet\" \/>\n<meta name=\"robots\" content=\"index, follow, max-snippet:-1, max-image-preview:large, max-video-preview:-1\" \/>\n<link rel=\"canonical\" href=\"https:\/\/almerea.com\/da\/privacy-policy\/\" \/>\n<meta property=\"og:locale\" content=\"da_DK\" \/>\n<meta property=\"og:type\" content=\"article\" \/>\n<meta property=\"og:title\" content=\"Privatlivspolitik | Almerea\" \/>\n<meta property=\"og:description\" content=\"Privatlivspolitik. Shipping across Europe, eco certificates, and secure checkout. Premium natural materials and lasting quality\" \/>\n<meta property=\"og:url\" content=\"https:\/\/almerea.com\/da\/privacy-policy\/\" \/>\n<meta property=\"og:site_name\" content=\"Almerea\" \/>\n<meta property=\"article:modified_time\" content=\"2026-01-04T11:06:39+00:00\" \/>\n<meta property=\"og:image\" content=\"https:\/\/almerea.com\/wp-content\/uploads\/almerea-5.webp\" \/>\n\t<meta property=\"og:image:width\" content=\"1200\" \/>\n\t<meta property=\"og:image:height\" content=\"800\" \/>\n\t<meta property=\"og:image:type\" content=\"image\/webp\" \/>\n<meta name=\"twitter:card\" content=\"summary_large_image\" \/>\n<meta name=\"twitter:label1\" content=\"Estimeret l\u00e6setid\" \/>\n\t<meta name=\"twitter:data1\" content=\"2 minut\" \/>\n<script type=\"application\/ld+json\" class=\"yoast-schema-graph\">{\"@context\":\"https:\\\/\\\/schema.org\",\"@graph\":[{\"@type\":\"WebPage\",\"@id\":\"https:\\\/\\\/almerea.com\\\/da\\\/privacy-policy\\\/\",\"url\":\"https:\\\/\\\/almerea.com\\\/da\\\/privacy-policy\\\/\",\"name\":\"Privatlivspolitik | Almerea\",\"isPartOf\":{\"@id\":\"https:\\\/\\\/almerea.com\\\/da\\\/#website\"},\"datePublished\":\"2025-11-27T13:21:38+00:00\",\"dateModified\":\"2026-01-04T11:06:39+00:00\",\"description\":\"Privatlivspolitik. Fragt i hele Europa, \u00f8ko-certifikater og sikker betaling. Premium naturlige materialer og langtidsholdbar kvalitet\",\"breadcrumb\":{\"@id\":\"https:\\\/\\\/almerea.com\\\/da\\\/privacy-policy\\\/#breadcrumb\"},\"inLanguage\":\"da-DK\",\"potentialAction\":[{\"@type\":\"ReadAction\",\"target\":[\"https:\\\/\\\/almerea.com\\\/da\\\/privacy-policy\\\/\"]}]},{\"@type\":\"BreadcrumbList\",\"@id\":\"https:\\\/\\\/almerea.com\\\/da\\\/privacy-policy\\\/#breadcrumb\",\"itemListElement\":[{\"@type\":\"ListItem\",\"position\":1,\"name\":\"Home\",\"item\":\"https:\\\/\\\/almerea.com\\\/da\\\/\"},{\"@type\":\"ListItem\",\"position\":2,\"name\":\"Privatlivspolitik\"}]},{\"@type\":\"WebSite\",\"@id\":\"https:\\\/\\\/almerea.com\\\/da\\\/#website\",\"url\":\"https:\\\/\\\/almerea.com\\\/da\\\/\",\"name\":\"Almerea\",\"description\":\"\",\"publisher\":{\"@id\":\"https:\\\/\\\/almerea.com\\\/da\\\/#organization\"},\"potentialAction\":[{\"@type\":\"SearchAction\",\"target\":{\"@type\":\"EntryPoint\",\"urlTemplate\":\"https:\\\/\\\/almerea.com\\\/da\\\/?s={search_term_string}\"},\"query-input\":{\"@type\":\"PropertyValueSpecification\",\"valueRequired\":true,\"valueName\":\"search_term_string\"}}],\"inLanguage\":\"da-DK\"},{\"@type\":\"Organization\",\"@id\":\"https:\\\/\\\/almerea.com\\\/da\\\/#organization\",\"name\":\"Almerea\",\"url\":\"https:\\\/\\\/almerea.com\\\/da\\\/\",\"logo\":{\"@type\":\"ImageObject\",\"inLanguage\":\"da-DK\",\"@id\":\"https:\\\/\\\/almerea.com\\\/da\\\/#\\\/schema\\\/logo\\\/image\\\/\",\"url\":\"https:\\\/\\\/almerea.com\\\/wp-content\\\/uploads\\\/ALMEREA-LOGO.png\",\"contentUrl\":\"https:\\\/\\\/almerea.com\\\/wp-content\\\/uploads\\\/ALMEREA-LOGO.png\",\"width\":286,\"height\":154,\"caption\":\"Almerea\"},\"image\":{\"@id\":\"https:\\\/\\\/almerea.com\\\/da\\\/#\\\/schema\\\/logo\\\/image\\\/\"}}]}<\/script>\n<!-- \/ Yoast SEO Premium plugin. -->","yoast_head_json":{"title":"Privatlivspolitik | Almerea","description":"Privatlivspolitik. Fragt i hele Europa, \u00f8ko-certifikater og sikker betaling. Premium naturlige materialer og langtidsholdbar kvalitet","robots":{"index":"index","follow":"follow","max-snippet":"max-snippet:-1","max-image-preview":"max-image-preview:large","max-video-preview":"max-video-preview:-1"},"canonical":"https:\/\/almerea.com\/da\/privacy-policy\/","og_locale":"da_DK","og_type":"article","og_title":"Privatlivspolitik | Almerea","og_description":"Privatlivspolitik. Shipping across Europe, eco certificates, and secure checkout. Premium natural materials and lasting quality","og_url":"https:\/\/almerea.com\/da\/privacy-policy\/","og_site_name":"Almerea","article_modified_time":"2026-01-04T11:06:39+00:00","og_image":[{"width":1200,"height":800,"url":"https:\/\/almerea.com\/wp-content\/uploads\/almerea-5.webp","type":"image\/webp"}],"twitter_card":"summary_large_image","twitter_misc":{"Estimeret l\u00e6setid":"2 minut"},"schema":{"@context":"https:\/\/schema.org","@graph":[{"@type":"WebPage","@id":"https:\/\/almerea.com\/da\/privacy-policy\/","url":"https:\/\/almerea.com\/da\/privacy-policy\/","name":"Privatlivspolitik | Almerea","isPartOf":{"@id":"https:\/\/almerea.com\/da\/#website"},"datePublished":"2025-11-27T13:21:38+00:00","dateModified":"2026-01-04T11:06:39+00:00","description":"Privatlivspolitik. Fragt i hele Europa, \u00f8ko-certifikater og sikker betaling. Premium naturlige materialer og langtidsholdbar kvalitet","breadcrumb":{"@id":"https:\/\/almerea.com\/da\/privacy-policy\/#breadcrumb"},"inLanguage":"da-DK","potentialAction":[{"@type":"ReadAction","target":["https:\/\/almerea.com\/da\/privacy-policy\/"]}]},{"@type":"BreadcrumbList","@id":"https:\/\/almerea.com\/da\/privacy-policy\/#breadcrumb","itemListElement":[{"@type":"ListItem","position":1,"name":"Home","item":"https:\/\/almerea.com\/da\/"},{"@type":"ListItem","position":2,"name":"Privatlivspolitik"}]},{"@type":"WebSite","@id":"https:\/\/almerea.com\/da\/#website","url":"https:\/\/almerea.com\/da\/","name":"Almerea","description":"","publisher":{"@id":"https:\/\/almerea.com\/da\/#organization"},"potentialAction":[{"@type":"SearchAction","target":{"@type":"EntryPoint","urlTemplate":"https:\/\/almerea.com\/da\/?s={search_term_string}"},"query-input":{"@type":"PropertyValueSpecification","valueRequired":true,"valueName":"search_term_string"}}],"inLanguage":"da-DK"},{"@type":"Organization","@id":"https:\/\/almerea.com\/da\/#organization","name":"Almerea","url":"https:\/\/almerea.com\/da\/","logo":{"@type":"ImageObject","inLanguage":"da-DK","@id":"https:\/\/almerea.com\/da\/#\/schema\/logo\/image\/","url":"https:\/\/almerea.com\/wp-content\/uploads\/ALMEREA-LOGO.png","contentUrl":"https:\/\/almerea.com\/wp-content\/uploads\/ALMEREA-LOGO.png","width":286,"height":154,"caption":"Almerea"},"image":{"@id":"https:\/\/almerea.com\/da\/#\/schema\/logo\/image\/"}}]}},"_links":{"self":[{"href":"https:\/\/almerea.com\/da\/wp-json\/wp\/v2\/pages\/11625","targetHints":{"allow":["GET"]}}],"collection":[{"href":"https:\/\/almerea.com\/da\/wp-json\/wp\/v2\/pages"}],"about":[{"href":"https:\/\/almerea.com\/da\/wp-json\/wp\/v2\/types\/page"}],"author":[{"embeddable":true,"href":"https:\/\/almerea.com\/da\/wp-json\/wp\/v2\/users\/1"}],"replies":[{"embeddable":true,"href":"https:\/\/almerea.com\/da\/wp-json\/wp\/v2\/comments?post=11625"}],"version-history":[{"count":16,"href":"https:\/\/almerea.com\/da\/wp-json\/wp\/v2\/pages\/11625\/revisions"}],"predecessor-version":[{"id":12189,"href":"https:\/\/almerea.com\/da\/wp-json\/wp\/v2\/pages\/11625\/revisions\/12189"}],"wp:attachment":[{"href":"https:\/\/almerea.com\/da\/wp-json\/wp\/v2\/media?parent=11625"}],"curies":[{"name":"wp","href":"https:\/\/api.w.org\/{rel}","templated":true}]}}