{"id":11624,"date":"2025-11-27T15:21:38","date_gmt":"2025-11-27T13:21:38","guid":{"rendered":"https:\/\/almerea.com\/privacy-policy\/"},"modified":"2026-04-05T11:51:47","modified_gmt":"2026-04-05T08:51:47","slug":"privacy-policy","status":"publish","type":"page","link":"https:\/\/almerea.com\/cs\/privacy-policy\/","title":{"rendered":"Z\u00e1sady ochrany osobn\u00edch \u00fadaj\u016f"},"content":{"rendered":"\t\t<div data-elementor-type=\"wp-page\" data-elementor-id=\"11624\" class=\"elementor elementor-11624 elementor-2051\" data-elementor-post-type=\"page\">\n\t\t\t\t<div class=\"elementor-element elementor-element-ed09802 e-flex e-con-boxed e-con e-parent\" data-id=\"ed09802\" data-element_type=\"container\" data-e-type=\"container\" data-settings=\"{&quot;background_background&quot;:&quot;classic&quot;}\">\n\t\t\t\t\t<div class=\"e-con-inner\">\n\t\t<div class=\"elementor-element elementor-element-1eb8ddc e-con-full e-flex e-con e-child\" data-id=\"1eb8ddc\" data-element_type=\"container\" data-e-type=\"container\">\n\t\t\t\t<div class=\"elementor-element elementor-element-7c55aac elementor-widget elementor-widget-shortcode\" data-id=\"7c55aac\" data-element_type=\"widget\" data-e-type=\"widget\" data-widget_type=\"shortcode.default\">\n\t\t\t\t\t\t\t<div class=\"elementor-shortcode\"><\/div>\n\t\t\t\t\t\t<\/div>\n\t\t\t\t<div class=\"elementor-element elementor-element-59634f2 elementor-widget elementor-widget-heading\" data-id=\"59634f2\" data-element_type=\"widget\" data-e-type=\"widget\" data-widget_type=\"heading.default\">\n\t\t\t\t\t<h1 class=\"elementor-heading-title elementor-size-default\">Z\u00e1sady ochrany osobn\u00edch \u00fadaj\u016f\n<\/h1>\t\t\t\t<\/div>\n\t\t\t\t<\/div>\n\t\t\t\t\t<\/div>\n\t\t\t\t<\/div>\n\t\t<div class=\"elementor-element elementor-element-e483dbe e-flex e-con-boxed e-con e-parent\" data-id=\"e483dbe\" data-element_type=\"container\" data-e-type=\"container\">\n\t\t\t\t\t<div class=\"e-con-inner\">\n\t\t\t\t<div class=\"elementor-element elementor-element-8ea7388 elementor-widget elementor-widget-text-editor\" data-id=\"8ea7388\" data-element_type=\"widget\" data-e-type=\"widget\" data-widget_type=\"text-editor.default\">\n\t\t\t\t\t\t\t\t\t<p><strong>Almerea<\/strong> usiluje o ochranu soukrom\u00ed n\u00e1v\u0161t\u011bvn\u00edk\u016f <strong>www.almerea.com<\/strong>.<br>\nP\u0159e\u010dt\u011bte si pros\u00edm na\u0161e Z\u00e1sady ochrany osobn\u00edch \u00fadaj\u016f, abyste porozum\u011bli tomu, jak pou\u017e\u00edv\u00e1me va\u0161e osobn\u00ed \u00fadaje.<\/p>\n<p>Almerea si vyhrazuje pr\u00e1vo tyto Z\u00e1sady ochrany osobn\u00edch \u00fadaj\u016f kdykoli bez p\u0159edchoz\u00edho upozorn\u011bn\u00ed zm\u011bnit.<br>\nDoporu\u010dujeme tuto sekci pravideln\u011b kontrolovat.<\/p>\n<h2>Jak\u00e9 osobn\u00ed \u00fadaje shroma\u017e\u010fujeme<\/h2>\n<p>P\u0159i vypl\u0148ov\u00e1n\u00ed kontaktn\u00edho formul\u00e1\u0159e na webu m\u016f\u017eete b\u00fdt po\u017e\u00e1d\u00e1ni o uveden\u00ed:<\/p>\n<ul>\n<li>jm\u00e9na a p\u0159\u00edjmen\u00ed;<\/li>\n<li>telefonn\u00edho \u010d\u00edsla;<\/li>\n<li>e-mailov\u00e9 adresy;<\/li>\n<li>jak\u00fdchkoli dal\u0161\u00edch informac\u00ed, kter\u00e9 se rozhodnete poskytnout.<\/li>\n<\/ul>\n<p>Pokud nep\u0159ijmete soubory cookies, n\u011bkter\u00e9 funkce webu nemus\u00ed fungovat pln\u011b.<\/p>\n<h2>Jak osobn\u00ed \u00fadaje pou\u017e\u00edv\u00e1me<\/h2>\n<p>Almerea pou\u017e\u00edv\u00e1 osobn\u00ed \u00fadaje n\u00e1v\u0161t\u011bvn\u00edk\u016f webu k:<\/p>\n<ul>\n<li>odpov\u00edd\u00e1n\u00ed na po\u017eadavky odeslan\u00e9 prost\u0159ednictv\u00edm kontaktn\u00edho formul\u00e1\u0159e;<\/li>\n<li>komunikaci a zp\u011btn\u00e9 vazb\u011b;<\/li>\n<li>poskytov\u00e1n\u00ed slu\u017eeb a vy\u0159izov\u00e1n\u00ed dotaz\u016f.<\/li>\n<\/ul>\n<p>Almerea tak\u00e9 pou\u017e\u00edv\u00e1 soubory cookies ke sledov\u00e1n\u00ed v\u00fdkonu webu a zlep\u0161ov\u00e1n\u00ed u\u017eivatelsk\u00e9 zku\u0161enosti.<\/p>\n<h2>Komu m\u016f\u017eeme osobn\u00ed \u00fadaje zp\u0159\u00edstupnit<\/h2>\n<p>Va\u0161e \u00fadaje m\u016f\u017eeme sd\u00edlet se t\u0159et\u00edmi stranami pouze v n\u00e1sleduj\u00edc\u00edch p\u0159\u00edpadech:<\/p>\n<ul>\n<li>pokud je zp\u0159\u00edstupn\u011bn\u00ed nezbytn\u00e9 pro spln\u011bn\u00ed objedn\u00e1vky (nap\u0159. kur\u00fdrn\u00ed slu\u017eb\u011b);<\/li>\n<li>pokud je zp\u0159\u00edstupn\u011bn\u00ed vy\u017eadov\u00e1no z\u00e1konem (nap\u0159. na \u017e\u00e1dost soudu nebo v r\u00e1mci pr\u00e1vn\u00edho \u0159\u00edzen\u00ed).<\/li>\n<\/ul>\n<p>Ve v\u0161ech ostatn\u00edch p\u0159\u00edpadech osobn\u00ed \u00fadaje:<\/p>\n<ul>\n<li><strong>nejsou sd\u00edleny<\/strong> se t\u0159et\u00edmi stranami;<\/li>\n<li><strong>nejsou pronaj\u00edm\u00e1ny<\/strong> ani prod\u00e1v\u00e1ny;<\/li>\n<li><strong>nejsou pou\u017e\u00edv\u00e1ny<\/strong> k jin\u00fdm \u00fa\u010del\u016fm ne\u017e k t\u011bm, kter\u00e9 jsou pops\u00e1ny v\u00fd\u0161e.<\/li>\n<\/ul>\n<h2>Zabezpe\u010den\u00ed<\/h2>\n<p>P\u0159enos dat p\u0159es internet nem\u016f\u017ee b\u00fdt 100% bezpe\u010dn\u00fd, ale p\u0159ij\u00edm\u00e1me nezbytn\u00e1 opat\u0159en\u00ed k ochran\u011b va\u0161ich osobn\u00edch \u00fadaj\u016f a k prevenci neopr\u00e1vn\u011bn\u00e9ho p\u0159\u00edstupu.<\/p>\t\t\t\t\t\t\t\t<\/div>\n\t\t\t\t\t<\/div>\n\t\t\t\t<\/div>\n\t\t\t\t<\/div>\n\t\t","protected":false},"excerpt":{"rendered":"<p>Z\u00e1sady ochrany osobn\u00edch \u00fadaj\u016f Almerea usiluje o ochranu soukrom\u00ed n\u00e1v\u0161t\u011bvn\u00edk\u016f www.almerea.com. P\u0159e\u010dt\u011bte si pros\u00edm na\u0161e Z\u00e1sady ochrany osobn\u00edch \u00fadaj\u016f, abyste porozum\u011bli tomu, jak pou\u017e\u00edv\u00e1me va\u0161e osobn\u00ed \u00fadaje. Almerea si vyhrazuje pr\u00e1vo tyto Z\u00e1sady ochrany osobn\u00edch \u00fadaj\u016f kdykoli bez p\u0159edchoz\u00edho upozorn\u011bn\u00ed zm\u011bnit. Doporu\u010dujeme tuto sekci pravideln\u011b kontrolovat. Jak\u00e9 osobn\u00ed \u00fadaje shroma\u017e\u010fujeme P\u0159i vypl\u0148ov\u00e1n\u00ed kontaktn\u00edho formul\u00e1\u0159e na [&hellip;]<\/p>\n","protected":false},"author":1,"featured_media":0,"parent":0,"menu_order":0,"comment_status":"closed","ping_status":"closed","template":"","meta":{"_acf_changed":false,"footnotes":""},"class_list":["post-11624","page","type-page","status-publish","hentry"],"blocksy_meta":{"has_hero_section":"disabled","vertical_spacing_source":"custom","content_area_spacing":"none","styles_descriptor":{"styles":{"desktop":"","tablet":"","mobile":""},"google_fonts":[],"version":6}},"acf":[],"yoast_head":"<!-- This site is optimized with the Yoast SEO Premium plugin v24.7 (Yoast SEO v27.3) - https:\/\/yoast.com\/product\/yoast-seo-premium-wordpress\/ -->\n<title>Z\u00e1sady ochrany osobn\u00edch \u00fadaj\u016f | Almerea<\/title>\n<meta name=\"description\" content=\"Z\u00e1sady ochrany osobn\u00edch \u00fadaj\u016f. Doru\u010den\u00ed po cel\u00e9 Evrop\u011b, eko certifik\u00e1ty a bezpe\u010dn\u00e9 placen\u00ed. Pr\u00e9miov\u00e9 p\u0159\u00edrodn\u00ed materi\u00e1ly a dlouhotrvaj\u00edc\u00ed kvalita\" \/>\n<meta name=\"robots\" content=\"index, follow, max-snippet:-1, max-image-preview:large, max-video-preview:-1\" \/>\n<link rel=\"canonical\" href=\"https:\/\/almerea.com\/cs\/privacy-policy\/\" \/>\n<meta property=\"og:locale\" content=\"cs_CZ\" \/>\n<meta property=\"og:type\" content=\"article\" \/>\n<meta property=\"og:title\" content=\"Z\u00e1sady ochrany osobn\u00edch \u00fadaj\u016f | Almerea\" \/>\n<meta property=\"og:description\" content=\"Z\u00e1sady ochrany osobn\u00edch \u00fadaj\u016f. Shipping across Europe, eco certificates, and secure checkout. Premium natural materials and lasting quality\" \/>\n<meta property=\"og:url\" content=\"https:\/\/almerea.com\/cs\/privacy-policy\/\" \/>\n<meta property=\"og:site_name\" content=\"Almerea\" \/>\n<meta property=\"article:modified_time\" content=\"2026-04-05T08:51:47+00:00\" \/>\n<meta property=\"og:image\" content=\"https:\/\/almerea.com\/wp-content\/uploads\/almerea-5.webp\" \/>\n\t<meta property=\"og:image:width\" content=\"1200\" \/>\n\t<meta property=\"og:image:height\" content=\"800\" \/>\n\t<meta property=\"og:image:type\" content=\"image\/webp\" \/>\n<meta name=\"twitter:card\" content=\"summary_large_image\" \/>\n<meta name=\"twitter:label1\" content=\"Odhadovan\u00e1 doba \u010dten\u00ed\" \/>\n\t<meta name=\"twitter:data1\" content=\"2 minuta\" \/>\n<script type=\"application\/ld+json\" class=\"yoast-schema-graph\">{\"@context\":\"https:\\\/\\\/schema.org\",\"@graph\":[{\"@type\":\"WebPage\",\"@id\":\"https:\\\/\\\/almerea.com\\\/cs\\\/privacy-policy\\\/\",\"url\":\"https:\\\/\\\/almerea.com\\\/cs\\\/privacy-policy\\\/\",\"name\":\"Z\u00e1sady ochrany osobn\u00edch \u00fadaj\u016f | Almerea\",\"isPartOf\":{\"@id\":\"https:\\\/\\\/almerea.com\\\/cs\\\/#website\"},\"datePublished\":\"2025-11-27T13:21:38+00:00\",\"dateModified\":\"2026-04-05T08:51:47+00:00\",\"description\":\"Z\u00e1sady ochrany osobn\u00edch \u00fadaj\u016f. Doru\u010den\u00ed po cel\u00e9 Evrop\u011b, eko certifik\u00e1ty a bezpe\u010dn\u00e9 placen\u00ed. Pr\u00e9miov\u00e9 p\u0159\u00edrodn\u00ed materi\u00e1ly a dlouhotrvaj\u00edc\u00ed kvalita\",\"breadcrumb\":{\"@id\":\"https:\\\/\\\/almerea.com\\\/cs\\\/privacy-policy\\\/#breadcrumb\"},\"inLanguage\":\"cs\",\"potentialAction\":[{\"@type\":\"ReadAction\",\"target\":[\"https:\\\/\\\/almerea.com\\\/cs\\\/privacy-policy\\\/\"]}]},{\"@type\":\"BreadcrumbList\",\"@id\":\"https:\\\/\\\/almerea.com\\\/cs\\\/privacy-policy\\\/#breadcrumb\",\"itemListElement\":[{\"@type\":\"ListItem\",\"position\":1,\"name\":\"Home\",\"item\":\"https:\\\/\\\/almerea.com\\\/cs\\\/\"},{\"@type\":\"ListItem\",\"position\":2,\"name\":\"Z\u00e1sady ochrany osobn\u00edch \u00fadaj\u016f\"}]},{\"@type\":\"WebSite\",\"@id\":\"https:\\\/\\\/almerea.com\\\/cs\\\/#website\",\"url\":\"https:\\\/\\\/almerea.com\\\/cs\\\/\",\"name\":\"Almerea\",\"description\":\"\",\"publisher\":{\"@id\":\"https:\\\/\\\/almerea.com\\\/cs\\\/#organization\"},\"potentialAction\":[{\"@type\":\"SearchAction\",\"target\":{\"@type\":\"EntryPoint\",\"urlTemplate\":\"https:\\\/\\\/almerea.com\\\/cs\\\/?s={search_term_string}\"},\"query-input\":{\"@type\":\"PropertyValueSpecification\",\"valueRequired\":true,\"valueName\":\"search_term_string\"}}],\"inLanguage\":\"cs\"},{\"@type\":\"Organization\",\"@id\":\"https:\\\/\\\/almerea.com\\\/cs\\\/#organization\",\"name\":\"Almerea\",\"url\":\"https:\\\/\\\/almerea.com\\\/cs\\\/\",\"logo\":{\"@type\":\"ImageObject\",\"inLanguage\":\"cs\",\"@id\":\"https:\\\/\\\/almerea.com\\\/cs\\\/#\\\/schema\\\/logo\\\/image\\\/\",\"url\":\"https:\\\/\\\/almerea.com\\\/wp-content\\\/uploads\\\/ALMEREA-LOGO.png\",\"contentUrl\":\"https:\\\/\\\/almerea.com\\\/wp-content\\\/uploads\\\/ALMEREA-LOGO.png\",\"width\":286,\"height\":154,\"caption\":\"Almerea\"},\"image\":{\"@id\":\"https:\\\/\\\/almerea.com\\\/cs\\\/#\\\/schema\\\/logo\\\/image\\\/\"}}]}<\/script>\n<!-- \/ Yoast SEO Premium plugin. -->","yoast_head_json":{"title":"Z\u00e1sady ochrany osobn\u00edch \u00fadaj\u016f | Almerea","description":"Z\u00e1sady ochrany osobn\u00edch \u00fadaj\u016f. Doru\u010den\u00ed po cel\u00e9 Evrop\u011b, eko certifik\u00e1ty a bezpe\u010dn\u00e9 placen\u00ed. Pr\u00e9miov\u00e9 p\u0159\u00edrodn\u00ed materi\u00e1ly a dlouhotrvaj\u00edc\u00ed kvalita","robots":{"index":"index","follow":"follow","max-snippet":"max-snippet:-1","max-image-preview":"max-image-preview:large","max-video-preview":"max-video-preview:-1"},"canonical":"https:\/\/almerea.com\/cs\/privacy-policy\/","og_locale":"cs_CZ","og_type":"article","og_title":"Z\u00e1sady ochrany osobn\u00edch \u00fadaj\u016f | Almerea","og_description":"Z\u00e1sady ochrany osobn\u00edch \u00fadaj\u016f. Shipping across Europe, eco certificates, and secure checkout. Premium natural materials and lasting quality","og_url":"https:\/\/almerea.com\/cs\/privacy-policy\/","og_site_name":"Almerea","article_modified_time":"2026-04-05T08:51:47+00:00","og_image":[{"width":1200,"height":800,"url":"https:\/\/almerea.com\/wp-content\/uploads\/almerea-5.webp","type":"image\/webp"}],"twitter_card":"summary_large_image","twitter_misc":{"Odhadovan\u00e1 doba \u010dten\u00ed":"2 minuta"},"schema":{"@context":"https:\/\/schema.org","@graph":[{"@type":"WebPage","@id":"https:\/\/almerea.com\/cs\/privacy-policy\/","url":"https:\/\/almerea.com\/cs\/privacy-policy\/","name":"Z\u00e1sady ochrany osobn\u00edch \u00fadaj\u016f | Almerea","isPartOf":{"@id":"https:\/\/almerea.com\/cs\/#website"},"datePublished":"2025-11-27T13:21:38+00:00","dateModified":"2026-04-05T08:51:47+00:00","description":"Z\u00e1sady ochrany osobn\u00edch \u00fadaj\u016f. Doru\u010den\u00ed po cel\u00e9 Evrop\u011b, eko certifik\u00e1ty a bezpe\u010dn\u00e9 placen\u00ed. Pr\u00e9miov\u00e9 p\u0159\u00edrodn\u00ed materi\u00e1ly a dlouhotrvaj\u00edc\u00ed kvalita","breadcrumb":{"@id":"https:\/\/almerea.com\/cs\/privacy-policy\/#breadcrumb"},"inLanguage":"cs","potentialAction":[{"@type":"ReadAction","target":["https:\/\/almerea.com\/cs\/privacy-policy\/"]}]},{"@type":"BreadcrumbList","@id":"https:\/\/almerea.com\/cs\/privacy-policy\/#breadcrumb","itemListElement":[{"@type":"ListItem","position":1,"name":"Home","item":"https:\/\/almerea.com\/cs\/"},{"@type":"ListItem","position":2,"name":"Z\u00e1sady ochrany osobn\u00edch \u00fadaj\u016f"}]},{"@type":"WebSite","@id":"https:\/\/almerea.com\/cs\/#website","url":"https:\/\/almerea.com\/cs\/","name":"Almerea","description":"","publisher":{"@id":"https:\/\/almerea.com\/cs\/#organization"},"potentialAction":[{"@type":"SearchAction","target":{"@type":"EntryPoint","urlTemplate":"https:\/\/almerea.com\/cs\/?s={search_term_string}"},"query-input":{"@type":"PropertyValueSpecification","valueRequired":true,"valueName":"search_term_string"}}],"inLanguage":"cs"},{"@type":"Organization","@id":"https:\/\/almerea.com\/cs\/#organization","name":"Almerea","url":"https:\/\/almerea.com\/cs\/","logo":{"@type":"ImageObject","inLanguage":"cs","@id":"https:\/\/almerea.com\/cs\/#\/schema\/logo\/image\/","url":"https:\/\/almerea.com\/wp-content\/uploads\/ALMEREA-LOGO.png","contentUrl":"https:\/\/almerea.com\/wp-content\/uploads\/ALMEREA-LOGO.png","width":286,"height":154,"caption":"Almerea"},"image":{"@id":"https:\/\/almerea.com\/cs\/#\/schema\/logo\/image\/"}}]}},"_links":{"self":[{"href":"https:\/\/almerea.com\/cs\/wp-json\/wp\/v2\/pages\/11624","targetHints":{"allow":["GET"]}}],"collection":[{"href":"https:\/\/almerea.com\/cs\/wp-json\/wp\/v2\/pages"}],"about":[{"href":"https:\/\/almerea.com\/cs\/wp-json\/wp\/v2\/types\/page"}],"author":[{"embeddable":true,"href":"https:\/\/almerea.com\/cs\/wp-json\/wp\/v2\/users\/1"}],"replies":[{"embeddable":true,"href":"https:\/\/almerea.com\/cs\/wp-json\/wp\/v2\/comments?post=11624"}],"version-history":[{"count":6,"href":"https:\/\/almerea.com\/cs\/wp-json\/wp\/v2\/pages\/11624\/revisions"}],"predecessor-version":[{"id":47452,"href":"https:\/\/almerea.com\/cs\/wp-json\/wp\/v2\/pages\/11624\/revisions\/47452"}],"wp:attachment":[{"href":"https:\/\/almerea.com\/cs\/wp-json\/wp\/v2\/media?parent=11624"}],"curies":[{"name":"wp","href":"https:\/\/api.w.org\/{rel}","templated":true}]}}